{"id":7102,"date":"2024-03-20T11:25:36","date_gmt":"2024-03-20T10:25:36","guid":{"rendered":"https:\/\/anderskafka.cz\/eshop\/?post_type=product&#038;p=7102"},"modified":"2026-02-12T08:58:14","modified_gmt":"2026-02-12T07:58:14","slug":"liebenstein-premiovy-damsky-saunovy-zupan-antracitovy","status":"publish","type":"product","link":"https:\/\/anderskafka.cz\/eshop\/produkt\/liebenstein-premiovy-damsky-saunovy-zupan-antracitovy\/","title":{"rendered":"LIEBENSTEIN pr\u00e9miov\u00fd d\u00e1msk\u00fd saunov\u00fd \u017eupan s kapuc\u00ed, antracitov\u00fd"},"content":{"rendered":"<p>Pr\u00e9miov\u00fd d\u00e1msk\u00fd \u017eupan v antracitov\u00e9 barv\u011b je v\u00fdjime\u010dn\u011b m\u011bkk\u00fd, h\u0159ejiv\u00fd a sav\u00fd se slu\u0161ivou kapuc\u00ed. Skl\u00e1d\u00e1 se ze 100% nejjemn\u011bj\u0161\u00ed, sametov\u011b pr\u00e9miov\u00e9 bavlny s nad\u00fdchanou gram\u00e1\u017e\u00ed 360g\/m2. P\u0159\u00edjemn\u00fd komfort no\u0161en\u00ed po saunov\u00e1n\u00ed. I nep\u0159ehl\u00e9dnuteln\u00fd pouta\u010d v ka\u017ed\u00e9m wellness.<\/p>\n<p>\u017dupan je mazliv\u011b m\u011bkk\u00fd, jemn\u011b schne a po saunov\u00e1n\u00ed v\u00e1s udr\u017e\u00ed v teple. Exkluzivn\u00ed \u017eupan &#8220;Made in Portugal&#8221; je vyroben z p\u0159\u00edrodn\u00edch surovin s certifik\u00e1tem OEKO-TEX\u00ae.<br \/>\nIde\u00e1ln\u011b se hod\u00ed k wellness procedur\u00e1m a zajist\u00ed dokonal\u00e9 chv\u00edle b\u011bhem va\u0161eho odpo\u010dinku pro t\u011blo i mysl. Luxusn\u00ed saunov\u00fd \u017eupan si m\u016f\u017eete d\u00edky praktick\u00e9mu poutku kdykoliv snadno zav\u011bsit.<\/p>\n<p>D\u00e1msk\u00fd frot\u00e9 \u017eupan se vyzna\u010duje ide\u00e1ln\u00edm st\u0159ihem \u0161it\u00fdm na m\u00edru \u017een\u00e1m a je vhodn\u00fd pro ka\u017ed\u00fd typ postavy. D\u00e1msk\u00fd \u017eupan do sauny lze flexibiln\u011b upravit pomoc\u00ed p\u00e1sku na zavazov\u00e1n\u00ed. \u017dupan s kapuc\u00ed nen\u00ed p\u0159\u00edli\u0161 tlust\u00fd a ani p\u0159\u00edli\u0161 tenk\u00fd, aby pohodln\u011b sed\u011bl.<\/p>\n<p>\u017dupan lze bez obav pr\u00e1t a\u017e na 30\u00b0C, je odoln\u00fd proti vyblednut\u00ed a zachov\u00e1v\u00e1 si svou m\u011bkkost i po opakovan\u00e9m pran\u00ed. \u017dupan m\u00e1 tak\u00e9 praktickou kapsu na boku, hu\u0148atou kapuci na hlavu a p\u00e1sek pro snadn\u00e9 zap\u00edn\u00e1n\u00ed po pou\u017eit\u00ed.<\/p>\n<p>Nad\u00fdchan\u00fd d\u00e1msk\u00fd \u017eupan je balen v kr\u00e1sn\u00e9 p\u0159\u00edrodn\u00ed krabi\u010dce, a proto je ide\u00e1ln\u00ed i jako d\u00e1rek pro \u017eeny nebo jako kr\u00e1sn\u00e1 pozornost pro sebe.<\/p>\n","protected":false},"excerpt":{"rendered":"<p>Pr\u00e9miov\u00fd d\u00e1msk\u00fd \u017eupan v antracitov\u00e9 barv\u011b je v\u00fdjime\u010dn\u011b m\u011bkk\u00fd, h\u0159ejiv\u00fd a sav\u00fd se slu\u0161ivou kapuc\u00ed. Skl\u00e1d\u00e1 se ze 100% nejjemn\u011bj\u0161\u00ed, sametov\u011b pr\u00e9miov\u00e9 bavlny. \u017dupan je mazliv\u011b m\u011bkk\u00fd, jemn\u011b schne a po saunov\u00e1n\u00ed v\u00e1s udr\u017e\u00ed v teple. Ide\u00e1ln\u011b se hod\u00ed k wellness procedur\u00e1m a zajist\u00ed dokonal\u00e9 chv\u00edle b\u011bhem va\u0161eho odpo\u010dinku.<br \/>\nKvalitn\u011b vyrobeno v Portugalsku.<\/p>\n<p>&nbsp;<\/p>\n<table border=\"0\" width=\"506\" cellspacing=\"0\" cellpadding=\"0\">\n<colgroup>\n<col width=\"151\" \/>\n<col width=\"113\" \/>\n<col width=\"115\" \/>\n<col width=\"127\" \/><\/colgroup>\n<tbody>\n<tr>\n<td class=\"xl63\" width=\"151\" height=\"25\">Velikost<\/td>\n<td class=\"xl65\" width=\"113\">S<\/td>\n<td class=\"xl65\" width=\"115\">M<\/td>\n<td class=\"xl65\" width=\"127\">L<\/td>\n<\/tr>\n<tr>\n<td class=\"xl63\" height=\"25\">\u0160\u00ed\u0159e zad<\/td>\n<td class=\"xl64\">44,5 cm<\/td>\n<td class=\"xl64\">46,5 cm<\/td>\n<td class=\"xl64\">48,5 cm<\/td>\n<\/tr>\n<tr>\n<td class=\"xl63\" height=\"25\">D\u00e9lka \u017eupanu<\/td>\n<td class=\"xl64\">112 cm<\/td>\n<td class=\"xl64\">112 cm<\/td>\n<td class=\"xl64\">112 cm<\/td>\n<\/tr>\n<tr>\n<td class=\"xl63\" height=\"25\">D\u00e9lka ruk\u00e1vu<\/td>\n<td class=\"xl64\">59 cm<\/td>\n<td class=\"xl64\">60 cm<\/td>\n<td class=\"xl64\">61 cm<\/td>\n<\/tr>\n<\/tbody>\n<\/table>\n<p><img loading=\"lazy\" class=\"size-medium wp-image-1482 aligncenter\" src=\"https:\/\/anderskafka.cz\/eshop\/wp-content\/uploads\/sites\/3\/2022\/12\/made-in-portugal-feito-em-portugal-map-icon-vector-26458680-300x150.jpg\" alt=\"\" width=\"300\" height=\"150\" srcset=\"https:\/\/anderskafka.cz\/eshop\/wp-content\/uploads\/sites\/3\/2022\/12\/made-in-portugal-feito-em-portugal-map-icon-vector-26458680-300x150.jpg 300w, https:\/\/anderskafka.cz\/eshop\/wp-content\/uploads\/sites\/3\/2022\/12\/made-in-portugal-feito-em-portugal-map-icon-vector-26458680-64x32.jpg 64w, https:\/\/anderskafka.cz\/eshop\/wp-content\/uploads\/sites\/3\/2022\/12\/made-in-portugal-feito-em-portugal-map-icon-vector-26458680.jpg 500w\" sizes=\"(max-width: 300px) 100vw, 300px\" \/><\/p>\n","protected":false},"featured_media":7189,"comment_status":"open","ping_status":"closed","template":"","meta":{"site-sidebar-layout":"default","site-content-layout":"default","ast-main-header-display":"","ast-hfb-above-header-display":"","ast-hfb-below-header-display":"","ast-hfb-mobile-header-display":"","site-post-title":"","ast-breadcrumbs-content":"","ast-featured-img":"","footer-sml-layout":"","theme-transparent-header-meta":"","adv-header-id-meta":"","stick-header-meta":"","header-above-stick-meta":"","header-main-stick-meta":"","header-below-stick-meta":""},"location":[],"product_cat":[1673,32],"product_tag":[308],"yoast_head":"<!-- This site is optimized with the Yoast SEO plugin v18.5.1 - https:\/\/yoast.com\/wordpress\/plugins\/seo\/ -->\n<title>LIEBENSTEIN pr\u00e9miov\u00fd d\u00e1msk\u00fd saunov\u00fd \u017eupan s kapuc\u00ed, antracitov\u00fd - Anders &amp; Kafka E-SHOP<\/title>\n<meta name=\"description\" content=\"Pr\u00e9miov\u00fd d\u00e1msk\u00fd \u017eupan v antracitov\u00e9 barv\u011b je v\u00fdjime\u010dn\u011b m\u011bkk\u00fd, h\u0159ejiv\u00fd a sav\u00fd se slu\u0161ivou kapuc\u00ed. Skl\u00e1d\u00e1 se ze 100% nejjemn\u011bj\u0161\u00ed, sametov\u011b pr\u00e9miov\u00e9 bavlny. \u017dupan je mazliv\u011b m\u011bkk\u00fd, jemn\u011b schne a po saunov\u00e1n\u00ed v\u00e1s udr\u017e\u00ed v teple. Ide\u00e1ln\u011b se hod\u00ed k wellness procedur\u00e1m a zajist\u00ed dokonal\u00e9 chv\u00edle b\u011bhem va\u0161eho odpo\u010dinku. Kvalitn\u011b vyrobeno v Portugalsku.  &nbsp;      Velikost S M L   \u0160\u00ed\u0159e zad 44,5 cm 46,5 cm 48,5 cm   D\u00e9lka \u017eupanu 112 cm 112 cm 112 cm   D\u00e9lka ruk\u00e1vu 59 cm 60 cm 61 cm\" \/>\n<meta name=\"robots\" content=\"index, follow, max-snippet:-1, max-image-preview:large, max-video-preview:-1\" \/>\n<link rel=\"canonical\" href=\"https:\/\/anderskafka.cz\/eshop\/produkt\/liebenstein-premiovy-damsky-saunovy-zupan-antracitovy\/\" \/>\n<meta property=\"og:locale\" content=\"cs_CZ\" \/>\n<meta property=\"og:type\" content=\"article\" \/>\n<meta property=\"og:title\" content=\"LIEBENSTEIN pr\u00e9miov\u00fd d\u00e1msk\u00fd saunov\u00fd \u017eupan s kapuc\u00ed, antracitov\u00fd - Anders &amp; Kafka E-SHOP\" \/>\n<meta property=\"og:description\" content=\"Pr\u00e9miov\u00fd d\u00e1msk\u00fd \u017eupan v antracitov\u00e9 barv\u011b je v\u00fdjime\u010dn\u011b m\u011bkk\u00fd, h\u0159ejiv\u00fd a sav\u00fd se slu\u0161ivou kapuc\u00ed. Skl\u00e1d\u00e1 se ze 100% nejjemn\u011bj\u0161\u00ed, sametov\u011b pr\u00e9miov\u00e9 bavlny. \u017dupan je mazliv\u011b m\u011bkk\u00fd, jemn\u011b schne a po saunov\u00e1n\u00ed v\u00e1s udr\u017e\u00ed v teple. Ide\u00e1ln\u011b se hod\u00ed k wellness procedur\u00e1m a zajist\u00ed dokonal\u00e9 chv\u00edle b\u011bhem va\u0161eho odpo\u010dinku. Kvalitn\u011b vyrobeno v Portugalsku.  &nbsp;      Velikost S M L   \u0160\u00ed\u0159e zad 44,5 cm 46,5 cm 48,5 cm   D\u00e9lka \u017eupanu 112 cm 112 cm 112 cm   D\u00e9lka ruk\u00e1vu 59 cm 60 cm 61 cm\" \/>\n<meta property=\"og:url\" content=\"https:\/\/anderskafka.cz\/eshop\/produkt\/liebenstein-premiovy-damsky-saunovy-zupan-antracitovy\/\" \/>\n<meta property=\"og:site_name\" content=\"Anders &amp; Kafka E-SHOP\" \/>\n<meta property=\"article:modified_time\" content=\"2026-02-12T07:58:14+00:00\" \/>\n<meta property=\"og:image\" content=\"https:\/\/anderskafka.cz\/eshop\/wp-content\/uploads\/sites\/3\/2024\/03\/05_Kapuze_grau-2.jpg\" \/>\n\t<meta property=\"og:image:width\" content=\"1063\" \/>\n\t<meta property=\"og:image:height\" content=\"1053\" \/>\n\t<meta property=\"og:image:type\" content=\"image\/jpeg\" \/>\n<meta name=\"twitter:card\" content=\"summary_large_image\" \/>\n<meta name=\"twitter:label1\" content=\"Odhadovan\u00e1 doba \u010dten\u00ed\" \/>\n\t<meta name=\"twitter:data1\" content=\"1 minuta\" \/>\n<script type=\"application\/ld+json\" class=\"yoast-schema-graph\">{\"@context\":\"https:\/\/schema.org\",\"@graph\":[{\"@type\":\"WebSite\",\"@id\":\"https:\/\/anderskafka.cz\/eshop\/#website\",\"url\":\"https:\/\/anderskafka.cz\/eshop\/\",\"name\":\"Anders &amp; Kafka E-SHOP\",\"description\":\"Anders &amp; Kafka E-SHOP\",\"potentialAction\":[{\"@type\":\"SearchAction\",\"target\":{\"@type\":\"EntryPoint\",\"urlTemplate\":\"https:\/\/anderskafka.cz\/eshop\/?s={search_term_string}\"},\"query-input\":\"required name=search_term_string\"}],\"inLanguage\":\"cs\"},{\"@type\":\"ImageObject\",\"@id\":\"https:\/\/anderskafka.cz\/eshop\/produkt\/liebenstein-premiovy-damsky-saunovy-zupan-antracitovy\/#primaryimage\",\"inLanguage\":\"cs\",\"url\":\"https:\/\/anderskafka.cz\/eshop\/wp-content\/uploads\/sites\/3\/2024\/03\/05_Kapuze_grau-2.jpg\",\"contentUrl\":\"https:\/\/anderskafka.cz\/eshop\/wp-content\/uploads\/sites\/3\/2024\/03\/05_Kapuze_grau-2.jpg\",\"width\":1063,\"height\":1053},{\"@type\":\"WebPage\",\"@id\":\"https:\/\/anderskafka.cz\/eshop\/produkt\/liebenstein-premiovy-damsky-saunovy-zupan-antracitovy\/#webpage\",\"url\":\"https:\/\/anderskafka.cz\/eshop\/produkt\/liebenstein-premiovy-damsky-saunovy-zupan-antracitovy\/\",\"name\":\"LIEBENSTEIN pr\u00e9miov\u00fd d\u00e1msk\u00fd saunov\u00fd \u017eupan s kapuc\u00ed, antracitov\u00fd - Anders &amp; Kafka E-SHOP\",\"isPartOf\":{\"@id\":\"https:\/\/anderskafka.cz\/eshop\/#website\"},\"primaryImageOfPage\":{\"@id\":\"https:\/\/anderskafka.cz\/eshop\/produkt\/liebenstein-premiovy-damsky-saunovy-zupan-antracitovy\/#primaryimage\"},\"datePublished\":\"2024-03-20T10:25:36+00:00\",\"dateModified\":\"2026-02-12T07:58:14+00:00\",\"description\":\"Pr\u00e9miov\u00fd d\u00e1msk\u00fd \u017eupan v antracitov\u00e9 barv\u011b je v\u00fdjime\u010dn\u011b m\u011bkk\u00fd, h\u0159ejiv\u00fd a sav\u00fd se slu\u0161ivou kapuc\u00ed. Skl\u00e1d\u00e1 se ze 100% nejjemn\u011bj\u0161\u00ed, sametov\u011b pr\u00e9miov\u00e9 bavlny. \u017dupan je mazliv\u011b m\u011bkk\u00fd, jemn\u011b schne a po saunov\u00e1n\u00ed v\u00e1s udr\u017e\u00ed v teple. Ide\u00e1ln\u011b se hod\u00ed k wellness procedur\u00e1m a zajist\u00ed dokonal\u00e9 chv\u00edle b\u011bhem va\u0161eho odpo\u010dinku. Kvalitn\u011b vyrobeno v Portugalsku. &nbsp; Velikost S M L \u0160\u00ed\u0159e zad 44,5 cm 46,5 cm 48,5 cm D\u00e9lka \u017eupanu 112 cm 112 cm 112 cm D\u00e9lka ruk\u00e1vu 59 cm 60 cm 61 cm\",\"breadcrumb\":{\"@id\":\"https:\/\/anderskafka.cz\/eshop\/produkt\/liebenstein-premiovy-damsky-saunovy-zupan-antracitovy\/#breadcrumb\"},\"inLanguage\":\"cs\",\"potentialAction\":[{\"@type\":\"ReadAction\",\"target\":[\"https:\/\/anderskafka.cz\/eshop\/produkt\/liebenstein-premiovy-damsky-saunovy-zupan-antracitovy\/\"]}]},{\"@type\":\"BreadcrumbList\",\"@id\":\"https:\/\/anderskafka.cz\/eshop\/produkt\/liebenstein-premiovy-damsky-saunovy-zupan-antracitovy\/#breadcrumb\",\"itemListElement\":[{\"@type\":\"ListItem\",\"position\":1,\"name\":\"Obchod\",\"item\":\"https:\/\/anderskafka.cz\/eshop\/obchod\/\"},{\"@type\":\"ListItem\",\"position\":2,\"name\":\"LIEBENSTEIN pr\u00e9miov\u00fd d\u00e1msk\u00fd saunov\u00fd \u017eupan s kapuc\u00ed, antracitov\u00fd\"}]}]}<\/script>\n<!-- \/ Yoast SEO plugin. -->","yoast_head_json":{"title":"LIEBENSTEIN pr\u00e9miov\u00fd d\u00e1msk\u00fd saunov\u00fd \u017eupan s kapuc\u00ed, antracitov\u00fd - Anders &amp; Kafka E-SHOP","description":"Pr\u00e9miov\u00fd d\u00e1msk\u00fd \u017eupan v antracitov\u00e9 barv\u011b je v\u00fdjime\u010dn\u011b m\u011bkk\u00fd, h\u0159ejiv\u00fd a sav\u00fd se slu\u0161ivou kapuc\u00ed. Skl\u00e1d\u00e1 se ze 100% nejjemn\u011bj\u0161\u00ed, sametov\u011b pr\u00e9miov\u00e9 bavlny. \u017dupan je mazliv\u011b m\u011bkk\u00fd, jemn\u011b schne a po saunov\u00e1n\u00ed v\u00e1s udr\u017e\u00ed v teple. Ide\u00e1ln\u011b se hod\u00ed k wellness procedur\u00e1m a zajist\u00ed dokonal\u00e9 chv\u00edle b\u011bhem va\u0161eho odpo\u010dinku. Kvalitn\u011b vyrobeno v Portugalsku.  &nbsp;      Velikost S M L   \u0160\u00ed\u0159e zad 44,5 cm 46,5 cm 48,5 cm   D\u00e9lka \u017eupanu 112 cm 112 cm 112 cm   D\u00e9lka ruk\u00e1vu 59 cm 60 cm 61 cm","robots":{"index":"index","follow":"follow","max-snippet":"max-snippet:-1","max-image-preview":"max-image-preview:large","max-video-preview":"max-video-preview:-1"},"canonical":"https:\/\/anderskafka.cz\/eshop\/produkt\/liebenstein-premiovy-damsky-saunovy-zupan-antracitovy\/","og_locale":"cs_CZ","og_type":"article","og_title":"LIEBENSTEIN pr\u00e9miov\u00fd d\u00e1msk\u00fd saunov\u00fd \u017eupan s kapuc\u00ed, antracitov\u00fd - Anders &amp; Kafka E-SHOP","og_description":"Pr\u00e9miov\u00fd d\u00e1msk\u00fd \u017eupan v antracitov\u00e9 barv\u011b je v\u00fdjime\u010dn\u011b m\u011bkk\u00fd, h\u0159ejiv\u00fd a sav\u00fd se slu\u0161ivou kapuc\u00ed. Skl\u00e1d\u00e1 se ze 100% nejjemn\u011bj\u0161\u00ed, sametov\u011b pr\u00e9miov\u00e9 bavlny. \u017dupan je mazliv\u011b m\u011bkk\u00fd, jemn\u011b schne a po saunov\u00e1n\u00ed v\u00e1s udr\u017e\u00ed v teple. Ide\u00e1ln\u011b se hod\u00ed k wellness procedur\u00e1m a zajist\u00ed dokonal\u00e9 chv\u00edle b\u011bhem va\u0161eho odpo\u010dinku. Kvalitn\u011b vyrobeno v Portugalsku.  &nbsp;      Velikost S M L   \u0160\u00ed\u0159e zad 44,5 cm 46,5 cm 48,5 cm   D\u00e9lka \u017eupanu 112 cm 112 cm 112 cm   D\u00e9lka ruk\u00e1vu 59 cm 60 cm 61 cm","og_url":"https:\/\/anderskafka.cz\/eshop\/produkt\/liebenstein-premiovy-damsky-saunovy-zupan-antracitovy\/","og_site_name":"Anders &amp; Kafka E-SHOP","article_modified_time":"2026-02-12T07:58:14+00:00","og_image":[{"width":1063,"height":1053,"url":"https:\/\/anderskafka.cz\/eshop\/wp-content\/uploads\/sites\/3\/2024\/03\/05_Kapuze_grau-2.jpg","type":"image\/jpeg"}],"twitter_card":"summary_large_image","twitter_misc":{"Odhadovan\u00e1 doba \u010dten\u00ed":"1 minuta"},"schema":{"@context":"https:\/\/schema.org","@graph":[{"@type":"WebSite","@id":"https:\/\/anderskafka.cz\/eshop\/#website","url":"https:\/\/anderskafka.cz\/eshop\/","name":"Anders &amp; Kafka E-SHOP","description":"Anders &amp; Kafka E-SHOP","potentialAction":[{"@type":"SearchAction","target":{"@type":"EntryPoint","urlTemplate":"https:\/\/anderskafka.cz\/eshop\/?s={search_term_string}"},"query-input":"required name=search_term_string"}],"inLanguage":"cs"},{"@type":"ImageObject","@id":"https:\/\/anderskafka.cz\/eshop\/produkt\/liebenstein-premiovy-damsky-saunovy-zupan-antracitovy\/#primaryimage","inLanguage":"cs","url":"https:\/\/anderskafka.cz\/eshop\/wp-content\/uploads\/sites\/3\/2024\/03\/05_Kapuze_grau-2.jpg","contentUrl":"https:\/\/anderskafka.cz\/eshop\/wp-content\/uploads\/sites\/3\/2024\/03\/05_Kapuze_grau-2.jpg","width":1063,"height":1053},{"@type":"WebPage","@id":"https:\/\/anderskafka.cz\/eshop\/produkt\/liebenstein-premiovy-damsky-saunovy-zupan-antracitovy\/#webpage","url":"https:\/\/anderskafka.cz\/eshop\/produkt\/liebenstein-premiovy-damsky-saunovy-zupan-antracitovy\/","name":"LIEBENSTEIN pr\u00e9miov\u00fd d\u00e1msk\u00fd saunov\u00fd \u017eupan s kapuc\u00ed, antracitov\u00fd - Anders &amp; Kafka E-SHOP","isPartOf":{"@id":"https:\/\/anderskafka.cz\/eshop\/#website"},"primaryImageOfPage":{"@id":"https:\/\/anderskafka.cz\/eshop\/produkt\/liebenstein-premiovy-damsky-saunovy-zupan-antracitovy\/#primaryimage"},"datePublished":"2024-03-20T10:25:36+00:00","dateModified":"2026-02-12T07:58:14+00:00","description":"Pr\u00e9miov\u00fd d\u00e1msk\u00fd \u017eupan v antracitov\u00e9 barv\u011b je v\u00fdjime\u010dn\u011b m\u011bkk\u00fd, h\u0159ejiv\u00fd a sav\u00fd se slu\u0161ivou kapuc\u00ed. Skl\u00e1d\u00e1 se ze 100% nejjemn\u011bj\u0161\u00ed, sametov\u011b pr\u00e9miov\u00e9 bavlny. \u017dupan je mazliv\u011b m\u011bkk\u00fd, jemn\u011b schne a po saunov\u00e1n\u00ed v\u00e1s udr\u017e\u00ed v teple. Ide\u00e1ln\u011b se hod\u00ed k wellness procedur\u00e1m a zajist\u00ed dokonal\u00e9 chv\u00edle b\u011bhem va\u0161eho odpo\u010dinku. Kvalitn\u011b vyrobeno v Portugalsku. &nbsp; Velikost S M L \u0160\u00ed\u0159e zad 44,5 cm 46,5 cm 48,5 cm D\u00e9lka \u017eupanu 112 cm 112 cm 112 cm D\u00e9lka ruk\u00e1vu 59 cm 60 cm 61 cm","breadcrumb":{"@id":"https:\/\/anderskafka.cz\/eshop\/produkt\/liebenstein-premiovy-damsky-saunovy-zupan-antracitovy\/#breadcrumb"},"inLanguage":"cs","potentialAction":[{"@type":"ReadAction","target":["https:\/\/anderskafka.cz\/eshop\/produkt\/liebenstein-premiovy-damsky-saunovy-zupan-antracitovy\/"]}]},{"@type":"BreadcrumbList","@id":"https:\/\/anderskafka.cz\/eshop\/produkt\/liebenstein-premiovy-damsky-saunovy-zupan-antracitovy\/#breadcrumb","itemListElement":[{"@type":"ListItem","position":1,"name":"Obchod","item":"https:\/\/anderskafka.cz\/eshop\/obchod\/"},{"@type":"ListItem","position":2,"name":"LIEBENSTEIN pr\u00e9miov\u00fd d\u00e1msk\u00fd saunov\u00fd \u017eupan s kapuc\u00ed, antracitov\u00fd"}]}]}},"locations":[],"_links":{"self":[{"href":"https:\/\/anderskafka.cz\/eshop\/wp-json\/wp\/v2\/product\/7102"}],"collection":[{"href":"https:\/\/anderskafka.cz\/eshop\/wp-json\/wp\/v2\/product"}],"about":[{"href":"https:\/\/anderskafka.cz\/eshop\/wp-json\/wp\/v2\/types\/product"}],"replies":[{"embeddable":true,"href":"https:\/\/anderskafka.cz\/eshop\/wp-json\/wp\/v2\/comments?post=7102"}],"wp:featuredmedia":[{"embeddable":true,"href":"https:\/\/anderskafka.cz\/eshop\/wp-json\/wp\/v2\/media\/7189"}],"wp:attachment":[{"href":"https:\/\/anderskafka.cz\/eshop\/wp-json\/wp\/v2\/media?parent=7102"}],"wp:term":[{"taxonomy":"location","embeddable":true,"href":"https:\/\/anderskafka.cz\/eshop\/wp-json\/wp\/v2\/location?post=7102"},{"taxonomy":"product_cat","embeddable":true,"href":"https:\/\/anderskafka.cz\/eshop\/wp-json\/wp\/v2\/product_cat?post=7102"},{"taxonomy":"product_tag","embeddable":true,"href":"https:\/\/anderskafka.cz\/eshop\/wp-json\/wp\/v2\/product_tag?post=7102"}],"curies":[{"name":"wp","href":"https:\/\/api.w.org\/{rel}","templated":true}]}}