{"id":7199,"date":"2024-03-30T13:28:08","date_gmt":"2024-03-30T12:28:08","guid":{"rendered":"https:\/\/anderskafka.cz\/eshop\/?post_type=product&#038;p=7199"},"modified":"2026-04-03T21:04:49","modified_gmt":"2026-04-03T19:04:49","slug":"vms-saunas-halo-klasik-komplet-sudova-sauna-z-thermowoodu-o9-a-delky-vcetne-montaze-a-instalace","status":"publish","type":"product","link":"https:\/\/anderskafka.cz\/eshop\/produkt\/vms-saunas-halo-klasik-komplet-sudova-sauna-z-thermowoodu-o9-a-delky-vcetne-montaze-a-instalace\/","title":{"rendered":"Sudov\u00e1 sauna z thermowood HALO COMFORT \u2013 v\u010detn\u011b mont\u00e1\u017ee"},"content":{"rendered":"<p>Vn\u011bj\u0161\u00ed<strong> rozm\u011bry sauny:<\/strong> \u0161\u00ed\u0159ka 229 cm, hloubka 227,5 cm a v\u00fd\u0161ka 238 cm. <strong>V\u00e1ha sauny:<\/strong> 650 kg<\/p>\n<p>&nbsp;<\/p>\n<h4><strong>AUROOM<\/strong><\/h4>\n<p>Auroom \u00a0je loty\u0161sk\u00e1 spole\u010dnost inspirovan\u00e1 p\u0159\u00edrodou a tradicemi baltsk\u00e9 sauny, jej\u00ed\u017e v\u00fdrobky vytv\u00e1\u0159\u00ed p\u0159\u00edle\u017eitost pro jedine\u010dn\u00fd wellness z\u00e1\u017eitek. Jde o zodpov\u011bdn\u011b zpracovan\u00fd p\u0159\u00edrodn\u00ed materi\u00e1l, kter\u00fd zt\u011bles\u0148uje kvalitu, estetiku a design severn\u00ed Evropy.<\/p>\n<p>&nbsp;<\/p>\n<h4><strong>Rozsah doda\u0301vky:<\/strong><\/h4>\n<ul>\n<li>Sudov\u00e1 sauna se s\u00edlou d\u0159eva Thermowood 40 mm<\/li>\n<li>3 z\u00e1kladov\u00e9 tr\u00e1my<\/li>\n<li>3 nerezov\u00e9 \u00a0obru\u010de s nastaviteln\u00fdmi z\u00e1mky k upevn\u011bn\u00ed konstrukce<\/li>\n<li>2 vnit\u0159n\u00ed saunov\u00e9 lavice z osiky<\/li>\n<li>Vnit\u0159n\u00ed pochoz\u00ed ro\u0161t z osiky<\/li>\n<li>Ventila\u010dn\u00ed m\u0159\u00ed\u017eka<\/li>\n<li>Prosklen\u00e9 saunov\u00e9 dve\u0159e, 8 mm tvrzen\u00e9 sklo<\/li>\n<li>D\u0159ev\u011bn\u00fd ukon\u010dovac\u00ed ozdobn\u00fd lem na \u010delo sauny<\/li>\n<li>Asfaltov\u00e1 \u0161indelov\u00e1 krytina \u010dern\u00e9 barvy obdeln\u00edkov\u00e1 v\u010detn\u011b ukon\u010dovac\u00ed li\u0161ty<\/li>\n<li>LED p\u00e1sky pod saunov\u00fdmi lavicemi<\/li>\n<li>Elektrick\u00e9 saunov\u00e9 topidlo HARVIA AUSTRIA 100 TOP STEEL 9 kW v\u010detn\u011b saunov\u00fdch kamen\u016f<\/li>\n<li>Mont\u00e1\u017en\u00ed n\u00e1vod<\/li>\n<\/ul>\n<p>&nbsp;<\/p>\n<h4><strong>ThermoWood\u00ae<\/strong><\/h4>\n<p>Tato technologie \u00fapravy d\u0159eva <strong>\u00a0<\/strong>poch\u00e1z\u00ed z Finska. Jde o jednoduch\u00fd a naprosto ekologick\u00fd zp\u016fsob, jak p\u0159ipravit evropsk\u00e9 d\u0159evo tak, aby m\u011blo vlastnosti srovnateln\u00e9 se vz\u00e1cn\u00fdmi exotick\u00fdmi d\u0159evinami.<\/p>\n<p>Spo\u010d\u00edv\u00e1 v tom, \u017ee se ka\u017ed\u00fd jednotliv\u00fd kus tepeln\u011b uprav\u00ed horkem a p\u00e1rou p\u0159i teplot\u011b 180 \u2013 220\u00b0C, d\u00edky \u010demu\u017e z\u00edsk\u00e1 nov\u00e9 fyzik\u00e1ln\u00ed a mechanick\u00e9 vlastnosti \u2013 zcela bez chemik\u00e1li\u00ed. Ze d\u0159eva se t\u00edmto vypud\u00ed prysky\u0159ice a zm\u011bn\u00ed se jeho bun\u011b\u010dn\u00e1 struktura, co\u017e vede ke:<\/p>\n<ul>\n<li>sn\u00ed\u017een\u00e9 nas\u00e1kavosti (je velmi odoln\u00e9 v\u016f\u010di okoln\u00ed vlhkosti)<\/li>\n<li>sn\u00ed\u017een\u00e9 vodivosti (hod\u00ed se tak na saunov\u00e9 obklady a lavice, jeliko\u017e se tolik nerozpaluje)<\/li>\n<li>st\u00e1losti (d\u00e1le se nem\u011bn\u00ed, nepracuje, nekrout\u00ed se)<\/li>\n<li>suchosti (jeho vlhkost se permanentn\u011b sn\u00ed\u017e\u00ed na cca 5%)<\/li>\n<li>odolnosti v\u016f\u010di \u0161k\u016fdc\u016fm (neobsahuje l\u00e1tky, kter\u00fdmi se \u017eiv\u00ed d\u0159evokazn\u00e9 houby \u010di hmyz)<\/li>\n<li>lehkosti<\/li>\n<li>tmav\u0161\u00edmu, luxusn\u011bj\u0161\u00edmu vzhledu<\/li>\n<\/ul>\n<p>Bez jak\u00fdchkoliv \u00faprav by takov\u00e9 d\u0159evo m\u011blo v perfektn\u00edm stavu vydr\u017eet minim\u00e1ln\u011b 20 let. B\u011bhem \u010dasu se na n\u011bm vytvo\u0159\u00ed pouze \u0161ed\u00e1 patina, kter\u00e1 v\u0161ak nem\u00e1 na jeho vlastnosti vliv. Pokud se v\u00e1m patina nel\u00edb\u00ed, d\u00e1 se j\u00ed zabr\u00e1nit pou\u017eit\u00edm oleje nebo vosku. D\u0159ev\u011bn\u00e9 z\u00e1kladov\u00e9 nosn\u00edky a r\u00e1m prosklen\u00e9 p\u0159edn\u00ed st\u011bny doporu\u010dujeme v\u017edy o\u0161et\u0159it n\u00e1t\u011brem.<\/p>\n<p>&nbsp;<\/p>\n<h4><strong>Elektrick\u00e9 zapojen\u00ed a um\u00edst\u011bn\u00ed sauny:<\/strong><\/h4>\n<p>Pro\u00a0<strong>elektrick\u00e9 zapojen\u00ed sauny<\/strong> v p\u0159\u00edpad\u011b volby elektrick\u00e9ho topidla je pot\u0159eba m\u00edt v prostoru instalace sauny kabel CYKY 5 x 2,5mm, min. d\u00e9lky 3 metr\u016f od pl\u00e1novan\u00e9ho um\u00edst\u011bn\u00ed zadn\u00ed st\u011bny sauny, s nap\u00e1jen\u00edm 380 V, jisti\u010d \u00a0min. 3x16A a samostatn\u00fd proudov\u00fd chr\u00e1ni\u010d pro saunu 30 mA.<\/p>\n<p>Pro\u00a0<b>um\u00edst\u011bn\u00ed<\/b>\u00a0sauny je nutn\u00e9 zajistit voln\u00fd prostor min. 0,6 m od nejbli\u017e\u0161\u00ed p\u0159ek\u00e1\u017eky. Je d\u016fle\u017eit\u00e9, aby plocha, na kter\u00e9 bude sauna um\u00edst\u011bna, byla \u00fanosn\u00e1 a vodorovn\u00e1\u00a0(nap\u0159. z\u00e1mkov\u00e1 dla\u017eba, d\u0159ev\u011bn\u00e1 konstrukce\/terasa, \u0161t\u011brkov\u00e9 lo\u017ee nebo betonov\u00e9 dla\u017edice).<\/p>\n<h3><img loading=\"lazy\" class=\"alignnone wp-image-7559 size-full\" src=\"https:\/\/anderskafka.cz\/eshop\/wp-content\/uploads\/sites\/3\/2024\/06\/Anderskafka-objednate-relaxujete-PC.jpg\" alt=\"\" width=\"1920\" height=\"352\" srcset=\"https:\/\/anderskafka.cz\/eshop\/wp-content\/uploads\/sites\/3\/2024\/06\/Anderskafka-objednate-relaxujete-PC.jpg 1920w, https:\/\/anderskafka.cz\/eshop\/wp-content\/uploads\/sites\/3\/2024\/06\/Anderskafka-objednate-relaxujete-PC-300x55.jpg 300w, https:\/\/anderskafka.cz\/eshop\/wp-content\/uploads\/sites\/3\/2024\/06\/Anderskafka-objednate-relaxujete-PC-1024x188.jpg 1024w, https:\/\/anderskafka.cz\/eshop\/wp-content\/uploads\/sites\/3\/2024\/06\/Anderskafka-objednate-relaxujete-PC-768x141.jpg 768w, https:\/\/anderskafka.cz\/eshop\/wp-content\/uploads\/sites\/3\/2024\/06\/Anderskafka-objednate-relaxujete-PC-1536x282.jpg 1536w, https:\/\/anderskafka.cz\/eshop\/wp-content\/uploads\/sites\/3\/2024\/06\/Anderskafka-objednate-relaxujete-PC-700x128.jpg 700w, https:\/\/anderskafka.cz\/eshop\/wp-content\/uploads\/sites\/3\/2024\/06\/Anderskafka-objednate-relaxujete-PC-64x12.jpg 64w\" sizes=\"(max-width: 1920px) 100vw, 1920px\" \/><\/h3>\n<p><strong>Cena sauny<\/strong> zahrnuje mont\u00e1\u017e a instalaci a je v\u010detn\u011b\u00a0 12<strong>%<\/strong> DPH v p\u0159\u00edpad\u011b dod\u00e1vky finsk\u00e9 sauny s mont\u00e1\u017e\u00ed do rodinn\u00e9ho domu, kde celkov\u00e1 podlahov\u00e1 plocha nep\u0159es\u00e1hne 350m<sup>2 <\/sup>nebo bytu, kde celkov\u00e1 podlahov\u00e1 plocha nep\u0159es\u00e1hne 120m<sup>2 <\/sup>dle \u00a0\u00a748a, odst. 1 Z\u00e1kona o DPH a \u00a7121, odst. 1 z\u00e1kona \u010d. 40\/1964 Sb. Ob\u010dansk\u00e9ho z\u00e1kon\u00edku. V opa\u010dn\u00e9m p\u0159\u00edpad\u011b by se musela aplikovat sazba DPH ve v\u00fd\u0161\u0161i 21<strong>%.<\/strong><\/p>\n<p>&nbsp;<\/p>\n<h4><strong>DOPRAVA<\/strong><\/h4>\n<p><strong>Cena dopravy<\/strong> bude stanovena na z\u00e1klad\u011b vzd\u00e1lenosti\u00a0 z Miro\u0161ovic do m\u00edsta mont\u00e1\u017ee. Kontaktujte n\u00e1s na emailu office@anderskafka.cz nebo na \u010d\u00edsle 777 308 585.<\/p>\n<p>Jak ji\u017e bylo zm\u00edn\u011bno v\u00fd\u0161e, z\u00e1kladov\u00e9 tr\u00e1my doporu\u010dujeme um\u00edstit na zhutn\u011bn\u00fd ter\u00e9n, nejl\u00e9pe na betonov\u00e9 patky, dla\u017edice nebo st\u011brkov\u00e9 lo\u017ee. Po dohod\u011b nab\u00edz\u00edme tak\u00e9 nadstandardn\u00ed slu\u017eby v r\u00e1mci instalace sauny: stavebn\u00ed p\u0159ipravenost a tak\u00e9 elektroinstala\u010dn\u00ed pr\u00e1ce. \u00a0S n\u00e1mi m\u00e1te v\u0161e bez starost\u00ed.<\/p>\n<p>&nbsp;<\/p>\n","protected":false},"excerpt":{"rendered":"<p><strong>Sudov\u00e1 sauna<\/strong>\u00a0o nadstandardn\u00edm pr\u016fm\u011bru 229 cm a d\u00e9lce 227 cm nab\u00edz\u00ed dokonal\u00e9 \u00fato\u010di\u0161t\u011b pro regeneraci t\u011bla a mysli v pohodl\u00ed va\u0161\u00ed zahrady pro 2 a\u017e 4 osoby.<\/p>\n<p>&nbsp;<\/p>\n<h6><strong>THERMOWOOD<\/strong><\/h6>\n<p>Oproti klasick\u00e9 smrkov\u00e9 saun\u011b je zde velk\u00e1 v\u00fdhoda opracov\u00e1n\u00ed seversk\u00e9ho smrku metodou ThermoWood\u00ae. Tento materi\u00e1l p\u0159i s\u00edle 40 mm spolu s precizn\u00edm \u0159emesln\u00fdm zpracov\u00e1n\u00edm zajist\u00ed velice dlouhou \u017eivotnost v\u00fdrobku, nadstandartn\u00ed kvalitu a v\u00fdbornou izolaci. Sauna z thermowood je v\u00fdborn\u00e1 investice a stoj\u00ed za p\u0159\u00edplatek.<\/p>\n<p>&nbsp;<\/p>\n<p><strong>Cena zahrnuje mont\u00e1\u017e a instalaci sauny<\/strong> (na p\u0159ipraven\u00fd vyrovnan\u00fd nosn\u00fd podklad a elektroinstalaci).<\/p>\n<p><button class=\"button poptavka\" style=\"border-radius: 3px;padding: 12px 24px;font-weight: 400;font-size: 14px;letter-spacing: 1px;background-color: #f96d3b;color: #fff;border: none;cursor: pointer\" aria-label=\"Otev\u0159\u00edt\"> M\u00e1m z\u00e1jem o tento produkt <\/button><\/p>\n","protected":false},"featured_media":6474,"comment_status":"open","ping_status":"closed","template":"","meta":{"site-sidebar-layout":"default","site-content-layout":"default","ast-main-header-display":"","ast-hfb-above-header-display":"","ast-hfb-below-header-display":"","ast-hfb-mobile-header-display":"","site-post-title":"","ast-breadcrumbs-content":"","ast-featured-img":"","footer-sml-layout":"","theme-transparent-header-meta":"","adv-header-id-meta":"","stick-header-meta":"","header-above-stick-meta":"","header-main-stick-meta":"","header-below-stick-meta":""},"location":[],"product_cat":[1014,1463],"product_tag":[812],"yoast_head":"<!-- This site is optimized with the Yoast SEO plugin v18.5.1 - https:\/\/yoast.com\/wordpress\/plugins\/seo\/ -->\n<title>Sudov\u00e1 sauna z thermowood HALO COMFORT \u2013 v\u010detn\u011b mont\u00e1\u017ee - Anders &amp; Kafka E-SHOP<\/title>\n<meta name=\"description\" content=\"Sudov\u00e1 sauna\u00a0o nadstandardn\u00edm pr\u016fm\u011bru 229 cm a d\u00e9lce 227 cm nab\u00edz\u00ed dokonal\u00e9 \u00fato\u010di\u0161t\u011b pro regeneraci t\u011bla a mysli v pohodl\u00ed va\u0161\u00ed zahrady pro 2 a\u017e 4 osoby.  &nbsp; THERMOWOOD Oproti klasick\u00e9 smrkov\u00e9 saun\u011b je zde velk\u00e1 v\u00fdhoda opracov\u00e1n\u00ed seversk\u00e9ho smrku metodou ThermoWood\u00ae. Tento materi\u00e1l p\u0159i s\u00edle 40 mm spolu s precizn\u00edm \u0159emesln\u00fdm zpracov\u00e1n\u00edm zajist\u00ed velice dlouhou \u017eivotnost v\u00fdrobku, nadstandartn\u00ed kvalitu a v\u00fdbornou izolaci. Sauna z thermowood je v\u00fdborn\u00e1 investice a stoj\u00ed za p\u0159\u00edplatek.  &nbsp;  Cena zahrnuje mont\u00e1\u017e a instalaci sauny (na p\u0159ipraven\u00fd vyrovnan\u00fd nosn\u00fd podklad a elektroinstalaci).   M\u00e1m z\u00e1jem o tento produkt\" \/>\n<meta name=\"robots\" content=\"index, follow, max-snippet:-1, max-image-preview:large, max-video-preview:-1\" \/>\n<link rel=\"canonical\" href=\"https:\/\/anderskafka.cz\/eshop\/produkt\/vms-saunas-halo-klasik-komplet-sudova-sauna-z-thermowoodu-o9-a-delky-vcetne-montaze-a-instalace\/\" \/>\n<meta property=\"og:locale\" content=\"cs_CZ\" \/>\n<meta property=\"og:type\" content=\"article\" \/>\n<meta property=\"og:title\" content=\"Sudov\u00e1 sauna z thermowood HALO COMFORT \u2013 v\u010detn\u011b mont\u00e1\u017ee - Anders &amp; Kafka E-SHOP\" \/>\n<meta property=\"og:description\" content=\"Sudov\u00e1 sauna\u00a0o nadstandardn\u00edm pr\u016fm\u011bru 229 cm a d\u00e9lce 227 cm nab\u00edz\u00ed dokonal\u00e9 \u00fato\u010di\u0161t\u011b pro regeneraci t\u011bla a mysli v pohodl\u00ed va\u0161\u00ed zahrady pro 2 a\u017e 4 osoby.  &nbsp; THERMOWOOD Oproti klasick\u00e9 smrkov\u00e9 saun\u011b je zde velk\u00e1 v\u00fdhoda opracov\u00e1n\u00ed seversk\u00e9ho smrku metodou ThermoWood\u00ae. Tento materi\u00e1l p\u0159i s\u00edle 40 mm spolu s precizn\u00edm \u0159emesln\u00fdm zpracov\u00e1n\u00edm zajist\u00ed velice dlouhou \u017eivotnost v\u00fdrobku, nadstandartn\u00ed kvalitu a v\u00fdbornou izolaci. Sauna z thermowood je v\u00fdborn\u00e1 investice a stoj\u00ed za p\u0159\u00edplatek.  &nbsp;  Cena zahrnuje mont\u00e1\u017e a instalaci sauny (na p\u0159ipraven\u00fd vyrovnan\u00fd nosn\u00fd podklad a elektroinstalaci).   M\u00e1m z\u00e1jem o tento produkt\" \/>\n<meta property=\"og:url\" content=\"https:\/\/anderskafka.cz\/eshop\/produkt\/vms-saunas-halo-klasik-komplet-sudova-sauna-z-thermowoodu-o9-a-delky-vcetne-montaze-a-instalace\/\" \/>\n<meta property=\"og:site_name\" content=\"Anders &amp; Kafka E-SHOP\" \/>\n<meta property=\"article:modified_time\" content=\"2026-04-03T19:04:49+00:00\" \/>\n<meta property=\"og:image\" content=\"https:\/\/anderskafka.cz\/eshop\/wp-content\/uploads\/sites\/3\/2023\/10\/HALO-KLASIK-225-2.jpg\" \/>\n\t<meta property=\"og:image:width\" content=\"635\" \/>\n\t<meta property=\"og:image:height\" content=\"631\" \/>\n\t<meta property=\"og:image:type\" content=\"image\/jpeg\" \/>\n<meta name=\"twitter:card\" content=\"summary_large_image\" \/>\n<meta name=\"twitter:label1\" content=\"Odhadovan\u00e1 doba \u010dten\u00ed\" \/>\n\t<meta name=\"twitter:data1\" content=\"4 minuty\" \/>\n<script type=\"application\/ld+json\" class=\"yoast-schema-graph\">{\"@context\":\"https:\/\/schema.org\",\"@graph\":[{\"@type\":\"WebSite\",\"@id\":\"https:\/\/anderskafka.cz\/eshop\/#website\",\"url\":\"https:\/\/anderskafka.cz\/eshop\/\",\"name\":\"Anders &amp; Kafka E-SHOP\",\"description\":\"Anders &amp; Kafka E-SHOP\",\"potentialAction\":[{\"@type\":\"SearchAction\",\"target\":{\"@type\":\"EntryPoint\",\"urlTemplate\":\"https:\/\/anderskafka.cz\/eshop\/?s={search_term_string}\"},\"query-input\":\"required name=search_term_string\"}],\"inLanguage\":\"cs\"},{\"@type\":\"ImageObject\",\"@id\":\"https:\/\/anderskafka.cz\/eshop\/produkt\/vms-saunas-halo-klasik-komplet-sudova-sauna-z-thermowoodu-o9-a-delky-vcetne-montaze-a-instalace\/#primaryimage\",\"inLanguage\":\"cs\",\"url\":\"https:\/\/anderskafka.cz\/eshop\/wp-content\/uploads\/sites\/3\/2023\/10\/HALO-KLASIK-225-2.jpg\",\"contentUrl\":\"https:\/\/anderskafka.cz\/eshop\/wp-content\/uploads\/sites\/3\/2023\/10\/HALO-KLASIK-225-2.jpg\",\"width\":635,\"height\":631},{\"@type\":\"WebPage\",\"@id\":\"https:\/\/anderskafka.cz\/eshop\/produkt\/vms-saunas-halo-klasik-komplet-sudova-sauna-z-thermowoodu-o9-a-delky-vcetne-montaze-a-instalace\/#webpage\",\"url\":\"https:\/\/anderskafka.cz\/eshop\/produkt\/vms-saunas-halo-klasik-komplet-sudova-sauna-z-thermowoodu-o9-a-delky-vcetne-montaze-a-instalace\/\",\"name\":\"Sudov\u00e1 sauna z thermowood HALO COMFORT \u2013 v\u010detn\u011b mont\u00e1\u017ee - Anders &amp; Kafka E-SHOP\",\"isPartOf\":{\"@id\":\"https:\/\/anderskafka.cz\/eshop\/#website\"},\"primaryImageOfPage\":{\"@id\":\"https:\/\/anderskafka.cz\/eshop\/produkt\/vms-saunas-halo-klasik-komplet-sudova-sauna-z-thermowoodu-o9-a-delky-vcetne-montaze-a-instalace\/#primaryimage\"},\"datePublished\":\"2024-03-30T12:28:08+00:00\",\"dateModified\":\"2026-04-03T19:04:49+00:00\",\"description\":\"Sudov\u00e1 sauna\u00a0o nadstandardn\u00edm pr\u016fm\u011bru 229 cm a d\u00e9lce 227 cm nab\u00edz\u00ed dokonal\u00e9 \u00fato\u010di\u0161t\u011b pro regeneraci t\u011bla a mysli v pohodl\u00ed va\u0161\u00ed zahrady pro 2 a\u017e 4 osoby. &nbsp; THERMOWOOD Oproti klasick\u00e9 smrkov\u00e9 saun\u011b je zde velk\u00e1 v\u00fdhoda opracov\u00e1n\u00ed seversk\u00e9ho smrku metodou ThermoWood\u00ae. Tento materi\u00e1l p\u0159i s\u00edle 40 mm spolu s precizn\u00edm \u0159emesln\u00fdm zpracov\u00e1n\u00edm zajist\u00ed velice dlouhou \u017eivotnost v\u00fdrobku, nadstandartn\u00ed kvalitu a v\u00fdbornou izolaci. Sauna z thermowood je v\u00fdborn\u00e1 investice a stoj\u00ed za p\u0159\u00edplatek. &nbsp; Cena zahrnuje mont\u00e1\u017e a instalaci sauny (na p\u0159ipraven\u00fd vyrovnan\u00fd nosn\u00fd podklad a elektroinstalaci). M\u00e1m z\u00e1jem o tento produkt\",\"breadcrumb\":{\"@id\":\"https:\/\/anderskafka.cz\/eshop\/produkt\/vms-saunas-halo-klasik-komplet-sudova-sauna-z-thermowoodu-o9-a-delky-vcetne-montaze-a-instalace\/#breadcrumb\"},\"inLanguage\":\"cs\",\"potentialAction\":[{\"@type\":\"ReadAction\",\"target\":[\"https:\/\/anderskafka.cz\/eshop\/produkt\/vms-saunas-halo-klasik-komplet-sudova-sauna-z-thermowoodu-o9-a-delky-vcetne-montaze-a-instalace\/\"]}]},{\"@type\":\"BreadcrumbList\",\"@id\":\"https:\/\/anderskafka.cz\/eshop\/produkt\/vms-saunas-halo-klasik-komplet-sudova-sauna-z-thermowoodu-o9-a-delky-vcetne-montaze-a-instalace\/#breadcrumb\",\"itemListElement\":[{\"@type\":\"ListItem\",\"position\":1,\"name\":\"Obchod\",\"item\":\"https:\/\/anderskafka.cz\/eshop\/obchod\/\"},{\"@type\":\"ListItem\",\"position\":2,\"name\":\"Sudov\u00e1 sauna z thermowood HALO COMFORT \u2013 v\u010detn\u011b mont\u00e1\u017ee\"}]}]}<\/script>\n<!-- \/ Yoast SEO plugin. -->","yoast_head_json":{"title":"Sudov\u00e1 sauna z thermowood HALO COMFORT \u2013 v\u010detn\u011b mont\u00e1\u017ee - Anders &amp; Kafka E-SHOP","description":"Sudov\u00e1 sauna\u00a0o nadstandardn\u00edm pr\u016fm\u011bru 229 cm a d\u00e9lce 227 cm nab\u00edz\u00ed dokonal\u00e9 \u00fato\u010di\u0161t\u011b pro regeneraci t\u011bla a mysli v pohodl\u00ed va\u0161\u00ed zahrady pro 2 a\u017e 4 osoby.  &nbsp; THERMOWOOD Oproti klasick\u00e9 smrkov\u00e9 saun\u011b je zde velk\u00e1 v\u00fdhoda opracov\u00e1n\u00ed seversk\u00e9ho smrku metodou ThermoWood\u00ae. Tento materi\u00e1l p\u0159i s\u00edle 40 mm spolu s precizn\u00edm \u0159emesln\u00fdm zpracov\u00e1n\u00edm zajist\u00ed velice dlouhou \u017eivotnost v\u00fdrobku, nadstandartn\u00ed kvalitu a v\u00fdbornou izolaci. Sauna z thermowood je v\u00fdborn\u00e1 investice a stoj\u00ed za p\u0159\u00edplatek.  &nbsp;  Cena zahrnuje mont\u00e1\u017e a instalaci sauny (na p\u0159ipraven\u00fd vyrovnan\u00fd nosn\u00fd podklad a elektroinstalaci).   M\u00e1m z\u00e1jem o tento produkt","robots":{"index":"index","follow":"follow","max-snippet":"max-snippet:-1","max-image-preview":"max-image-preview:large","max-video-preview":"max-video-preview:-1"},"canonical":"https:\/\/anderskafka.cz\/eshop\/produkt\/vms-saunas-halo-klasik-komplet-sudova-sauna-z-thermowoodu-o9-a-delky-vcetne-montaze-a-instalace\/","og_locale":"cs_CZ","og_type":"article","og_title":"Sudov\u00e1 sauna z thermowood HALO COMFORT \u2013 v\u010detn\u011b mont\u00e1\u017ee - Anders &amp; Kafka E-SHOP","og_description":"Sudov\u00e1 sauna\u00a0o nadstandardn\u00edm pr\u016fm\u011bru 229 cm a d\u00e9lce 227 cm nab\u00edz\u00ed dokonal\u00e9 \u00fato\u010di\u0161t\u011b pro regeneraci t\u011bla a mysli v pohodl\u00ed va\u0161\u00ed zahrady pro 2 a\u017e 4 osoby.  &nbsp; THERMOWOOD Oproti klasick\u00e9 smrkov\u00e9 saun\u011b je zde velk\u00e1 v\u00fdhoda opracov\u00e1n\u00ed seversk\u00e9ho smrku metodou ThermoWood\u00ae. Tento materi\u00e1l p\u0159i s\u00edle 40 mm spolu s precizn\u00edm \u0159emesln\u00fdm zpracov\u00e1n\u00edm zajist\u00ed velice dlouhou \u017eivotnost v\u00fdrobku, nadstandartn\u00ed kvalitu a v\u00fdbornou izolaci. Sauna z thermowood je v\u00fdborn\u00e1 investice a stoj\u00ed za p\u0159\u00edplatek.  &nbsp;  Cena zahrnuje mont\u00e1\u017e a instalaci sauny (na p\u0159ipraven\u00fd vyrovnan\u00fd nosn\u00fd podklad a elektroinstalaci).   M\u00e1m z\u00e1jem o tento produkt","og_url":"https:\/\/anderskafka.cz\/eshop\/produkt\/vms-saunas-halo-klasik-komplet-sudova-sauna-z-thermowoodu-o9-a-delky-vcetne-montaze-a-instalace\/","og_site_name":"Anders &amp; Kafka E-SHOP","article_modified_time":"2026-04-03T19:04:49+00:00","og_image":[{"width":635,"height":631,"url":"https:\/\/anderskafka.cz\/eshop\/wp-content\/uploads\/sites\/3\/2023\/10\/HALO-KLASIK-225-2.jpg","type":"image\/jpeg"}],"twitter_card":"summary_large_image","twitter_misc":{"Odhadovan\u00e1 doba \u010dten\u00ed":"4 minuty"},"schema":{"@context":"https:\/\/schema.org","@graph":[{"@type":"WebSite","@id":"https:\/\/anderskafka.cz\/eshop\/#website","url":"https:\/\/anderskafka.cz\/eshop\/","name":"Anders &amp; Kafka E-SHOP","description":"Anders &amp; Kafka E-SHOP","potentialAction":[{"@type":"SearchAction","target":{"@type":"EntryPoint","urlTemplate":"https:\/\/anderskafka.cz\/eshop\/?s={search_term_string}"},"query-input":"required name=search_term_string"}],"inLanguage":"cs"},{"@type":"ImageObject","@id":"https:\/\/anderskafka.cz\/eshop\/produkt\/vms-saunas-halo-klasik-komplet-sudova-sauna-z-thermowoodu-o9-a-delky-vcetne-montaze-a-instalace\/#primaryimage","inLanguage":"cs","url":"https:\/\/anderskafka.cz\/eshop\/wp-content\/uploads\/sites\/3\/2023\/10\/HALO-KLASIK-225-2.jpg","contentUrl":"https:\/\/anderskafka.cz\/eshop\/wp-content\/uploads\/sites\/3\/2023\/10\/HALO-KLASIK-225-2.jpg","width":635,"height":631},{"@type":"WebPage","@id":"https:\/\/anderskafka.cz\/eshop\/produkt\/vms-saunas-halo-klasik-komplet-sudova-sauna-z-thermowoodu-o9-a-delky-vcetne-montaze-a-instalace\/#webpage","url":"https:\/\/anderskafka.cz\/eshop\/produkt\/vms-saunas-halo-klasik-komplet-sudova-sauna-z-thermowoodu-o9-a-delky-vcetne-montaze-a-instalace\/","name":"Sudov\u00e1 sauna z thermowood HALO COMFORT \u2013 v\u010detn\u011b mont\u00e1\u017ee - Anders &amp; Kafka E-SHOP","isPartOf":{"@id":"https:\/\/anderskafka.cz\/eshop\/#website"},"primaryImageOfPage":{"@id":"https:\/\/anderskafka.cz\/eshop\/produkt\/vms-saunas-halo-klasik-komplet-sudova-sauna-z-thermowoodu-o9-a-delky-vcetne-montaze-a-instalace\/#primaryimage"},"datePublished":"2024-03-30T12:28:08+00:00","dateModified":"2026-04-03T19:04:49+00:00","description":"Sudov\u00e1 sauna\u00a0o nadstandardn\u00edm pr\u016fm\u011bru 229 cm a d\u00e9lce 227 cm nab\u00edz\u00ed dokonal\u00e9 \u00fato\u010di\u0161t\u011b pro regeneraci t\u011bla a mysli v pohodl\u00ed va\u0161\u00ed zahrady pro 2 a\u017e 4 osoby. &nbsp; THERMOWOOD Oproti klasick\u00e9 smrkov\u00e9 saun\u011b je zde velk\u00e1 v\u00fdhoda opracov\u00e1n\u00ed seversk\u00e9ho smrku metodou ThermoWood\u00ae. Tento materi\u00e1l p\u0159i s\u00edle 40 mm spolu s precizn\u00edm \u0159emesln\u00fdm zpracov\u00e1n\u00edm zajist\u00ed velice dlouhou \u017eivotnost v\u00fdrobku, nadstandartn\u00ed kvalitu a v\u00fdbornou izolaci. Sauna z thermowood je v\u00fdborn\u00e1 investice a stoj\u00ed za p\u0159\u00edplatek. &nbsp; Cena zahrnuje mont\u00e1\u017e a instalaci sauny (na p\u0159ipraven\u00fd vyrovnan\u00fd nosn\u00fd podklad a elektroinstalaci). M\u00e1m z\u00e1jem o tento produkt","breadcrumb":{"@id":"https:\/\/anderskafka.cz\/eshop\/produkt\/vms-saunas-halo-klasik-komplet-sudova-sauna-z-thermowoodu-o9-a-delky-vcetne-montaze-a-instalace\/#breadcrumb"},"inLanguage":"cs","potentialAction":[{"@type":"ReadAction","target":["https:\/\/anderskafka.cz\/eshop\/produkt\/vms-saunas-halo-klasik-komplet-sudova-sauna-z-thermowoodu-o9-a-delky-vcetne-montaze-a-instalace\/"]}]},{"@type":"BreadcrumbList","@id":"https:\/\/anderskafka.cz\/eshop\/produkt\/vms-saunas-halo-klasik-komplet-sudova-sauna-z-thermowoodu-o9-a-delky-vcetne-montaze-a-instalace\/#breadcrumb","itemListElement":[{"@type":"ListItem","position":1,"name":"Obchod","item":"https:\/\/anderskafka.cz\/eshop\/obchod\/"},{"@type":"ListItem","position":2,"name":"Sudov\u00e1 sauna z thermowood HALO COMFORT \u2013 v\u010detn\u011b mont\u00e1\u017ee"}]}]}},"locations":[],"_links":{"self":[{"href":"https:\/\/anderskafka.cz\/eshop\/wp-json\/wp\/v2\/product\/7199"}],"collection":[{"href":"https:\/\/anderskafka.cz\/eshop\/wp-json\/wp\/v2\/product"}],"about":[{"href":"https:\/\/anderskafka.cz\/eshop\/wp-json\/wp\/v2\/types\/product"}],"replies":[{"embeddable":true,"href":"https:\/\/anderskafka.cz\/eshop\/wp-json\/wp\/v2\/comments?post=7199"}],"wp:featuredmedia":[{"embeddable":true,"href":"https:\/\/anderskafka.cz\/eshop\/wp-json\/wp\/v2\/media\/6474"}],"wp:attachment":[{"href":"https:\/\/anderskafka.cz\/eshop\/wp-json\/wp\/v2\/media?parent=7199"}],"wp:term":[{"taxonomy":"location","embeddable":true,"href":"https:\/\/anderskafka.cz\/eshop\/wp-json\/wp\/v2\/location?post=7199"},{"taxonomy":"product_cat","embeddable":true,"href":"https:\/\/anderskafka.cz\/eshop\/wp-json\/wp\/v2\/product_cat?post=7199"},{"taxonomy":"product_tag","embeddable":true,"href":"https:\/\/anderskafka.cz\/eshop\/wp-json\/wp\/v2\/product_tag?post=7199"}],"curies":[{"name":"wp","href":"https:\/\/api.w.org\/{rel}","templated":true}]}}