{"id":7242,"date":"2024-04-01T23:05:55","date_gmt":"2024-04-01T21:05:55","guid":{"rendered":"https:\/\/anderskafka.cz\/eshop\/?post_type=product&#038;p=7242"},"modified":"2025-11-18T16:45:47","modified_gmt":"2025-11-18T15:45:47","slug":"sentiotec-next-k3-elektronicka-ridici-jednotka-ridici-jednotka-pro-bio-saunu","status":"publish","type":"product","link":"https:\/\/anderskafka.cz\/eshop\/produkt\/sentiotec-next-k3-elektronicka-ridici-jednotka-ridici-jednotka-pro-bio-saunu\/","title":{"rendered":"HARVIA AUSTRIA NEXT K3 \u2013 elektronick\u00e1 \u0159\u00edd\u00edc\u00ed jednotka pro bio saunu"},"content":{"rendered":"<p>\u0158\u00edd\u00edc\u00ed jednotka pro bio saunu Next K3 se pou\u017e\u00edv\u00e1 k ovl\u00e1d\u00e1n\u00ed elektrick\u00fdch saunov\u00fdch topidel v teplotn\u00edm rozmez\u00ed od 40\u00b0C do 125\u00b0C. Regulace pracuje s dv\u011bma sn\u00edma\u010di a obsahuje pojistku proti nadm\u011brn\u00e9 teplot\u011b s vyp\u00ednac\u00ed hranic\u00ed 139\u00b0C. Pokud je v saun\u011b ni\u017e\u0161\u00ed teplota ne\u017e po\u017eadujeme, regulace automaticky saunov\u00e1 kamna zapne.<\/p>\n<p>Funkce modelu <strong>Next K3<\/strong>:<\/p>\n<ul>\n<li style=\"list-style-type: none\">\n<ul>\n<li>Jednod\u00edln\u00e9 pouzdro s integrovan\u00fdm ovl\u00e1d\u00e1n\u00edm.<\/li>\n<li>Teplota plynule nastaviteln\u00e1 od 40 do 125 \u00b0C, p\u0159i Bio provozu, teplota od 40 \u00b0C do 65 \u00b0C<\/li>\n<li>Teplotn\u00ed a bezpe\u010dnostn\u00ed \u010didlo pro topidlo<\/li>\n<li>Vypnut\u00ed p\u0159i p\u0159eru\u0161en\u00ed a zkratu sn\u00edma\u010de<\/li>\n<li>Omezen\u00ed doby oh\u0159evu 6 h<\/li>\n<li>Vizu\u00e1ln\u00ed zobrazen\u00ed chyb<\/li>\n<li>Mo\u017enost p\u0159ipojen\u00ed sv\u011btla do 100W<\/li>\n<li>Sou\u010d\u00e1st\u00ed je extern\u00ed \u010didlo teploty s propojovac\u00edm kabelem a teplotn\u00ed lavicov\u00e9 \u010didlo pro topidlo (vhodn\u00e9 pro v\u011bt\u0161\u00ed nebo tvarov\u011b komplikovan\u00e9 sauny)<\/li>\n<li>nap\u00e1jec\u00ed nap\u011bt\u00ed &#8211; 400V 3F\u00e1ze<\/li>\n<li>rozm\u011bry (mm) &#8211; 236x195x90<\/li>\n<li>Digit\u00e1ln\u00ed display zobrazuj\u00edc\u00ed \u010das, s mo\u017enost\u00ed p\u0159ednastaven\u00ed \u010dasu v 15 min. intervalech<\/li>\n<li>Ovl\u00e1d\u00e1n\u00ed v\u00fdparn\u00edku do v\u00fdkonu 3 kW s detekc\u00ed nedostatku vody.<\/li>\n<li>Rozsah nastaven\u00ed vlhkosti \u00a00 a\u017e 100 %.<\/li>\n<li>Maxim\u00e1ln\u00ed \u00farove\u0148 vlhkosti, kterou lze nastavit, z\u00e1vis\u00ed na teplot\u011b sauny.<\/li>\n<li>Digit\u00e1ln\u00ed display zobrazuj\u00edc\u00ed teplotu a vlhkost<\/li>\n<\/ul>\n<\/li>\n<\/ul>\n<p><strong>Technick\u00e9 Parametry<\/strong><\/p>\n<p>Okoln\u00ed teplota: -10\u00b0C a\u017e +40\u00b0C<br \/>\nVlhkost: max. 95%, nekondenzuj\u00edc\u00ed<br \/>\nSp\u00ednan\u00e9 nap\u011bt\u00ed\/t\u0159\u00edf\u00e1zov\u00e9 3N: 400 V AC 50HZ<br \/>\nP\u0159ipojovac\u00ed kabely:<br \/>\nP\u0159\u00edvodn\u00ed veden\u00ed topen\u00ed (teplotn\u011b odoln\u00e9 do 150 \u00b0C): min. 2,5 mm\u00b2<br \/>\nP\u0159\u00edvody k \u010didl\u016fm (odoln\u00e9 v\u016f\u010di teplot\u011b do 150 \u00b0C): min. 0,5 mm\u00b2<br \/>\nSv\u011btlo: min. 1,5 mm\u00b2<\/p>\n","protected":false},"excerpt":{"rendered":"<p>Elektronick\u00e1 \u0159\u00edd\u00edc\u00ed jednotka pro bio saunu s v\u00fdkonem topidla do 9 kW. Model vyvinut\u00fd speci\u00e1ln\u011b pro soukrom\u00e9 pou\u017eit\u00ed s vynikaj\u00edc\u00edm pom\u011brem cena\/v\u00fdkon. Jednotka je uzp\u016fsobena pouze pro instalace vn\u011b sauny. \u0160t\u00edhl\u00e9 pouzdro pro povrchovou mont\u00e1\u017e. Hloubka pouzdra 90 mm.<br \/>\n<span style=\"font-size: 16px\">Spole\u010dnost HARVIA AUSTRIA vyv\u00edj\u00ed a vyr\u00e1b\u00ed kvalitn\u00ed a inovativn\u00ed produkty ur\u010den\u00e9 k tomu, aby Va\u0161e chv\u00edle str\u00e1ven\u00e9 v saun\u011b byly co nejv\u00edce relaxuj\u00edc\u00ed.<br \/>\n<img loading=\"lazy\" class=\"alignnone size-full wp-image-1323 aligncenter\" src=\"https:\/\/anderskafka.cz\/eshop\/wp-content\/uploads\/sites\/3\/2022\/12\/logoHarvia.png\" alt=\"\" width=\"102\" height=\"102\" srcset=\"https:\/\/anderskafka.cz\/eshop\/wp-content\/uploads\/sites\/3\/2022\/12\/logoHarvia.png 102w, https:\/\/anderskafka.cz\/eshop\/wp-content\/uploads\/sites\/3\/2022\/12\/logoHarvia-100x100.png 100w, https:\/\/anderskafka.cz\/eshop\/wp-content\/uploads\/sites\/3\/2022\/12\/logoHarvia-64x64.png 64w\" sizes=\"(max-width: 102px) 100vw, 102px\" \/><br \/>\n<\/span><\/p>\n","protected":false},"featured_media":7237,"comment_status":"open","ping_status":"closed","template":"","meta":{"site-sidebar-layout":"default","site-content-layout":"default","ast-main-header-display":"","ast-hfb-above-header-display":"","ast-hfb-below-header-display":"","ast-hfb-mobile-header-display":"","site-post-title":"","ast-breadcrumbs-content":"","ast-featured-img":"","footer-sml-layout":"","theme-transparent-header-meta":"","adv-header-id-meta":"","stick-header-meta":"","header-above-stick-meta":"","header-main-stick-meta":"","header-below-stick-meta":""},"location":[],"product_cat":[544],"product_tag":[324],"yoast_head":"<!-- This site is optimized with the Yoast SEO plugin v18.5.1 - https:\/\/yoast.com\/wordpress\/plugins\/seo\/ -->\n<title>HARVIA AUSTRIA NEXT K3 \u2013 elektronick\u00e1 \u0159\u00edd\u00edc\u00ed jednotka pro bio saunu - Anders &amp; Kafka E-SHOP<\/title>\n<meta name=\"description\" content=\"Inteligentn\u00ed \u0159\u00edd\u00edc\u00ed jednotka s patentovanou, inovativn\u00ed technologi\u00ed a intuitivn\u00edm ovl\u00e1d\u00e1n\u00edm je ur\u010dena pro elektrick\u00e1 topidla pro finskou saunu s v\u00fdkonem topidla do 10,5 KW a p\u0159i pou\u017eit\u00ed pr\u030ci\u0301davne\u0301ho vy\u0301konove\u0301ho modulu a\u017e do v\u00fdkonu 30 kW.\" \/>\n<meta name=\"robots\" content=\"index, follow, max-snippet:-1, max-image-preview:large, max-video-preview:-1\" \/>\n<link rel=\"canonical\" href=\"https:\/\/anderskafka.cz\/eshop\/produkt\/sentiotec-next-k3-elektronicka-ridici-jednotka-ridici-jednotka-pro-bio-saunu\/\" \/>\n<meta property=\"og:locale\" content=\"cs_CZ\" \/>\n<meta property=\"og:type\" content=\"article\" \/>\n<meta property=\"og:title\" content=\"HARVIA AUSTRIA NEXT K3 \u2013 elektronick\u00e1 \u0159\u00edd\u00edc\u00ed jednotka pro bio saunu - Anders &amp; Kafka E-SHOP\" \/>\n<meta property=\"og:description\" content=\"Inteligentn\u00ed \u0159\u00edd\u00edc\u00ed jednotka s patentovanou, inovativn\u00ed technologi\u00ed a intuitivn\u00edm ovl\u00e1d\u00e1n\u00edm je ur\u010dena pro elektrick\u00e1 topidla pro finskou saunu s v\u00fdkonem topidla do 10,5 KW a p\u0159i pou\u017eit\u00ed pr\u030ci\u0301davne\u0301ho vy\u0301konove\u0301ho modulu a\u017e do v\u00fdkonu 30 kW.\" \/>\n<meta property=\"og:url\" content=\"https:\/\/anderskafka.cz\/eshop\/produkt\/sentiotec-next-k3-elektronicka-ridici-jednotka-ridici-jednotka-pro-bio-saunu\/\" \/>\n<meta property=\"og:site_name\" content=\"Anders &amp; Kafka E-SHOP\" \/>\n<meta property=\"article:modified_time\" content=\"2025-11-18T15:45:47+00:00\" \/>\n<meta property=\"og:image\" content=\"https:\/\/anderskafka.cz\/eshop\/wp-content\/uploads\/sites\/3\/2024\/03\/Sentiotec_K3-9-N_K3-9-N_p1.jpg\" \/>\n\t<meta property=\"og:image:width\" content=\"1637\" \/>\n\t<meta property=\"og:image:height\" content=\"1639\" \/>\n\t<meta property=\"og:image:type\" content=\"image\/jpeg\" \/>\n<meta name=\"twitter:card\" content=\"summary_large_image\" \/>\n<meta name=\"twitter:label1\" content=\"Odhadovan\u00e1 doba \u010dten\u00ed\" \/>\n\t<meta name=\"twitter:data1\" content=\"2 minuty\" \/>\n<script type=\"application\/ld+json\" class=\"yoast-schema-graph\">{\"@context\":\"https:\/\/schema.org\",\"@graph\":[{\"@type\":\"WebSite\",\"@id\":\"https:\/\/anderskafka.cz\/eshop\/#website\",\"url\":\"https:\/\/anderskafka.cz\/eshop\/\",\"name\":\"Anders &amp; Kafka E-SHOP\",\"description\":\"Anders &amp; Kafka E-SHOP\",\"potentialAction\":[{\"@type\":\"SearchAction\",\"target\":{\"@type\":\"EntryPoint\",\"urlTemplate\":\"https:\/\/anderskafka.cz\/eshop\/?s={search_term_string}\"},\"query-input\":\"required name=search_term_string\"}],\"inLanguage\":\"cs\"},{\"@type\":\"ImageObject\",\"@id\":\"https:\/\/anderskafka.cz\/eshop\/produkt\/sentiotec-next-k3-elektronicka-ridici-jednotka-ridici-jednotka-pro-bio-saunu\/#primaryimage\",\"inLanguage\":\"cs\",\"url\":\"https:\/\/anderskafka.cz\/eshop\/wp-content\/uploads\/sites\/3\/2024\/03\/Sentiotec_K3-9-N_K3-9-N_p1.jpg\",\"contentUrl\":\"https:\/\/anderskafka.cz\/eshop\/wp-content\/uploads\/sites\/3\/2024\/03\/Sentiotec_K3-9-N_K3-9-N_p1.jpg\",\"width\":1637,\"height\":1639},{\"@type\":\"WebPage\",\"@id\":\"https:\/\/anderskafka.cz\/eshop\/produkt\/sentiotec-next-k3-elektronicka-ridici-jednotka-ridici-jednotka-pro-bio-saunu\/#webpage\",\"url\":\"https:\/\/anderskafka.cz\/eshop\/produkt\/sentiotec-next-k3-elektronicka-ridici-jednotka-ridici-jednotka-pro-bio-saunu\/\",\"name\":\"HARVIA AUSTRIA NEXT K3 \u2013 elektronick\u00e1 \u0159\u00edd\u00edc\u00ed jednotka pro bio saunu - Anders &amp; Kafka E-SHOP\",\"isPartOf\":{\"@id\":\"https:\/\/anderskafka.cz\/eshop\/#website\"},\"primaryImageOfPage\":{\"@id\":\"https:\/\/anderskafka.cz\/eshop\/produkt\/sentiotec-next-k3-elektronicka-ridici-jednotka-ridici-jednotka-pro-bio-saunu\/#primaryimage\"},\"datePublished\":\"2024-04-01T21:05:55+00:00\",\"dateModified\":\"2025-11-18T15:45:47+00:00\",\"description\":\"Inteligentn\u00ed \u0159\u00edd\u00edc\u00ed jednotka s patentovanou, inovativn\u00ed technologi\u00ed a intuitivn\u00edm ovl\u00e1d\u00e1n\u00edm je ur\u010dena pro elektrick\u00e1 topidla pro finskou saunu s v\u00fdkonem topidla do 10,5 KW a p\u0159i pou\u017eit\u00ed pr\u030ci\u0301davne\u0301ho vy\u0301konove\u0301ho modulu a\u017e do v\u00fdkonu 30 kW.\",\"breadcrumb\":{\"@id\":\"https:\/\/anderskafka.cz\/eshop\/produkt\/sentiotec-next-k3-elektronicka-ridici-jednotka-ridici-jednotka-pro-bio-saunu\/#breadcrumb\"},\"inLanguage\":\"cs\",\"potentialAction\":[{\"@type\":\"ReadAction\",\"target\":[\"https:\/\/anderskafka.cz\/eshop\/produkt\/sentiotec-next-k3-elektronicka-ridici-jednotka-ridici-jednotka-pro-bio-saunu\/\"]}]},{\"@type\":\"BreadcrumbList\",\"@id\":\"https:\/\/anderskafka.cz\/eshop\/produkt\/sentiotec-next-k3-elektronicka-ridici-jednotka-ridici-jednotka-pro-bio-saunu\/#breadcrumb\",\"itemListElement\":[{\"@type\":\"ListItem\",\"position\":1,\"name\":\"Obchod\",\"item\":\"https:\/\/anderskafka.cz\/eshop\/obchod\/\"},{\"@type\":\"ListItem\",\"position\":2,\"name\":\"HARVIA AUSTRIA NEXT K3 \u2013 elektronick\u00e1 \u0159\u00edd\u00edc\u00ed jednotka pro bio saunu\"}]}]}<\/script>\n<!-- \/ Yoast SEO plugin. -->","yoast_head_json":{"title":"HARVIA AUSTRIA NEXT K3 \u2013 elektronick\u00e1 \u0159\u00edd\u00edc\u00ed jednotka pro bio saunu - Anders &amp; Kafka E-SHOP","description":"Inteligentn\u00ed \u0159\u00edd\u00edc\u00ed jednotka s patentovanou, inovativn\u00ed technologi\u00ed a intuitivn\u00edm ovl\u00e1d\u00e1n\u00edm je ur\u010dena pro elektrick\u00e1 topidla pro finskou saunu s v\u00fdkonem topidla do 10,5 KW a p\u0159i pou\u017eit\u00ed pr\u030ci\u0301davne\u0301ho vy\u0301konove\u0301ho modulu a\u017e do v\u00fdkonu 30 kW.","robots":{"index":"index","follow":"follow","max-snippet":"max-snippet:-1","max-image-preview":"max-image-preview:large","max-video-preview":"max-video-preview:-1"},"canonical":"https:\/\/anderskafka.cz\/eshop\/produkt\/sentiotec-next-k3-elektronicka-ridici-jednotka-ridici-jednotka-pro-bio-saunu\/","og_locale":"cs_CZ","og_type":"article","og_title":"HARVIA AUSTRIA NEXT K3 \u2013 elektronick\u00e1 \u0159\u00edd\u00edc\u00ed jednotka pro bio saunu - Anders &amp; Kafka E-SHOP","og_description":"Inteligentn\u00ed \u0159\u00edd\u00edc\u00ed jednotka s patentovanou, inovativn\u00ed technologi\u00ed a intuitivn\u00edm ovl\u00e1d\u00e1n\u00edm je ur\u010dena pro elektrick\u00e1 topidla pro finskou saunu s v\u00fdkonem topidla do 10,5 KW a p\u0159i pou\u017eit\u00ed pr\u030ci\u0301davne\u0301ho vy\u0301konove\u0301ho modulu a\u017e do v\u00fdkonu 30 kW.","og_url":"https:\/\/anderskafka.cz\/eshop\/produkt\/sentiotec-next-k3-elektronicka-ridici-jednotka-ridici-jednotka-pro-bio-saunu\/","og_site_name":"Anders &amp; Kafka E-SHOP","article_modified_time":"2025-11-18T15:45:47+00:00","og_image":[{"width":1637,"height":1639,"url":"https:\/\/anderskafka.cz\/eshop\/wp-content\/uploads\/sites\/3\/2024\/03\/Sentiotec_K3-9-N_K3-9-N_p1.jpg","type":"image\/jpeg"}],"twitter_card":"summary_large_image","twitter_misc":{"Odhadovan\u00e1 doba \u010dten\u00ed":"2 minuty"},"schema":{"@context":"https:\/\/schema.org","@graph":[{"@type":"WebSite","@id":"https:\/\/anderskafka.cz\/eshop\/#website","url":"https:\/\/anderskafka.cz\/eshop\/","name":"Anders &amp; Kafka E-SHOP","description":"Anders &amp; Kafka E-SHOP","potentialAction":[{"@type":"SearchAction","target":{"@type":"EntryPoint","urlTemplate":"https:\/\/anderskafka.cz\/eshop\/?s={search_term_string}"},"query-input":"required name=search_term_string"}],"inLanguage":"cs"},{"@type":"ImageObject","@id":"https:\/\/anderskafka.cz\/eshop\/produkt\/sentiotec-next-k3-elektronicka-ridici-jednotka-ridici-jednotka-pro-bio-saunu\/#primaryimage","inLanguage":"cs","url":"https:\/\/anderskafka.cz\/eshop\/wp-content\/uploads\/sites\/3\/2024\/03\/Sentiotec_K3-9-N_K3-9-N_p1.jpg","contentUrl":"https:\/\/anderskafka.cz\/eshop\/wp-content\/uploads\/sites\/3\/2024\/03\/Sentiotec_K3-9-N_K3-9-N_p1.jpg","width":1637,"height":1639},{"@type":"WebPage","@id":"https:\/\/anderskafka.cz\/eshop\/produkt\/sentiotec-next-k3-elektronicka-ridici-jednotka-ridici-jednotka-pro-bio-saunu\/#webpage","url":"https:\/\/anderskafka.cz\/eshop\/produkt\/sentiotec-next-k3-elektronicka-ridici-jednotka-ridici-jednotka-pro-bio-saunu\/","name":"HARVIA AUSTRIA NEXT K3 \u2013 elektronick\u00e1 \u0159\u00edd\u00edc\u00ed jednotka pro bio saunu - Anders &amp; Kafka E-SHOP","isPartOf":{"@id":"https:\/\/anderskafka.cz\/eshop\/#website"},"primaryImageOfPage":{"@id":"https:\/\/anderskafka.cz\/eshop\/produkt\/sentiotec-next-k3-elektronicka-ridici-jednotka-ridici-jednotka-pro-bio-saunu\/#primaryimage"},"datePublished":"2024-04-01T21:05:55+00:00","dateModified":"2025-11-18T15:45:47+00:00","description":"Inteligentn\u00ed \u0159\u00edd\u00edc\u00ed jednotka s patentovanou, inovativn\u00ed technologi\u00ed a intuitivn\u00edm ovl\u00e1d\u00e1n\u00edm je ur\u010dena pro elektrick\u00e1 topidla pro finskou saunu s v\u00fdkonem topidla do 10,5 KW a p\u0159i pou\u017eit\u00ed pr\u030ci\u0301davne\u0301ho vy\u0301konove\u0301ho modulu a\u017e do v\u00fdkonu 30 kW.","breadcrumb":{"@id":"https:\/\/anderskafka.cz\/eshop\/produkt\/sentiotec-next-k3-elektronicka-ridici-jednotka-ridici-jednotka-pro-bio-saunu\/#breadcrumb"},"inLanguage":"cs","potentialAction":[{"@type":"ReadAction","target":["https:\/\/anderskafka.cz\/eshop\/produkt\/sentiotec-next-k3-elektronicka-ridici-jednotka-ridici-jednotka-pro-bio-saunu\/"]}]},{"@type":"BreadcrumbList","@id":"https:\/\/anderskafka.cz\/eshop\/produkt\/sentiotec-next-k3-elektronicka-ridici-jednotka-ridici-jednotka-pro-bio-saunu\/#breadcrumb","itemListElement":[{"@type":"ListItem","position":1,"name":"Obchod","item":"https:\/\/anderskafka.cz\/eshop\/obchod\/"},{"@type":"ListItem","position":2,"name":"HARVIA AUSTRIA NEXT K3 \u2013 elektronick\u00e1 \u0159\u00edd\u00edc\u00ed jednotka pro bio saunu"}]}]}},"locations":[],"_links":{"self":[{"href":"https:\/\/anderskafka.cz\/eshop\/wp-json\/wp\/v2\/product\/7242"}],"collection":[{"href":"https:\/\/anderskafka.cz\/eshop\/wp-json\/wp\/v2\/product"}],"about":[{"href":"https:\/\/anderskafka.cz\/eshop\/wp-json\/wp\/v2\/types\/product"}],"replies":[{"embeddable":true,"href":"https:\/\/anderskafka.cz\/eshop\/wp-json\/wp\/v2\/comments?post=7242"}],"wp:featuredmedia":[{"embeddable":true,"href":"https:\/\/anderskafka.cz\/eshop\/wp-json\/wp\/v2\/media\/7237"}],"wp:attachment":[{"href":"https:\/\/anderskafka.cz\/eshop\/wp-json\/wp\/v2\/media?parent=7242"}],"wp:term":[{"taxonomy":"location","embeddable":true,"href":"https:\/\/anderskafka.cz\/eshop\/wp-json\/wp\/v2\/location?post=7242"},{"taxonomy":"product_cat","embeddable":true,"href":"https:\/\/anderskafka.cz\/eshop\/wp-json\/wp\/v2\/product_cat?post=7242"},{"taxonomy":"product_tag","embeddable":true,"href":"https:\/\/anderskafka.cz\/eshop\/wp-json\/wp\/v2\/product_tag?post=7242"}],"curies":[{"name":"wp","href":"https:\/\/api.w.org\/{rel}","templated":true}]}}