{"id":7295,"date":"2024-04-17T14:28:54","date_gmt":"2024-04-17T12:28:54","guid":{"rendered":"https:\/\/anderskafka.cz\/eshop\/?post_type=product&#038;p=7295"},"modified":"2026-02-05T12:31:52","modified_gmt":"2026-02-05T11:31:52","slug":"sentiotec-home-combi-7-9-11-kw-elektricke-saunove-topidlo-moderniho-vzhledu-s-vyparnikem-vody","status":"publish","type":"product","link":"https:\/\/anderskafka.cz\/eshop\/produkt\/sentiotec-home-combi-7-9-11-kw-elektricke-saunove-topidlo-moderniho-vzhledu-s-vyparnikem-vody\/","title":{"rendered":"HARVIA AUSTRIA VIRTA FLOOR COMBI \u2013 7\/9\/11 KW \u2013 elektrick\u00e9 saunov\u00e9 topidlo modern\u00edho vzhledu s v\u00fdparn\u00edkem vody"},"content":{"rendered":"<p style=\"font-weight: 400\">Modern\u00ed elektrick\u00e9 saunov\u00e9 topidlo v \u010dern\u00e9m proveden\u00ed s p\u0159\u00edm\u00fdmi liniemi. Topidlo je ur\u010deno pro extern\u00ed \u0159\u00eddic\u00ed jednotku.<\/p>\n<p>V\u00fdkon v\u00fdparn\u00edku je 2 kW.<\/p>\n<p><span class=\"y2iqfc\">Rychl\u00e1 a snadn\u00e1 mont\u00e1\u017e.<br \/>\nTopidlo vyroben\u00e9 z nerezov\u00e9 oceli.<br \/>\n<\/span><span class=\"y2iqfc\">Povrch o\u0161et\u0159en pomoc\u00ed pr\u00e1\u0161kov\u00e9ho n\u00e1st\u0159iku odoln\u00e9ho proti po\u0161kr\u00e1b\u00e1n\u00ed.<br \/>\nD\u00edky inovativn\u00edm technologi\u00edm se topn\u00e9 t\u011bleso udr\u017euje bez rzi a vodn\u00edho kamene.<\/span><span class=\"y2iqfc\"><br \/>\n<\/span>Ur\u010deno pro mont\u00e1\u017e na podlahu sauny.<br \/>\nExtern\u00ed \u0159\u00eddic\u00ed jednotka nen\u00ed sou\u010d\u00e1st\u00ed balen\u00ed.<br \/>\n<span style=\"font-size: 16px\">Topidlo pojme maxim\u00e1ln\u011b 50kg (7\/9 KW) nebo 70kg (11 KW) \u00a0saunov\u00fdch kamen\u016f, kter\u00e9 nejsou sou\u010d\u00e1st\u00ed balen\u00ed.<\/span><\/p>\n","protected":false},"excerpt":{"rendered":"<p style=\"font-weight: 400\">Modern\u00ed elektrick\u00e9 saunov\u00e9 topidlo v \u010dern\u00e9m proveden\u00ed s p\u0159\u00edm\u00fdmi liniemi. Topidlo je ur\u010deno pro extern\u00ed \u0159\u00edd\u00edc\u00ed jednotku. <span class=\"y2iqfc\">V\u00fdkon v\u00fdparn\u00edku je 2 kW. Kombinovan\u00e9 topidlo je spr\u00e1vnou volbou pro ty, kte\u0159\u00ed ocen\u00ed jemnou p\u00e1ru a atmosf\u00e9ru, kterou v saun\u011b vytv\u00e1\u0159ej\u00ed vonn\u00e9 esence.<\/span><\/p>\n<p>Spole\u010dnost HARVIA AUSTRIA vyv\u00edj\u00ed a vyr\u00e1b\u00ed kvalitn\u00ed a inovativn\u00ed produkty ur\u010den\u00e9 k tomu, aby Va\u0161e chv\u00edle str\u00e1ven\u00e9 v saun\u011b byly co nejv\u00edce relaxuj\u00edc\u00ed.<\/p>\n<p>&nbsp;<\/p>\n<table border=\"0\" width=\"733\" cellspacing=\"0\" cellpadding=\"0\">\n<colgroup>\n<col width=\"141\" \/>\n<col width=\"139\" \/>\n<col width=\"153\" \/>\n<col width=\"151\" \/>\n<col width=\"149\" \/><\/colgroup>\n<tbody>\n<tr>\n<td class=\"xl64\" style=\"text-align: center\" width=\"141\" height=\"25\">v\u00fdkon topidla (KW)<\/td>\n<td class=\"xl64\" style=\"text-align: center\" width=\"139\">velikost sauny (m<span class=\"font6\"><sup>3<\/sup><\/span><span class=\"font5\">)<\/span><\/td>\n<td class=\"xl63\" style=\"text-align: center\" width=\"153\">hmotnost kamen\u016f (kg)<\/td>\n<td class=\"xl63\" style=\"text-align: center\" width=\"151\">hmotnost topidla (kg)<\/td>\n<td class=\"xl63\" style=\"text-align: center\" width=\"149\">rozm\u011bry \u0160xHxV (mm)<\/td>\n<\/tr>\n<tr>\n<td class=\"xl64\" style=\"text-align: center\" height=\"21\">7<\/td>\n<td class=\"xl65\" style=\"text-align: center\">5-10<\/td>\n<td class=\"xl63\" style=\"text-align: center\">50<\/td>\n<td class=\"xl63\" style=\"text-align: center\">27<\/td>\n<td class=\"xl63\" style=\"text-align: center\">415x410x810<\/td>\n<\/tr>\n<tr>\n<td class=\"xl64\" style=\"text-align: center\" height=\"21\">9<\/td>\n<td class=\"xl65\" style=\"text-align: center\">8-14<\/td>\n<td class=\"xl63\" style=\"text-align: center\">50<\/td>\n<td class=\"xl63\" style=\"text-align: center\">27<\/td>\n<td class=\"xl63\" style=\"text-align: center\">415x410x810<\/td>\n<\/tr>\n<tr>\n<td class=\"xl64\" style=\"text-align: center\" height=\"21\">11<\/td>\n<td class=\"xl65\" style=\"text-align: center\">9-18<\/td>\n<td class=\"xl63\" style=\"text-align: center\">70<\/td>\n<td class=\"xl63\" style=\"text-align: center\">29<\/td>\n<td class=\"xl63\" style=\"text-align: center\">415x485x810<\/td>\n<\/tr>\n<\/tbody>\n<\/table>\n<div>\n<div>\n<div><\/div>\n<\/div>\n<\/div>\n","protected":false},"featured_media":7299,"comment_status":"open","ping_status":"closed","template":"","meta":{"site-sidebar-layout":"default","site-content-layout":"default","ast-main-header-display":"","ast-hfb-above-header-display":"","ast-hfb-below-header-display":"","ast-hfb-mobile-header-display":"","site-post-title":"","ast-breadcrumbs-content":"","ast-featured-img":"","footer-sml-layout":"","theme-transparent-header-meta":"","adv-header-id-meta":"","stick-header-meta":"","header-above-stick-meta":"","header-main-stick-meta":"","header-below-stick-meta":""},"location":[],"product_cat":[541],"product_tag":[324],"yoast_head":"<!-- This site is optimized with the Yoast SEO plugin v18.5.1 - https:\/\/yoast.com\/wordpress\/plugins\/seo\/ -->\n<title>HARVIA AUSTRIA VIRTA FLOOR COMBI \u2013 7\/9\/11 KW \u2013 elektrick\u00e9 saunov\u00e9 topidlo modern\u00edho vzhledu s v\u00fdparn\u00edkem vody - Anders &amp; Kafka E-SHOP<\/title>\n<meta name=\"description\" content=\"Modern\u00ed elektrick\u00e9 saunov\u00e9 topidlo v \u010dern\u00e9m proveden\u00ed s p\u0159\u00edm\u00fdmi liniemi. Topidlo je ur\u010deno pro extern\u00ed \u0159\u00edd\u00edc\u00ed jednotku. V\u00fdkon v\u00fdparn\u00edku je 2 kW. Kombinovan\u00e9 topidlo je spr\u00e1vnou volbou pro ty, kte\u0159\u00ed ocen\u00ed jemnou p\u00e1ru a atmosf\u00e9ru, kterou v saun\u011b vytv\u00e1\u0159ej\u00ed vonn\u00e9 esence. Spole\u010dnost HARVIA AUSTRIA vyv\u00edj\u00ed a vyr\u00e1b\u00ed kvalitn\u00ed a inovativn\u00ed produkty ur\u010den\u00e9 k tomu, aby Va\u0161e chv\u00edle str\u00e1ven\u00e9 v saun\u011b byly co nejv\u00edce relaxuj\u00edc\u00ed.  &nbsp;       v\u00fdkon topidla (KW) velikost sauny (m3) hmotnost kamen\u016f (kg) hmotnost topidla (kg) rozm\u011bry \u0160xHxV (mm)   7 5-10 50 27 415x410x810   9 8-14 50 27 415x410x810   11 9-18 70 29 415x485x810\" \/>\n<meta name=\"robots\" content=\"index, follow, max-snippet:-1, max-image-preview:large, max-video-preview:-1\" \/>\n<link rel=\"canonical\" href=\"https:\/\/anderskafka.cz\/eshop\/produkt\/sentiotec-home-combi-7-9-11-kw-elektricke-saunove-topidlo-moderniho-vzhledu-s-vyparnikem-vody\/\" \/>\n<meta property=\"og:locale\" content=\"cs_CZ\" \/>\n<meta property=\"og:type\" content=\"article\" \/>\n<meta property=\"og:title\" content=\"HARVIA AUSTRIA VIRTA FLOOR COMBI \u2013 7\/9\/11 KW \u2013 elektrick\u00e9 saunov\u00e9 topidlo modern\u00edho vzhledu s v\u00fdparn\u00edkem vody - Anders &amp; Kafka E-SHOP\" \/>\n<meta property=\"og:description\" content=\"Modern\u00ed elektrick\u00e9 saunov\u00e9 topidlo v \u010dern\u00e9m proveden\u00ed s p\u0159\u00edm\u00fdmi liniemi. Topidlo je ur\u010deno pro extern\u00ed \u0159\u00edd\u00edc\u00ed jednotku. V\u00fdkon v\u00fdparn\u00edku je 2 kW. Kombinovan\u00e9 topidlo je spr\u00e1vnou volbou pro ty, kte\u0159\u00ed ocen\u00ed jemnou p\u00e1ru a atmosf\u00e9ru, kterou v saun\u011b vytv\u00e1\u0159ej\u00ed vonn\u00e9 esence. Spole\u010dnost HARVIA AUSTRIA vyv\u00edj\u00ed a vyr\u00e1b\u00ed kvalitn\u00ed a inovativn\u00ed produkty ur\u010den\u00e9 k tomu, aby Va\u0161e chv\u00edle str\u00e1ven\u00e9 v saun\u011b byly co nejv\u00edce relaxuj\u00edc\u00ed.  &nbsp;       v\u00fdkon topidla (KW) velikost sauny (m3) hmotnost kamen\u016f (kg) hmotnost topidla (kg) rozm\u011bry \u0160xHxV (mm)   7 5-10 50 27 415x410x810   9 8-14 50 27 415x410x810   11 9-18 70 29 415x485x810\" \/>\n<meta property=\"og:url\" content=\"https:\/\/anderskafka.cz\/eshop\/produkt\/sentiotec-home-combi-7-9-11-kw-elektricke-saunove-topidlo-moderniho-vzhledu-s-vyparnikem-vody\/\" \/>\n<meta property=\"og:site_name\" content=\"Anders &amp; Kafka E-SHOP\" \/>\n<meta property=\"article:modified_time\" content=\"2026-02-05T11:31:52+00:00\" \/>\n<meta property=\"og:image\" content=\"https:\/\/anderskafka.cz\/eshop\/wp-content\/uploads\/sites\/3\/2024\/04\/3496-.png\" \/>\n\t<meta property=\"og:image:width\" content=\"515\" \/>\n\t<meta property=\"og:image:height\" content=\"550\" \/>\n\t<meta property=\"og:image:type\" content=\"image\/png\" \/>\n<meta name=\"twitter:card\" content=\"summary_large_image\" \/>\n<meta name=\"twitter:label1\" content=\"Odhadovan\u00e1 doba \u010dten\u00ed\" \/>\n\t<meta name=\"twitter:data1\" content=\"1 minuta\" \/>\n<script type=\"application\/ld+json\" class=\"yoast-schema-graph\">{\"@context\":\"https:\/\/schema.org\",\"@graph\":[{\"@type\":\"WebSite\",\"@id\":\"https:\/\/anderskafka.cz\/eshop\/#website\",\"url\":\"https:\/\/anderskafka.cz\/eshop\/\",\"name\":\"Anders &amp; Kafka E-SHOP\",\"description\":\"Anders &amp; Kafka E-SHOP\",\"potentialAction\":[{\"@type\":\"SearchAction\",\"target\":{\"@type\":\"EntryPoint\",\"urlTemplate\":\"https:\/\/anderskafka.cz\/eshop\/?s={search_term_string}\"},\"query-input\":\"required name=search_term_string\"}],\"inLanguage\":\"cs\"},{\"@type\":\"ImageObject\",\"@id\":\"https:\/\/anderskafka.cz\/eshop\/produkt\/sentiotec-home-combi-7-9-11-kw-elektricke-saunove-topidlo-moderniho-vzhledu-s-vyparnikem-vody\/#primaryimage\",\"inLanguage\":\"cs\",\"url\":\"https:\/\/anderskafka.cz\/eshop\/wp-content\/uploads\/sites\/3\/2024\/04\/3496-.png\",\"contentUrl\":\"https:\/\/anderskafka.cz\/eshop\/wp-content\/uploads\/sites\/3\/2024\/04\/3496-.png\",\"width\":515,\"height\":550},{\"@type\":\"WebPage\",\"@id\":\"https:\/\/anderskafka.cz\/eshop\/produkt\/sentiotec-home-combi-7-9-11-kw-elektricke-saunove-topidlo-moderniho-vzhledu-s-vyparnikem-vody\/#webpage\",\"url\":\"https:\/\/anderskafka.cz\/eshop\/produkt\/sentiotec-home-combi-7-9-11-kw-elektricke-saunove-topidlo-moderniho-vzhledu-s-vyparnikem-vody\/\",\"name\":\"HARVIA AUSTRIA VIRTA FLOOR COMBI \u2013 7\/9\/11 KW \u2013 elektrick\u00e9 saunov\u00e9 topidlo modern\u00edho vzhledu s v\u00fdparn\u00edkem vody - Anders &amp; Kafka E-SHOP\",\"isPartOf\":{\"@id\":\"https:\/\/anderskafka.cz\/eshop\/#website\"},\"primaryImageOfPage\":{\"@id\":\"https:\/\/anderskafka.cz\/eshop\/produkt\/sentiotec-home-combi-7-9-11-kw-elektricke-saunove-topidlo-moderniho-vzhledu-s-vyparnikem-vody\/#primaryimage\"},\"datePublished\":\"2024-04-17T12:28:54+00:00\",\"dateModified\":\"2026-02-05T11:31:52+00:00\",\"description\":\"Modern\u00ed elektrick\u00e9 saunov\u00e9 topidlo v \u010dern\u00e9m proveden\u00ed s p\u0159\u00edm\u00fdmi liniemi. Topidlo je ur\u010deno pro extern\u00ed \u0159\u00edd\u00edc\u00ed jednotku. V\u00fdkon v\u00fdparn\u00edku je 2 kW. Kombinovan\u00e9 topidlo je spr\u00e1vnou volbou pro ty, kte\u0159\u00ed ocen\u00ed jemnou p\u00e1ru a atmosf\u00e9ru, kterou v saun\u011b vytv\u00e1\u0159ej\u00ed vonn\u00e9 esence. Spole\u010dnost HARVIA AUSTRIA vyv\u00edj\u00ed a vyr\u00e1b\u00ed kvalitn\u00ed a inovativn\u00ed produkty ur\u010den\u00e9 k tomu, aby Va\u0161e chv\u00edle str\u00e1ven\u00e9 v saun\u011b byly co nejv\u00edce relaxuj\u00edc\u00ed. &nbsp; v\u00fdkon topidla (KW) velikost sauny (m3) hmotnost kamen\u016f (kg) hmotnost topidla (kg) rozm\u011bry \u0160xHxV (mm) 7 5-10 50 27 415x410x810 9 8-14 50 27 415x410x810 11 9-18 70 29 415x485x810\",\"breadcrumb\":{\"@id\":\"https:\/\/anderskafka.cz\/eshop\/produkt\/sentiotec-home-combi-7-9-11-kw-elektricke-saunove-topidlo-moderniho-vzhledu-s-vyparnikem-vody\/#breadcrumb\"},\"inLanguage\":\"cs\",\"potentialAction\":[{\"@type\":\"ReadAction\",\"target\":[\"https:\/\/anderskafka.cz\/eshop\/produkt\/sentiotec-home-combi-7-9-11-kw-elektricke-saunove-topidlo-moderniho-vzhledu-s-vyparnikem-vody\/\"]}]},{\"@type\":\"BreadcrumbList\",\"@id\":\"https:\/\/anderskafka.cz\/eshop\/produkt\/sentiotec-home-combi-7-9-11-kw-elektricke-saunove-topidlo-moderniho-vzhledu-s-vyparnikem-vody\/#breadcrumb\",\"itemListElement\":[{\"@type\":\"ListItem\",\"position\":1,\"name\":\"Obchod\",\"item\":\"https:\/\/anderskafka.cz\/eshop\/obchod\/\"},{\"@type\":\"ListItem\",\"position\":2,\"name\":\"HARVIA AUSTRIA VIRTA FLOOR COMBI \u2013 7\/9\/11 KW \u2013 elektrick\u00e9 saunov\u00e9 topidlo modern\u00edho vzhledu s v\u00fdparn\u00edkem vody\"}]}]}<\/script>\n<!-- \/ Yoast SEO plugin. -->","yoast_head_json":{"title":"HARVIA AUSTRIA VIRTA FLOOR COMBI \u2013 7\/9\/11 KW \u2013 elektrick\u00e9 saunov\u00e9 topidlo modern\u00edho vzhledu s v\u00fdparn\u00edkem vody - Anders &amp; Kafka E-SHOP","description":"Modern\u00ed elektrick\u00e9 saunov\u00e9 topidlo v \u010dern\u00e9m proveden\u00ed s p\u0159\u00edm\u00fdmi liniemi. Topidlo je ur\u010deno pro extern\u00ed \u0159\u00edd\u00edc\u00ed jednotku. V\u00fdkon v\u00fdparn\u00edku je 2 kW. Kombinovan\u00e9 topidlo je spr\u00e1vnou volbou pro ty, kte\u0159\u00ed ocen\u00ed jemnou p\u00e1ru a atmosf\u00e9ru, kterou v saun\u011b vytv\u00e1\u0159ej\u00ed vonn\u00e9 esence. Spole\u010dnost HARVIA AUSTRIA vyv\u00edj\u00ed a vyr\u00e1b\u00ed kvalitn\u00ed a inovativn\u00ed produkty ur\u010den\u00e9 k tomu, aby Va\u0161e chv\u00edle str\u00e1ven\u00e9 v saun\u011b byly co nejv\u00edce relaxuj\u00edc\u00ed.  &nbsp;       v\u00fdkon topidla (KW) velikost sauny (m3) hmotnost kamen\u016f (kg) hmotnost topidla (kg) rozm\u011bry \u0160xHxV (mm)   7 5-10 50 27 415x410x810   9 8-14 50 27 415x410x810   11 9-18 70 29 415x485x810","robots":{"index":"index","follow":"follow","max-snippet":"max-snippet:-1","max-image-preview":"max-image-preview:large","max-video-preview":"max-video-preview:-1"},"canonical":"https:\/\/anderskafka.cz\/eshop\/produkt\/sentiotec-home-combi-7-9-11-kw-elektricke-saunove-topidlo-moderniho-vzhledu-s-vyparnikem-vody\/","og_locale":"cs_CZ","og_type":"article","og_title":"HARVIA AUSTRIA VIRTA FLOOR COMBI \u2013 7\/9\/11 KW \u2013 elektrick\u00e9 saunov\u00e9 topidlo modern\u00edho vzhledu s v\u00fdparn\u00edkem vody - Anders &amp; Kafka E-SHOP","og_description":"Modern\u00ed elektrick\u00e9 saunov\u00e9 topidlo v \u010dern\u00e9m proveden\u00ed s p\u0159\u00edm\u00fdmi liniemi. Topidlo je ur\u010deno pro extern\u00ed \u0159\u00edd\u00edc\u00ed jednotku. V\u00fdkon v\u00fdparn\u00edku je 2 kW. Kombinovan\u00e9 topidlo je spr\u00e1vnou volbou pro ty, kte\u0159\u00ed ocen\u00ed jemnou p\u00e1ru a atmosf\u00e9ru, kterou v saun\u011b vytv\u00e1\u0159ej\u00ed vonn\u00e9 esence. Spole\u010dnost HARVIA AUSTRIA vyv\u00edj\u00ed a vyr\u00e1b\u00ed kvalitn\u00ed a inovativn\u00ed produkty ur\u010den\u00e9 k tomu, aby Va\u0161e chv\u00edle str\u00e1ven\u00e9 v saun\u011b byly co nejv\u00edce relaxuj\u00edc\u00ed.  &nbsp;       v\u00fdkon topidla (KW) velikost sauny (m3) hmotnost kamen\u016f (kg) hmotnost topidla (kg) rozm\u011bry \u0160xHxV (mm)   7 5-10 50 27 415x410x810   9 8-14 50 27 415x410x810   11 9-18 70 29 415x485x810","og_url":"https:\/\/anderskafka.cz\/eshop\/produkt\/sentiotec-home-combi-7-9-11-kw-elektricke-saunove-topidlo-moderniho-vzhledu-s-vyparnikem-vody\/","og_site_name":"Anders &amp; Kafka E-SHOP","article_modified_time":"2026-02-05T11:31:52+00:00","og_image":[{"width":515,"height":550,"url":"https:\/\/anderskafka.cz\/eshop\/wp-content\/uploads\/sites\/3\/2024\/04\/3496-.png","type":"image\/png"}],"twitter_card":"summary_large_image","twitter_misc":{"Odhadovan\u00e1 doba \u010dten\u00ed":"1 minuta"},"schema":{"@context":"https:\/\/schema.org","@graph":[{"@type":"WebSite","@id":"https:\/\/anderskafka.cz\/eshop\/#website","url":"https:\/\/anderskafka.cz\/eshop\/","name":"Anders &amp; Kafka E-SHOP","description":"Anders &amp; Kafka E-SHOP","potentialAction":[{"@type":"SearchAction","target":{"@type":"EntryPoint","urlTemplate":"https:\/\/anderskafka.cz\/eshop\/?s={search_term_string}"},"query-input":"required name=search_term_string"}],"inLanguage":"cs"},{"@type":"ImageObject","@id":"https:\/\/anderskafka.cz\/eshop\/produkt\/sentiotec-home-combi-7-9-11-kw-elektricke-saunove-topidlo-moderniho-vzhledu-s-vyparnikem-vody\/#primaryimage","inLanguage":"cs","url":"https:\/\/anderskafka.cz\/eshop\/wp-content\/uploads\/sites\/3\/2024\/04\/3496-.png","contentUrl":"https:\/\/anderskafka.cz\/eshop\/wp-content\/uploads\/sites\/3\/2024\/04\/3496-.png","width":515,"height":550},{"@type":"WebPage","@id":"https:\/\/anderskafka.cz\/eshop\/produkt\/sentiotec-home-combi-7-9-11-kw-elektricke-saunove-topidlo-moderniho-vzhledu-s-vyparnikem-vody\/#webpage","url":"https:\/\/anderskafka.cz\/eshop\/produkt\/sentiotec-home-combi-7-9-11-kw-elektricke-saunove-topidlo-moderniho-vzhledu-s-vyparnikem-vody\/","name":"HARVIA AUSTRIA VIRTA FLOOR COMBI \u2013 7\/9\/11 KW \u2013 elektrick\u00e9 saunov\u00e9 topidlo modern\u00edho vzhledu s v\u00fdparn\u00edkem vody - Anders &amp; Kafka E-SHOP","isPartOf":{"@id":"https:\/\/anderskafka.cz\/eshop\/#website"},"primaryImageOfPage":{"@id":"https:\/\/anderskafka.cz\/eshop\/produkt\/sentiotec-home-combi-7-9-11-kw-elektricke-saunove-topidlo-moderniho-vzhledu-s-vyparnikem-vody\/#primaryimage"},"datePublished":"2024-04-17T12:28:54+00:00","dateModified":"2026-02-05T11:31:52+00:00","description":"Modern\u00ed elektrick\u00e9 saunov\u00e9 topidlo v \u010dern\u00e9m proveden\u00ed s p\u0159\u00edm\u00fdmi liniemi. Topidlo je ur\u010deno pro extern\u00ed \u0159\u00edd\u00edc\u00ed jednotku. V\u00fdkon v\u00fdparn\u00edku je 2 kW. Kombinovan\u00e9 topidlo je spr\u00e1vnou volbou pro ty, kte\u0159\u00ed ocen\u00ed jemnou p\u00e1ru a atmosf\u00e9ru, kterou v saun\u011b vytv\u00e1\u0159ej\u00ed vonn\u00e9 esence. Spole\u010dnost HARVIA AUSTRIA vyv\u00edj\u00ed a vyr\u00e1b\u00ed kvalitn\u00ed a inovativn\u00ed produkty ur\u010den\u00e9 k tomu, aby Va\u0161e chv\u00edle str\u00e1ven\u00e9 v saun\u011b byly co nejv\u00edce relaxuj\u00edc\u00ed. &nbsp; v\u00fdkon topidla (KW) velikost sauny (m3) hmotnost kamen\u016f (kg) hmotnost topidla (kg) rozm\u011bry \u0160xHxV (mm) 7 5-10 50 27 415x410x810 9 8-14 50 27 415x410x810 11 9-18 70 29 415x485x810","breadcrumb":{"@id":"https:\/\/anderskafka.cz\/eshop\/produkt\/sentiotec-home-combi-7-9-11-kw-elektricke-saunove-topidlo-moderniho-vzhledu-s-vyparnikem-vody\/#breadcrumb"},"inLanguage":"cs","potentialAction":[{"@type":"ReadAction","target":["https:\/\/anderskafka.cz\/eshop\/produkt\/sentiotec-home-combi-7-9-11-kw-elektricke-saunove-topidlo-moderniho-vzhledu-s-vyparnikem-vody\/"]}]},{"@type":"BreadcrumbList","@id":"https:\/\/anderskafka.cz\/eshop\/produkt\/sentiotec-home-combi-7-9-11-kw-elektricke-saunove-topidlo-moderniho-vzhledu-s-vyparnikem-vody\/#breadcrumb","itemListElement":[{"@type":"ListItem","position":1,"name":"Obchod","item":"https:\/\/anderskafka.cz\/eshop\/obchod\/"},{"@type":"ListItem","position":2,"name":"HARVIA AUSTRIA VIRTA FLOOR COMBI \u2013 7\/9\/11 KW \u2013 elektrick\u00e9 saunov\u00e9 topidlo modern\u00edho vzhledu s v\u00fdparn\u00edkem vody"}]}]}},"locations":[],"_links":{"self":[{"href":"https:\/\/anderskafka.cz\/eshop\/wp-json\/wp\/v2\/product\/7295"}],"collection":[{"href":"https:\/\/anderskafka.cz\/eshop\/wp-json\/wp\/v2\/product"}],"about":[{"href":"https:\/\/anderskafka.cz\/eshop\/wp-json\/wp\/v2\/types\/product"}],"replies":[{"embeddable":true,"href":"https:\/\/anderskafka.cz\/eshop\/wp-json\/wp\/v2\/comments?post=7295"}],"wp:featuredmedia":[{"embeddable":true,"href":"https:\/\/anderskafka.cz\/eshop\/wp-json\/wp\/v2\/media\/7299"}],"wp:attachment":[{"href":"https:\/\/anderskafka.cz\/eshop\/wp-json\/wp\/v2\/media?parent=7295"}],"wp:term":[{"taxonomy":"location","embeddable":true,"href":"https:\/\/anderskafka.cz\/eshop\/wp-json\/wp\/v2\/location?post=7295"},{"taxonomy":"product_cat","embeddable":true,"href":"https:\/\/anderskafka.cz\/eshop\/wp-json\/wp\/v2\/product_cat?post=7295"},{"taxonomy":"product_tag","embeddable":true,"href":"https:\/\/anderskafka.cz\/eshop\/wp-json\/wp\/v2\/product_tag?post=7295"}],"curies":[{"name":"wp","href":"https:\/\/api.w.org\/{rel}","templated":true}]}}