{"id":7303,"date":"2024-04-17T16:06:23","date_gmt":"2024-04-17T14:06:23","guid":{"rendered":"https:\/\/anderskafka.cz\/eshop\/?post_type=product&#038;p=7303"},"modified":"2025-11-18T16:45:08","modified_gmt":"2025-11-18T15:45:08","slug":"sentiotec-pro-d-ip-65-vykonovy-modul-s-krytim-ip-65-pro-ridici-jednotky-pro-d","status":"publish","type":"product","link":"https:\/\/anderskafka.cz\/eshop\/produkt\/sentiotec-pro-d-ip-65-vykonovy-modul-s-krytim-ip-65-pro-ridici-jednotky-pro-d\/","title":{"rendered":"HARVIA AUSTRIA PRO D IP 65 \u2013 v\u00fdkonov\u00fd modul s kryt\u00edm ip 65 pro \u0159\u00eddic\u00ed jednotky PRO D"},"content":{"rendered":"<p style=\"font-weight: 400\"><strong style=\"font-size: 16px\">V\u00fdkonov\u00fd prvek s kryt\u00edm IP 65 pro saunov\u00e9 Inteligentn\u00ed \u0159i\u0301d\u00edci\u0301 jednotky PRO D2, D2i,D3, D3i. \u00a0Tyto \u0159\u00eddic\u00ed jednotky jsou \u00a0vybaveny na\u0301sleduji\u0301ci\u0301mi funkcemi:<\/strong><\/p>\n<div class=\"page\" title=\"Page 11\">\n<div class=\"section\">\n<div class=\"layoutArea\">\n<div class=\"column\">\n<p>Regulace saunovy\u0301ch kamen s topny\u0301m vy\u0301konem do 10,5 kW v rozsahu teplot od 30 \u00b0C do 110 \u00b0C.<br \/>\nDi\u0301ky pr\u030ci\u0301davne\u0301mu vy\u0301konove\u0301mu modulu lze zvy\u0301s\u030cit maxima\u0301lni\u0301 spi\u0301naci\u0301 vy\u0301kon topidla z 10,5 kW na 18 kW nebo 30 kW.<br \/>\nVolitelne\u0301 ztlumeni\u0301 nebo rozsvi\u0301ceni\u0301 osve\u030ctleni\u0301 v kabine\u030c (az\u030c 100\u00a0W).<br \/>\nVolitelne\u0301 ztlumeni\u0301 nebo zapnuti\u0301 ventila\u0301toru (az\u030c 100 W).<br \/>\nFunkce da\u0301lkove\u0301ho zapnuti\u0301.<br \/>\nStavovy\u0301 vy\u0301stup.<br \/>\nFunkce pr\u030cednastaveni\u0301 c\u030casu (do 6 hodin).<br \/>\nUz\u030civatelske\u0301 programy:<br \/>\nPomoci\u0301 uz\u030civatelsky\u0301ch programu\u030a lze ukla\u0301dat a ope\u030ct vyvola\u0301vat upr\u030cednostne\u030cna\u0301 nastaveni\u0301 sauny. K dispozici je 5 pr\u030cednastaveny\u0301ch uz\u030civatelsky\u0301ch programu\u030a, ktere\u0301 lze me\u030cnit podle pr\u030cednastaveni\u0301 uz\u030civatele.<br \/>\nAutomaticke\u0301 omezeni\u0301 doby topeni\u0301:<br \/>\nR\u030ci\u0301dici\u0301 jednotka sauny se z bezpec\u030cnostni\u0301ch du\u030avodu\u030a po uplynuti\u0301 maxima\u0301lni\u0301 doby topeni\u0301 automaticky vypne. Maxima\u0301lni\u0301 dobu topeni\u0301 lze nastavit na 6 h, 12 h, 18 h nebo 24 h.<br \/>\nPojistka proti pr\u030cehr\u030ci\u0301va\u0301ni\u0301:<br \/>\nPojistka proti pr\u030cehr\u030ci\u0301va\u0301ni\u0301 je umi\u0301ste\u030cna v krytu c\u030cidla kamen. V pr\u030ci\u0301pade\u030c, z\u030ce saunova\u0301 kamna na\u0301sledkem za\u0301vady topi\u0301 i nada\u0301le po dosaz\u030ceni\u0301 poz\u030cadovane\u0301 teploty, vypne pojistka proti pr\u030cehr\u030ci\u0301va\u0301ni\u0301 saunova\u0301 kamna automaticky pr\u030ci teplote\u030c cca 139 \u00b0C.<\/p>\n<p><strong>Rozsah doda\u0301vky:<\/strong><br \/>\nVy\u0301konovy\u0301 prvek s kryt\u00edm IP 65<\/p>\n<\/div>\n<\/div>\n<\/div>\n<\/div>\n","protected":false},"excerpt":{"rendered":"<div>\n<p>V\u00fdkonov\u00fd prvek s kryt\u00edm IP 65 pro saunov\u00e9 inteligentn\u00ed \u0159i\u0301dici\u0301 jednotky PRO D2, D2i, D3, D3i. Tento v\u00fdkonov\u00fd prvek je ide\u00e1ln\u00ed pro pou\u017eit\u00ed pro venkovn\u00ed sauny. Tyto \u0159\u00edd\u00edc\u00ed jednotky s patentovanou, inovativn\u00ed technologi\u00ed a intuitivn\u00edm ovl\u00e1d\u00e1n\u00edm jsou ur\u010deny pro elektrick\u00e1 topidla \u00a0s v\u00fdkonem topidla do 10,5 KW a p\u0159i pou\u017eit\u00ed <span style=\"font-size: 16px\">pr\u030ci\u0301davne\u0301ho vy\u0301konove\u0301ho modulu a\u017e do v\u00fdkonu topidla 30 kW. S mo\u017enost\u00ed nastaven\u00ed u\u017eivatelsk\u00fdch profil\u016f a digit\u00e1ln\u00edm \u0159\u00edzen\u00edm \u010das\u016f a teplot. Jednotka je vybavena e<\/span><span style=\"font-size: 16px;font-style: normal\">nergeticky \u00faspornou elektronikou s mo\u017enost\u00ed instalace uvnit\u0159 i vn\u011b sauny a s mo\u017enost\u00ed ovl\u00e1d\u00e1n\u00ed pomoc\u00ed chytr\u00e9 aplikace z mobiln\u00edho za\u0159\u00edzen\u00ed.<\/span><\/p>\n<\/div>\n<div>\n<p>Spole\u010dnost HARVIA AUSTRIA vyv\u00edj\u00ed a vyr\u00e1b\u00ed kvalitn\u00ed a inovativn\u00ed produkty ur\u010den\u00e9 k tomu, aby Va\u0161e chv\u00edle str\u00e1ven\u00e9 v saun\u011b byly co nejv\u00edce relaxuj\u00edc\u00ed.<br \/>\n<img loading=\"lazy\" class=\"alignnone size-full wp-image-1323 aligncenter\" src=\"https:\/\/anderskafka.cz\/eshop\/wp-content\/uploads\/sites\/3\/2022\/12\/logoHarvia.png\" alt=\"\" width=\"102\" height=\"102\" srcset=\"https:\/\/anderskafka.cz\/eshop\/wp-content\/uploads\/sites\/3\/2022\/12\/logoHarvia.png 102w, https:\/\/anderskafka.cz\/eshop\/wp-content\/uploads\/sites\/3\/2022\/12\/logoHarvia-100x100.png 100w, https:\/\/anderskafka.cz\/eshop\/wp-content\/uploads\/sites\/3\/2022\/12\/logoHarvia-64x64.png 64w\" sizes=\"(max-width: 102px) 100vw, 102px\" \/><\/p>\n<\/div>\n","protected":false},"featured_media":7308,"comment_status":"open","ping_status":"closed","template":"","meta":{"site-sidebar-layout":"default","site-content-layout":"default","ast-main-header-display":"","ast-hfb-above-header-display":"","ast-hfb-below-header-display":"","ast-hfb-mobile-header-display":"","site-post-title":"","ast-breadcrumbs-content":"","ast-featured-img":"","footer-sml-layout":"","theme-transparent-header-meta":"","adv-header-id-meta":"","stick-header-meta":"","header-above-stick-meta":"","header-main-stick-meta":"","header-below-stick-meta":""},"location":[],"product_cat":[544,543,702],"product_tag":[324],"yoast_head":"<!-- This site is optimized with the Yoast SEO plugin v18.5.1 - https:\/\/yoast.com\/wordpress\/plugins\/seo\/ -->\n<title>HARVIA AUSTRIA PRO D IP 65 \u2013 v\u00fdkonov\u00fd modul s kryt\u00edm ip 65 pro \u0159\u00eddic\u00ed jednotky PRO D - Anders &amp; Kafka E-SHOP<\/title>\n<meta name=\"description\" content=\"Inteligentn\u00ed \u0159\u00edd\u00edc\u00ed jednotka s patentovanou, inovativn\u00ed technologi\u00ed a intuitivn\u00edm ovl\u00e1d\u00e1n\u00edm je ur\u010dena pro elektrick\u00e1 topidla pro finskou saunu s v\u00fdkonem topidla do 10,5 KW a p\u0159i pou\u017eit\u00ed pr\u030ci\u0301davne\u0301ho vy\u0301konove\u0301ho modulu a\u017e do v\u00fdkonu 30 kW.\" \/>\n<meta name=\"robots\" content=\"index, follow, max-snippet:-1, max-image-preview:large, max-video-preview:-1\" \/>\n<link rel=\"canonical\" href=\"https:\/\/anderskafka.cz\/eshop\/produkt\/sentiotec-pro-d-ip-65-vykonovy-modul-s-krytim-ip-65-pro-ridici-jednotky-pro-d\/\" \/>\n<meta property=\"og:locale\" content=\"cs_CZ\" \/>\n<meta property=\"og:type\" content=\"article\" \/>\n<meta property=\"og:title\" content=\"HARVIA AUSTRIA PRO D IP 65 \u2013 v\u00fdkonov\u00fd modul s kryt\u00edm ip 65 pro \u0159\u00eddic\u00ed jednotky PRO D - Anders &amp; Kafka E-SHOP\" \/>\n<meta property=\"og:description\" content=\"Inteligentn\u00ed \u0159\u00edd\u00edc\u00ed jednotka s patentovanou, inovativn\u00ed technologi\u00ed a intuitivn\u00edm ovl\u00e1d\u00e1n\u00edm je ur\u010dena pro elektrick\u00e1 topidla pro finskou saunu s v\u00fdkonem topidla do 10,5 KW a p\u0159i pou\u017eit\u00ed pr\u030ci\u0301davne\u0301ho vy\u0301konove\u0301ho modulu a\u017e do v\u00fdkonu 30 kW.\" \/>\n<meta property=\"og:url\" content=\"https:\/\/anderskafka.cz\/eshop\/produkt\/sentiotec-pro-d-ip-65-vykonovy-modul-s-krytim-ip-65-pro-ridici-jednotky-pro-d\/\" \/>\n<meta property=\"og:site_name\" content=\"Anders &amp; Kafka E-SHOP\" \/>\n<meta property=\"article:modified_time\" content=\"2025-11-18T15:45:08+00:00\" \/>\n<meta property=\"og:image\" content=\"https:\/\/anderskafka.cz\/eshop\/wp-content\/uploads\/sites\/3\/2024\/04\/Sentiotec_Leistungsteil_PROD-IP65-L_p1-2-scaled.jpg\" \/>\n\t<meta property=\"og:image:width\" content=\"2560\" \/>\n\t<meta property=\"og:image:height\" content=\"2560\" \/>\n\t<meta property=\"og:image:type\" content=\"image\/jpeg\" \/>\n<meta name=\"twitter:card\" content=\"summary_large_image\" \/>\n<meta name=\"twitter:label1\" content=\"Odhadovan\u00e1 doba \u010dten\u00ed\" \/>\n\t<meta name=\"twitter:data1\" content=\"2 minuty\" \/>\n<script type=\"application\/ld+json\" class=\"yoast-schema-graph\">{\"@context\":\"https:\/\/schema.org\",\"@graph\":[{\"@type\":\"WebSite\",\"@id\":\"https:\/\/anderskafka.cz\/eshop\/#website\",\"url\":\"https:\/\/anderskafka.cz\/eshop\/\",\"name\":\"Anders &amp; Kafka E-SHOP\",\"description\":\"Anders &amp; Kafka E-SHOP\",\"potentialAction\":[{\"@type\":\"SearchAction\",\"target\":{\"@type\":\"EntryPoint\",\"urlTemplate\":\"https:\/\/anderskafka.cz\/eshop\/?s={search_term_string}\"},\"query-input\":\"required name=search_term_string\"}],\"inLanguage\":\"cs\"},{\"@type\":\"ImageObject\",\"@id\":\"https:\/\/anderskafka.cz\/eshop\/produkt\/sentiotec-pro-d-ip-65-vykonovy-modul-s-krytim-ip-65-pro-ridici-jednotky-pro-d\/#primaryimage\",\"inLanguage\":\"cs\",\"url\":\"https:\/\/anderskafka.cz\/eshop\/wp-content\/uploads\/sites\/3\/2024\/04\/Sentiotec_Leistungsteil_PROD-IP65-L_p1-2-scaled.jpg\",\"contentUrl\":\"https:\/\/anderskafka.cz\/eshop\/wp-content\/uploads\/sites\/3\/2024\/04\/Sentiotec_Leistungsteil_PROD-IP65-L_p1-2-scaled.jpg\",\"width\":2560,\"height\":2560},{\"@type\":\"WebPage\",\"@id\":\"https:\/\/anderskafka.cz\/eshop\/produkt\/sentiotec-pro-d-ip-65-vykonovy-modul-s-krytim-ip-65-pro-ridici-jednotky-pro-d\/#webpage\",\"url\":\"https:\/\/anderskafka.cz\/eshop\/produkt\/sentiotec-pro-d-ip-65-vykonovy-modul-s-krytim-ip-65-pro-ridici-jednotky-pro-d\/\",\"name\":\"HARVIA AUSTRIA PRO D IP 65 \u2013 v\u00fdkonov\u00fd modul s kryt\u00edm ip 65 pro \u0159\u00eddic\u00ed jednotky PRO D - Anders &amp; Kafka E-SHOP\",\"isPartOf\":{\"@id\":\"https:\/\/anderskafka.cz\/eshop\/#website\"},\"primaryImageOfPage\":{\"@id\":\"https:\/\/anderskafka.cz\/eshop\/produkt\/sentiotec-pro-d-ip-65-vykonovy-modul-s-krytim-ip-65-pro-ridici-jednotky-pro-d\/#primaryimage\"},\"datePublished\":\"2024-04-17T14:06:23+00:00\",\"dateModified\":\"2025-11-18T15:45:08+00:00\",\"description\":\"Inteligentn\u00ed \u0159\u00edd\u00edc\u00ed jednotka s patentovanou, inovativn\u00ed technologi\u00ed a intuitivn\u00edm ovl\u00e1d\u00e1n\u00edm je ur\u010dena pro elektrick\u00e1 topidla pro finskou saunu s v\u00fdkonem topidla do 10,5 KW a p\u0159i pou\u017eit\u00ed pr\u030ci\u0301davne\u0301ho vy\u0301konove\u0301ho modulu a\u017e do v\u00fdkonu 30 kW.\",\"breadcrumb\":{\"@id\":\"https:\/\/anderskafka.cz\/eshop\/produkt\/sentiotec-pro-d-ip-65-vykonovy-modul-s-krytim-ip-65-pro-ridici-jednotky-pro-d\/#breadcrumb\"},\"inLanguage\":\"cs\",\"potentialAction\":[{\"@type\":\"ReadAction\",\"target\":[\"https:\/\/anderskafka.cz\/eshop\/produkt\/sentiotec-pro-d-ip-65-vykonovy-modul-s-krytim-ip-65-pro-ridici-jednotky-pro-d\/\"]}]},{\"@type\":\"BreadcrumbList\",\"@id\":\"https:\/\/anderskafka.cz\/eshop\/produkt\/sentiotec-pro-d-ip-65-vykonovy-modul-s-krytim-ip-65-pro-ridici-jednotky-pro-d\/#breadcrumb\",\"itemListElement\":[{\"@type\":\"ListItem\",\"position\":1,\"name\":\"Obchod\",\"item\":\"https:\/\/anderskafka.cz\/eshop\/obchod\/\"},{\"@type\":\"ListItem\",\"position\":2,\"name\":\"HARVIA AUSTRIA PRO D IP 65 \u2013 v\u00fdkonov\u00fd modul s kryt\u00edm ip 65 pro \u0159\u00eddic\u00ed jednotky PRO D\"}]}]}<\/script>\n<!-- \/ Yoast SEO plugin. -->","yoast_head_json":{"title":"HARVIA AUSTRIA PRO D IP 65 \u2013 v\u00fdkonov\u00fd modul s kryt\u00edm ip 65 pro \u0159\u00eddic\u00ed jednotky PRO D - Anders &amp; Kafka E-SHOP","description":"Inteligentn\u00ed \u0159\u00edd\u00edc\u00ed jednotka s patentovanou, inovativn\u00ed technologi\u00ed a intuitivn\u00edm ovl\u00e1d\u00e1n\u00edm je ur\u010dena pro elektrick\u00e1 topidla pro finskou saunu s v\u00fdkonem topidla do 10,5 KW a p\u0159i pou\u017eit\u00ed pr\u030ci\u0301davne\u0301ho vy\u0301konove\u0301ho modulu a\u017e do v\u00fdkonu 30 kW.","robots":{"index":"index","follow":"follow","max-snippet":"max-snippet:-1","max-image-preview":"max-image-preview:large","max-video-preview":"max-video-preview:-1"},"canonical":"https:\/\/anderskafka.cz\/eshop\/produkt\/sentiotec-pro-d-ip-65-vykonovy-modul-s-krytim-ip-65-pro-ridici-jednotky-pro-d\/","og_locale":"cs_CZ","og_type":"article","og_title":"HARVIA AUSTRIA PRO D IP 65 \u2013 v\u00fdkonov\u00fd modul s kryt\u00edm ip 65 pro \u0159\u00eddic\u00ed jednotky PRO D - Anders &amp; Kafka E-SHOP","og_description":"Inteligentn\u00ed \u0159\u00edd\u00edc\u00ed jednotka s patentovanou, inovativn\u00ed technologi\u00ed a intuitivn\u00edm ovl\u00e1d\u00e1n\u00edm je ur\u010dena pro elektrick\u00e1 topidla pro finskou saunu s v\u00fdkonem topidla do 10,5 KW a p\u0159i pou\u017eit\u00ed pr\u030ci\u0301davne\u0301ho vy\u0301konove\u0301ho modulu a\u017e do v\u00fdkonu 30 kW.","og_url":"https:\/\/anderskafka.cz\/eshop\/produkt\/sentiotec-pro-d-ip-65-vykonovy-modul-s-krytim-ip-65-pro-ridici-jednotky-pro-d\/","og_site_name":"Anders &amp; Kafka E-SHOP","article_modified_time":"2025-11-18T15:45:08+00:00","og_image":[{"width":2560,"height":2560,"url":"https:\/\/anderskafka.cz\/eshop\/wp-content\/uploads\/sites\/3\/2024\/04\/Sentiotec_Leistungsteil_PROD-IP65-L_p1-2-scaled.jpg","type":"image\/jpeg"}],"twitter_card":"summary_large_image","twitter_misc":{"Odhadovan\u00e1 doba \u010dten\u00ed":"2 minuty"},"schema":{"@context":"https:\/\/schema.org","@graph":[{"@type":"WebSite","@id":"https:\/\/anderskafka.cz\/eshop\/#website","url":"https:\/\/anderskafka.cz\/eshop\/","name":"Anders &amp; Kafka E-SHOP","description":"Anders &amp; Kafka E-SHOP","potentialAction":[{"@type":"SearchAction","target":{"@type":"EntryPoint","urlTemplate":"https:\/\/anderskafka.cz\/eshop\/?s={search_term_string}"},"query-input":"required name=search_term_string"}],"inLanguage":"cs"},{"@type":"ImageObject","@id":"https:\/\/anderskafka.cz\/eshop\/produkt\/sentiotec-pro-d-ip-65-vykonovy-modul-s-krytim-ip-65-pro-ridici-jednotky-pro-d\/#primaryimage","inLanguage":"cs","url":"https:\/\/anderskafka.cz\/eshop\/wp-content\/uploads\/sites\/3\/2024\/04\/Sentiotec_Leistungsteil_PROD-IP65-L_p1-2-scaled.jpg","contentUrl":"https:\/\/anderskafka.cz\/eshop\/wp-content\/uploads\/sites\/3\/2024\/04\/Sentiotec_Leistungsteil_PROD-IP65-L_p1-2-scaled.jpg","width":2560,"height":2560},{"@type":"WebPage","@id":"https:\/\/anderskafka.cz\/eshop\/produkt\/sentiotec-pro-d-ip-65-vykonovy-modul-s-krytim-ip-65-pro-ridici-jednotky-pro-d\/#webpage","url":"https:\/\/anderskafka.cz\/eshop\/produkt\/sentiotec-pro-d-ip-65-vykonovy-modul-s-krytim-ip-65-pro-ridici-jednotky-pro-d\/","name":"HARVIA AUSTRIA PRO D IP 65 \u2013 v\u00fdkonov\u00fd modul s kryt\u00edm ip 65 pro \u0159\u00eddic\u00ed jednotky PRO D - Anders &amp; Kafka E-SHOP","isPartOf":{"@id":"https:\/\/anderskafka.cz\/eshop\/#website"},"primaryImageOfPage":{"@id":"https:\/\/anderskafka.cz\/eshop\/produkt\/sentiotec-pro-d-ip-65-vykonovy-modul-s-krytim-ip-65-pro-ridici-jednotky-pro-d\/#primaryimage"},"datePublished":"2024-04-17T14:06:23+00:00","dateModified":"2025-11-18T15:45:08+00:00","description":"Inteligentn\u00ed \u0159\u00edd\u00edc\u00ed jednotka s patentovanou, inovativn\u00ed technologi\u00ed a intuitivn\u00edm ovl\u00e1d\u00e1n\u00edm je ur\u010dena pro elektrick\u00e1 topidla pro finskou saunu s v\u00fdkonem topidla do 10,5 KW a p\u0159i pou\u017eit\u00ed pr\u030ci\u0301davne\u0301ho vy\u0301konove\u0301ho modulu a\u017e do v\u00fdkonu 30 kW.","breadcrumb":{"@id":"https:\/\/anderskafka.cz\/eshop\/produkt\/sentiotec-pro-d-ip-65-vykonovy-modul-s-krytim-ip-65-pro-ridici-jednotky-pro-d\/#breadcrumb"},"inLanguage":"cs","potentialAction":[{"@type":"ReadAction","target":["https:\/\/anderskafka.cz\/eshop\/produkt\/sentiotec-pro-d-ip-65-vykonovy-modul-s-krytim-ip-65-pro-ridici-jednotky-pro-d\/"]}]},{"@type":"BreadcrumbList","@id":"https:\/\/anderskafka.cz\/eshop\/produkt\/sentiotec-pro-d-ip-65-vykonovy-modul-s-krytim-ip-65-pro-ridici-jednotky-pro-d\/#breadcrumb","itemListElement":[{"@type":"ListItem","position":1,"name":"Obchod","item":"https:\/\/anderskafka.cz\/eshop\/obchod\/"},{"@type":"ListItem","position":2,"name":"HARVIA AUSTRIA PRO D IP 65 \u2013 v\u00fdkonov\u00fd modul s kryt\u00edm ip 65 pro \u0159\u00eddic\u00ed jednotky PRO D"}]}]}},"locations":[],"_links":{"self":[{"href":"https:\/\/anderskafka.cz\/eshop\/wp-json\/wp\/v2\/product\/7303"}],"collection":[{"href":"https:\/\/anderskafka.cz\/eshop\/wp-json\/wp\/v2\/product"}],"about":[{"href":"https:\/\/anderskafka.cz\/eshop\/wp-json\/wp\/v2\/types\/product"}],"replies":[{"embeddable":true,"href":"https:\/\/anderskafka.cz\/eshop\/wp-json\/wp\/v2\/comments?post=7303"}],"wp:featuredmedia":[{"embeddable":true,"href":"https:\/\/anderskafka.cz\/eshop\/wp-json\/wp\/v2\/media\/7308"}],"wp:attachment":[{"href":"https:\/\/anderskafka.cz\/eshop\/wp-json\/wp\/v2\/media?parent=7303"}],"wp:term":[{"taxonomy":"location","embeddable":true,"href":"https:\/\/anderskafka.cz\/eshop\/wp-json\/wp\/v2\/location?post=7303"},{"taxonomy":"product_cat","embeddable":true,"href":"https:\/\/anderskafka.cz\/eshop\/wp-json\/wp\/v2\/product_cat?post=7303"},{"taxonomy":"product_tag","embeddable":true,"href":"https:\/\/anderskafka.cz\/eshop\/wp-json\/wp\/v2\/product_tag?post=7303"}],"curies":[{"name":"wp","href":"https:\/\/api.w.org\/{rel}","templated":true}]}}