{"id":7331,"date":"2024-04-22T13:06:05","date_gmt":"2024-04-22T11:06:05","guid":{"rendered":"https:\/\/anderskafka.cz\/eshop\/?post_type=product&#038;p=7331"},"modified":"2026-04-27T07:58:36","modified_gmt":"2026-04-27T05:58:36","slug":"visaton-sada-2-kusu-reproduktoru-do-sauny-s-teplotni-odolnosti-120c-bile","status":"publish","type":"product","link":"https:\/\/anderskafka.cz\/eshop\/produkt\/visaton-sada-2-kusu-reproduktoru-do-sauny-s-teplotni-odolnosti-120c-bile\/","title":{"rendered":"VISATON sada 2 kus\u016f reproduktor\u016f do sauny s teplotn\u00ed odolnost\u00ed 120\u00b0C, \u010dern\u00e9"},"content":{"rendered":"<div class=\"page\" title=\"Page 1\">\n<div class=\"layoutArea\">\n<div class=\"column\">\n<p>Sada 2 kus\u016f kvalitn\u00edch vodot\u011bsn\u00fdch reproduktor\u016f do sauny, absolutn\u011b odoln\u00fdch v\u016f\u010di korozi a vod\u011b d\u00edky zapouzd\u0159en\u00fdm vodi\u010d\u016fm s magnetem a pota\u017een\u00ed silikonem.<br \/>\n\u2022 10 cm (4\u201c)<br \/>\n\u2022 s ku\u017eelem ze skeln\u00fdch vl\u00e1ken, plastov\u00fdm ko\u0161em a m\u0159\u00ed\u017ekou. Vyv\u00e1\u017een\u00e1 frekven\u010dn\u00ed odezva, vysok\u00e1 \u00fa\u010dinnost a dobr\u00e1 reprodukce vysok\u00fdch st\u0159ed\u016f.<br \/>\n\u2022 vhodn\u00e9 pro provoz v saunov\u00fdch kabin\u00e1ch<br \/>\n\u2022 teplotn\u00ed odolnost 120\u00b0C<br \/>\n\u2022 vhodn\u00e9 pro venkovn\u00ed pou\u017eit\u00ed, odoln\u00e9 v\u016f\u010di mo\u0159sk\u00e9 vod\u011b<br \/>\n\u2022 podle standard\u016f Germanischer Lloyd (po\u017eadavky na elektrick\u00e9 za\u0159\u00edzen\u00ed\/n\u00edzk\u00e1 teplota)<br \/>\n\u2022 kryt\u00ed IP 65<br \/>\n\u2022 plast: PC (UL 94: V-0)<br \/>\n\u2022 <span style=\"font-size: 16px; font-style: normal;\">b\u00edl\u00fd kryt<br \/>\n\u2022 impedance 8 ohm\u016f<br \/>\n<\/span><\/p>\n<p><span style=\"font-size: 16px;\">Kompatibiln\u00ed zvukov\u00e9 moduly: EOS SBM-S BT<\/span><\/p>\n<\/div>\n<\/div>\n<\/div>\n","protected":false},"excerpt":{"rendered":"<div>\n<p>Sada 2 kus\u016f kvalitn\u00edch vodot\u011bsn\u00fdch reproduktor\u016f do sauny s pr\u016fm\u011brem 10 cm (4\u201c), s ku\u017eelem ze skeln\u00fdch vl\u00e1ken, plastov\u00fdm ko\u0161em a m\u0159\u00ed\u017ekou. Vyv\u00e1\u017een\u00e1 frekven\u010dn\u00ed odezva, vysok\u00e1 \u00fa\u010dinnost a dobr\u00e1 reprodukce vysok\u00fdch st\u0159ed\u016f s teplotn\u00ed odolnost\u00ed 120\u00b0C.<\/p>\n<p>&nbsp;<\/p>\n<p><span style=\"font-size: 16px;\">VISATON, nejkvalitn\u011bj\u0161\u00ed produkty pro ozvu\u010den\u00ed sauny vyroben\u00e9 v N\u011bmecku s letitou tradic\u00ed.<\/span><\/p>\n<\/div>\n<p><img loading=\"lazy\" class=\"alignnone size-full wp-image-1496 aligncenter\" src=\"https:\/\/anderskafka.cz\/eshop\/wp-content\/uploads\/sites\/3\/2022\/12\/made-in-germany-label-icon-of-german-flag-map-vector-22965302.jpg\" alt=\"\" width=\"250\" height=\"250\" srcset=\"https:\/\/anderskafka.cz\/eshop\/wp-content\/uploads\/sites\/3\/2022\/12\/made-in-germany-label-icon-of-german-flag-map-vector-22965302.jpg 250w, https:\/\/anderskafka.cz\/eshop\/wp-content\/uploads\/sites\/3\/2022\/12\/made-in-germany-label-icon-of-german-flag-map-vector-22965302-150x150.jpg 150w, https:\/\/anderskafka.cz\/eshop\/wp-content\/uploads\/sites\/3\/2022\/12\/made-in-germany-label-icon-of-german-flag-map-vector-22965302-100x100.jpg 100w, https:\/\/anderskafka.cz\/eshop\/wp-content\/uploads\/sites\/3\/2022\/12\/made-in-germany-label-icon-of-german-flag-map-vector-22965302-64x64.jpg 64w\" sizes=\"(max-width: 250px) 100vw, 250px\" \/><\/p>\n<div>\n<p>&nbsp;<\/p>\n<\/div>\n","protected":false},"featured_media":7336,"comment_status":"open","ping_status":"closed","template":"","meta":{"site-sidebar-layout":"default","site-content-layout":"default","ast-main-header-display":"","ast-hfb-above-header-display":"","ast-hfb-below-header-display":"","ast-hfb-mobile-header-display":"","site-post-title":"","ast-breadcrumbs-content":"","ast-featured-img":"","footer-sml-layout":"","theme-transparent-header-meta":"","adv-header-id-meta":"","stick-header-meta":"","header-above-stick-meta":"","header-main-stick-meta":"","header-below-stick-meta":""},"location":[],"product_cat":[37,952],"product_tag":[1372],"yoast_head":"<!-- This site is optimized with the Yoast SEO plugin v18.5.1 - https:\/\/yoast.com\/wordpress\/plugins\/seo\/ -->\n<title>VISATON sada 2 kus\u016f reproduktor\u016f do sauny s teplotn\u00ed odolnost\u00ed 120\u00b0C, \u010dern\u00e9 - Anders &amp; Kafka E-SHOP<\/title>\n<meta name=\"description\" content=\"Sada 2 kus\u016f kvalitn\u00edch vodot\u011bsn\u00fdch reproduktor\u016f do sauny s pr\u016fm\u011brem 10 cm (4\u201c), s ku\u017eelem ze skeln\u00fdch vl\u00e1ken, plastov\u00fdm ko\u0161em a m\u0159\u00ed\u017ekou. Vyv\u00e1\u017een\u00e1 frekven\u010dn\u00ed odezva, vysok\u00e1 \u00fa\u010dinnost a dobr\u00e1 reprodukce vysok\u00fdch st\u0159ed\u016f s teplotn\u00ed odolnost\u00ed 120\u00b0C.  &nbsp;  VISATON, nejkvalitn\u011bj\u0161\u00ed produkty pro ozvu\u010den\u00ed sauny vyroben\u00e9 v N\u011bmecku s letitou tradic\u00ed.      &nbsp;\" \/>\n<meta name=\"robots\" content=\"index, follow, max-snippet:-1, max-image-preview:large, max-video-preview:-1\" \/>\n<link rel=\"canonical\" href=\"https:\/\/anderskafka.cz\/eshop\/produkt\/visaton-sada-2-kusu-reproduktoru-do-sauny-s-teplotni-odolnosti-120c-bile\/\" \/>\n<meta property=\"og:locale\" content=\"cs_CZ\" \/>\n<meta property=\"og:type\" content=\"article\" \/>\n<meta property=\"og:title\" content=\"VISATON sada 2 kus\u016f reproduktor\u016f do sauny s teplotn\u00ed odolnost\u00ed 120\u00b0C, \u010dern\u00e9 - Anders &amp; Kafka E-SHOP\" \/>\n<meta property=\"og:description\" content=\"Sada 2 kus\u016f kvalitn\u00edch vodot\u011bsn\u00fdch reproduktor\u016f do sauny s pr\u016fm\u011brem 10 cm (4\u201c), s ku\u017eelem ze skeln\u00fdch vl\u00e1ken, plastov\u00fdm ko\u0161em a m\u0159\u00ed\u017ekou. Vyv\u00e1\u017een\u00e1 frekven\u010dn\u00ed odezva, vysok\u00e1 \u00fa\u010dinnost a dobr\u00e1 reprodukce vysok\u00fdch st\u0159ed\u016f s teplotn\u00ed odolnost\u00ed 120\u00b0C.  &nbsp;  VISATON, nejkvalitn\u011bj\u0161\u00ed produkty pro ozvu\u010den\u00ed sauny vyroben\u00e9 v N\u011bmecku s letitou tradic\u00ed.      &nbsp;\" \/>\n<meta property=\"og:url\" content=\"https:\/\/anderskafka.cz\/eshop\/produkt\/visaton-sada-2-kusu-reproduktoru-do-sauny-s-teplotni-odolnosti-120c-bile\/\" \/>\n<meta property=\"og:site_name\" content=\"Anders &amp; Kafka E-SHOP\" \/>\n<meta property=\"article:modified_time\" content=\"2026-04-27T05:58:36+00:00\" \/>\n<meta property=\"og:image\" content=\"https:\/\/anderskafka.cz\/eshop\/wp-content\/uploads\/sites\/3\/2024\/04\/image.jpg\" \/>\n\t<meta property=\"og:image:width\" content=\"1000\" \/>\n\t<meta property=\"og:image:height\" content=\"1000\" \/>\n\t<meta property=\"og:image:type\" content=\"image\/jpeg\" \/>\n<meta name=\"twitter:card\" content=\"summary_large_image\" \/>\n<meta name=\"twitter:label1\" content=\"Odhadovan\u00e1 doba \u010dten\u00ed\" \/>\n\t<meta name=\"twitter:data1\" content=\"1 minuta\" \/>\n<script type=\"application\/ld+json\" class=\"yoast-schema-graph\">{\"@context\":\"https:\/\/schema.org\",\"@graph\":[{\"@type\":\"WebSite\",\"@id\":\"https:\/\/anderskafka.cz\/eshop\/#website\",\"url\":\"https:\/\/anderskafka.cz\/eshop\/\",\"name\":\"Anders &amp; Kafka E-SHOP\",\"description\":\"Anders &amp; Kafka E-SHOP\",\"potentialAction\":[{\"@type\":\"SearchAction\",\"target\":{\"@type\":\"EntryPoint\",\"urlTemplate\":\"https:\/\/anderskafka.cz\/eshop\/?s={search_term_string}\"},\"query-input\":\"required name=search_term_string\"}],\"inLanguage\":\"cs\"},{\"@type\":\"ImageObject\",\"@id\":\"https:\/\/anderskafka.cz\/eshop\/produkt\/visaton-sada-2-kusu-reproduktoru-do-sauny-s-teplotni-odolnosti-120c-bile\/#primaryimage\",\"inLanguage\":\"cs\",\"url\":\"https:\/\/anderskafka.cz\/eshop\/wp-content\/uploads\/sites\/3\/2024\/04\/image.jpg\",\"contentUrl\":\"https:\/\/anderskafka.cz\/eshop\/wp-content\/uploads\/sites\/3\/2024\/04\/image.jpg\",\"width\":1000,\"height\":1000},{\"@type\":\"WebPage\",\"@id\":\"https:\/\/anderskafka.cz\/eshop\/produkt\/visaton-sada-2-kusu-reproduktoru-do-sauny-s-teplotni-odolnosti-120c-bile\/#webpage\",\"url\":\"https:\/\/anderskafka.cz\/eshop\/produkt\/visaton-sada-2-kusu-reproduktoru-do-sauny-s-teplotni-odolnosti-120c-bile\/\",\"name\":\"VISATON sada 2 kus\u016f reproduktor\u016f do sauny s teplotn\u00ed odolnost\u00ed 120\u00b0C, \u010dern\u00e9 - Anders &amp; Kafka E-SHOP\",\"isPartOf\":{\"@id\":\"https:\/\/anderskafka.cz\/eshop\/#website\"},\"primaryImageOfPage\":{\"@id\":\"https:\/\/anderskafka.cz\/eshop\/produkt\/visaton-sada-2-kusu-reproduktoru-do-sauny-s-teplotni-odolnosti-120c-bile\/#primaryimage\"},\"datePublished\":\"2024-04-22T11:06:05+00:00\",\"dateModified\":\"2026-04-27T05:58:36+00:00\",\"description\":\"Sada 2 kus\u016f kvalitn\u00edch vodot\u011bsn\u00fdch reproduktor\u016f do sauny s pr\u016fm\u011brem 10 cm (4\u201c), s ku\u017eelem ze skeln\u00fdch vl\u00e1ken, plastov\u00fdm ko\u0161em a m\u0159\u00ed\u017ekou. Vyv\u00e1\u017een\u00e1 frekven\u010dn\u00ed odezva, vysok\u00e1 \u00fa\u010dinnost a dobr\u00e1 reprodukce vysok\u00fdch st\u0159ed\u016f s teplotn\u00ed odolnost\u00ed 120\u00b0C. &nbsp; VISATON, nejkvalitn\u011bj\u0161\u00ed produkty pro ozvu\u010den\u00ed sauny vyroben\u00e9 v N\u011bmecku s letitou tradic\u00ed. &nbsp;\",\"breadcrumb\":{\"@id\":\"https:\/\/anderskafka.cz\/eshop\/produkt\/visaton-sada-2-kusu-reproduktoru-do-sauny-s-teplotni-odolnosti-120c-bile\/#breadcrumb\"},\"inLanguage\":\"cs\",\"potentialAction\":[{\"@type\":\"ReadAction\",\"target\":[\"https:\/\/anderskafka.cz\/eshop\/produkt\/visaton-sada-2-kusu-reproduktoru-do-sauny-s-teplotni-odolnosti-120c-bile\/\"]}]},{\"@type\":\"BreadcrumbList\",\"@id\":\"https:\/\/anderskafka.cz\/eshop\/produkt\/visaton-sada-2-kusu-reproduktoru-do-sauny-s-teplotni-odolnosti-120c-bile\/#breadcrumb\",\"itemListElement\":[{\"@type\":\"ListItem\",\"position\":1,\"name\":\"Obchod\",\"item\":\"https:\/\/anderskafka.cz\/eshop\/obchod\/\"},{\"@type\":\"ListItem\",\"position\":2,\"name\":\"VISATON sada 2 kus\u016f reproduktor\u016f do sauny s teplotn\u00ed odolnost\u00ed 120\u00b0C, \u010dern\u00e9\"}]}]}<\/script>\n<!-- \/ Yoast SEO plugin. -->","yoast_head_json":{"title":"VISATON sada 2 kus\u016f reproduktor\u016f do sauny s teplotn\u00ed odolnost\u00ed 120\u00b0C, \u010dern\u00e9 - Anders &amp; Kafka E-SHOP","description":"Sada 2 kus\u016f kvalitn\u00edch vodot\u011bsn\u00fdch reproduktor\u016f do sauny s pr\u016fm\u011brem 10 cm (4\u201c), s ku\u017eelem ze skeln\u00fdch vl\u00e1ken, plastov\u00fdm ko\u0161em a m\u0159\u00ed\u017ekou. Vyv\u00e1\u017een\u00e1 frekven\u010dn\u00ed odezva, vysok\u00e1 \u00fa\u010dinnost a dobr\u00e1 reprodukce vysok\u00fdch st\u0159ed\u016f s teplotn\u00ed odolnost\u00ed 120\u00b0C.  &nbsp;  VISATON, nejkvalitn\u011bj\u0161\u00ed produkty pro ozvu\u010den\u00ed sauny vyroben\u00e9 v N\u011bmecku s letitou tradic\u00ed.      &nbsp;","robots":{"index":"index","follow":"follow","max-snippet":"max-snippet:-1","max-image-preview":"max-image-preview:large","max-video-preview":"max-video-preview:-1"},"canonical":"https:\/\/anderskafka.cz\/eshop\/produkt\/visaton-sada-2-kusu-reproduktoru-do-sauny-s-teplotni-odolnosti-120c-bile\/","og_locale":"cs_CZ","og_type":"article","og_title":"VISATON sada 2 kus\u016f reproduktor\u016f do sauny s teplotn\u00ed odolnost\u00ed 120\u00b0C, \u010dern\u00e9 - Anders &amp; Kafka E-SHOP","og_description":"Sada 2 kus\u016f kvalitn\u00edch vodot\u011bsn\u00fdch reproduktor\u016f do sauny s pr\u016fm\u011brem 10 cm (4\u201c), s ku\u017eelem ze skeln\u00fdch vl\u00e1ken, plastov\u00fdm ko\u0161em a m\u0159\u00ed\u017ekou. Vyv\u00e1\u017een\u00e1 frekven\u010dn\u00ed odezva, vysok\u00e1 \u00fa\u010dinnost a dobr\u00e1 reprodukce vysok\u00fdch st\u0159ed\u016f s teplotn\u00ed odolnost\u00ed 120\u00b0C.  &nbsp;  VISATON, nejkvalitn\u011bj\u0161\u00ed produkty pro ozvu\u010den\u00ed sauny vyroben\u00e9 v N\u011bmecku s letitou tradic\u00ed.      &nbsp;","og_url":"https:\/\/anderskafka.cz\/eshop\/produkt\/visaton-sada-2-kusu-reproduktoru-do-sauny-s-teplotni-odolnosti-120c-bile\/","og_site_name":"Anders &amp; Kafka E-SHOP","article_modified_time":"2026-04-27T05:58:36+00:00","og_image":[{"width":1000,"height":1000,"url":"https:\/\/anderskafka.cz\/eshop\/wp-content\/uploads\/sites\/3\/2024\/04\/image.jpg","type":"image\/jpeg"}],"twitter_card":"summary_large_image","twitter_misc":{"Odhadovan\u00e1 doba \u010dten\u00ed":"1 minuta"},"schema":{"@context":"https:\/\/schema.org","@graph":[{"@type":"WebSite","@id":"https:\/\/anderskafka.cz\/eshop\/#website","url":"https:\/\/anderskafka.cz\/eshop\/","name":"Anders &amp; Kafka E-SHOP","description":"Anders &amp; Kafka E-SHOP","potentialAction":[{"@type":"SearchAction","target":{"@type":"EntryPoint","urlTemplate":"https:\/\/anderskafka.cz\/eshop\/?s={search_term_string}"},"query-input":"required name=search_term_string"}],"inLanguage":"cs"},{"@type":"ImageObject","@id":"https:\/\/anderskafka.cz\/eshop\/produkt\/visaton-sada-2-kusu-reproduktoru-do-sauny-s-teplotni-odolnosti-120c-bile\/#primaryimage","inLanguage":"cs","url":"https:\/\/anderskafka.cz\/eshop\/wp-content\/uploads\/sites\/3\/2024\/04\/image.jpg","contentUrl":"https:\/\/anderskafka.cz\/eshop\/wp-content\/uploads\/sites\/3\/2024\/04\/image.jpg","width":1000,"height":1000},{"@type":"WebPage","@id":"https:\/\/anderskafka.cz\/eshop\/produkt\/visaton-sada-2-kusu-reproduktoru-do-sauny-s-teplotni-odolnosti-120c-bile\/#webpage","url":"https:\/\/anderskafka.cz\/eshop\/produkt\/visaton-sada-2-kusu-reproduktoru-do-sauny-s-teplotni-odolnosti-120c-bile\/","name":"VISATON sada 2 kus\u016f reproduktor\u016f do sauny s teplotn\u00ed odolnost\u00ed 120\u00b0C, \u010dern\u00e9 - Anders &amp; Kafka E-SHOP","isPartOf":{"@id":"https:\/\/anderskafka.cz\/eshop\/#website"},"primaryImageOfPage":{"@id":"https:\/\/anderskafka.cz\/eshop\/produkt\/visaton-sada-2-kusu-reproduktoru-do-sauny-s-teplotni-odolnosti-120c-bile\/#primaryimage"},"datePublished":"2024-04-22T11:06:05+00:00","dateModified":"2026-04-27T05:58:36+00:00","description":"Sada 2 kus\u016f kvalitn\u00edch vodot\u011bsn\u00fdch reproduktor\u016f do sauny s pr\u016fm\u011brem 10 cm (4\u201c), s ku\u017eelem ze skeln\u00fdch vl\u00e1ken, plastov\u00fdm ko\u0161em a m\u0159\u00ed\u017ekou. Vyv\u00e1\u017een\u00e1 frekven\u010dn\u00ed odezva, vysok\u00e1 \u00fa\u010dinnost a dobr\u00e1 reprodukce vysok\u00fdch st\u0159ed\u016f s teplotn\u00ed odolnost\u00ed 120\u00b0C. &nbsp; VISATON, nejkvalitn\u011bj\u0161\u00ed produkty pro ozvu\u010den\u00ed sauny vyroben\u00e9 v N\u011bmecku s letitou tradic\u00ed. &nbsp;","breadcrumb":{"@id":"https:\/\/anderskafka.cz\/eshop\/produkt\/visaton-sada-2-kusu-reproduktoru-do-sauny-s-teplotni-odolnosti-120c-bile\/#breadcrumb"},"inLanguage":"cs","potentialAction":[{"@type":"ReadAction","target":["https:\/\/anderskafka.cz\/eshop\/produkt\/visaton-sada-2-kusu-reproduktoru-do-sauny-s-teplotni-odolnosti-120c-bile\/"]}]},{"@type":"BreadcrumbList","@id":"https:\/\/anderskafka.cz\/eshop\/produkt\/visaton-sada-2-kusu-reproduktoru-do-sauny-s-teplotni-odolnosti-120c-bile\/#breadcrumb","itemListElement":[{"@type":"ListItem","position":1,"name":"Obchod","item":"https:\/\/anderskafka.cz\/eshop\/obchod\/"},{"@type":"ListItem","position":2,"name":"VISATON sada 2 kus\u016f reproduktor\u016f do sauny s teplotn\u00ed odolnost\u00ed 120\u00b0C, \u010dern\u00e9"}]}]}},"locations":[],"_links":{"self":[{"href":"https:\/\/anderskafka.cz\/eshop\/wp-json\/wp\/v2\/product\/7331"}],"collection":[{"href":"https:\/\/anderskafka.cz\/eshop\/wp-json\/wp\/v2\/product"}],"about":[{"href":"https:\/\/anderskafka.cz\/eshop\/wp-json\/wp\/v2\/types\/product"}],"replies":[{"embeddable":true,"href":"https:\/\/anderskafka.cz\/eshop\/wp-json\/wp\/v2\/comments?post=7331"}],"wp:featuredmedia":[{"embeddable":true,"href":"https:\/\/anderskafka.cz\/eshop\/wp-json\/wp\/v2\/media\/7336"}],"wp:attachment":[{"href":"https:\/\/anderskafka.cz\/eshop\/wp-json\/wp\/v2\/media?parent=7331"}],"wp:term":[{"taxonomy":"location","embeddable":true,"href":"https:\/\/anderskafka.cz\/eshop\/wp-json\/wp\/v2\/location?post=7331"},{"taxonomy":"product_cat","embeddable":true,"href":"https:\/\/anderskafka.cz\/eshop\/wp-json\/wp\/v2\/product_cat?post=7331"},{"taxonomy":"product_tag","embeddable":true,"href":"https:\/\/anderskafka.cz\/eshop\/wp-json\/wp\/v2\/product_tag?post=7331"}],"curies":[{"name":"wp","href":"https:\/\/api.w.org\/{rel}","templated":true}]}}