{"id":7378,"date":"2024-05-03T10:23:06","date_gmt":"2024-05-03T08:23:06","guid":{"rendered":"https:\/\/anderskafka.cz\/eshop\/?post_type=product&#038;p=7378"},"modified":"2026-03-26T08:13:32","modified_gmt":"2026-03-26T07:13:32","slug":"veba-saunove-prosteradlo-premium-ze-100-bavlny-smetanove","status":"publish","type":"product","link":"https:\/\/anderskafka.cz\/eshop\/produkt\/veba-saunove-prosteradlo-premium-ze-100-bavlny-smetanove\/","title":{"rendered":"VEBA saunov\u00e9 prost\u011bradlo Premium ze 100% bavlny smetanov\u00e9"},"content":{"rendered":"<p>Z\u00e1balov\u00e9 prost\u011bradlo je ur\u010deno pro v\u0161echny, kte\u0159\u00ed si obl\u00edbili odpo\u010dinek v hork\u00e9 saun\u011b nebo relaxaci p\u0159i mas\u00e1\u017ei s n\u00e1v\u0161t\u011bvou wellness. Kvalitn\u00ed, mimo\u0159\u00e1dn\u011b pevn\u00e9 a odoln\u00e9 bavln\u011bn\u00e9 prost\u011bradlo do sauny, wellness, parn\u00ed l\u00e1zn\u011b, k baz\u00e9nu, nebo jako pokr\u00fdvka mas\u00e1\u017en\u00edch stol\u016f.<\/p>\n<p>Bavlna je jedn\u00edm z nejpou\u017e\u00edvan\u011bj\u0161\u00edch a nejroz\u0161\u00ed\u0159en\u011bj\u0161\u00edch p\u0159\u00edrodn\u00edch materi\u00e1l\u016f. Je pohodln\u00e1 a p\u0159\u00edjemn\u00e1 na dotek a m\u00e1 skv\u011bl\u00e9 funk\u010dn\u00ed vlastnosti.<\/p>\n<p>V saun\u011b bychom m\u011bli v\u017edy pou\u017e\u00edt podlo\u017eku na sezen\u00ed i le\u017een\u00ed, a to v podob\u011b pr\u00e1v\u011b prost\u011bradla, podlo\u017eky, p\u0159\u00edpadn\u011b kiltu \u010di ru\u010dn\u00edku, kter\u00e9 si po vstupu do sauny svl\u00e9kneme. Jednoduch\u00e9 prost\u011bradlo z lehk\u00e9, jemn\u00e9 bavlny je ide\u00e1ln\u00edm dopl\u0148kem pro tyto chv\u00edle relaxace.<\/p>\n<p>P\u0159i p\u00e9\u010di o prost\u011bradlo se \u0159i\u010fte o\u0161et\u0159ovac\u00edmi symboly uveden\u00fdmi na prost\u011bradle.<\/p>\n","protected":false},"excerpt":{"rendered":"<p>Bavln\u011bn\u00e9 plachtov\u00e9 prost\u011bradlo, kter\u00e9 je nepostradateln\u00fdm pomocn\u00edkem pro v\u0161echny milovn\u00edky saunov\u00e1n\u00ed.<br \/>\nVyrobeno v \u010cech\u00e1ch spole\u010dnost\u00ed Veba s tradic\u00ed v\u00fdroby kvalitn\u00edch textili\u00ed od roku 1856.<\/p>\n<p><img loading=\"lazy\" class=\"size-full wp-image-1674 aligncenter\" src=\"https:\/\/anderskafka.cz\/eshop\/wp-content\/uploads\/sites\/3\/2023\/02\/01-veba-tradicni-cesky-vyrobce.png\" alt=\"\" width=\"200\" height=\"200\" srcset=\"https:\/\/anderskafka.cz\/eshop\/wp-content\/uploads\/sites\/3\/2023\/02\/01-veba-tradicni-cesky-vyrobce.png 200w, https:\/\/anderskafka.cz\/eshop\/wp-content\/uploads\/sites\/3\/2023\/02\/01-veba-tradicni-cesky-vyrobce-150x150.png 150w, https:\/\/anderskafka.cz\/eshop\/wp-content\/uploads\/sites\/3\/2023\/02\/01-veba-tradicni-cesky-vyrobce-100x100.png 100w, https:\/\/anderskafka.cz\/eshop\/wp-content\/uploads\/sites\/3\/2023\/02\/01-veba-tradicni-cesky-vyrobce-64x64.png 64w\" sizes=\"(max-width: 200px) 100vw, 200px\" \/><\/p>\n","protected":false},"featured_media":7379,"comment_status":"open","ping_status":"closed","template":"","meta":{"site-sidebar-layout":"default","site-content-layout":"default","ast-main-header-display":"","ast-hfb-above-header-display":"","ast-hfb-below-header-display":"","ast-hfb-mobile-header-display":"","site-post-title":"","ast-breadcrumbs-content":"","ast-featured-img":"","footer-sml-layout":"","theme-transparent-header-meta":"","adv-header-id-meta":"","stick-header-meta":"","header-above-stick-meta":"","header-main-stick-meta":"","header-below-stick-meta":""},"location":[],"product_cat":[1373],"product_tag":[519],"yoast_head":"<!-- This site is optimized with the Yoast SEO plugin v18.5.1 - https:\/\/yoast.com\/wordpress\/plugins\/seo\/ -->\n<title>VEBA saunov\u00e9 prost\u011bradlo Premium ze 100% bavlny smetanov\u00e9 - Anders &amp; Kafka E-SHOP<\/title>\n<meta name=\"description\" content=\"Bavln\u011bn\u00e9 plachtov\u00e9 prost\u011bradlo, kter\u00e9 je nepostradateln\u00fdm pomocn\u00edkem pro v\u0161echny milovn\u00edky saunov\u00e1n\u00ed. Vyrobeno v \u010cech\u00e1ch spole\u010dnost\u00ed Veba s tradic\u00ed v\u00fdroby kvalitn\u00edch textili\u00ed od roku 1856.\" \/>\n<meta name=\"robots\" content=\"index, follow, max-snippet:-1, max-image-preview:large, max-video-preview:-1\" \/>\n<link rel=\"canonical\" href=\"https:\/\/anderskafka.cz\/eshop\/produkt\/veba-saunove-prosteradlo-premium-ze-100-bavlny-smetanove\/\" \/>\n<meta property=\"og:locale\" content=\"cs_CZ\" \/>\n<meta property=\"og:type\" content=\"article\" \/>\n<meta property=\"og:title\" content=\"VEBA saunov\u00e9 prost\u011bradlo Premium ze 100% bavlny smetanov\u00e9 - Anders &amp; Kafka E-SHOP\" \/>\n<meta property=\"og:description\" content=\"Bavln\u011bn\u00e9 plachtov\u00e9 prost\u011bradlo, kter\u00e9 je nepostradateln\u00fdm pomocn\u00edkem pro v\u0161echny milovn\u00edky saunov\u00e1n\u00ed. Vyrobeno v \u010cech\u00e1ch spole\u010dnost\u00ed Veba s tradic\u00ed v\u00fdroby kvalitn\u00edch textili\u00ed od roku 1856.\" \/>\n<meta property=\"og:url\" content=\"https:\/\/anderskafka.cz\/eshop\/produkt\/veba-saunove-prosteradlo-premium-ze-100-bavlny-smetanove\/\" \/>\n<meta property=\"og:site_name\" content=\"Anders &amp; Kafka E-SHOP\" \/>\n<meta property=\"article:modified_time\" content=\"2026-03-26T07:13:32+00:00\" \/>\n<meta property=\"og:image\" content=\"https:\/\/anderskafka.cz\/eshop\/wp-content\/uploads\/sites\/3\/2024\/05\/32663-1_vlasovy-turban-water-0100-saunove-prosteradlo-rr03.jpg\" \/>\n\t<meta property=\"og:image:width\" content=\"1024\" \/>\n\t<meta property=\"og:image:height\" content=\"1024\" \/>\n\t<meta property=\"og:image:type\" content=\"image\/jpeg\" \/>\n<meta name=\"twitter:card\" content=\"summary_large_image\" \/>\n<meta name=\"twitter:label1\" content=\"Odhadovan\u00e1 doba \u010dten\u00ed\" \/>\n\t<meta name=\"twitter:data1\" content=\"1 minuta\" \/>\n<script type=\"application\/ld+json\" class=\"yoast-schema-graph\">{\"@context\":\"https:\/\/schema.org\",\"@graph\":[{\"@type\":\"WebSite\",\"@id\":\"https:\/\/anderskafka.cz\/eshop\/#website\",\"url\":\"https:\/\/anderskafka.cz\/eshop\/\",\"name\":\"Anders &amp; Kafka E-SHOP\",\"description\":\"Anders &amp; Kafka E-SHOP\",\"potentialAction\":[{\"@type\":\"SearchAction\",\"target\":{\"@type\":\"EntryPoint\",\"urlTemplate\":\"https:\/\/anderskafka.cz\/eshop\/?s={search_term_string}\"},\"query-input\":\"required name=search_term_string\"}],\"inLanguage\":\"cs\"},{\"@type\":\"ImageObject\",\"@id\":\"https:\/\/anderskafka.cz\/eshop\/produkt\/veba-saunove-prosteradlo-premium-ze-100-bavlny-smetanove\/#primaryimage\",\"inLanguage\":\"cs\",\"url\":\"https:\/\/anderskafka.cz\/eshop\/wp-content\/uploads\/sites\/3\/2024\/05\/32663-1_vlasovy-turban-water-0100-saunove-prosteradlo-rr03.jpg\",\"contentUrl\":\"https:\/\/anderskafka.cz\/eshop\/wp-content\/uploads\/sites\/3\/2024\/05\/32663-1_vlasovy-turban-water-0100-saunove-prosteradlo-rr03.jpg\",\"width\":1024,\"height\":1024},{\"@type\":\"WebPage\",\"@id\":\"https:\/\/anderskafka.cz\/eshop\/produkt\/veba-saunove-prosteradlo-premium-ze-100-bavlny-smetanove\/#webpage\",\"url\":\"https:\/\/anderskafka.cz\/eshop\/produkt\/veba-saunove-prosteradlo-premium-ze-100-bavlny-smetanove\/\",\"name\":\"VEBA saunov\u00e9 prost\u011bradlo Premium ze 100% bavlny smetanov\u00e9 - Anders &amp; Kafka E-SHOP\",\"isPartOf\":{\"@id\":\"https:\/\/anderskafka.cz\/eshop\/#website\"},\"primaryImageOfPage\":{\"@id\":\"https:\/\/anderskafka.cz\/eshop\/produkt\/veba-saunove-prosteradlo-premium-ze-100-bavlny-smetanove\/#primaryimage\"},\"datePublished\":\"2024-05-03T08:23:06+00:00\",\"dateModified\":\"2026-03-26T07:13:32+00:00\",\"description\":\"Bavln\u011bn\u00e9 plachtov\u00e9 prost\u011bradlo, kter\u00e9 je nepostradateln\u00fdm pomocn\u00edkem pro v\u0161echny milovn\u00edky saunov\u00e1n\u00ed. Vyrobeno v \u010cech\u00e1ch spole\u010dnost\u00ed Veba s tradic\u00ed v\u00fdroby kvalitn\u00edch textili\u00ed od roku 1856.\",\"breadcrumb\":{\"@id\":\"https:\/\/anderskafka.cz\/eshop\/produkt\/veba-saunove-prosteradlo-premium-ze-100-bavlny-smetanove\/#breadcrumb\"},\"inLanguage\":\"cs\",\"potentialAction\":[{\"@type\":\"ReadAction\",\"target\":[\"https:\/\/anderskafka.cz\/eshop\/produkt\/veba-saunove-prosteradlo-premium-ze-100-bavlny-smetanove\/\"]}]},{\"@type\":\"BreadcrumbList\",\"@id\":\"https:\/\/anderskafka.cz\/eshop\/produkt\/veba-saunove-prosteradlo-premium-ze-100-bavlny-smetanove\/#breadcrumb\",\"itemListElement\":[{\"@type\":\"ListItem\",\"position\":1,\"name\":\"Obchod\",\"item\":\"https:\/\/anderskafka.cz\/eshop\/obchod\/\"},{\"@type\":\"ListItem\",\"position\":2,\"name\":\"VEBA saunov\u00e9 prost\u011bradlo Premium ze 100% bavlny smetanov\u00e9\"}]}]}<\/script>\n<!-- \/ Yoast SEO plugin. -->","yoast_head_json":{"title":"VEBA saunov\u00e9 prost\u011bradlo Premium ze 100% bavlny smetanov\u00e9 - Anders &amp; Kafka E-SHOP","description":"Bavln\u011bn\u00e9 plachtov\u00e9 prost\u011bradlo, kter\u00e9 je nepostradateln\u00fdm pomocn\u00edkem pro v\u0161echny milovn\u00edky saunov\u00e1n\u00ed. Vyrobeno v \u010cech\u00e1ch spole\u010dnost\u00ed Veba s tradic\u00ed v\u00fdroby kvalitn\u00edch textili\u00ed od roku 1856.","robots":{"index":"index","follow":"follow","max-snippet":"max-snippet:-1","max-image-preview":"max-image-preview:large","max-video-preview":"max-video-preview:-1"},"canonical":"https:\/\/anderskafka.cz\/eshop\/produkt\/veba-saunove-prosteradlo-premium-ze-100-bavlny-smetanove\/","og_locale":"cs_CZ","og_type":"article","og_title":"VEBA saunov\u00e9 prost\u011bradlo Premium ze 100% bavlny smetanov\u00e9 - Anders &amp; Kafka E-SHOP","og_description":"Bavln\u011bn\u00e9 plachtov\u00e9 prost\u011bradlo, kter\u00e9 je nepostradateln\u00fdm pomocn\u00edkem pro v\u0161echny milovn\u00edky saunov\u00e1n\u00ed. Vyrobeno v \u010cech\u00e1ch spole\u010dnost\u00ed Veba s tradic\u00ed v\u00fdroby kvalitn\u00edch textili\u00ed od roku 1856.","og_url":"https:\/\/anderskafka.cz\/eshop\/produkt\/veba-saunove-prosteradlo-premium-ze-100-bavlny-smetanove\/","og_site_name":"Anders &amp; Kafka E-SHOP","article_modified_time":"2026-03-26T07:13:32+00:00","og_image":[{"width":1024,"height":1024,"url":"https:\/\/anderskafka.cz\/eshop\/wp-content\/uploads\/sites\/3\/2024\/05\/32663-1_vlasovy-turban-water-0100-saunove-prosteradlo-rr03.jpg","type":"image\/jpeg"}],"twitter_card":"summary_large_image","twitter_misc":{"Odhadovan\u00e1 doba \u010dten\u00ed":"1 minuta"},"schema":{"@context":"https:\/\/schema.org","@graph":[{"@type":"WebSite","@id":"https:\/\/anderskafka.cz\/eshop\/#website","url":"https:\/\/anderskafka.cz\/eshop\/","name":"Anders &amp; Kafka E-SHOP","description":"Anders &amp; Kafka E-SHOP","potentialAction":[{"@type":"SearchAction","target":{"@type":"EntryPoint","urlTemplate":"https:\/\/anderskafka.cz\/eshop\/?s={search_term_string}"},"query-input":"required name=search_term_string"}],"inLanguage":"cs"},{"@type":"ImageObject","@id":"https:\/\/anderskafka.cz\/eshop\/produkt\/veba-saunove-prosteradlo-premium-ze-100-bavlny-smetanove\/#primaryimage","inLanguage":"cs","url":"https:\/\/anderskafka.cz\/eshop\/wp-content\/uploads\/sites\/3\/2024\/05\/32663-1_vlasovy-turban-water-0100-saunove-prosteradlo-rr03.jpg","contentUrl":"https:\/\/anderskafka.cz\/eshop\/wp-content\/uploads\/sites\/3\/2024\/05\/32663-1_vlasovy-turban-water-0100-saunove-prosteradlo-rr03.jpg","width":1024,"height":1024},{"@type":"WebPage","@id":"https:\/\/anderskafka.cz\/eshop\/produkt\/veba-saunove-prosteradlo-premium-ze-100-bavlny-smetanove\/#webpage","url":"https:\/\/anderskafka.cz\/eshop\/produkt\/veba-saunove-prosteradlo-premium-ze-100-bavlny-smetanove\/","name":"VEBA saunov\u00e9 prost\u011bradlo Premium ze 100% bavlny smetanov\u00e9 - Anders &amp; Kafka E-SHOP","isPartOf":{"@id":"https:\/\/anderskafka.cz\/eshop\/#website"},"primaryImageOfPage":{"@id":"https:\/\/anderskafka.cz\/eshop\/produkt\/veba-saunove-prosteradlo-premium-ze-100-bavlny-smetanove\/#primaryimage"},"datePublished":"2024-05-03T08:23:06+00:00","dateModified":"2026-03-26T07:13:32+00:00","description":"Bavln\u011bn\u00e9 plachtov\u00e9 prost\u011bradlo, kter\u00e9 je nepostradateln\u00fdm pomocn\u00edkem pro v\u0161echny milovn\u00edky saunov\u00e1n\u00ed. Vyrobeno v \u010cech\u00e1ch spole\u010dnost\u00ed Veba s tradic\u00ed v\u00fdroby kvalitn\u00edch textili\u00ed od roku 1856.","breadcrumb":{"@id":"https:\/\/anderskafka.cz\/eshop\/produkt\/veba-saunove-prosteradlo-premium-ze-100-bavlny-smetanove\/#breadcrumb"},"inLanguage":"cs","potentialAction":[{"@type":"ReadAction","target":["https:\/\/anderskafka.cz\/eshop\/produkt\/veba-saunove-prosteradlo-premium-ze-100-bavlny-smetanove\/"]}]},{"@type":"BreadcrumbList","@id":"https:\/\/anderskafka.cz\/eshop\/produkt\/veba-saunove-prosteradlo-premium-ze-100-bavlny-smetanove\/#breadcrumb","itemListElement":[{"@type":"ListItem","position":1,"name":"Obchod","item":"https:\/\/anderskafka.cz\/eshop\/obchod\/"},{"@type":"ListItem","position":2,"name":"VEBA saunov\u00e9 prost\u011bradlo Premium ze 100% bavlny smetanov\u00e9"}]}]}},"locations":[],"_links":{"self":[{"href":"https:\/\/anderskafka.cz\/eshop\/wp-json\/wp\/v2\/product\/7378"}],"collection":[{"href":"https:\/\/anderskafka.cz\/eshop\/wp-json\/wp\/v2\/product"}],"about":[{"href":"https:\/\/anderskafka.cz\/eshop\/wp-json\/wp\/v2\/types\/product"}],"replies":[{"embeddable":true,"href":"https:\/\/anderskafka.cz\/eshop\/wp-json\/wp\/v2\/comments?post=7378"}],"wp:featuredmedia":[{"embeddable":true,"href":"https:\/\/anderskafka.cz\/eshop\/wp-json\/wp\/v2\/media\/7379"}],"wp:attachment":[{"href":"https:\/\/anderskafka.cz\/eshop\/wp-json\/wp\/v2\/media?parent=7378"}],"wp:term":[{"taxonomy":"location","embeddable":true,"href":"https:\/\/anderskafka.cz\/eshop\/wp-json\/wp\/v2\/location?post=7378"},{"taxonomy":"product_cat","embeddable":true,"href":"https:\/\/anderskafka.cz\/eshop\/wp-json\/wp\/v2\/product_cat?post=7378"},{"taxonomy":"product_tag","embeddable":true,"href":"https:\/\/anderskafka.cz\/eshop\/wp-json\/wp\/v2\/product_tag?post=7378"}],"curies":[{"name":"wp","href":"https:\/\/api.w.org\/{rel}","templated":true}]}}