{"id":7410,"date":"2024-05-15T08:21:11","date_gmt":"2024-05-15T06:21:11","guid":{"rendered":"https:\/\/anderskafka.cz\/eshop\/?post_type=product&#038;p=7410"},"modified":"2025-10-29T12:35:02","modified_gmt":"2025-10-29T11:35:02","slug":"tfa-drevena-stanice-z-naolejovaneho-dubu-pro-mereni-klimatu-v-saune-kopirovat","status":"publish","type":"product","link":"https:\/\/anderskafka.cz\/eshop\/produkt\/tfa-drevena-stanice-z-naolejovaneho-dubu-pro-mereni-klimatu-v-saune-kopirovat\/","title":{"rendered":"TFA d\u0159ev\u011bn\u00e1 stanice z naolejovan\u00e9ho dubu pro m\u011b\u0159en\u00ed klimatu v saun\u011b"},"content":{"rendered":"<p>Stanice modern\u00edho vzhledu pro m\u011b\u0159en\u00ed teploty a vhlkosti v saun\u011b. Kruhov\u00fd cifern\u00edk je osazen\u00fd v d\u0159ev\u011bn\u00e9m r\u00e1mu o velikosti 185 x 2000 mm z masivn\u00edho kusu naolejovan\u00e9ho dubu .<br \/>\nTeplom\u011br a vlhkom\u011br s rozsahem m\u011b\u0159en\u00ed 20 &#8211; 120 \u00b0C \/ 0 &#8211; 67 % rel. vlhkosti vzduchu. Na zadn\u00ed stran\u011b je z\u00e1v\u011bs na ze\u010f. Stanici um\u00edst\u011bte cca 25 cm pod strop sauny, v \u017e\u00e1dn\u00e9m p\u0159\u00edpad\u011b ne nad saunov\u00e9 topidlo nebo p\u0159\u00edmo vedle topidla.<\/p>\n","protected":false},"excerpt":{"rendered":"<p>Stanice modern\u00edho vzhledu pro m\u011b\u0159en\u00ed teploty a vhlkosti v saun\u011b. Kruhov\u00fd cifern\u00edk je osazen\u00fd v d\u0159ev\u011bn\u00e9m r\u00e1mu o velikosti 185 x 2000 mm z masivn\u00edho kusu naolejovan\u00e9ho dubu .<\/p>\n<p>N\u011bmeck\u00e1 spole\u010dnost TFA \u00a0je specialistou na v\u00fdrobu m\u011b\u0159\u00edc\u00ed techniky \u00a0s mnohalet\u00fdmi zku\u0161enostmi a know-how s v\u00fdrobou saunov\u00fdch m\u011b\u0159idel.<br \/>\n<img loading=\"lazy\" class=\"size-full wp-image-1496 aligncenter\" src=\"https:\/\/anderskafka.cz\/eshop\/wp-content\/uploads\/sites\/3\/2022\/12\/made-in-germany-label-icon-of-german-flag-map-vector-22965302.jpg\" alt=\"\" width=\"250\" height=\"250\" srcset=\"https:\/\/anderskafka.cz\/eshop\/wp-content\/uploads\/sites\/3\/2022\/12\/made-in-germany-label-icon-of-german-flag-map-vector-22965302.jpg 250w, https:\/\/anderskafka.cz\/eshop\/wp-content\/uploads\/sites\/3\/2022\/12\/made-in-germany-label-icon-of-german-flag-map-vector-22965302-150x150.jpg 150w, https:\/\/anderskafka.cz\/eshop\/wp-content\/uploads\/sites\/3\/2022\/12\/made-in-germany-label-icon-of-german-flag-map-vector-22965302-100x100.jpg 100w, https:\/\/anderskafka.cz\/eshop\/wp-content\/uploads\/sites\/3\/2022\/12\/made-in-germany-label-icon-of-german-flag-map-vector-22965302-64x64.jpg 64w\" sizes=\"(max-width: 250px) 100vw, 250px\" \/><\/p>\n<p>&nbsp;<\/p>\n","protected":false},"featured_media":7411,"comment_status":"open","ping_status":"closed","template":"","meta":{"site-sidebar-layout":"default","site-content-layout":"default","ast-main-header-display":"","ast-hfb-above-header-display":"","ast-hfb-below-header-display":"","ast-hfb-mobile-header-display":"","site-post-title":"","ast-breadcrumbs-content":"","ast-featured-img":"","footer-sml-layout":"","theme-transparent-header-meta":"","adv-header-id-meta":"","stick-header-meta":"","header-above-stick-meta":"","header-main-stick-meta":"","header-below-stick-meta":""},"location":[],"product_cat":[442],"product_tag":[1320],"yoast_head":"<!-- This site is optimized with the Yoast SEO plugin v18.5.1 - https:\/\/yoast.com\/wordpress\/plugins\/seo\/ -->\n<title>TFA d\u0159ev\u011bn\u00e1 stanice z naolejovan\u00e9ho dubu pro m\u011b\u0159en\u00ed klimatu v saun\u011b - Anders &amp; Kafka E-SHOP<\/title>\n<meta name=\"description\" content=\"Stanice modern\u00edho vzhledu pro m\u011b\u0159en\u00ed teploty a vhlkosti v saun\u011b. Kruhov\u00fd cifern\u00edk je osazen\u00fd v d\u0159ev\u011bn\u00e9m r\u00e1mu o velikosti 185 x 2000 mm z masivn\u00edho kusu naolejovan\u00e9ho dubu .  N\u011bmeck\u00e1 spole\u010dnost TFA \u00a0je specialistou na v\u00fdrobu m\u011b\u0159\u00edc\u00ed techniky \u00a0s mnohalet\u00fdmi zku\u0161enostmi a know-how s v\u00fdrobou saunov\u00fdch m\u011b\u0159idel.   &nbsp;\" \/>\n<meta name=\"robots\" content=\"index, follow, max-snippet:-1, max-image-preview:large, max-video-preview:-1\" \/>\n<link rel=\"canonical\" href=\"https:\/\/anderskafka.cz\/eshop\/produkt\/tfa-drevena-stanice-z-naolejovaneho-dubu-pro-mereni-klimatu-v-saune-kopirovat\/\" \/>\n<meta property=\"og:locale\" content=\"cs_CZ\" \/>\n<meta property=\"og:type\" content=\"article\" \/>\n<meta property=\"og:title\" content=\"TFA d\u0159ev\u011bn\u00e1 stanice z naolejovan\u00e9ho dubu pro m\u011b\u0159en\u00ed klimatu v saun\u011b - Anders &amp; Kafka E-SHOP\" \/>\n<meta property=\"og:description\" content=\"Stanice modern\u00edho vzhledu pro m\u011b\u0159en\u00ed teploty a vhlkosti v saun\u011b. Kruhov\u00fd cifern\u00edk je osazen\u00fd v d\u0159ev\u011bn\u00e9m r\u00e1mu o velikosti 185 x 2000 mm z masivn\u00edho kusu naolejovan\u00e9ho dubu .  N\u011bmeck\u00e1 spole\u010dnost TFA \u00a0je specialistou na v\u00fdrobu m\u011b\u0159\u00edc\u00ed techniky \u00a0s mnohalet\u00fdmi zku\u0161enostmi a know-how s v\u00fdrobou saunov\u00fdch m\u011b\u0159idel.   &nbsp;\" \/>\n<meta property=\"og:url\" content=\"https:\/\/anderskafka.cz\/eshop\/produkt\/tfa-drevena-stanice-z-naolejovaneho-dubu-pro-mereni-klimatu-v-saune-kopirovat\/\" \/>\n<meta property=\"og:site_name\" content=\"Anders &amp; Kafka E-SHOP\" \/>\n<meta property=\"article:modified_time\" content=\"2025-10-29T11:35:02+00:00\" \/>\n<meta property=\"og:image\" content=\"https:\/\/anderskafka.cz\/eshop\/wp-content\/uploads\/sites\/3\/2024\/05\/40105101.jpg\" \/>\n\t<meta property=\"og:image:width\" content=\"1200\" \/>\n\t<meta property=\"og:image:height\" content=\"1200\" \/>\n\t<meta property=\"og:image:type\" content=\"image\/jpeg\" \/>\n<meta name=\"twitter:card\" content=\"summary_large_image\" \/>\n<meta name=\"twitter:label1\" content=\"Odhadovan\u00e1 doba \u010dten\u00ed\" \/>\n\t<meta name=\"twitter:data1\" content=\"1 minuta\" \/>\n<script type=\"application\/ld+json\" class=\"yoast-schema-graph\">{\"@context\":\"https:\/\/schema.org\",\"@graph\":[{\"@type\":\"WebSite\",\"@id\":\"https:\/\/anderskafka.cz\/eshop\/#website\",\"url\":\"https:\/\/anderskafka.cz\/eshop\/\",\"name\":\"Anders &amp; Kafka E-SHOP\",\"description\":\"Anders &amp; Kafka E-SHOP\",\"potentialAction\":[{\"@type\":\"SearchAction\",\"target\":{\"@type\":\"EntryPoint\",\"urlTemplate\":\"https:\/\/anderskafka.cz\/eshop\/?s={search_term_string}\"},\"query-input\":\"required name=search_term_string\"}],\"inLanguage\":\"cs\"},{\"@type\":\"ImageObject\",\"@id\":\"https:\/\/anderskafka.cz\/eshop\/produkt\/tfa-drevena-stanice-z-naolejovaneho-dubu-pro-mereni-klimatu-v-saune-kopirovat\/#primaryimage\",\"inLanguage\":\"cs\",\"url\":\"https:\/\/anderskafka.cz\/eshop\/wp-content\/uploads\/sites\/3\/2024\/05\/40105101.jpg\",\"contentUrl\":\"https:\/\/anderskafka.cz\/eshop\/wp-content\/uploads\/sites\/3\/2024\/05\/40105101.jpg\",\"width\":1200,\"height\":1200},{\"@type\":\"WebPage\",\"@id\":\"https:\/\/anderskafka.cz\/eshop\/produkt\/tfa-drevena-stanice-z-naolejovaneho-dubu-pro-mereni-klimatu-v-saune-kopirovat\/#webpage\",\"url\":\"https:\/\/anderskafka.cz\/eshop\/produkt\/tfa-drevena-stanice-z-naolejovaneho-dubu-pro-mereni-klimatu-v-saune-kopirovat\/\",\"name\":\"TFA d\u0159ev\u011bn\u00e1 stanice z naolejovan\u00e9ho dubu pro m\u011b\u0159en\u00ed klimatu v saun\u011b - Anders &amp; Kafka E-SHOP\",\"isPartOf\":{\"@id\":\"https:\/\/anderskafka.cz\/eshop\/#website\"},\"primaryImageOfPage\":{\"@id\":\"https:\/\/anderskafka.cz\/eshop\/produkt\/tfa-drevena-stanice-z-naolejovaneho-dubu-pro-mereni-klimatu-v-saune-kopirovat\/#primaryimage\"},\"datePublished\":\"2024-05-15T06:21:11+00:00\",\"dateModified\":\"2025-10-29T11:35:02+00:00\",\"description\":\"Stanice modern\u00edho vzhledu pro m\u011b\u0159en\u00ed teploty a vhlkosti v saun\u011b. Kruhov\u00fd cifern\u00edk je osazen\u00fd v d\u0159ev\u011bn\u00e9m r\u00e1mu o velikosti 185 x 2000 mm z masivn\u00edho kusu naolejovan\u00e9ho dubu . N\u011bmeck\u00e1 spole\u010dnost TFA \u00a0je specialistou na v\u00fdrobu m\u011b\u0159\u00edc\u00ed techniky \u00a0s mnohalet\u00fdmi zku\u0161enostmi a know-how s v\u00fdrobou saunov\u00fdch m\u011b\u0159idel. &nbsp;\",\"breadcrumb\":{\"@id\":\"https:\/\/anderskafka.cz\/eshop\/produkt\/tfa-drevena-stanice-z-naolejovaneho-dubu-pro-mereni-klimatu-v-saune-kopirovat\/#breadcrumb\"},\"inLanguage\":\"cs\",\"potentialAction\":[{\"@type\":\"ReadAction\",\"target\":[\"https:\/\/anderskafka.cz\/eshop\/produkt\/tfa-drevena-stanice-z-naolejovaneho-dubu-pro-mereni-klimatu-v-saune-kopirovat\/\"]}]},{\"@type\":\"BreadcrumbList\",\"@id\":\"https:\/\/anderskafka.cz\/eshop\/produkt\/tfa-drevena-stanice-z-naolejovaneho-dubu-pro-mereni-klimatu-v-saune-kopirovat\/#breadcrumb\",\"itemListElement\":[{\"@type\":\"ListItem\",\"position\":1,\"name\":\"Obchod\",\"item\":\"https:\/\/anderskafka.cz\/eshop\/obchod\/\"},{\"@type\":\"ListItem\",\"position\":2,\"name\":\"TFA d\u0159ev\u011bn\u00e1 stanice z naolejovan\u00e9ho dubu pro m\u011b\u0159en\u00ed klimatu v saun\u011b\"}]}]}<\/script>\n<!-- \/ Yoast SEO plugin. -->","yoast_head_json":{"title":"TFA d\u0159ev\u011bn\u00e1 stanice z naolejovan\u00e9ho dubu pro m\u011b\u0159en\u00ed klimatu v saun\u011b - Anders &amp; Kafka E-SHOP","description":"Stanice modern\u00edho vzhledu pro m\u011b\u0159en\u00ed teploty a vhlkosti v saun\u011b. Kruhov\u00fd cifern\u00edk je osazen\u00fd v d\u0159ev\u011bn\u00e9m r\u00e1mu o velikosti 185 x 2000 mm z masivn\u00edho kusu naolejovan\u00e9ho dubu .  N\u011bmeck\u00e1 spole\u010dnost TFA \u00a0je specialistou na v\u00fdrobu m\u011b\u0159\u00edc\u00ed techniky \u00a0s mnohalet\u00fdmi zku\u0161enostmi a know-how s v\u00fdrobou saunov\u00fdch m\u011b\u0159idel.   &nbsp;","robots":{"index":"index","follow":"follow","max-snippet":"max-snippet:-1","max-image-preview":"max-image-preview:large","max-video-preview":"max-video-preview:-1"},"canonical":"https:\/\/anderskafka.cz\/eshop\/produkt\/tfa-drevena-stanice-z-naolejovaneho-dubu-pro-mereni-klimatu-v-saune-kopirovat\/","og_locale":"cs_CZ","og_type":"article","og_title":"TFA d\u0159ev\u011bn\u00e1 stanice z naolejovan\u00e9ho dubu pro m\u011b\u0159en\u00ed klimatu v saun\u011b - Anders &amp; Kafka E-SHOP","og_description":"Stanice modern\u00edho vzhledu pro m\u011b\u0159en\u00ed teploty a vhlkosti v saun\u011b. Kruhov\u00fd cifern\u00edk je osazen\u00fd v d\u0159ev\u011bn\u00e9m r\u00e1mu o velikosti 185 x 2000 mm z masivn\u00edho kusu naolejovan\u00e9ho dubu .  N\u011bmeck\u00e1 spole\u010dnost TFA \u00a0je specialistou na v\u00fdrobu m\u011b\u0159\u00edc\u00ed techniky \u00a0s mnohalet\u00fdmi zku\u0161enostmi a know-how s v\u00fdrobou saunov\u00fdch m\u011b\u0159idel.   &nbsp;","og_url":"https:\/\/anderskafka.cz\/eshop\/produkt\/tfa-drevena-stanice-z-naolejovaneho-dubu-pro-mereni-klimatu-v-saune-kopirovat\/","og_site_name":"Anders &amp; Kafka E-SHOP","article_modified_time":"2025-10-29T11:35:02+00:00","og_image":[{"width":1200,"height":1200,"url":"https:\/\/anderskafka.cz\/eshop\/wp-content\/uploads\/sites\/3\/2024\/05\/40105101.jpg","type":"image\/jpeg"}],"twitter_card":"summary_large_image","twitter_misc":{"Odhadovan\u00e1 doba \u010dten\u00ed":"1 minuta"},"schema":{"@context":"https:\/\/schema.org","@graph":[{"@type":"WebSite","@id":"https:\/\/anderskafka.cz\/eshop\/#website","url":"https:\/\/anderskafka.cz\/eshop\/","name":"Anders &amp; Kafka E-SHOP","description":"Anders &amp; Kafka E-SHOP","potentialAction":[{"@type":"SearchAction","target":{"@type":"EntryPoint","urlTemplate":"https:\/\/anderskafka.cz\/eshop\/?s={search_term_string}"},"query-input":"required name=search_term_string"}],"inLanguage":"cs"},{"@type":"ImageObject","@id":"https:\/\/anderskafka.cz\/eshop\/produkt\/tfa-drevena-stanice-z-naolejovaneho-dubu-pro-mereni-klimatu-v-saune-kopirovat\/#primaryimage","inLanguage":"cs","url":"https:\/\/anderskafka.cz\/eshop\/wp-content\/uploads\/sites\/3\/2024\/05\/40105101.jpg","contentUrl":"https:\/\/anderskafka.cz\/eshop\/wp-content\/uploads\/sites\/3\/2024\/05\/40105101.jpg","width":1200,"height":1200},{"@type":"WebPage","@id":"https:\/\/anderskafka.cz\/eshop\/produkt\/tfa-drevena-stanice-z-naolejovaneho-dubu-pro-mereni-klimatu-v-saune-kopirovat\/#webpage","url":"https:\/\/anderskafka.cz\/eshop\/produkt\/tfa-drevena-stanice-z-naolejovaneho-dubu-pro-mereni-klimatu-v-saune-kopirovat\/","name":"TFA d\u0159ev\u011bn\u00e1 stanice z naolejovan\u00e9ho dubu pro m\u011b\u0159en\u00ed klimatu v saun\u011b - Anders &amp; Kafka E-SHOP","isPartOf":{"@id":"https:\/\/anderskafka.cz\/eshop\/#website"},"primaryImageOfPage":{"@id":"https:\/\/anderskafka.cz\/eshop\/produkt\/tfa-drevena-stanice-z-naolejovaneho-dubu-pro-mereni-klimatu-v-saune-kopirovat\/#primaryimage"},"datePublished":"2024-05-15T06:21:11+00:00","dateModified":"2025-10-29T11:35:02+00:00","description":"Stanice modern\u00edho vzhledu pro m\u011b\u0159en\u00ed teploty a vhlkosti v saun\u011b. Kruhov\u00fd cifern\u00edk je osazen\u00fd v d\u0159ev\u011bn\u00e9m r\u00e1mu o velikosti 185 x 2000 mm z masivn\u00edho kusu naolejovan\u00e9ho dubu . N\u011bmeck\u00e1 spole\u010dnost TFA \u00a0je specialistou na v\u00fdrobu m\u011b\u0159\u00edc\u00ed techniky \u00a0s mnohalet\u00fdmi zku\u0161enostmi a know-how s v\u00fdrobou saunov\u00fdch m\u011b\u0159idel. &nbsp;","breadcrumb":{"@id":"https:\/\/anderskafka.cz\/eshop\/produkt\/tfa-drevena-stanice-z-naolejovaneho-dubu-pro-mereni-klimatu-v-saune-kopirovat\/#breadcrumb"},"inLanguage":"cs","potentialAction":[{"@type":"ReadAction","target":["https:\/\/anderskafka.cz\/eshop\/produkt\/tfa-drevena-stanice-z-naolejovaneho-dubu-pro-mereni-klimatu-v-saune-kopirovat\/"]}]},{"@type":"BreadcrumbList","@id":"https:\/\/anderskafka.cz\/eshop\/produkt\/tfa-drevena-stanice-z-naolejovaneho-dubu-pro-mereni-klimatu-v-saune-kopirovat\/#breadcrumb","itemListElement":[{"@type":"ListItem","position":1,"name":"Obchod","item":"https:\/\/anderskafka.cz\/eshop\/obchod\/"},{"@type":"ListItem","position":2,"name":"TFA d\u0159ev\u011bn\u00e1 stanice z naolejovan\u00e9ho dubu pro m\u011b\u0159en\u00ed klimatu v saun\u011b"}]}]}},"locations":[],"_links":{"self":[{"href":"https:\/\/anderskafka.cz\/eshop\/wp-json\/wp\/v2\/product\/7410"}],"collection":[{"href":"https:\/\/anderskafka.cz\/eshop\/wp-json\/wp\/v2\/product"}],"about":[{"href":"https:\/\/anderskafka.cz\/eshop\/wp-json\/wp\/v2\/types\/product"}],"replies":[{"embeddable":true,"href":"https:\/\/anderskafka.cz\/eshop\/wp-json\/wp\/v2\/comments?post=7410"}],"wp:featuredmedia":[{"embeddable":true,"href":"https:\/\/anderskafka.cz\/eshop\/wp-json\/wp\/v2\/media\/7411"}],"wp:attachment":[{"href":"https:\/\/anderskafka.cz\/eshop\/wp-json\/wp\/v2\/media?parent=7410"}],"wp:term":[{"taxonomy":"location","embeddable":true,"href":"https:\/\/anderskafka.cz\/eshop\/wp-json\/wp\/v2\/location?post=7410"},{"taxonomy":"product_cat","embeddable":true,"href":"https:\/\/anderskafka.cz\/eshop\/wp-json\/wp\/v2\/product_cat?post=7410"},{"taxonomy":"product_tag","embeddable":true,"href":"https:\/\/anderskafka.cz\/eshop\/wp-json\/wp\/v2\/product_tag?post=7410"}],"curies":[{"name":"wp","href":"https:\/\/api.w.org\/{rel}","templated":true}]}}