{"id":7749,"date":"2024-07-20T13:34:55","date_gmt":"2024-07-20T11:34:55","guid":{"rendered":"https:\/\/anderskafka.cz\/eshop\/?post_type=product&#038;p=7749"},"modified":"2025-11-12T09:46:44","modified_gmt":"2025-11-12T08:46:44","slug":"doterra-jedle-sibirska-siberian-fir-15ml","status":"publish","type":"product","link":"https:\/\/anderskafka.cz\/eshop\/produkt\/doterra-jedle-sibirska-siberian-fir-15ml\/","title":{"rendered":"Esenci\u00e1ln\u00ed olej d\u014dTERRA\u2122 Jedle sibi\u0159sk\u00e1 \u2013 Siberian Fir 15ml"},"content":{"rendered":"<p>Nechte se h\u00fd\u010dkat p\u0159\u00edjemn\u00fdm aroma p\u0159\u00edrody s jedl\u00ed sibi\u0159skou spole\u010dnosti D\u014dTERRA\u2122. Se svoj\u00ed osv\u011b\u017euj\u00edc\u00ed d\u0159evitou v\u016fn\u00ed bude ide\u00e1ln\u00ed sou\u010d\u00e1st\u00ed va\u0161ich saunov\u00fdch esenci\u00e1ln\u00edch olej\u016f. \u00a0M\u00e1 zm\u00edr\u0148uj\u00edc\u00ed \u00fa\u010dinky, uklid\u0148uje a uvol\u0148uje. Zlep\u0161uje d\u00fdch\u00e1n\u00ed i sp\u00e1nek a sni\u017euje \u00fanavu. P\u0159i nanesen\u00ed na poko\u017eku zm\u00edr\u0148uje jej\u00ed lehk\u00e9 podr\u00e1\u017ed\u011bn\u00ed.<\/p>\n<p><span style=\"font-size: 16px\">POU\u017dIT\u00cd<\/span><\/p>\n<p>P\u0159idejte p\u00e1r kapek do saunov\u00e9ho v\u011bdra s vodou a postupn\u011b nal\u00e9vejte na rozp\u00e1len\u00e9 saunov\u00e9 kameny.<br \/>\nNakapejte do vody v difuz\u00e9ru.<br \/>\nP\u0159idejte n\u011bkolik kapek Jedle sibi\u0159sk\u00e9 do tepl\u00e9 koupele pro jeho relaxa\u010dn\u00ed \u00fa\u010dinky.<br \/>\nNa mas\u00e1\u017e sm\u00edchejte p\u00e1r kapek s nosn\u00fdm olejem.<\/p>\n<p>Citliv\u00e1 poko\u017eka m\u016f\u017ee reagovat podr\u00e1\u017ed\u011bn\u00edm. Uchov\u00e1vejte mimo dosah d\u011bt\u00ed. Zamezte styku s o\u010dima, vnit\u0159kem u\u0161\u00ed i s citliv\u00fdmi m\u00edsty na poko\u017ece.<\/p>\n<p>&nbsp;<\/p>\n<div>\n<p>Obsah t\u00e9to webov\u00e9 str\u00e1nky vych\u00e1z\u00ed z n\u00e1zor\u016f spole\u010dnosti doTERRA.<\/p>\n<\/div>\n","protected":false},"excerpt":{"rendered":"<p>Nechte se h\u00fd\u010dkat p\u0159\u00edjemn\u00fdm aroma p\u0159\u00edrody s jedl\u00ed sibi\u0159skou spole\u010dnosti D\u014dTERRA\u2122. Se svoj\u00ed osv\u011b\u017euj\u00edc\u00ed d\u0159evitou v\u016fn\u00ed bude ide\u00e1ln\u00ed sou\u010d\u00e1st\u00ed va\u0161ich saunov\u00fdch esenci\u00e1ln\u00edch olej\u016f. Osv\u011b\u017euje prost\u0159ed\u00ed, uvol\u0148uje svaly, zlep\u0161uje n\u00e1ladu, zklid\u0148uje mysl a podporuje zdrav\u00fd sp\u00e1nek i d\u00fdch\u00e1n\u00ed.<\/p>\n<p>P\u0159idejte p\u00e1r kapek do saunov\u00e9ho v\u011bdra s vodou a postupn\u011b nal\u00e9vejte na rozp\u00e1len\u00e9 saunov\u00e9 kameny.<\/p>\n<p>&nbsp;<\/p>\n","protected":false},"featured_media":8023,"comment_status":"open","ping_status":"closed","template":"","meta":{"site-sidebar-layout":"default","site-content-layout":"default","ast-main-header-display":"","ast-hfb-above-header-display":"","ast-hfb-below-header-display":"","ast-hfb-mobile-header-display":"","site-post-title":"","ast-breadcrumbs-content":"","ast-featured-img":"","footer-sml-layout":"","theme-transparent-header-meta":"","adv-header-id-meta":"","stick-header-meta":"","header-above-stick-meta":"","header-main-stick-meta":"","header-below-stick-meta":""},"location":[],"product_cat":[959],"product_tag":[958],"yoast_head":"<!-- This site is optimized with the Yoast SEO plugin v18.5.1 - https:\/\/yoast.com\/wordpress\/plugins\/seo\/ -->\n<title>Esenci\u00e1ln\u00ed olej d\u014dTERRA\u2122 Jedle sibi\u0159sk\u00e1 \u2013 Siberian Fir 15ml - Anders &amp; Kafka E-SHOP<\/title>\n<meta name=\"description\" content=\"Nechte se h\u00fd\u010dkat p\u0159\u00edjemn\u00fdm aroma p\u0159\u00edrody s jedl\u00ed sibi\u0159skou spole\u010dnosti D\u014dTERRA\u2122. Se svoj\u00ed osv\u011b\u017euj\u00edc\u00ed d\u0159evitou v\u016fn\u00ed bude ide\u00e1ln\u00ed sou\u010d\u00e1st\u00ed va\u0161ich saunov\u00fdch esenci\u00e1ln\u00edch olej\u016f. Osv\u011b\u017euje prost\u0159ed\u00ed, uvol\u0148uje svaly, zlep\u0161uje n\u00e1ladu, zklid\u0148uje mysl a podporuje zdrav\u00fd sp\u00e1nek i d\u00fdch\u00e1n\u00ed.  P\u0159idejte p\u00e1r kapek do saunov\u00e9ho v\u011bdra s vodou a postupn\u011b nal\u00e9vejte na rozp\u00e1len\u00e9 saunov\u00e9 kameny.  &nbsp;\" \/>\n<meta name=\"robots\" content=\"index, follow, max-snippet:-1, max-image-preview:large, max-video-preview:-1\" \/>\n<link rel=\"canonical\" href=\"https:\/\/anderskafka.cz\/eshop\/produkt\/doterra-jedle-sibirska-siberian-fir-15ml\/\" \/>\n<meta property=\"og:locale\" content=\"cs_CZ\" \/>\n<meta property=\"og:type\" content=\"article\" \/>\n<meta property=\"og:title\" content=\"Esenci\u00e1ln\u00ed olej d\u014dTERRA\u2122 Jedle sibi\u0159sk\u00e1 \u2013 Siberian Fir 15ml - Anders &amp; Kafka E-SHOP\" \/>\n<meta property=\"og:description\" content=\"Nechte se h\u00fd\u010dkat p\u0159\u00edjemn\u00fdm aroma p\u0159\u00edrody s jedl\u00ed sibi\u0159skou spole\u010dnosti D\u014dTERRA\u2122. Se svoj\u00ed osv\u011b\u017euj\u00edc\u00ed d\u0159evitou v\u016fn\u00ed bude ide\u00e1ln\u00ed sou\u010d\u00e1st\u00ed va\u0161ich saunov\u00fdch esenci\u00e1ln\u00edch olej\u016f. Osv\u011b\u017euje prost\u0159ed\u00ed, uvol\u0148uje svaly, zlep\u0161uje n\u00e1ladu, zklid\u0148uje mysl a podporuje zdrav\u00fd sp\u00e1nek i d\u00fdch\u00e1n\u00ed.  P\u0159idejte p\u00e1r kapek do saunov\u00e9ho v\u011bdra s vodou a postupn\u011b nal\u00e9vejte na rozp\u00e1len\u00e9 saunov\u00e9 kameny.  &nbsp;\" \/>\n<meta property=\"og:url\" content=\"https:\/\/anderskafka.cz\/eshop\/produkt\/doterra-jedle-sibirska-siberian-fir-15ml\/\" \/>\n<meta property=\"og:site_name\" content=\"Anders &amp; Kafka E-SHOP\" \/>\n<meta property=\"article:modified_time\" content=\"2025-11-12T08:46:44+00:00\" \/>\n<meta property=\"og:image\" content=\"https:\/\/anderskafka.cz\/eshop\/wp-content\/uploads\/sites\/3\/2024\/09\/Jedle_sibirska_15ml.png\" \/>\n\t<meta property=\"og:image:width\" content=\"1080\" \/>\n\t<meta property=\"og:image:height\" content=\"1080\" \/>\n\t<meta property=\"og:image:type\" content=\"image\/png\" \/>\n<meta name=\"twitter:card\" content=\"summary_large_image\" \/>\n<meta name=\"twitter:label1\" content=\"Odhadovan\u00e1 doba \u010dten\u00ed\" \/>\n\t<meta name=\"twitter:data1\" content=\"1 minuta\" \/>\n<script type=\"application\/ld+json\" class=\"yoast-schema-graph\">{\"@context\":\"https:\/\/schema.org\",\"@graph\":[{\"@type\":\"WebSite\",\"@id\":\"https:\/\/anderskafka.cz\/eshop\/#website\",\"url\":\"https:\/\/anderskafka.cz\/eshop\/\",\"name\":\"Anders &amp; Kafka E-SHOP\",\"description\":\"Anders &amp; Kafka E-SHOP\",\"potentialAction\":[{\"@type\":\"SearchAction\",\"target\":{\"@type\":\"EntryPoint\",\"urlTemplate\":\"https:\/\/anderskafka.cz\/eshop\/?s={search_term_string}\"},\"query-input\":\"required name=search_term_string\"}],\"inLanguage\":\"cs\"},{\"@type\":\"ImageObject\",\"@id\":\"https:\/\/anderskafka.cz\/eshop\/produkt\/doterra-jedle-sibirska-siberian-fir-15ml\/#primaryimage\",\"inLanguage\":\"cs\",\"url\":\"https:\/\/anderskafka.cz\/eshop\/wp-content\/uploads\/sites\/3\/2024\/09\/Jedle_sibirska_15ml.png\",\"contentUrl\":\"https:\/\/anderskafka.cz\/eshop\/wp-content\/uploads\/sites\/3\/2024\/09\/Jedle_sibirska_15ml.png\",\"width\":1080,\"height\":1080},{\"@type\":\"WebPage\",\"@id\":\"https:\/\/anderskafka.cz\/eshop\/produkt\/doterra-jedle-sibirska-siberian-fir-15ml\/#webpage\",\"url\":\"https:\/\/anderskafka.cz\/eshop\/produkt\/doterra-jedle-sibirska-siberian-fir-15ml\/\",\"name\":\"Esenci\u00e1ln\u00ed olej d\u014dTERRA\u2122 Jedle sibi\u0159sk\u00e1 \u2013 Siberian Fir 15ml - Anders &amp; Kafka E-SHOP\",\"isPartOf\":{\"@id\":\"https:\/\/anderskafka.cz\/eshop\/#website\"},\"primaryImageOfPage\":{\"@id\":\"https:\/\/anderskafka.cz\/eshop\/produkt\/doterra-jedle-sibirska-siberian-fir-15ml\/#primaryimage\"},\"datePublished\":\"2024-07-20T11:34:55+00:00\",\"dateModified\":\"2025-11-12T08:46:44+00:00\",\"description\":\"Nechte se h\u00fd\u010dkat p\u0159\u00edjemn\u00fdm aroma p\u0159\u00edrody s jedl\u00ed sibi\u0159skou spole\u010dnosti D\u014dTERRA\u2122. Se svoj\u00ed osv\u011b\u017euj\u00edc\u00ed d\u0159evitou v\u016fn\u00ed bude ide\u00e1ln\u00ed sou\u010d\u00e1st\u00ed va\u0161ich saunov\u00fdch esenci\u00e1ln\u00edch olej\u016f. Osv\u011b\u017euje prost\u0159ed\u00ed, uvol\u0148uje svaly, zlep\u0161uje n\u00e1ladu, zklid\u0148uje mysl a podporuje zdrav\u00fd sp\u00e1nek i d\u00fdch\u00e1n\u00ed. P\u0159idejte p\u00e1r kapek do saunov\u00e9ho v\u011bdra s vodou a postupn\u011b nal\u00e9vejte na rozp\u00e1len\u00e9 saunov\u00e9 kameny. &nbsp;\",\"breadcrumb\":{\"@id\":\"https:\/\/anderskafka.cz\/eshop\/produkt\/doterra-jedle-sibirska-siberian-fir-15ml\/#breadcrumb\"},\"inLanguage\":\"cs\",\"potentialAction\":[{\"@type\":\"ReadAction\",\"target\":[\"https:\/\/anderskafka.cz\/eshop\/produkt\/doterra-jedle-sibirska-siberian-fir-15ml\/\"]}]},{\"@type\":\"BreadcrumbList\",\"@id\":\"https:\/\/anderskafka.cz\/eshop\/produkt\/doterra-jedle-sibirska-siberian-fir-15ml\/#breadcrumb\",\"itemListElement\":[{\"@type\":\"ListItem\",\"position\":1,\"name\":\"Obchod\",\"item\":\"https:\/\/anderskafka.cz\/eshop\/obchod\/\"},{\"@type\":\"ListItem\",\"position\":2,\"name\":\"Esenci\u00e1ln\u00ed olej d\u014dTERRA\u2122 Jedle sibi\u0159sk\u00e1 \u2013 Siberian Fir 15ml\"}]}]}<\/script>\n<!-- \/ Yoast SEO plugin. -->","yoast_head_json":{"title":"Esenci\u00e1ln\u00ed olej d\u014dTERRA\u2122 Jedle sibi\u0159sk\u00e1 \u2013 Siberian Fir 15ml - Anders &amp; Kafka E-SHOP","description":"Nechte se h\u00fd\u010dkat p\u0159\u00edjemn\u00fdm aroma p\u0159\u00edrody s jedl\u00ed sibi\u0159skou spole\u010dnosti D\u014dTERRA\u2122. Se svoj\u00ed osv\u011b\u017euj\u00edc\u00ed d\u0159evitou v\u016fn\u00ed bude ide\u00e1ln\u00ed sou\u010d\u00e1st\u00ed va\u0161ich saunov\u00fdch esenci\u00e1ln\u00edch olej\u016f. Osv\u011b\u017euje prost\u0159ed\u00ed, uvol\u0148uje svaly, zlep\u0161uje n\u00e1ladu, zklid\u0148uje mysl a podporuje zdrav\u00fd sp\u00e1nek i d\u00fdch\u00e1n\u00ed.  P\u0159idejte p\u00e1r kapek do saunov\u00e9ho v\u011bdra s vodou a postupn\u011b nal\u00e9vejte na rozp\u00e1len\u00e9 saunov\u00e9 kameny.  &nbsp;","robots":{"index":"index","follow":"follow","max-snippet":"max-snippet:-1","max-image-preview":"max-image-preview:large","max-video-preview":"max-video-preview:-1"},"canonical":"https:\/\/anderskafka.cz\/eshop\/produkt\/doterra-jedle-sibirska-siberian-fir-15ml\/","og_locale":"cs_CZ","og_type":"article","og_title":"Esenci\u00e1ln\u00ed olej d\u014dTERRA\u2122 Jedle sibi\u0159sk\u00e1 \u2013 Siberian Fir 15ml - Anders &amp; Kafka E-SHOP","og_description":"Nechte se h\u00fd\u010dkat p\u0159\u00edjemn\u00fdm aroma p\u0159\u00edrody s jedl\u00ed sibi\u0159skou spole\u010dnosti D\u014dTERRA\u2122. Se svoj\u00ed osv\u011b\u017euj\u00edc\u00ed d\u0159evitou v\u016fn\u00ed bude ide\u00e1ln\u00ed sou\u010d\u00e1st\u00ed va\u0161ich saunov\u00fdch esenci\u00e1ln\u00edch olej\u016f. Osv\u011b\u017euje prost\u0159ed\u00ed, uvol\u0148uje svaly, zlep\u0161uje n\u00e1ladu, zklid\u0148uje mysl a podporuje zdrav\u00fd sp\u00e1nek i d\u00fdch\u00e1n\u00ed.  P\u0159idejte p\u00e1r kapek do saunov\u00e9ho v\u011bdra s vodou a postupn\u011b nal\u00e9vejte na rozp\u00e1len\u00e9 saunov\u00e9 kameny.  &nbsp;","og_url":"https:\/\/anderskafka.cz\/eshop\/produkt\/doterra-jedle-sibirska-siberian-fir-15ml\/","og_site_name":"Anders &amp; Kafka E-SHOP","article_modified_time":"2025-11-12T08:46:44+00:00","og_image":[{"width":1080,"height":1080,"url":"https:\/\/anderskafka.cz\/eshop\/wp-content\/uploads\/sites\/3\/2024\/09\/Jedle_sibirska_15ml.png","type":"image\/png"}],"twitter_card":"summary_large_image","twitter_misc":{"Odhadovan\u00e1 doba \u010dten\u00ed":"1 minuta"},"schema":{"@context":"https:\/\/schema.org","@graph":[{"@type":"WebSite","@id":"https:\/\/anderskafka.cz\/eshop\/#website","url":"https:\/\/anderskafka.cz\/eshop\/","name":"Anders &amp; Kafka E-SHOP","description":"Anders &amp; Kafka E-SHOP","potentialAction":[{"@type":"SearchAction","target":{"@type":"EntryPoint","urlTemplate":"https:\/\/anderskafka.cz\/eshop\/?s={search_term_string}"},"query-input":"required name=search_term_string"}],"inLanguage":"cs"},{"@type":"ImageObject","@id":"https:\/\/anderskafka.cz\/eshop\/produkt\/doterra-jedle-sibirska-siberian-fir-15ml\/#primaryimage","inLanguage":"cs","url":"https:\/\/anderskafka.cz\/eshop\/wp-content\/uploads\/sites\/3\/2024\/09\/Jedle_sibirska_15ml.png","contentUrl":"https:\/\/anderskafka.cz\/eshop\/wp-content\/uploads\/sites\/3\/2024\/09\/Jedle_sibirska_15ml.png","width":1080,"height":1080},{"@type":"WebPage","@id":"https:\/\/anderskafka.cz\/eshop\/produkt\/doterra-jedle-sibirska-siberian-fir-15ml\/#webpage","url":"https:\/\/anderskafka.cz\/eshop\/produkt\/doterra-jedle-sibirska-siberian-fir-15ml\/","name":"Esenci\u00e1ln\u00ed olej d\u014dTERRA\u2122 Jedle sibi\u0159sk\u00e1 \u2013 Siberian Fir 15ml - Anders &amp; Kafka E-SHOP","isPartOf":{"@id":"https:\/\/anderskafka.cz\/eshop\/#website"},"primaryImageOfPage":{"@id":"https:\/\/anderskafka.cz\/eshop\/produkt\/doterra-jedle-sibirska-siberian-fir-15ml\/#primaryimage"},"datePublished":"2024-07-20T11:34:55+00:00","dateModified":"2025-11-12T08:46:44+00:00","description":"Nechte se h\u00fd\u010dkat p\u0159\u00edjemn\u00fdm aroma p\u0159\u00edrody s jedl\u00ed sibi\u0159skou spole\u010dnosti D\u014dTERRA\u2122. Se svoj\u00ed osv\u011b\u017euj\u00edc\u00ed d\u0159evitou v\u016fn\u00ed bude ide\u00e1ln\u00ed sou\u010d\u00e1st\u00ed va\u0161ich saunov\u00fdch esenci\u00e1ln\u00edch olej\u016f. Osv\u011b\u017euje prost\u0159ed\u00ed, uvol\u0148uje svaly, zlep\u0161uje n\u00e1ladu, zklid\u0148uje mysl a podporuje zdrav\u00fd sp\u00e1nek i d\u00fdch\u00e1n\u00ed. P\u0159idejte p\u00e1r kapek do saunov\u00e9ho v\u011bdra s vodou a postupn\u011b nal\u00e9vejte na rozp\u00e1len\u00e9 saunov\u00e9 kameny. &nbsp;","breadcrumb":{"@id":"https:\/\/anderskafka.cz\/eshop\/produkt\/doterra-jedle-sibirska-siberian-fir-15ml\/#breadcrumb"},"inLanguage":"cs","potentialAction":[{"@type":"ReadAction","target":["https:\/\/anderskafka.cz\/eshop\/produkt\/doterra-jedle-sibirska-siberian-fir-15ml\/"]}]},{"@type":"BreadcrumbList","@id":"https:\/\/anderskafka.cz\/eshop\/produkt\/doterra-jedle-sibirska-siberian-fir-15ml\/#breadcrumb","itemListElement":[{"@type":"ListItem","position":1,"name":"Obchod","item":"https:\/\/anderskafka.cz\/eshop\/obchod\/"},{"@type":"ListItem","position":2,"name":"Esenci\u00e1ln\u00ed olej d\u014dTERRA\u2122 Jedle sibi\u0159sk\u00e1 \u2013 Siberian Fir 15ml"}]}]}},"locations":[],"_links":{"self":[{"href":"https:\/\/anderskafka.cz\/eshop\/wp-json\/wp\/v2\/product\/7749"}],"collection":[{"href":"https:\/\/anderskafka.cz\/eshop\/wp-json\/wp\/v2\/product"}],"about":[{"href":"https:\/\/anderskafka.cz\/eshop\/wp-json\/wp\/v2\/types\/product"}],"replies":[{"embeddable":true,"href":"https:\/\/anderskafka.cz\/eshop\/wp-json\/wp\/v2\/comments?post=7749"}],"wp:featuredmedia":[{"embeddable":true,"href":"https:\/\/anderskafka.cz\/eshop\/wp-json\/wp\/v2\/media\/8023"}],"wp:attachment":[{"href":"https:\/\/anderskafka.cz\/eshop\/wp-json\/wp\/v2\/media?parent=7749"}],"wp:term":[{"taxonomy":"location","embeddable":true,"href":"https:\/\/anderskafka.cz\/eshop\/wp-json\/wp\/v2\/location?post=7749"},{"taxonomy":"product_cat","embeddable":true,"href":"https:\/\/anderskafka.cz\/eshop\/wp-json\/wp\/v2\/product_cat?post=7749"},{"taxonomy":"product_tag","embeddable":true,"href":"https:\/\/anderskafka.cz\/eshop\/wp-json\/wp\/v2\/product_tag?post=7749"}],"curies":[{"name":"wp","href":"https:\/\/api.w.org\/{rel}","templated":true}]}}