{"id":8164,"date":"2024-10-15T05:51:09","date_gmt":"2024-10-15T03:51:09","guid":{"rendered":"https:\/\/anderskafka.cz\/eshop\/?post_type=product&#038;p=8164"},"modified":"2024-12-05T09:43:03","modified_gmt":"2024-12-05T08:43:03","slug":"ecoflame-ammi-stj-45-6-9kw-kompaktni-elektricke-saunove-topidlo-s-ovladanim-na-plasti","status":"publish","type":"product","link":"https:\/\/anderskafka.cz\/eshop\/produkt\/ecoflame-ammi-stj-45-6-9kw-kompaktni-elektricke-saunove-topidlo-s-ovladanim-na-plasti\/","title":{"rendered":"ECOFLAME AMMI STJ \u2013 6\/9KW \u2013 kompaktn\u00ed elektrick\u00e9 saunov\u00e9 topidlo s ovl\u00e1d\u00e1n\u00edm na pl\u00e1\u0161ti"},"content":{"rendered":"<p style=\"font-weight: 400\">Kompaktn\u00ed elektrick\u00e9 saunov\u00e9 topidlo v \u010dern\u00e9m proveden\u00ed\u00a0s \u010dist\u00fdm designem a ovl\u00e1d\u00e1n\u00edm na pl\u00e1\u0161ti.<\/p>\n<div><span class=\"y2iqfc\">Vynikaj\u00edc\u00ed pom\u011br cena &#8211; kvalita\/v\u00fdkon.<\/span><\/div>\n<div><span class=\"y2iqfc\">Rychl\u00e1 a snadn\u00e1 mont\u00e1\u017e.\u00a0<\/span><\/div>\n<div>Ur\u010deno pro mont\u00e1\u017e na st\u011bnu sauny.<\/div>\n<div>\n<div>\n<div><span class=\"y2iqfc\">Integrovan\u00e1 \u0159\u00eddic\u00ed jednotka.<\/span><\/div>\n<div>Topidlo pojme maxim\u00e1ln\u011b 20kg saunov\u00fdch kamen\u016f, kter\u00e9 nejsou sou\u010d\u00e1st\u00ed balen\u00ed.<\/div>\n<\/div>\n<div><\/div>\n<\/div>\n","protected":false},"excerpt":{"rendered":"<p style=\"font-weight: 400\">Kompaktn\u00ed elektrick\u00e9 saunov\u00e9 topidlo v \u010dern\u00e9m proveden\u00ed a ovl\u00e1d\u00e1n\u00edm na \u010deln\u00ed st\u011bn\u011b pl\u00e1\u0161t\u011b. S v<span class=\"y2iqfc\">ynikaj\u00edc\u00edm\u00a0<\/span><span class=\"y2iqfc\">pom\u011brem cena &#8211; kvalita\/v\u00fdkon a velmi r<\/span><span class=\"y2iqfc\">ychlou a snadnou mont\u00e1\u017e\u00ed.<\/span><\/p>\n<table border=\"0\" width=\"288\" cellspacing=\"0\" cellpadding=\"0\">\n<colgroup>\n<col width=\"129\" \/>\n<col width=\"159\" \/><\/colgroup>\n<tbody>\n<tr>\n<td class=\"xl67\" style=\"text-align: center\" width=\"129\" height=\"25\">v\u00fdkon topidla (KW)<\/td>\n<td class=\"xl67\" style=\"text-align: center\" width=\"159\">velikost sauny (m<span class=\"font6\"><sup>3<\/sup><\/span><span class=\"font5\">)<\/span><\/td>\n<\/tr>\n<tr>\n<td class=\"xl67\" style=\"text-align: center\" align=\"right\" height=\"21\">6<\/td>\n<td class=\"xl68\" style=\"text-align: center\" align=\"right\">5 &#8211; 9<\/td>\n<\/tr>\n<tr>\n<td class=\"xl67\" style=\"text-align: center\" align=\"right\" height=\"21\">9<\/td>\n<td class=\"xl69\" style=\"text-align: center\" align=\"right\">8-13<\/td>\n<\/tr>\n<\/tbody>\n<\/table>\n<div>\n<div>\n<div><\/div>\n<\/div>\n<\/div>\n","protected":false},"featured_media":8169,"comment_status":"open","ping_status":"closed","template":"","meta":{"site-sidebar-layout":"default","site-content-layout":"default","ast-main-header-display":"","ast-hfb-above-header-display":"","ast-hfb-below-header-display":"","ast-hfb-mobile-header-display":"","site-post-title":"","ast-breadcrumbs-content":"","ast-featured-img":"","footer-sml-layout":"","theme-transparent-header-meta":"","adv-header-id-meta":"","stick-header-meta":"","header-above-stick-meta":"","header-main-stick-meta":"","header-below-stick-meta":""},"location":[],"product_cat":[1133,540],"product_tag":[1457],"yoast_head":"<!-- This site is optimized with the Yoast SEO plugin v18.5.1 - https:\/\/yoast.com\/wordpress\/plugins\/seo\/ -->\n<title>ECOFLAME AMMI STJ \u2013 6\/9KW \u2013 kompaktn\u00ed elektrick\u00e9 saunov\u00e9 topidlo s ovl\u00e1d\u00e1n\u00edm na pl\u00e1\u0161ti - Anders &amp; Kafka E-SHOP<\/title>\n<meta name=\"description\" content=\"Kompaktn\u00ed elektrick\u00e9 saunov\u00e9 topidlo v \u010dern\u00e9m proveden\u00ed a ovl\u00e1d\u00e1n\u00edm na \u010deln\u00ed st\u011bn\u011b pl\u00e1\u0161t\u011b. S vynikaj\u00edc\u00edm\u00a0pom\u011brem cena - kvalita\/v\u00fdkon a velmi rychlou a snadnou mont\u00e1\u017e\u00ed.      v\u00fdkon topidla (KW) velikost sauny (m3)   6 5 - 9   9 8-13\" \/>\n<meta name=\"robots\" content=\"index, follow, max-snippet:-1, max-image-preview:large, max-video-preview:-1\" \/>\n<link rel=\"canonical\" href=\"https:\/\/anderskafka.cz\/eshop\/produkt\/ecoflame-ammi-stj-45-6-9kw-kompaktni-elektricke-saunove-topidlo-s-ovladanim-na-plasti\/\" \/>\n<meta property=\"og:locale\" content=\"cs_CZ\" \/>\n<meta property=\"og:type\" content=\"article\" \/>\n<meta property=\"og:title\" content=\"ECOFLAME AMMI STJ \u2013 6\/9KW \u2013 kompaktn\u00ed elektrick\u00e9 saunov\u00e9 topidlo s ovl\u00e1d\u00e1n\u00edm na pl\u00e1\u0161ti - Anders &amp; Kafka E-SHOP\" \/>\n<meta property=\"og:description\" content=\"Kompaktn\u00ed elektrick\u00e9 saunov\u00e9 topidlo v \u010dern\u00e9m proveden\u00ed a ovl\u00e1d\u00e1n\u00edm na \u010deln\u00ed st\u011bn\u011b pl\u00e1\u0161t\u011b. S vynikaj\u00edc\u00edm\u00a0pom\u011brem cena - kvalita\/v\u00fdkon a velmi rychlou a snadnou mont\u00e1\u017e\u00ed.      v\u00fdkon topidla (KW) velikost sauny (m3)   6 5 - 9   9 8-13\" \/>\n<meta property=\"og:url\" content=\"https:\/\/anderskafka.cz\/eshop\/produkt\/ecoflame-ammi-stj-45-6-9kw-kompaktni-elektricke-saunove-topidlo-s-ovladanim-na-plasti\/\" \/>\n<meta property=\"og:site_name\" content=\"Anders &amp; Kafka E-SHOP\" \/>\n<meta property=\"article:modified_time\" content=\"2024-12-05T08:43:03+00:00\" \/>\n<meta property=\"og:image\" content=\"https:\/\/anderskafka.cz\/eshop\/wp-content\/uploads\/sites\/3\/2024\/10\/81997912804689-2.jpeg\" \/>\n\t<meta property=\"og:image:width\" content=\"1800\" \/>\n\t<meta property=\"og:image:height\" content=\"1800\" \/>\n\t<meta property=\"og:image:type\" content=\"image\/jpeg\" \/>\n<meta name=\"twitter:card\" content=\"summary_large_image\" \/>\n<meta name=\"twitter:label1\" content=\"Odhadovan\u00e1 doba \u010dten\u00ed\" \/>\n\t<meta name=\"twitter:data1\" content=\"1 minuta\" \/>\n<script type=\"application\/ld+json\" class=\"yoast-schema-graph\">{\"@context\":\"https:\/\/schema.org\",\"@graph\":[{\"@type\":\"WebSite\",\"@id\":\"https:\/\/anderskafka.cz\/eshop\/#website\",\"url\":\"https:\/\/anderskafka.cz\/eshop\/\",\"name\":\"Anders &amp; Kafka E-SHOP\",\"description\":\"Anders &amp; Kafka E-SHOP\",\"potentialAction\":[{\"@type\":\"SearchAction\",\"target\":{\"@type\":\"EntryPoint\",\"urlTemplate\":\"https:\/\/anderskafka.cz\/eshop\/?s={search_term_string}\"},\"query-input\":\"required name=search_term_string\"}],\"inLanguage\":\"cs\"},{\"@type\":\"ImageObject\",\"@id\":\"https:\/\/anderskafka.cz\/eshop\/produkt\/ecoflame-ammi-stj-45-6-9kw-kompaktni-elektricke-saunove-topidlo-s-ovladanim-na-plasti\/#primaryimage\",\"inLanguage\":\"cs\",\"url\":\"https:\/\/anderskafka.cz\/eshop\/wp-content\/uploads\/sites\/3\/2024\/10\/81997912804689-2.jpeg\",\"contentUrl\":\"https:\/\/anderskafka.cz\/eshop\/wp-content\/uploads\/sites\/3\/2024\/10\/81997912804689-2.jpeg\",\"width\":1800,\"height\":1800},{\"@type\":\"WebPage\",\"@id\":\"https:\/\/anderskafka.cz\/eshop\/produkt\/ecoflame-ammi-stj-45-6-9kw-kompaktni-elektricke-saunove-topidlo-s-ovladanim-na-plasti\/#webpage\",\"url\":\"https:\/\/anderskafka.cz\/eshop\/produkt\/ecoflame-ammi-stj-45-6-9kw-kompaktni-elektricke-saunove-topidlo-s-ovladanim-na-plasti\/\",\"name\":\"ECOFLAME AMMI STJ \u2013 6\/9KW \u2013 kompaktn\u00ed elektrick\u00e9 saunov\u00e9 topidlo s ovl\u00e1d\u00e1n\u00edm na pl\u00e1\u0161ti - Anders &amp; Kafka E-SHOP\",\"isPartOf\":{\"@id\":\"https:\/\/anderskafka.cz\/eshop\/#website\"},\"primaryImageOfPage\":{\"@id\":\"https:\/\/anderskafka.cz\/eshop\/produkt\/ecoflame-ammi-stj-45-6-9kw-kompaktni-elektricke-saunove-topidlo-s-ovladanim-na-plasti\/#primaryimage\"},\"datePublished\":\"2024-10-15T03:51:09+00:00\",\"dateModified\":\"2024-12-05T08:43:03+00:00\",\"description\":\"Kompaktn\u00ed elektrick\u00e9 saunov\u00e9 topidlo v \u010dern\u00e9m proveden\u00ed a ovl\u00e1d\u00e1n\u00edm na \u010deln\u00ed st\u011bn\u011b pl\u00e1\u0161t\u011b. S vynikaj\u00edc\u00edm\u00a0pom\u011brem cena - kvalita\/v\u00fdkon a velmi rychlou a snadnou mont\u00e1\u017e\u00ed. v\u00fdkon topidla (KW) velikost sauny (m3) 6 5 - 9 9 8-13\",\"breadcrumb\":{\"@id\":\"https:\/\/anderskafka.cz\/eshop\/produkt\/ecoflame-ammi-stj-45-6-9kw-kompaktni-elektricke-saunove-topidlo-s-ovladanim-na-plasti\/#breadcrumb\"},\"inLanguage\":\"cs\",\"potentialAction\":[{\"@type\":\"ReadAction\",\"target\":[\"https:\/\/anderskafka.cz\/eshop\/produkt\/ecoflame-ammi-stj-45-6-9kw-kompaktni-elektricke-saunove-topidlo-s-ovladanim-na-plasti\/\"]}]},{\"@type\":\"BreadcrumbList\",\"@id\":\"https:\/\/anderskafka.cz\/eshop\/produkt\/ecoflame-ammi-stj-45-6-9kw-kompaktni-elektricke-saunove-topidlo-s-ovladanim-na-plasti\/#breadcrumb\",\"itemListElement\":[{\"@type\":\"ListItem\",\"position\":1,\"name\":\"Obchod\",\"item\":\"https:\/\/anderskafka.cz\/eshop\/obchod\/\"},{\"@type\":\"ListItem\",\"position\":2,\"name\":\"ECOFLAME AMMI STJ \u2013 6\/9KW \u2013 kompaktn\u00ed elektrick\u00e9 saunov\u00e9 topidlo s ovl\u00e1d\u00e1n\u00edm na pl\u00e1\u0161ti\"}]}]}<\/script>\n<!-- \/ Yoast SEO plugin. -->","yoast_head_json":{"title":"ECOFLAME AMMI STJ \u2013 6\/9KW \u2013 kompaktn\u00ed elektrick\u00e9 saunov\u00e9 topidlo s ovl\u00e1d\u00e1n\u00edm na pl\u00e1\u0161ti - Anders &amp; Kafka E-SHOP","description":"Kompaktn\u00ed elektrick\u00e9 saunov\u00e9 topidlo v \u010dern\u00e9m proveden\u00ed a ovl\u00e1d\u00e1n\u00edm na \u010deln\u00ed st\u011bn\u011b pl\u00e1\u0161t\u011b. S vynikaj\u00edc\u00edm\u00a0pom\u011brem cena - kvalita\/v\u00fdkon a velmi rychlou a snadnou mont\u00e1\u017e\u00ed.      v\u00fdkon topidla (KW) velikost sauny (m3)   6 5 - 9   9 8-13","robots":{"index":"index","follow":"follow","max-snippet":"max-snippet:-1","max-image-preview":"max-image-preview:large","max-video-preview":"max-video-preview:-1"},"canonical":"https:\/\/anderskafka.cz\/eshop\/produkt\/ecoflame-ammi-stj-45-6-9kw-kompaktni-elektricke-saunove-topidlo-s-ovladanim-na-plasti\/","og_locale":"cs_CZ","og_type":"article","og_title":"ECOFLAME AMMI STJ \u2013 6\/9KW \u2013 kompaktn\u00ed elektrick\u00e9 saunov\u00e9 topidlo s ovl\u00e1d\u00e1n\u00edm na pl\u00e1\u0161ti - Anders &amp; Kafka E-SHOP","og_description":"Kompaktn\u00ed elektrick\u00e9 saunov\u00e9 topidlo v \u010dern\u00e9m proveden\u00ed a ovl\u00e1d\u00e1n\u00edm na \u010deln\u00ed st\u011bn\u011b pl\u00e1\u0161t\u011b. S vynikaj\u00edc\u00edm\u00a0pom\u011brem cena - kvalita\/v\u00fdkon a velmi rychlou a snadnou mont\u00e1\u017e\u00ed.      v\u00fdkon topidla (KW) velikost sauny (m3)   6 5 - 9   9 8-13","og_url":"https:\/\/anderskafka.cz\/eshop\/produkt\/ecoflame-ammi-stj-45-6-9kw-kompaktni-elektricke-saunove-topidlo-s-ovladanim-na-plasti\/","og_site_name":"Anders &amp; Kafka E-SHOP","article_modified_time":"2024-12-05T08:43:03+00:00","og_image":[{"width":1800,"height":1800,"url":"https:\/\/anderskafka.cz\/eshop\/wp-content\/uploads\/sites\/3\/2024\/10\/81997912804689-2.jpeg","type":"image\/jpeg"}],"twitter_card":"summary_large_image","twitter_misc":{"Odhadovan\u00e1 doba \u010dten\u00ed":"1 minuta"},"schema":{"@context":"https:\/\/schema.org","@graph":[{"@type":"WebSite","@id":"https:\/\/anderskafka.cz\/eshop\/#website","url":"https:\/\/anderskafka.cz\/eshop\/","name":"Anders &amp; Kafka E-SHOP","description":"Anders &amp; Kafka E-SHOP","potentialAction":[{"@type":"SearchAction","target":{"@type":"EntryPoint","urlTemplate":"https:\/\/anderskafka.cz\/eshop\/?s={search_term_string}"},"query-input":"required name=search_term_string"}],"inLanguage":"cs"},{"@type":"ImageObject","@id":"https:\/\/anderskafka.cz\/eshop\/produkt\/ecoflame-ammi-stj-45-6-9kw-kompaktni-elektricke-saunove-topidlo-s-ovladanim-na-plasti\/#primaryimage","inLanguage":"cs","url":"https:\/\/anderskafka.cz\/eshop\/wp-content\/uploads\/sites\/3\/2024\/10\/81997912804689-2.jpeg","contentUrl":"https:\/\/anderskafka.cz\/eshop\/wp-content\/uploads\/sites\/3\/2024\/10\/81997912804689-2.jpeg","width":1800,"height":1800},{"@type":"WebPage","@id":"https:\/\/anderskafka.cz\/eshop\/produkt\/ecoflame-ammi-stj-45-6-9kw-kompaktni-elektricke-saunove-topidlo-s-ovladanim-na-plasti\/#webpage","url":"https:\/\/anderskafka.cz\/eshop\/produkt\/ecoflame-ammi-stj-45-6-9kw-kompaktni-elektricke-saunove-topidlo-s-ovladanim-na-plasti\/","name":"ECOFLAME AMMI STJ \u2013 6\/9KW \u2013 kompaktn\u00ed elektrick\u00e9 saunov\u00e9 topidlo s ovl\u00e1d\u00e1n\u00edm na pl\u00e1\u0161ti - Anders &amp; Kafka E-SHOP","isPartOf":{"@id":"https:\/\/anderskafka.cz\/eshop\/#website"},"primaryImageOfPage":{"@id":"https:\/\/anderskafka.cz\/eshop\/produkt\/ecoflame-ammi-stj-45-6-9kw-kompaktni-elektricke-saunove-topidlo-s-ovladanim-na-plasti\/#primaryimage"},"datePublished":"2024-10-15T03:51:09+00:00","dateModified":"2024-12-05T08:43:03+00:00","description":"Kompaktn\u00ed elektrick\u00e9 saunov\u00e9 topidlo v \u010dern\u00e9m proveden\u00ed a ovl\u00e1d\u00e1n\u00edm na \u010deln\u00ed st\u011bn\u011b pl\u00e1\u0161t\u011b. S vynikaj\u00edc\u00edm\u00a0pom\u011brem cena - kvalita\/v\u00fdkon a velmi rychlou a snadnou mont\u00e1\u017e\u00ed. v\u00fdkon topidla (KW) velikost sauny (m3) 6 5 - 9 9 8-13","breadcrumb":{"@id":"https:\/\/anderskafka.cz\/eshop\/produkt\/ecoflame-ammi-stj-45-6-9kw-kompaktni-elektricke-saunove-topidlo-s-ovladanim-na-plasti\/#breadcrumb"},"inLanguage":"cs","potentialAction":[{"@type":"ReadAction","target":["https:\/\/anderskafka.cz\/eshop\/produkt\/ecoflame-ammi-stj-45-6-9kw-kompaktni-elektricke-saunove-topidlo-s-ovladanim-na-plasti\/"]}]},{"@type":"BreadcrumbList","@id":"https:\/\/anderskafka.cz\/eshop\/produkt\/ecoflame-ammi-stj-45-6-9kw-kompaktni-elektricke-saunove-topidlo-s-ovladanim-na-plasti\/#breadcrumb","itemListElement":[{"@type":"ListItem","position":1,"name":"Obchod","item":"https:\/\/anderskafka.cz\/eshop\/obchod\/"},{"@type":"ListItem","position":2,"name":"ECOFLAME AMMI STJ \u2013 6\/9KW \u2013 kompaktn\u00ed elektrick\u00e9 saunov\u00e9 topidlo s ovl\u00e1d\u00e1n\u00edm na pl\u00e1\u0161ti"}]}]}},"locations":[],"_links":{"self":[{"href":"https:\/\/anderskafka.cz\/eshop\/wp-json\/wp\/v2\/product\/8164"}],"collection":[{"href":"https:\/\/anderskafka.cz\/eshop\/wp-json\/wp\/v2\/product"}],"about":[{"href":"https:\/\/anderskafka.cz\/eshop\/wp-json\/wp\/v2\/types\/product"}],"replies":[{"embeddable":true,"href":"https:\/\/anderskafka.cz\/eshop\/wp-json\/wp\/v2\/comments?post=8164"}],"wp:featuredmedia":[{"embeddable":true,"href":"https:\/\/anderskafka.cz\/eshop\/wp-json\/wp\/v2\/media\/8169"}],"wp:attachment":[{"href":"https:\/\/anderskafka.cz\/eshop\/wp-json\/wp\/v2\/media?parent=8164"}],"wp:term":[{"taxonomy":"location","embeddable":true,"href":"https:\/\/anderskafka.cz\/eshop\/wp-json\/wp\/v2\/location?post=8164"},{"taxonomy":"product_cat","embeddable":true,"href":"https:\/\/anderskafka.cz\/eshop\/wp-json\/wp\/v2\/product_cat?post=8164"},{"taxonomy":"product_tag","embeddable":true,"href":"https:\/\/anderskafka.cz\/eshop\/wp-json\/wp\/v2\/product_tag?post=8164"}],"curies":[{"name":"wp","href":"https:\/\/api.w.org\/{rel}","templated":true}]}}