{"id":8281,"date":"2024-10-30T08:15:03","date_gmt":"2024-10-30T07:15:03","guid":{"rendered":"https:\/\/anderskafka.cz\/eshop\/?post_type=product&#038;p=8281"},"modified":"2026-02-11T12:23:37","modified_gmt":"2026-02-11T11:23:37","slug":"luin-living-vonna-svicka-bubbles","status":"publish","type":"product","link":"https:\/\/anderskafka.cz\/eshop\/produkt\/luin-living-vonna-svicka-bubbles\/","title":{"rendered":"LUIN LIVING vonn\u00e1 sv\u00ed\u010dka, bubbles"},"content":{"rendered":"<p>Luxusn\u00ed vonn\u00e1 sv\u00ed\u010dka Luin Living Bubbles s jisk\u0159ivou sm\u011bs\u00ed t\u00f3n\u016f v\u016fn\u00ed \u0161umiv\u00e9ho \u0161ampa\u0148sk\u00e9ho a \u010derstv\u00e9ho pomela, kter\u00e1 do va\u0161eho domova vnese radost a energii.<\/p>\n<p>Tato ru\u010dn\u011b lit\u00e1 velk\u00e1 sv\u00ed\u010dka je vyrobena z p\u0159\u00edrodn\u00edho miner\u00e1ln\u00edho a rostlinn\u00e9ho vosku. Pomoc\u00ed knot\u016f rozz\u00e1\u0159\u00ed atmosf\u00e9ru va\u0161eho domova a\u017e na 45 hodin. Barva skla: Pr\u016fsvitn\u00e1 \u010dern\u00e1.<\/p>\n<p>P\u0159ed ka\u017ed\u00fdm p\u00e1len\u00edm sv\u00ed\u010dky ust\u0159ihn\u011bte knot. Velikost knotu by nem\u011bla p\u0159es\u00e1hnout 1 cm. P\u0159i prvn\u00edm zap\u00e1len\u00ed sv\u00ed\u010dky nechte sv\u00ed\u010dku ho\u0159et, dokud nebude cel\u00fd povrch sv\u00ed\u010dky tekut\u00fd. T\u00edm zabr\u00e1n\u00edte tomu, aby se sv\u00ed\u010dka stala dutou. Tmav\u00fd kou\u0159 po n\u011bkolika hodin\u00e1ch ho\u0159en\u00ed znamen\u00e1, \u017ee knot je p\u0159\u00edli\u0161 dlouh\u00fd. Je \u010das sv\u00ed\u010dku sfouknout.<\/p>\n","protected":false},"excerpt":{"rendered":"<p>Luxusn\u00ed vonn\u00e1 sv\u00ed\u010dka Luin Living Bubbles s jisk\u0159ivou sm\u011bs\u00ed t\u00f3n\u016f v\u016fn\u00ed \u0161umiv\u00e9ho \u0161ampa\u0148sk\u00e9ho a \u010derstv\u00e9ho pomela, kter\u00e1 do va\u0161eho domova vnese radost a energii.<\/p>\n<p>Tato ru\u010dn\u011b lit\u00e1 velk\u00e1 sv\u00ed\u010dka je vyrobena z p\u0159\u00edrodn\u00edho miner\u00e1ln\u00edho a rostlinn\u00e9ho vosku. Pomoc\u00ed knot\u016f rozz\u00e1\u0159\u00ed atmosf\u00e9ru va\u0161eho domova a\u017e na 45 hodin.<br \/>\nFinsk\u00e1 spole\u010dnost Luin Living si zakl\u00e1d\u00e1 na vysok\u00e9 kvalit\u011b a udr\u017eitelnosti sv\u00fdch v\u00fdrobk\u016f, kter\u00e9 V\u00e1m zp\u0159\u00edjemn\u00ed \u010das str\u00e1ven\u00fd v saun\u011b. Stejn\u011b tak je ocen\u00edte i p\u0159i ka\u017edodenn\u00edm pou\u017e\u00edv\u00e1n\u00ed.<br \/>\n<img loading=\"lazy\" class=\"alignnone size-medium wp-image-2104 aligncenter\" src=\"https:\/\/anderskafka.cz\/eshop\/wp-content\/uploads\/sites\/3\/2023\/03\/design-from-finland-300x200.png\" alt=\"\" width=\"300\" height=\"200\" srcset=\"https:\/\/anderskafka.cz\/eshop\/wp-content\/uploads\/sites\/3\/2023\/03\/design-from-finland-300x200.png 300w, https:\/\/anderskafka.cz\/eshop\/wp-content\/uploads\/sites\/3\/2023\/03\/design-from-finland-1024x682.png 1024w, https:\/\/anderskafka.cz\/eshop\/wp-content\/uploads\/sites\/3\/2023\/03\/design-from-finland-768x512.png 768w, https:\/\/anderskafka.cz\/eshop\/wp-content\/uploads\/sites\/3\/2023\/03\/design-from-finland-700x467.png 700w, https:\/\/anderskafka.cz\/eshop\/wp-content\/uploads\/sites\/3\/2023\/03\/design-from-finland-64x43.png 64w, https:\/\/anderskafka.cz\/eshop\/wp-content\/uploads\/sites\/3\/2023\/03\/design-from-finland.png 1400w\" sizes=\"(max-width: 300px) 100vw, 300px\" \/><\/p>\n","protected":false},"featured_media":8282,"comment_status":"open","ping_status":"closed","template":"","meta":{"site-sidebar-layout":"default","site-content-layout":"default","ast-main-header-display":"","ast-hfb-above-header-display":"","ast-hfb-below-header-display":"","ast-hfb-mobile-header-display":"","site-post-title":"","ast-breadcrumbs-content":"","ast-featured-img":"","footer-sml-layout":"","theme-transparent-header-meta":"","adv-header-id-meta":"","stick-header-meta":"","header-above-stick-meta":"","header-main-stick-meta":"","header-below-stick-meta":""},"location":[],"product_cat":[755,1099,1493],"product_tag":[787],"yoast_head":"<!-- This site is optimized with the Yoast SEO plugin v18.5.1 - https:\/\/yoast.com\/wordpress\/plugins\/seo\/ -->\n<title>LUIN LIVING vonn\u00e1 sv\u00ed\u010dka, bubbles - Anders &amp; Kafka E-SHOP<\/title>\n<meta name=\"description\" content=\"Luxusn\u00ed vonn\u00e1 sv\u00ed\u010dka Luin Living Bubbles s jisk\u0159ivou sm\u011bs\u00ed t\u00f3n\u016f v\u016fn\u00ed \u0161umiv\u00e9ho \u0161ampa\u0148sk\u00e9ho a \u010derstv\u00e9ho pomela, kter\u00e1 do va\u0161eho domova vnese radost a energii.  Tato ru\u010dn\u011b lit\u00e1 velk\u00e1 sv\u00ed\u010dka je vyrobena z p\u0159\u00edrodn\u00edho miner\u00e1ln\u00edho a rostlinn\u00e9ho vosku. Pomoc\u00ed knot\u016f rozz\u00e1\u0159\u00ed atmosf\u00e9ru va\u0161eho domova a\u017e na 45 hodin. Finsk\u00e1 spole\u010dnost Luin Living si zakl\u00e1d\u00e1 na vysok\u00e9 kvalit\u011b a udr\u017eitelnosti sv\u00fdch v\u00fdrobk\u016f, kter\u00e9 V\u00e1m zp\u0159\u00edjemn\u00ed \u010das str\u00e1ven\u00fd v saun\u011b. Stejn\u011b tak je ocen\u00edte i p\u0159i ka\u017edodenn\u00edm pou\u017e\u00edv\u00e1n\u00ed.\" \/>\n<meta name=\"robots\" content=\"index, follow, max-snippet:-1, max-image-preview:large, max-video-preview:-1\" \/>\n<link rel=\"canonical\" href=\"https:\/\/anderskafka.cz\/eshop\/produkt\/luin-living-vonna-svicka-bubbles\/\" \/>\n<meta property=\"og:locale\" content=\"cs_CZ\" \/>\n<meta property=\"og:type\" content=\"article\" \/>\n<meta property=\"og:title\" content=\"LUIN LIVING vonn\u00e1 sv\u00ed\u010dka, bubbles - Anders &amp; Kafka E-SHOP\" \/>\n<meta property=\"og:description\" content=\"Luxusn\u00ed vonn\u00e1 sv\u00ed\u010dka Luin Living Bubbles s jisk\u0159ivou sm\u011bs\u00ed t\u00f3n\u016f v\u016fn\u00ed \u0161umiv\u00e9ho \u0161ampa\u0148sk\u00e9ho a \u010derstv\u00e9ho pomela, kter\u00e1 do va\u0161eho domova vnese radost a energii.  Tato ru\u010dn\u011b lit\u00e1 velk\u00e1 sv\u00ed\u010dka je vyrobena z p\u0159\u00edrodn\u00edho miner\u00e1ln\u00edho a rostlinn\u00e9ho vosku. Pomoc\u00ed knot\u016f rozz\u00e1\u0159\u00ed atmosf\u00e9ru va\u0161eho domova a\u017e na 45 hodin. Finsk\u00e1 spole\u010dnost Luin Living si zakl\u00e1d\u00e1 na vysok\u00e9 kvalit\u011b a udr\u017eitelnosti sv\u00fdch v\u00fdrobk\u016f, kter\u00e9 V\u00e1m zp\u0159\u00edjemn\u00ed \u010das str\u00e1ven\u00fd v saun\u011b. Stejn\u011b tak je ocen\u00edte i p\u0159i ka\u017edodenn\u00edm pou\u017e\u00edv\u00e1n\u00ed.\" \/>\n<meta property=\"og:url\" content=\"https:\/\/anderskafka.cz\/eshop\/produkt\/luin-living-vonna-svicka-bubbles\/\" \/>\n<meta property=\"og:site_name\" content=\"Anders &amp; Kafka E-SHOP\" \/>\n<meta property=\"article:modified_time\" content=\"2026-02-11T11:23:37+00:00\" \/>\n<meta property=\"og:image\" content=\"https:\/\/anderskafka.cz\/eshop\/wp-content\/uploads\/sites\/3\/2024\/10\/LL-svicka-bubbles-1.jpg\" \/>\n\t<meta property=\"og:image:width\" content=\"819\" \/>\n\t<meta property=\"og:image:height\" content=\"1024\" \/>\n\t<meta property=\"og:image:type\" content=\"image\/jpeg\" \/>\n<meta name=\"twitter:card\" content=\"summary_large_image\" \/>\n<meta name=\"twitter:label1\" content=\"Odhadovan\u00e1 doba \u010dten\u00ed\" \/>\n\t<meta name=\"twitter:data1\" content=\"1 minuta\" \/>\n<script type=\"application\/ld+json\" class=\"yoast-schema-graph\">{\"@context\":\"https:\/\/schema.org\",\"@graph\":[{\"@type\":\"WebSite\",\"@id\":\"https:\/\/anderskafka.cz\/eshop\/#website\",\"url\":\"https:\/\/anderskafka.cz\/eshop\/\",\"name\":\"Anders &amp; Kafka E-SHOP\",\"description\":\"Anders &amp; Kafka E-SHOP\",\"potentialAction\":[{\"@type\":\"SearchAction\",\"target\":{\"@type\":\"EntryPoint\",\"urlTemplate\":\"https:\/\/anderskafka.cz\/eshop\/?s={search_term_string}\"},\"query-input\":\"required name=search_term_string\"}],\"inLanguage\":\"cs\"},{\"@type\":\"ImageObject\",\"@id\":\"https:\/\/anderskafka.cz\/eshop\/produkt\/luin-living-vonna-svicka-bubbles\/#primaryimage\",\"inLanguage\":\"cs\",\"url\":\"https:\/\/anderskafka.cz\/eshop\/wp-content\/uploads\/sites\/3\/2024\/10\/LL-svicka-bubbles-1.jpg\",\"contentUrl\":\"https:\/\/anderskafka.cz\/eshop\/wp-content\/uploads\/sites\/3\/2024\/10\/LL-svicka-bubbles-1.jpg\",\"width\":819,\"height\":1024},{\"@type\":\"WebPage\",\"@id\":\"https:\/\/anderskafka.cz\/eshop\/produkt\/luin-living-vonna-svicka-bubbles\/#webpage\",\"url\":\"https:\/\/anderskafka.cz\/eshop\/produkt\/luin-living-vonna-svicka-bubbles\/\",\"name\":\"LUIN LIVING vonn\u00e1 sv\u00ed\u010dka, bubbles - Anders &amp; Kafka E-SHOP\",\"isPartOf\":{\"@id\":\"https:\/\/anderskafka.cz\/eshop\/#website\"},\"primaryImageOfPage\":{\"@id\":\"https:\/\/anderskafka.cz\/eshop\/produkt\/luin-living-vonna-svicka-bubbles\/#primaryimage\"},\"datePublished\":\"2024-10-30T07:15:03+00:00\",\"dateModified\":\"2026-02-11T11:23:37+00:00\",\"description\":\"Luxusn\u00ed vonn\u00e1 sv\u00ed\u010dka Luin Living Bubbles s jisk\u0159ivou sm\u011bs\u00ed t\u00f3n\u016f v\u016fn\u00ed \u0161umiv\u00e9ho \u0161ampa\u0148sk\u00e9ho a \u010derstv\u00e9ho pomela, kter\u00e1 do va\u0161eho domova vnese radost a energii. Tato ru\u010dn\u011b lit\u00e1 velk\u00e1 sv\u00ed\u010dka je vyrobena z p\u0159\u00edrodn\u00edho miner\u00e1ln\u00edho a rostlinn\u00e9ho vosku. Pomoc\u00ed knot\u016f rozz\u00e1\u0159\u00ed atmosf\u00e9ru va\u0161eho domova a\u017e na 45 hodin. Finsk\u00e1 spole\u010dnost Luin Living si zakl\u00e1d\u00e1 na vysok\u00e9 kvalit\u011b a udr\u017eitelnosti sv\u00fdch v\u00fdrobk\u016f, kter\u00e9 V\u00e1m zp\u0159\u00edjemn\u00ed \u010das str\u00e1ven\u00fd v saun\u011b. Stejn\u011b tak je ocen\u00edte i p\u0159i ka\u017edodenn\u00edm pou\u017e\u00edv\u00e1n\u00ed.\",\"breadcrumb\":{\"@id\":\"https:\/\/anderskafka.cz\/eshop\/produkt\/luin-living-vonna-svicka-bubbles\/#breadcrumb\"},\"inLanguage\":\"cs\",\"potentialAction\":[{\"@type\":\"ReadAction\",\"target\":[\"https:\/\/anderskafka.cz\/eshop\/produkt\/luin-living-vonna-svicka-bubbles\/\"]}]},{\"@type\":\"BreadcrumbList\",\"@id\":\"https:\/\/anderskafka.cz\/eshop\/produkt\/luin-living-vonna-svicka-bubbles\/#breadcrumb\",\"itemListElement\":[{\"@type\":\"ListItem\",\"position\":1,\"name\":\"Obchod\",\"item\":\"https:\/\/anderskafka.cz\/eshop\/obchod\/\"},{\"@type\":\"ListItem\",\"position\":2,\"name\":\"LUIN LIVING vonn\u00e1 sv\u00ed\u010dka, bubbles\"}]}]}<\/script>\n<!-- \/ Yoast SEO plugin. -->","yoast_head_json":{"title":"LUIN LIVING vonn\u00e1 sv\u00ed\u010dka, bubbles - Anders &amp; Kafka E-SHOP","description":"Luxusn\u00ed vonn\u00e1 sv\u00ed\u010dka Luin Living Bubbles s jisk\u0159ivou sm\u011bs\u00ed t\u00f3n\u016f v\u016fn\u00ed \u0161umiv\u00e9ho \u0161ampa\u0148sk\u00e9ho a \u010derstv\u00e9ho pomela, kter\u00e1 do va\u0161eho domova vnese radost a energii.  Tato ru\u010dn\u011b lit\u00e1 velk\u00e1 sv\u00ed\u010dka je vyrobena z p\u0159\u00edrodn\u00edho miner\u00e1ln\u00edho a rostlinn\u00e9ho vosku. Pomoc\u00ed knot\u016f rozz\u00e1\u0159\u00ed atmosf\u00e9ru va\u0161eho domova a\u017e na 45 hodin. Finsk\u00e1 spole\u010dnost Luin Living si zakl\u00e1d\u00e1 na vysok\u00e9 kvalit\u011b a udr\u017eitelnosti sv\u00fdch v\u00fdrobk\u016f, kter\u00e9 V\u00e1m zp\u0159\u00edjemn\u00ed \u010das str\u00e1ven\u00fd v saun\u011b. Stejn\u011b tak je ocen\u00edte i p\u0159i ka\u017edodenn\u00edm pou\u017e\u00edv\u00e1n\u00ed.","robots":{"index":"index","follow":"follow","max-snippet":"max-snippet:-1","max-image-preview":"max-image-preview:large","max-video-preview":"max-video-preview:-1"},"canonical":"https:\/\/anderskafka.cz\/eshop\/produkt\/luin-living-vonna-svicka-bubbles\/","og_locale":"cs_CZ","og_type":"article","og_title":"LUIN LIVING vonn\u00e1 sv\u00ed\u010dka, bubbles - Anders &amp; Kafka E-SHOP","og_description":"Luxusn\u00ed vonn\u00e1 sv\u00ed\u010dka Luin Living Bubbles s jisk\u0159ivou sm\u011bs\u00ed t\u00f3n\u016f v\u016fn\u00ed \u0161umiv\u00e9ho \u0161ampa\u0148sk\u00e9ho a \u010derstv\u00e9ho pomela, kter\u00e1 do va\u0161eho domova vnese radost a energii.  Tato ru\u010dn\u011b lit\u00e1 velk\u00e1 sv\u00ed\u010dka je vyrobena z p\u0159\u00edrodn\u00edho miner\u00e1ln\u00edho a rostlinn\u00e9ho vosku. Pomoc\u00ed knot\u016f rozz\u00e1\u0159\u00ed atmosf\u00e9ru va\u0161eho domova a\u017e na 45 hodin. Finsk\u00e1 spole\u010dnost Luin Living si zakl\u00e1d\u00e1 na vysok\u00e9 kvalit\u011b a udr\u017eitelnosti sv\u00fdch v\u00fdrobk\u016f, kter\u00e9 V\u00e1m zp\u0159\u00edjemn\u00ed \u010das str\u00e1ven\u00fd v saun\u011b. Stejn\u011b tak je ocen\u00edte i p\u0159i ka\u017edodenn\u00edm pou\u017e\u00edv\u00e1n\u00ed.","og_url":"https:\/\/anderskafka.cz\/eshop\/produkt\/luin-living-vonna-svicka-bubbles\/","og_site_name":"Anders &amp; Kafka E-SHOP","article_modified_time":"2026-02-11T11:23:37+00:00","og_image":[{"width":819,"height":1024,"url":"https:\/\/anderskafka.cz\/eshop\/wp-content\/uploads\/sites\/3\/2024\/10\/LL-svicka-bubbles-1.jpg","type":"image\/jpeg"}],"twitter_card":"summary_large_image","twitter_misc":{"Odhadovan\u00e1 doba \u010dten\u00ed":"1 minuta"},"schema":{"@context":"https:\/\/schema.org","@graph":[{"@type":"WebSite","@id":"https:\/\/anderskafka.cz\/eshop\/#website","url":"https:\/\/anderskafka.cz\/eshop\/","name":"Anders &amp; Kafka E-SHOP","description":"Anders &amp; Kafka E-SHOP","potentialAction":[{"@type":"SearchAction","target":{"@type":"EntryPoint","urlTemplate":"https:\/\/anderskafka.cz\/eshop\/?s={search_term_string}"},"query-input":"required name=search_term_string"}],"inLanguage":"cs"},{"@type":"ImageObject","@id":"https:\/\/anderskafka.cz\/eshop\/produkt\/luin-living-vonna-svicka-bubbles\/#primaryimage","inLanguage":"cs","url":"https:\/\/anderskafka.cz\/eshop\/wp-content\/uploads\/sites\/3\/2024\/10\/LL-svicka-bubbles-1.jpg","contentUrl":"https:\/\/anderskafka.cz\/eshop\/wp-content\/uploads\/sites\/3\/2024\/10\/LL-svicka-bubbles-1.jpg","width":819,"height":1024},{"@type":"WebPage","@id":"https:\/\/anderskafka.cz\/eshop\/produkt\/luin-living-vonna-svicka-bubbles\/#webpage","url":"https:\/\/anderskafka.cz\/eshop\/produkt\/luin-living-vonna-svicka-bubbles\/","name":"LUIN LIVING vonn\u00e1 sv\u00ed\u010dka, bubbles - Anders &amp; Kafka E-SHOP","isPartOf":{"@id":"https:\/\/anderskafka.cz\/eshop\/#website"},"primaryImageOfPage":{"@id":"https:\/\/anderskafka.cz\/eshop\/produkt\/luin-living-vonna-svicka-bubbles\/#primaryimage"},"datePublished":"2024-10-30T07:15:03+00:00","dateModified":"2026-02-11T11:23:37+00:00","description":"Luxusn\u00ed vonn\u00e1 sv\u00ed\u010dka Luin Living Bubbles s jisk\u0159ivou sm\u011bs\u00ed t\u00f3n\u016f v\u016fn\u00ed \u0161umiv\u00e9ho \u0161ampa\u0148sk\u00e9ho a \u010derstv\u00e9ho pomela, kter\u00e1 do va\u0161eho domova vnese radost a energii. Tato ru\u010dn\u011b lit\u00e1 velk\u00e1 sv\u00ed\u010dka je vyrobena z p\u0159\u00edrodn\u00edho miner\u00e1ln\u00edho a rostlinn\u00e9ho vosku. Pomoc\u00ed knot\u016f rozz\u00e1\u0159\u00ed atmosf\u00e9ru va\u0161eho domova a\u017e na 45 hodin. Finsk\u00e1 spole\u010dnost Luin Living si zakl\u00e1d\u00e1 na vysok\u00e9 kvalit\u011b a udr\u017eitelnosti sv\u00fdch v\u00fdrobk\u016f, kter\u00e9 V\u00e1m zp\u0159\u00edjemn\u00ed \u010das str\u00e1ven\u00fd v saun\u011b. Stejn\u011b tak je ocen\u00edte i p\u0159i ka\u017edodenn\u00edm pou\u017e\u00edv\u00e1n\u00ed.","breadcrumb":{"@id":"https:\/\/anderskafka.cz\/eshop\/produkt\/luin-living-vonna-svicka-bubbles\/#breadcrumb"},"inLanguage":"cs","potentialAction":[{"@type":"ReadAction","target":["https:\/\/anderskafka.cz\/eshop\/produkt\/luin-living-vonna-svicka-bubbles\/"]}]},{"@type":"BreadcrumbList","@id":"https:\/\/anderskafka.cz\/eshop\/produkt\/luin-living-vonna-svicka-bubbles\/#breadcrumb","itemListElement":[{"@type":"ListItem","position":1,"name":"Obchod","item":"https:\/\/anderskafka.cz\/eshop\/obchod\/"},{"@type":"ListItem","position":2,"name":"LUIN LIVING vonn\u00e1 sv\u00ed\u010dka, bubbles"}]}]}},"locations":[],"_links":{"self":[{"href":"https:\/\/anderskafka.cz\/eshop\/wp-json\/wp\/v2\/product\/8281"}],"collection":[{"href":"https:\/\/anderskafka.cz\/eshop\/wp-json\/wp\/v2\/product"}],"about":[{"href":"https:\/\/anderskafka.cz\/eshop\/wp-json\/wp\/v2\/types\/product"}],"replies":[{"embeddable":true,"href":"https:\/\/anderskafka.cz\/eshop\/wp-json\/wp\/v2\/comments?post=8281"}],"wp:featuredmedia":[{"embeddable":true,"href":"https:\/\/anderskafka.cz\/eshop\/wp-json\/wp\/v2\/media\/8282"}],"wp:attachment":[{"href":"https:\/\/anderskafka.cz\/eshop\/wp-json\/wp\/v2\/media?parent=8281"}],"wp:term":[{"taxonomy":"location","embeddable":true,"href":"https:\/\/anderskafka.cz\/eshop\/wp-json\/wp\/v2\/location?post=8281"},{"taxonomy":"product_cat","embeddable":true,"href":"https:\/\/anderskafka.cz\/eshop\/wp-json\/wp\/v2\/product_cat?post=8281"},{"taxonomy":"product_tag","embeddable":true,"href":"https:\/\/anderskafka.cz\/eshop\/wp-json\/wp\/v2\/product_tag?post=8281"}],"curies":[{"name":"wp","href":"https:\/\/api.w.org\/{rel}","templated":true}]}}