{"id":8555,"date":"2024-11-23T20:43:54","date_gmt":"2024-11-23T19:43:54","guid":{"rendered":"https:\/\/anderskafka.cz\/eshop\/?post_type=product&#038;p=8555"},"modified":"2025-12-12T15:32:31","modified_gmt":"2025-12-12T14:32:31","slug":"helo-saunova-naberacka-cerna","status":"publish","type":"product","link":"https:\/\/anderskafka.cz\/eshop\/produkt\/helo-saunova-naberacka-cerna\/","title":{"rendered":"HELO nab\u011bra\u010dka do sauny \u010dern\u00e1"},"content":{"rendered":"<p>Saunov\u00e1 nab\u011bra\u010dka modern\u00edho vzhledu Hello Brilliant. Nab\u011bra\u010dka je vyrobena z eloxovan\u00e9ho p\u00edskovan\u00e9ho hlin\u00edku, rukoje\u0165 je sv\u011btl\u00e1 b\u0159\u00edza vyztu\u017een\u00e1 osikou. Saunov\u00e1 nab\u011bra\u010dka vznikla ve spolupr\u00e1ci s italskou n\u00e1vrh\u00e1\u0159kou Paolou Garatto.<br \/>\nElegantn\u00ed \u010dern\u00e1 barva.<\/p>\n","protected":false},"excerpt":{"rendered":"<p>Saunov\u00e1 nab\u011bra\u010dka modern\u00edho vzhledu Hello Brilliant. Kr\u00e1sn\u00fd diagon\u00e1ln\u00ed tvar je inspirov\u00e1n vlnami a vznikl ve spolupr\u00e1ci s italskou n\u00e1vrh\u00e1\u0159kou Paolou Garatto. Nab\u011bra\u010dka je vyrobena z eloxovan\u00e9ho p\u00edskovan\u00e9ho hlin\u00edku, rukoje\u0165 je sv\u011btl\u00e1 b\u0159\u00edza vyztu\u017een\u00e1 osikou.<\/p>\n","protected":false},"featured_media":8573,"comment_status":"open","ping_status":"closed","template":"","meta":{"site-sidebar-layout":"default","site-content-layout":"default","ast-main-header-display":"","ast-hfb-above-header-display":"","ast-hfb-below-header-display":"","ast-hfb-mobile-header-display":"","site-post-title":"","ast-breadcrumbs-content":"","ast-featured-img":"","footer-sml-layout":"","theme-transparent-header-meta":"","adv-header-id-meta":"","stick-header-meta":"","header-above-stick-meta":"","header-main-stick-meta":"","header-below-stick-meta":""},"location":[],"product_cat":[99],"product_tag":[1170],"yoast_head":"<!-- This site is optimized with the Yoast SEO plugin v18.5.1 - https:\/\/yoast.com\/wordpress\/plugins\/seo\/ -->\n<title>HELO nab\u011bra\u010dka do sauny \u010dern\u00e1 - Anders &amp; Kafka E-SHOP<\/title>\n<meta name=\"description\" content=\"Saunov\u00e1 nab\u011bra\u010dka modern\u00edho vzhledu Hello Brilliant. Kr\u00e1sn\u00fd diagon\u00e1ln\u00ed tvar je inspirov\u00e1n vlnami a vznikl ve spolupr\u00e1ci s italskou n\u00e1vrh\u00e1\u0159kou Paolou Garatto. Nab\u011bra\u010dka je vyrobena z eloxovan\u00e9ho p\u00edskovan\u00e9ho hlin\u00edku, rukoje\u0165 je sv\u011btl\u00e1 b\u0159\u00edza vyztu\u017een\u00e1 osikou.\" \/>\n<meta name=\"robots\" content=\"index, follow, max-snippet:-1, max-image-preview:large, max-video-preview:-1\" \/>\n<link rel=\"canonical\" href=\"https:\/\/anderskafka.cz\/eshop\/produkt\/helo-saunova-naberacka-cerna\/\" \/>\n<meta property=\"og:locale\" content=\"cs_CZ\" \/>\n<meta property=\"og:type\" content=\"article\" \/>\n<meta property=\"og:title\" content=\"HELO nab\u011bra\u010dka do sauny \u010dern\u00e1 - Anders &amp; Kafka E-SHOP\" \/>\n<meta property=\"og:description\" content=\"Saunov\u00e1 nab\u011bra\u010dka modern\u00edho vzhledu Hello Brilliant. Kr\u00e1sn\u00fd diagon\u00e1ln\u00ed tvar je inspirov\u00e1n vlnami a vznikl ve spolupr\u00e1ci s italskou n\u00e1vrh\u00e1\u0159kou Paolou Garatto. Nab\u011bra\u010dka je vyrobena z eloxovan\u00e9ho p\u00edskovan\u00e9ho hlin\u00edku, rukoje\u0165 je sv\u011btl\u00e1 b\u0159\u00edza vyztu\u017een\u00e1 osikou.\" \/>\n<meta property=\"og:url\" content=\"https:\/\/anderskafka.cz\/eshop\/produkt\/helo-saunova-naberacka-cerna\/\" \/>\n<meta property=\"og:site_name\" content=\"Anders &amp; Kafka E-SHOP\" \/>\n<meta property=\"article:modified_time\" content=\"2025-12-12T14:32:31+00:00\" \/>\n<meta property=\"og:image\" content=\"https:\/\/anderskafka.cz\/eshop\/wp-content\/uploads\/sites\/3\/2024\/11\/helo-naberacka-cerna-brilliant.png\" \/>\n\t<meta property=\"og:image:width\" content=\"756\" \/>\n\t<meta property=\"og:image:height\" content=\"756\" \/>\n\t<meta property=\"og:image:type\" content=\"image\/png\" \/>\n<meta name=\"twitter:card\" content=\"summary_large_image\" \/>\n<meta name=\"twitter:label1\" content=\"Odhadovan\u00e1 doba \u010dten\u00ed\" \/>\n\t<meta name=\"twitter:data1\" content=\"1 minuta\" \/>\n<script type=\"application\/ld+json\" class=\"yoast-schema-graph\">{\"@context\":\"https:\/\/schema.org\",\"@graph\":[{\"@type\":\"WebSite\",\"@id\":\"https:\/\/anderskafka.cz\/eshop\/#website\",\"url\":\"https:\/\/anderskafka.cz\/eshop\/\",\"name\":\"Anders &amp; Kafka E-SHOP\",\"description\":\"Anders &amp; Kafka E-SHOP\",\"potentialAction\":[{\"@type\":\"SearchAction\",\"target\":{\"@type\":\"EntryPoint\",\"urlTemplate\":\"https:\/\/anderskafka.cz\/eshop\/?s={search_term_string}\"},\"query-input\":\"required name=search_term_string\"}],\"inLanguage\":\"cs\"},{\"@type\":\"ImageObject\",\"@id\":\"https:\/\/anderskafka.cz\/eshop\/produkt\/helo-saunova-naberacka-cerna\/#primaryimage\",\"inLanguage\":\"cs\",\"url\":\"https:\/\/anderskafka.cz\/eshop\/wp-content\/uploads\/sites\/3\/2024\/11\/helo-naberacka-cerna-brilliant.png\",\"contentUrl\":\"https:\/\/anderskafka.cz\/eshop\/wp-content\/uploads\/sites\/3\/2024\/11\/helo-naberacka-cerna-brilliant.png\",\"width\":756,\"height\":756},{\"@type\":\"WebPage\",\"@id\":\"https:\/\/anderskafka.cz\/eshop\/produkt\/helo-saunova-naberacka-cerna\/#webpage\",\"url\":\"https:\/\/anderskafka.cz\/eshop\/produkt\/helo-saunova-naberacka-cerna\/\",\"name\":\"HELO nab\u011bra\u010dka do sauny \u010dern\u00e1 - Anders &amp; Kafka E-SHOP\",\"isPartOf\":{\"@id\":\"https:\/\/anderskafka.cz\/eshop\/#website\"},\"primaryImageOfPage\":{\"@id\":\"https:\/\/anderskafka.cz\/eshop\/produkt\/helo-saunova-naberacka-cerna\/#primaryimage\"},\"datePublished\":\"2024-11-23T19:43:54+00:00\",\"dateModified\":\"2025-12-12T14:32:31+00:00\",\"description\":\"Saunov\u00e1 nab\u011bra\u010dka modern\u00edho vzhledu Hello Brilliant. Kr\u00e1sn\u00fd diagon\u00e1ln\u00ed tvar je inspirov\u00e1n vlnami a vznikl ve spolupr\u00e1ci s italskou n\u00e1vrh\u00e1\u0159kou Paolou Garatto. Nab\u011bra\u010dka je vyrobena z eloxovan\u00e9ho p\u00edskovan\u00e9ho hlin\u00edku, rukoje\u0165 je sv\u011btl\u00e1 b\u0159\u00edza vyztu\u017een\u00e1 osikou.\",\"breadcrumb\":{\"@id\":\"https:\/\/anderskafka.cz\/eshop\/produkt\/helo-saunova-naberacka-cerna\/#breadcrumb\"},\"inLanguage\":\"cs\",\"potentialAction\":[{\"@type\":\"ReadAction\",\"target\":[\"https:\/\/anderskafka.cz\/eshop\/produkt\/helo-saunova-naberacka-cerna\/\"]}]},{\"@type\":\"BreadcrumbList\",\"@id\":\"https:\/\/anderskafka.cz\/eshop\/produkt\/helo-saunova-naberacka-cerna\/#breadcrumb\",\"itemListElement\":[{\"@type\":\"ListItem\",\"position\":1,\"name\":\"Obchod\",\"item\":\"https:\/\/anderskafka.cz\/eshop\/obchod\/\"},{\"@type\":\"ListItem\",\"position\":2,\"name\":\"HELO nab\u011bra\u010dka do sauny \u010dern\u00e1\"}]}]}<\/script>\n<!-- \/ Yoast SEO plugin. -->","yoast_head_json":{"title":"HELO nab\u011bra\u010dka do sauny \u010dern\u00e1 - Anders &amp; Kafka E-SHOP","description":"Saunov\u00e1 nab\u011bra\u010dka modern\u00edho vzhledu Hello Brilliant. Kr\u00e1sn\u00fd diagon\u00e1ln\u00ed tvar je inspirov\u00e1n vlnami a vznikl ve spolupr\u00e1ci s italskou n\u00e1vrh\u00e1\u0159kou Paolou Garatto. Nab\u011bra\u010dka je vyrobena z eloxovan\u00e9ho p\u00edskovan\u00e9ho hlin\u00edku, rukoje\u0165 je sv\u011btl\u00e1 b\u0159\u00edza vyztu\u017een\u00e1 osikou.","robots":{"index":"index","follow":"follow","max-snippet":"max-snippet:-1","max-image-preview":"max-image-preview:large","max-video-preview":"max-video-preview:-1"},"canonical":"https:\/\/anderskafka.cz\/eshop\/produkt\/helo-saunova-naberacka-cerna\/","og_locale":"cs_CZ","og_type":"article","og_title":"HELO nab\u011bra\u010dka do sauny \u010dern\u00e1 - Anders &amp; Kafka E-SHOP","og_description":"Saunov\u00e1 nab\u011bra\u010dka modern\u00edho vzhledu Hello Brilliant. Kr\u00e1sn\u00fd diagon\u00e1ln\u00ed tvar je inspirov\u00e1n vlnami a vznikl ve spolupr\u00e1ci s italskou n\u00e1vrh\u00e1\u0159kou Paolou Garatto. Nab\u011bra\u010dka je vyrobena z eloxovan\u00e9ho p\u00edskovan\u00e9ho hlin\u00edku, rukoje\u0165 je sv\u011btl\u00e1 b\u0159\u00edza vyztu\u017een\u00e1 osikou.","og_url":"https:\/\/anderskafka.cz\/eshop\/produkt\/helo-saunova-naberacka-cerna\/","og_site_name":"Anders &amp; Kafka E-SHOP","article_modified_time":"2025-12-12T14:32:31+00:00","og_image":[{"width":756,"height":756,"url":"https:\/\/anderskafka.cz\/eshop\/wp-content\/uploads\/sites\/3\/2024\/11\/helo-naberacka-cerna-brilliant.png","type":"image\/png"}],"twitter_card":"summary_large_image","twitter_misc":{"Odhadovan\u00e1 doba \u010dten\u00ed":"1 minuta"},"schema":{"@context":"https:\/\/schema.org","@graph":[{"@type":"WebSite","@id":"https:\/\/anderskafka.cz\/eshop\/#website","url":"https:\/\/anderskafka.cz\/eshop\/","name":"Anders &amp; Kafka E-SHOP","description":"Anders &amp; Kafka E-SHOP","potentialAction":[{"@type":"SearchAction","target":{"@type":"EntryPoint","urlTemplate":"https:\/\/anderskafka.cz\/eshop\/?s={search_term_string}"},"query-input":"required name=search_term_string"}],"inLanguage":"cs"},{"@type":"ImageObject","@id":"https:\/\/anderskafka.cz\/eshop\/produkt\/helo-saunova-naberacka-cerna\/#primaryimage","inLanguage":"cs","url":"https:\/\/anderskafka.cz\/eshop\/wp-content\/uploads\/sites\/3\/2024\/11\/helo-naberacka-cerna-brilliant.png","contentUrl":"https:\/\/anderskafka.cz\/eshop\/wp-content\/uploads\/sites\/3\/2024\/11\/helo-naberacka-cerna-brilliant.png","width":756,"height":756},{"@type":"WebPage","@id":"https:\/\/anderskafka.cz\/eshop\/produkt\/helo-saunova-naberacka-cerna\/#webpage","url":"https:\/\/anderskafka.cz\/eshop\/produkt\/helo-saunova-naberacka-cerna\/","name":"HELO nab\u011bra\u010dka do sauny \u010dern\u00e1 - Anders &amp; Kafka E-SHOP","isPartOf":{"@id":"https:\/\/anderskafka.cz\/eshop\/#website"},"primaryImageOfPage":{"@id":"https:\/\/anderskafka.cz\/eshop\/produkt\/helo-saunova-naberacka-cerna\/#primaryimage"},"datePublished":"2024-11-23T19:43:54+00:00","dateModified":"2025-12-12T14:32:31+00:00","description":"Saunov\u00e1 nab\u011bra\u010dka modern\u00edho vzhledu Hello Brilliant. Kr\u00e1sn\u00fd diagon\u00e1ln\u00ed tvar je inspirov\u00e1n vlnami a vznikl ve spolupr\u00e1ci s italskou n\u00e1vrh\u00e1\u0159kou Paolou Garatto. Nab\u011bra\u010dka je vyrobena z eloxovan\u00e9ho p\u00edskovan\u00e9ho hlin\u00edku, rukoje\u0165 je sv\u011btl\u00e1 b\u0159\u00edza vyztu\u017een\u00e1 osikou.","breadcrumb":{"@id":"https:\/\/anderskafka.cz\/eshop\/produkt\/helo-saunova-naberacka-cerna\/#breadcrumb"},"inLanguage":"cs","potentialAction":[{"@type":"ReadAction","target":["https:\/\/anderskafka.cz\/eshop\/produkt\/helo-saunova-naberacka-cerna\/"]}]},{"@type":"BreadcrumbList","@id":"https:\/\/anderskafka.cz\/eshop\/produkt\/helo-saunova-naberacka-cerna\/#breadcrumb","itemListElement":[{"@type":"ListItem","position":1,"name":"Obchod","item":"https:\/\/anderskafka.cz\/eshop\/obchod\/"},{"@type":"ListItem","position":2,"name":"HELO nab\u011bra\u010dka do sauny \u010dern\u00e1"}]}]}},"locations":[],"_links":{"self":[{"href":"https:\/\/anderskafka.cz\/eshop\/wp-json\/wp\/v2\/product\/8555"}],"collection":[{"href":"https:\/\/anderskafka.cz\/eshop\/wp-json\/wp\/v2\/product"}],"about":[{"href":"https:\/\/anderskafka.cz\/eshop\/wp-json\/wp\/v2\/types\/product"}],"replies":[{"embeddable":true,"href":"https:\/\/anderskafka.cz\/eshop\/wp-json\/wp\/v2\/comments?post=8555"}],"wp:featuredmedia":[{"embeddable":true,"href":"https:\/\/anderskafka.cz\/eshop\/wp-json\/wp\/v2\/media\/8573"}],"wp:attachment":[{"href":"https:\/\/anderskafka.cz\/eshop\/wp-json\/wp\/v2\/media?parent=8555"}],"wp:term":[{"taxonomy":"location","embeddable":true,"href":"https:\/\/anderskafka.cz\/eshop\/wp-json\/wp\/v2\/location?post=8555"},{"taxonomy":"product_cat","embeddable":true,"href":"https:\/\/anderskafka.cz\/eshop\/wp-json\/wp\/v2\/product_cat?post=8555"},{"taxonomy":"product_tag","embeddable":true,"href":"https:\/\/anderskafka.cz\/eshop\/wp-json\/wp\/v2\/product_tag?post=8555"}],"curies":[{"name":"wp","href":"https:\/\/api.w.org\/{rel}","templated":true}]}}