{"id":8559,"date":"2024-11-23T21:15:18","date_gmt":"2024-11-23T20:15:18","guid":{"rendered":"https:\/\/anderskafka.cz\/eshop\/?post_type=product&#038;p=8559"},"modified":"2026-03-19T11:25:51","modified_gmt":"2026-03-19T10:25:51","slug":"helo-vlhkomer-do-sauny-cerny","status":"publish","type":"product","link":"https:\/\/anderskafka.cz\/eshop\/produkt\/helo-vlhkomer-do-sauny-cerny\/","title":{"rendered":"HELO vlhkom\u011br do sauny \u010dern\u00fd"},"content":{"rendered":"<p>Vlhkom\u011br do sauny Hello Brilliant V\u00e1m okam\u017eit\u011b uk\u00e1\u017ee, zda m\u00e1te v m\u00edstnosti spr\u00e1vnou vlhkost. Vlhkom\u011br je vyroben z eloxovan\u00e9ho p\u00edskovan\u00e9ho hlin\u00edku, co\u017e zaru\u010duje dlouho \u017eivotnost. Vlhkom\u011br do sauny vznikl ve spolupr\u00e1ci s italskou n\u00e1vrh\u00e1\u0159kou Paolou Garatto.<br \/>\nElegantn\u00ed \u010dern\u00e1 barva.<\/p>\n","protected":false},"excerpt":{"rendered":"<p>Vlhkom\u011br do sauny Hello Brilliant V\u00e1m okam\u017eit\u011b uk\u00e1\u017ee, zda m\u00e1te v m\u00edstnosti spr\u00e1vnou vlhkost. Kr\u00e1sn\u00fd diagon\u00e1ln\u00ed tvar je inspirov\u00e1n vlnami a vznikl ve spolupr\u00e1ci s italskou n\u00e1vrh\u00e1\u0159kou Paolou Garatto. Vlhkom\u011br je vyroben z eloxovan\u00e9ho p\u00edskovan\u00e9ho hlin\u00edku, co\u017e zaru\u010duje dlouhou \u017eivotnost.<\/p>\n","protected":false},"featured_media":8560,"comment_status":"open","ping_status":"closed","template":"","meta":{"site-sidebar-layout":"default","site-content-layout":"default","ast-main-header-display":"","ast-hfb-above-header-display":"","ast-hfb-below-header-display":"","ast-hfb-mobile-header-display":"","site-post-title":"","ast-breadcrumbs-content":"","ast-featured-img":"","footer-sml-layout":"","theme-transparent-header-meta":"","adv-header-id-meta":"","stick-header-meta":"","header-above-stick-meta":"","header-main-stick-meta":"","header-below-stick-meta":""},"location":[],"product_cat":[28],"product_tag":[1170],"yoast_head":"<!-- This site is optimized with the Yoast SEO plugin v18.5.1 - https:\/\/yoast.com\/wordpress\/plugins\/seo\/ -->\n<title>HELO vlhkom\u011br do sauny \u010dern\u00fd - Anders &amp; Kafka E-SHOP<\/title>\n<meta name=\"description\" content=\"Vlhkom\u011br do sauny Hello Brilliant V\u00e1m okam\u017eit\u011b uk\u00e1\u017ee, zda m\u00e1te v m\u00edstnosti spr\u00e1vnou vlhkost. Kr\u00e1sn\u00fd diagon\u00e1ln\u00ed tvar je inspirov\u00e1n vlnami a vznikl ve spolupr\u00e1ci s italskou n\u00e1vrh\u00e1\u0159kou Paolou Garatto. Vlhkom\u011br je vyroben z eloxovan\u00e9ho p\u00edskovan\u00e9ho hlin\u00edku, co\u017e zaru\u010duje dlouhou \u017eivotnost.\" \/>\n<meta name=\"robots\" content=\"index, follow, max-snippet:-1, max-image-preview:large, max-video-preview:-1\" \/>\n<link rel=\"canonical\" href=\"https:\/\/anderskafka.cz\/eshop\/produkt\/helo-vlhkomer-do-sauny-cerny\/\" \/>\n<meta property=\"og:locale\" content=\"cs_CZ\" \/>\n<meta property=\"og:type\" content=\"article\" \/>\n<meta property=\"og:title\" content=\"HELO vlhkom\u011br do sauny \u010dern\u00fd - Anders &amp; Kafka E-SHOP\" \/>\n<meta property=\"og:description\" content=\"Vlhkom\u011br do sauny Hello Brilliant V\u00e1m okam\u017eit\u011b uk\u00e1\u017ee, zda m\u00e1te v m\u00edstnosti spr\u00e1vnou vlhkost. Kr\u00e1sn\u00fd diagon\u00e1ln\u00ed tvar je inspirov\u00e1n vlnami a vznikl ve spolupr\u00e1ci s italskou n\u00e1vrh\u00e1\u0159kou Paolou Garatto. Vlhkom\u011br je vyroben z eloxovan\u00e9ho p\u00edskovan\u00e9ho hlin\u00edku, co\u017e zaru\u010duje dlouhou \u017eivotnost.\" \/>\n<meta property=\"og:url\" content=\"https:\/\/anderskafka.cz\/eshop\/produkt\/helo-vlhkomer-do-sauny-cerny\/\" \/>\n<meta property=\"og:site_name\" content=\"Anders &amp; Kafka E-SHOP\" \/>\n<meta property=\"article:modified_time\" content=\"2026-03-19T10:25:51+00:00\" \/>\n<meta name=\"twitter:card\" content=\"summary_large_image\" \/>\n<meta name=\"twitter:image\" content=\"https:\/\/anderskafka.cz\/eshop\/wp-content\/uploads\/sites\/3\/2024\/11\/helo-vlhkomer-cerny-brilliant.webp\" \/>\n<meta name=\"twitter:label1\" content=\"Odhadovan\u00e1 doba \u010dten\u00ed\" \/>\n\t<meta name=\"twitter:data1\" content=\"1 minuta\" \/>\n<script type=\"application\/ld+json\" class=\"yoast-schema-graph\">{\"@context\":\"https:\/\/schema.org\",\"@graph\":[{\"@type\":\"WebSite\",\"@id\":\"https:\/\/anderskafka.cz\/eshop\/#website\",\"url\":\"https:\/\/anderskafka.cz\/eshop\/\",\"name\":\"Anders &amp; Kafka E-SHOP\",\"description\":\"Anders &amp; Kafka E-SHOP\",\"potentialAction\":[{\"@type\":\"SearchAction\",\"target\":{\"@type\":\"EntryPoint\",\"urlTemplate\":\"https:\/\/anderskafka.cz\/eshop\/?s={search_term_string}\"},\"query-input\":\"required name=search_term_string\"}],\"inLanguage\":\"cs\"},{\"@type\":\"ImageObject\",\"@id\":\"https:\/\/anderskafka.cz\/eshop\/produkt\/helo-vlhkomer-do-sauny-cerny\/#primaryimage\",\"inLanguage\":\"cs\",\"url\":\"https:\/\/anderskafka.cz\/eshop\/wp-content\/uploads\/sites\/3\/2024\/11\/helo-vlhkomer-cerny-brilliant.webp\",\"contentUrl\":\"https:\/\/anderskafka.cz\/eshop\/wp-content\/uploads\/sites\/3\/2024\/11\/helo-vlhkomer-cerny-brilliant.webp\",\"width\":852,\"height\":852},{\"@type\":\"WebPage\",\"@id\":\"https:\/\/anderskafka.cz\/eshop\/produkt\/helo-vlhkomer-do-sauny-cerny\/#webpage\",\"url\":\"https:\/\/anderskafka.cz\/eshop\/produkt\/helo-vlhkomer-do-sauny-cerny\/\",\"name\":\"HELO vlhkom\u011br do sauny \u010dern\u00fd - Anders &amp; Kafka E-SHOP\",\"isPartOf\":{\"@id\":\"https:\/\/anderskafka.cz\/eshop\/#website\"},\"primaryImageOfPage\":{\"@id\":\"https:\/\/anderskafka.cz\/eshop\/produkt\/helo-vlhkomer-do-sauny-cerny\/#primaryimage\"},\"datePublished\":\"2024-11-23T20:15:18+00:00\",\"dateModified\":\"2026-03-19T10:25:51+00:00\",\"description\":\"Vlhkom\u011br do sauny Hello Brilliant V\u00e1m okam\u017eit\u011b uk\u00e1\u017ee, zda m\u00e1te v m\u00edstnosti spr\u00e1vnou vlhkost. Kr\u00e1sn\u00fd diagon\u00e1ln\u00ed tvar je inspirov\u00e1n vlnami a vznikl ve spolupr\u00e1ci s italskou n\u00e1vrh\u00e1\u0159kou Paolou Garatto. Vlhkom\u011br je vyroben z eloxovan\u00e9ho p\u00edskovan\u00e9ho hlin\u00edku, co\u017e zaru\u010duje dlouhou \u017eivotnost.\",\"breadcrumb\":{\"@id\":\"https:\/\/anderskafka.cz\/eshop\/produkt\/helo-vlhkomer-do-sauny-cerny\/#breadcrumb\"},\"inLanguage\":\"cs\",\"potentialAction\":[{\"@type\":\"ReadAction\",\"target\":[\"https:\/\/anderskafka.cz\/eshop\/produkt\/helo-vlhkomer-do-sauny-cerny\/\"]}]},{\"@type\":\"BreadcrumbList\",\"@id\":\"https:\/\/anderskafka.cz\/eshop\/produkt\/helo-vlhkomer-do-sauny-cerny\/#breadcrumb\",\"itemListElement\":[{\"@type\":\"ListItem\",\"position\":1,\"name\":\"Obchod\",\"item\":\"https:\/\/anderskafka.cz\/eshop\/obchod\/\"},{\"@type\":\"ListItem\",\"position\":2,\"name\":\"HELO vlhkom\u011br do sauny \u010dern\u00fd\"}]}]}<\/script>\n<!-- \/ Yoast SEO plugin. -->","yoast_head_json":{"title":"HELO vlhkom\u011br do sauny \u010dern\u00fd - Anders &amp; Kafka E-SHOP","description":"Vlhkom\u011br do sauny Hello Brilliant V\u00e1m okam\u017eit\u011b uk\u00e1\u017ee, zda m\u00e1te v m\u00edstnosti spr\u00e1vnou vlhkost. Kr\u00e1sn\u00fd diagon\u00e1ln\u00ed tvar je inspirov\u00e1n vlnami a vznikl ve spolupr\u00e1ci s italskou n\u00e1vrh\u00e1\u0159kou Paolou Garatto. Vlhkom\u011br je vyroben z eloxovan\u00e9ho p\u00edskovan\u00e9ho hlin\u00edku, co\u017e zaru\u010duje dlouhou \u017eivotnost.","robots":{"index":"index","follow":"follow","max-snippet":"max-snippet:-1","max-image-preview":"max-image-preview:large","max-video-preview":"max-video-preview:-1"},"canonical":"https:\/\/anderskafka.cz\/eshop\/produkt\/helo-vlhkomer-do-sauny-cerny\/","og_locale":"cs_CZ","og_type":"article","og_title":"HELO vlhkom\u011br do sauny \u010dern\u00fd - Anders &amp; Kafka E-SHOP","og_description":"Vlhkom\u011br do sauny Hello Brilliant V\u00e1m okam\u017eit\u011b uk\u00e1\u017ee, zda m\u00e1te v m\u00edstnosti spr\u00e1vnou vlhkost. Kr\u00e1sn\u00fd diagon\u00e1ln\u00ed tvar je inspirov\u00e1n vlnami a vznikl ve spolupr\u00e1ci s italskou n\u00e1vrh\u00e1\u0159kou Paolou Garatto. Vlhkom\u011br je vyroben z eloxovan\u00e9ho p\u00edskovan\u00e9ho hlin\u00edku, co\u017e zaru\u010duje dlouhou \u017eivotnost.","og_url":"https:\/\/anderskafka.cz\/eshop\/produkt\/helo-vlhkomer-do-sauny-cerny\/","og_site_name":"Anders &amp; Kafka E-SHOP","article_modified_time":"2026-03-19T10:25:51+00:00","twitter_card":"summary_large_image","twitter_image":"https:\/\/anderskafka.cz\/eshop\/wp-content\/uploads\/sites\/3\/2024\/11\/helo-vlhkomer-cerny-brilliant.webp","twitter_misc":{"Odhadovan\u00e1 doba \u010dten\u00ed":"1 minuta"},"schema":{"@context":"https:\/\/schema.org","@graph":[{"@type":"WebSite","@id":"https:\/\/anderskafka.cz\/eshop\/#website","url":"https:\/\/anderskafka.cz\/eshop\/","name":"Anders &amp; Kafka E-SHOP","description":"Anders &amp; Kafka E-SHOP","potentialAction":[{"@type":"SearchAction","target":{"@type":"EntryPoint","urlTemplate":"https:\/\/anderskafka.cz\/eshop\/?s={search_term_string}"},"query-input":"required name=search_term_string"}],"inLanguage":"cs"},{"@type":"ImageObject","@id":"https:\/\/anderskafka.cz\/eshop\/produkt\/helo-vlhkomer-do-sauny-cerny\/#primaryimage","inLanguage":"cs","url":"https:\/\/anderskafka.cz\/eshop\/wp-content\/uploads\/sites\/3\/2024\/11\/helo-vlhkomer-cerny-brilliant.webp","contentUrl":"https:\/\/anderskafka.cz\/eshop\/wp-content\/uploads\/sites\/3\/2024\/11\/helo-vlhkomer-cerny-brilliant.webp","width":852,"height":852},{"@type":"WebPage","@id":"https:\/\/anderskafka.cz\/eshop\/produkt\/helo-vlhkomer-do-sauny-cerny\/#webpage","url":"https:\/\/anderskafka.cz\/eshop\/produkt\/helo-vlhkomer-do-sauny-cerny\/","name":"HELO vlhkom\u011br do sauny \u010dern\u00fd - Anders &amp; Kafka E-SHOP","isPartOf":{"@id":"https:\/\/anderskafka.cz\/eshop\/#website"},"primaryImageOfPage":{"@id":"https:\/\/anderskafka.cz\/eshop\/produkt\/helo-vlhkomer-do-sauny-cerny\/#primaryimage"},"datePublished":"2024-11-23T20:15:18+00:00","dateModified":"2026-03-19T10:25:51+00:00","description":"Vlhkom\u011br do sauny Hello Brilliant V\u00e1m okam\u017eit\u011b uk\u00e1\u017ee, zda m\u00e1te v m\u00edstnosti spr\u00e1vnou vlhkost. Kr\u00e1sn\u00fd diagon\u00e1ln\u00ed tvar je inspirov\u00e1n vlnami a vznikl ve spolupr\u00e1ci s italskou n\u00e1vrh\u00e1\u0159kou Paolou Garatto. Vlhkom\u011br je vyroben z eloxovan\u00e9ho p\u00edskovan\u00e9ho hlin\u00edku, co\u017e zaru\u010duje dlouhou \u017eivotnost.","breadcrumb":{"@id":"https:\/\/anderskafka.cz\/eshop\/produkt\/helo-vlhkomer-do-sauny-cerny\/#breadcrumb"},"inLanguage":"cs","potentialAction":[{"@type":"ReadAction","target":["https:\/\/anderskafka.cz\/eshop\/produkt\/helo-vlhkomer-do-sauny-cerny\/"]}]},{"@type":"BreadcrumbList","@id":"https:\/\/anderskafka.cz\/eshop\/produkt\/helo-vlhkomer-do-sauny-cerny\/#breadcrumb","itemListElement":[{"@type":"ListItem","position":1,"name":"Obchod","item":"https:\/\/anderskafka.cz\/eshop\/obchod\/"},{"@type":"ListItem","position":2,"name":"HELO vlhkom\u011br do sauny \u010dern\u00fd"}]}]}},"locations":[],"_links":{"self":[{"href":"https:\/\/anderskafka.cz\/eshop\/wp-json\/wp\/v2\/product\/8559"}],"collection":[{"href":"https:\/\/anderskafka.cz\/eshop\/wp-json\/wp\/v2\/product"}],"about":[{"href":"https:\/\/anderskafka.cz\/eshop\/wp-json\/wp\/v2\/types\/product"}],"replies":[{"embeddable":true,"href":"https:\/\/anderskafka.cz\/eshop\/wp-json\/wp\/v2\/comments?post=8559"}],"wp:featuredmedia":[{"embeddable":true,"href":"https:\/\/anderskafka.cz\/eshop\/wp-json\/wp\/v2\/media\/8560"}],"wp:attachment":[{"href":"https:\/\/anderskafka.cz\/eshop\/wp-json\/wp\/v2\/media?parent=8559"}],"wp:term":[{"taxonomy":"location","embeddable":true,"href":"https:\/\/anderskafka.cz\/eshop\/wp-json\/wp\/v2\/location?post=8559"},{"taxonomy":"product_cat","embeddable":true,"href":"https:\/\/anderskafka.cz\/eshop\/wp-json\/wp\/v2\/product_cat?post=8559"},{"taxonomy":"product_tag","embeddable":true,"href":"https:\/\/anderskafka.cz\/eshop\/wp-json\/wp\/v2\/product_tag?post=8559"}],"curies":[{"name":"wp","href":"https:\/\/api.w.org\/{rel}","templated":true}]}}