{"id":8599,"date":"2024-11-28T08:25:59","date_gmt":"2024-11-28T07:25:59","guid":{"rendered":"https:\/\/anderskafka.cz\/eshop\/?post_type=product&#038;p=8599"},"modified":"2026-03-09T09:38:27","modified_gmt":"2026-03-09T08:38:27","slug":"rento-darkova-sada-s-prirodni-vuni-arkticke-borovice","status":"publish","type":"product","link":"https:\/\/anderskafka.cz\/eshop\/produkt\/rento-darkova-sada-s-prirodni-vuni-arkticke-borovice\/","title":{"rendered":"RENTO d\u00e1rkov\u00e1 sada s p\u0159\u00edrodn\u00ed v\u016fn\u00ed arktick\u00e9 borovice"},"content":{"rendered":"<p>\u00da\u017easn\u00e1 d\u00e1rkov\u00e1 sada pro p\u0159\u00edjemn\u00e9 chv\u00edle v saun\u011b. V\u016fn\u011b obsahuje mlad\u00e9 jehli\u010d\u00ed, prysky\u0159ici a d\u0159evit\u00e9 v\u016fn\u011b, kter\u00e9 l\u00e1kaj\u00ed smysly. Sada obsahuje sprchov\u00fd gel 400 ml a medov\u00fd kr\u00e9m do sauny 150 ml. Skv\u011bl\u00fd d\u00e1rek pro v\u0161echny milovn\u00edky saunov\u00e1n\u00ed.<br \/>\nRozm\u011bry d\u00e1rkov\u00e9 krabi\u010dky jsou 28,5 x 19,5 x 7,5 cm.<\/p>\n<p>Finsk\u00e1 kvalita.<\/p>\n","protected":false},"excerpt":{"rendered":"<p>\u00da\u017easn\u00e1 d\u00e1rkov\u00e1 sada pro p\u0159\u00edjemn\u00e9 chv\u00edle v saun\u011b. V\u016fn\u011b obsahuje mlad\u00e9 jehli\u010d\u00ed, prysky\u0159ici a d\u0159evit\u00e9 v\u016fn\u011b, kter\u00e9 l\u00e1kaj\u00ed smysly.\u00a0Sada obsahuje sprchov\u00fd gel 400 ml a medov\u00fd kr\u00e9m do sauny 150 ml.<br \/>\nInspirov\u00e1no p\u0159\u00edrodou. Navr\u017eeno a vyrobeno ve Finsku, specialistou na saunov\u00e9 dopl\u0148ky spole\u010dnost\u00ed RENTO.<\/p>\n<div style=\"text-align: center\">\n<p><img loading=\"lazy\" class=\"wp-image-1579\" style=\"margin-right: 25px\" src=\"https:\/\/anderskafka.cz\/eshop\/wp-content\/uploads\/sites\/3\/2022\/12\/MADEINFINNLAND-300x246.jpg\" alt=\"\" width=\"205\" height=\"168\" srcset=\"https:\/\/anderskafka.cz\/eshop\/wp-content\/uploads\/sites\/3\/2022\/12\/MADEINFINNLAND-300x246.jpg 300w, https:\/\/anderskafka.cz\/eshop\/wp-content\/uploads\/sites\/3\/2022\/12\/MADEINFINNLAND-64x52.jpg 64w, https:\/\/anderskafka.cz\/eshop\/wp-content\/uploads\/sites\/3\/2022\/12\/MADEINFINNLAND.jpg 500w\" sizes=\"(max-width: 205px) 100vw, 205px\" \/><img loading=\"lazy\" class=\"wp-image-135 \" src=\"https:\/\/anderskafka.cz\/eshop\/wp-content\/uploads\/sites\/3\/2022\/06\/DesignFromFinland_web-1-300x300.png\" alt=\"\" width=\"178\" height=\"178\" \/><\/p>\n<\/div>\n","protected":false},"featured_media":14372,"comment_status":"open","ping_status":"closed","template":"","meta":{"site-sidebar-layout":"default","site-content-layout":"default","ast-main-header-display":"","ast-hfb-above-header-display":"","ast-hfb-below-header-display":"","ast-hfb-mobile-header-display":"","site-post-title":"","ast-breadcrumbs-content":"","ast-featured-img":"","footer-sml-layout":"","theme-transparent-header-meta":"","adv-header-id-meta":"","stick-header-meta":"","header-above-stick-meta":"","header-main-stick-meta":"","header-below-stick-meta":""},"location":[],"product_cat":[755,107,109,1640],"product_tag":[103],"yoast_head":"<!-- This site is optimized with the Yoast SEO plugin v18.5.1 - https:\/\/yoast.com\/wordpress\/plugins\/seo\/ -->\n<title>RENTO d\u00e1rkov\u00e1 sada s p\u0159\u00edrodn\u00ed v\u016fn\u00ed arktick\u00e9 borovice - Anders &amp; Kafka E-SHOP<\/title>\n<meta name=\"description\" content=\"\u00da\u017easn\u00e1 d\u00e1rkov\u00e1 sada pro p\u0159\u00edjemn\u00e9 chv\u00edle v saun\u011b. V\u016fn\u011b obsahuje mlad\u00e9 jehli\u010d\u00ed, prysky\u0159ici a d\u0159evit\u00e9 v\u016fn\u011b, kter\u00e9 l\u00e1kaj\u00ed smysly.\u00a0Sada obsahuje sprchov\u00fd gel 400 ml a medov\u00fd kr\u00e9m do sauny 150 ml. Inspirov\u00e1no p\u0159\u00edrodou. Navr\u017eeno a vyrobeno ve Finsku, specialistou na saunov\u00e9 dopl\u0148ky spole\u010dnost\u00ed RENTO.\" \/>\n<meta name=\"robots\" content=\"index, follow, max-snippet:-1, max-image-preview:large, max-video-preview:-1\" \/>\n<link rel=\"canonical\" href=\"https:\/\/anderskafka.cz\/eshop\/produkt\/rento-darkova-sada-s-prirodni-vuni-arkticke-borovice\/\" \/>\n<meta property=\"og:locale\" content=\"cs_CZ\" \/>\n<meta property=\"og:type\" content=\"article\" \/>\n<meta property=\"og:title\" content=\"RENTO d\u00e1rkov\u00e1 sada s p\u0159\u00edrodn\u00ed v\u016fn\u00ed arktick\u00e9 borovice - Anders &amp; Kafka E-SHOP\" \/>\n<meta property=\"og:description\" content=\"\u00da\u017easn\u00e1 d\u00e1rkov\u00e1 sada pro p\u0159\u00edjemn\u00e9 chv\u00edle v saun\u011b. V\u016fn\u011b obsahuje mlad\u00e9 jehli\u010d\u00ed, prysky\u0159ici a d\u0159evit\u00e9 v\u016fn\u011b, kter\u00e9 l\u00e1kaj\u00ed smysly.\u00a0Sada obsahuje sprchov\u00fd gel 400 ml a medov\u00fd kr\u00e9m do sauny 150 ml. Inspirov\u00e1no p\u0159\u00edrodou. Navr\u017eeno a vyrobeno ve Finsku, specialistou na saunov\u00e9 dopl\u0148ky spole\u010dnost\u00ed RENTO.\" \/>\n<meta property=\"og:url\" content=\"https:\/\/anderskafka.cz\/eshop\/produkt\/rento-darkova-sada-s-prirodni-vuni-arkticke-borovice\/\" \/>\n<meta property=\"og:site_name\" content=\"Anders &amp; Kafka E-SHOP\" \/>\n<meta property=\"article:modified_time\" content=\"2026-03-09T08:38:27+00:00\" \/>\n<meta name=\"twitter:card\" content=\"summary_large_image\" \/>\n<meta name=\"twitter:image\" content=\"https:\/\/anderskafka.cz\/eshop\/wp-content\/uploads\/sites\/3\/2024\/11\/RENTO_sadaborovice1_AndersKafka.webp\" \/>\n<meta name=\"twitter:label1\" content=\"Odhadovan\u00e1 doba \u010dten\u00ed\" \/>\n\t<meta name=\"twitter:data1\" content=\"1 minuta\" \/>\n<script type=\"application\/ld+json\" class=\"yoast-schema-graph\">{\"@context\":\"https:\/\/schema.org\",\"@graph\":[{\"@type\":\"WebSite\",\"@id\":\"https:\/\/anderskafka.cz\/eshop\/#website\",\"url\":\"https:\/\/anderskafka.cz\/eshop\/\",\"name\":\"Anders &amp; Kafka E-SHOP\",\"description\":\"Anders &amp; Kafka E-SHOP\",\"potentialAction\":[{\"@type\":\"SearchAction\",\"target\":{\"@type\":\"EntryPoint\",\"urlTemplate\":\"https:\/\/anderskafka.cz\/eshop\/?s={search_term_string}\"},\"query-input\":\"required name=search_term_string\"}],\"inLanguage\":\"cs\"},{\"@type\":\"ImageObject\",\"@id\":\"https:\/\/anderskafka.cz\/eshop\/produkt\/rento-darkova-sada-s-prirodni-vuni-arkticke-borovice\/#primaryimage\",\"inLanguage\":\"cs\",\"url\":\"https:\/\/anderskafka.cz\/eshop\/wp-content\/uploads\/sites\/3\/2024\/11\/RENTO_sadaborovice1_AndersKafka.webp\",\"contentUrl\":\"https:\/\/anderskafka.cz\/eshop\/wp-content\/uploads\/sites\/3\/2024\/11\/RENTO_sadaborovice1_AndersKafka.webp\",\"width\":1500,\"height\":1500},{\"@type\":\"WebPage\",\"@id\":\"https:\/\/anderskafka.cz\/eshop\/produkt\/rento-darkova-sada-s-prirodni-vuni-arkticke-borovice\/#webpage\",\"url\":\"https:\/\/anderskafka.cz\/eshop\/produkt\/rento-darkova-sada-s-prirodni-vuni-arkticke-borovice\/\",\"name\":\"RENTO d\u00e1rkov\u00e1 sada s p\u0159\u00edrodn\u00ed v\u016fn\u00ed arktick\u00e9 borovice - Anders &amp; Kafka E-SHOP\",\"isPartOf\":{\"@id\":\"https:\/\/anderskafka.cz\/eshop\/#website\"},\"primaryImageOfPage\":{\"@id\":\"https:\/\/anderskafka.cz\/eshop\/produkt\/rento-darkova-sada-s-prirodni-vuni-arkticke-borovice\/#primaryimage\"},\"datePublished\":\"2024-11-28T07:25:59+00:00\",\"dateModified\":\"2026-03-09T08:38:27+00:00\",\"description\":\"\u00da\u017easn\u00e1 d\u00e1rkov\u00e1 sada pro p\u0159\u00edjemn\u00e9 chv\u00edle v saun\u011b. V\u016fn\u011b obsahuje mlad\u00e9 jehli\u010d\u00ed, prysky\u0159ici a d\u0159evit\u00e9 v\u016fn\u011b, kter\u00e9 l\u00e1kaj\u00ed smysly.\u00a0Sada obsahuje sprchov\u00fd gel 400 ml a medov\u00fd kr\u00e9m do sauny 150 ml. Inspirov\u00e1no p\u0159\u00edrodou. Navr\u017eeno a vyrobeno ve Finsku, specialistou na saunov\u00e9 dopl\u0148ky spole\u010dnost\u00ed RENTO.\",\"breadcrumb\":{\"@id\":\"https:\/\/anderskafka.cz\/eshop\/produkt\/rento-darkova-sada-s-prirodni-vuni-arkticke-borovice\/#breadcrumb\"},\"inLanguage\":\"cs\",\"potentialAction\":[{\"@type\":\"ReadAction\",\"target\":[\"https:\/\/anderskafka.cz\/eshop\/produkt\/rento-darkova-sada-s-prirodni-vuni-arkticke-borovice\/\"]}]},{\"@type\":\"BreadcrumbList\",\"@id\":\"https:\/\/anderskafka.cz\/eshop\/produkt\/rento-darkova-sada-s-prirodni-vuni-arkticke-borovice\/#breadcrumb\",\"itemListElement\":[{\"@type\":\"ListItem\",\"position\":1,\"name\":\"Obchod\",\"item\":\"https:\/\/anderskafka.cz\/eshop\/obchod\/\"},{\"@type\":\"ListItem\",\"position\":2,\"name\":\"RENTO d\u00e1rkov\u00e1 sada s p\u0159\u00edrodn\u00ed v\u016fn\u00ed arktick\u00e9 borovice\"}]}]}<\/script>\n<!-- \/ Yoast SEO plugin. -->","yoast_head_json":{"title":"RENTO d\u00e1rkov\u00e1 sada s p\u0159\u00edrodn\u00ed v\u016fn\u00ed arktick\u00e9 borovice - Anders &amp; Kafka E-SHOP","description":"\u00da\u017easn\u00e1 d\u00e1rkov\u00e1 sada pro p\u0159\u00edjemn\u00e9 chv\u00edle v saun\u011b. V\u016fn\u011b obsahuje mlad\u00e9 jehli\u010d\u00ed, prysky\u0159ici a d\u0159evit\u00e9 v\u016fn\u011b, kter\u00e9 l\u00e1kaj\u00ed smysly.\u00a0Sada obsahuje sprchov\u00fd gel 400 ml a medov\u00fd kr\u00e9m do sauny 150 ml. Inspirov\u00e1no p\u0159\u00edrodou. Navr\u017eeno a vyrobeno ve Finsku, specialistou na saunov\u00e9 dopl\u0148ky spole\u010dnost\u00ed RENTO.","robots":{"index":"index","follow":"follow","max-snippet":"max-snippet:-1","max-image-preview":"max-image-preview:large","max-video-preview":"max-video-preview:-1"},"canonical":"https:\/\/anderskafka.cz\/eshop\/produkt\/rento-darkova-sada-s-prirodni-vuni-arkticke-borovice\/","og_locale":"cs_CZ","og_type":"article","og_title":"RENTO d\u00e1rkov\u00e1 sada s p\u0159\u00edrodn\u00ed v\u016fn\u00ed arktick\u00e9 borovice - Anders &amp; Kafka E-SHOP","og_description":"\u00da\u017easn\u00e1 d\u00e1rkov\u00e1 sada pro p\u0159\u00edjemn\u00e9 chv\u00edle v saun\u011b. V\u016fn\u011b obsahuje mlad\u00e9 jehli\u010d\u00ed, prysky\u0159ici a d\u0159evit\u00e9 v\u016fn\u011b, kter\u00e9 l\u00e1kaj\u00ed smysly.\u00a0Sada obsahuje sprchov\u00fd gel 400 ml a medov\u00fd kr\u00e9m do sauny 150 ml. Inspirov\u00e1no p\u0159\u00edrodou. Navr\u017eeno a vyrobeno ve Finsku, specialistou na saunov\u00e9 dopl\u0148ky spole\u010dnost\u00ed RENTO.","og_url":"https:\/\/anderskafka.cz\/eshop\/produkt\/rento-darkova-sada-s-prirodni-vuni-arkticke-borovice\/","og_site_name":"Anders &amp; Kafka E-SHOP","article_modified_time":"2026-03-09T08:38:27+00:00","twitter_card":"summary_large_image","twitter_image":"https:\/\/anderskafka.cz\/eshop\/wp-content\/uploads\/sites\/3\/2024\/11\/RENTO_sadaborovice1_AndersKafka.webp","twitter_misc":{"Odhadovan\u00e1 doba \u010dten\u00ed":"1 minuta"},"schema":{"@context":"https:\/\/schema.org","@graph":[{"@type":"WebSite","@id":"https:\/\/anderskafka.cz\/eshop\/#website","url":"https:\/\/anderskafka.cz\/eshop\/","name":"Anders &amp; Kafka E-SHOP","description":"Anders &amp; Kafka E-SHOP","potentialAction":[{"@type":"SearchAction","target":{"@type":"EntryPoint","urlTemplate":"https:\/\/anderskafka.cz\/eshop\/?s={search_term_string}"},"query-input":"required name=search_term_string"}],"inLanguage":"cs"},{"@type":"ImageObject","@id":"https:\/\/anderskafka.cz\/eshop\/produkt\/rento-darkova-sada-s-prirodni-vuni-arkticke-borovice\/#primaryimage","inLanguage":"cs","url":"https:\/\/anderskafka.cz\/eshop\/wp-content\/uploads\/sites\/3\/2024\/11\/RENTO_sadaborovice1_AndersKafka.webp","contentUrl":"https:\/\/anderskafka.cz\/eshop\/wp-content\/uploads\/sites\/3\/2024\/11\/RENTO_sadaborovice1_AndersKafka.webp","width":1500,"height":1500},{"@type":"WebPage","@id":"https:\/\/anderskafka.cz\/eshop\/produkt\/rento-darkova-sada-s-prirodni-vuni-arkticke-borovice\/#webpage","url":"https:\/\/anderskafka.cz\/eshop\/produkt\/rento-darkova-sada-s-prirodni-vuni-arkticke-borovice\/","name":"RENTO d\u00e1rkov\u00e1 sada s p\u0159\u00edrodn\u00ed v\u016fn\u00ed arktick\u00e9 borovice - Anders &amp; Kafka E-SHOP","isPartOf":{"@id":"https:\/\/anderskafka.cz\/eshop\/#website"},"primaryImageOfPage":{"@id":"https:\/\/anderskafka.cz\/eshop\/produkt\/rento-darkova-sada-s-prirodni-vuni-arkticke-borovice\/#primaryimage"},"datePublished":"2024-11-28T07:25:59+00:00","dateModified":"2026-03-09T08:38:27+00:00","description":"\u00da\u017easn\u00e1 d\u00e1rkov\u00e1 sada pro p\u0159\u00edjemn\u00e9 chv\u00edle v saun\u011b. V\u016fn\u011b obsahuje mlad\u00e9 jehli\u010d\u00ed, prysky\u0159ici a d\u0159evit\u00e9 v\u016fn\u011b, kter\u00e9 l\u00e1kaj\u00ed smysly.\u00a0Sada obsahuje sprchov\u00fd gel 400 ml a medov\u00fd kr\u00e9m do sauny 150 ml. Inspirov\u00e1no p\u0159\u00edrodou. Navr\u017eeno a vyrobeno ve Finsku, specialistou na saunov\u00e9 dopl\u0148ky spole\u010dnost\u00ed RENTO.","breadcrumb":{"@id":"https:\/\/anderskafka.cz\/eshop\/produkt\/rento-darkova-sada-s-prirodni-vuni-arkticke-borovice\/#breadcrumb"},"inLanguage":"cs","potentialAction":[{"@type":"ReadAction","target":["https:\/\/anderskafka.cz\/eshop\/produkt\/rento-darkova-sada-s-prirodni-vuni-arkticke-borovice\/"]}]},{"@type":"BreadcrumbList","@id":"https:\/\/anderskafka.cz\/eshop\/produkt\/rento-darkova-sada-s-prirodni-vuni-arkticke-borovice\/#breadcrumb","itemListElement":[{"@type":"ListItem","position":1,"name":"Obchod","item":"https:\/\/anderskafka.cz\/eshop\/obchod\/"},{"@type":"ListItem","position":2,"name":"RENTO d\u00e1rkov\u00e1 sada s p\u0159\u00edrodn\u00ed v\u016fn\u00ed arktick\u00e9 borovice"}]}]}},"locations":[],"_links":{"self":[{"href":"https:\/\/anderskafka.cz\/eshop\/wp-json\/wp\/v2\/product\/8599"}],"collection":[{"href":"https:\/\/anderskafka.cz\/eshop\/wp-json\/wp\/v2\/product"}],"about":[{"href":"https:\/\/anderskafka.cz\/eshop\/wp-json\/wp\/v2\/types\/product"}],"replies":[{"embeddable":true,"href":"https:\/\/anderskafka.cz\/eshop\/wp-json\/wp\/v2\/comments?post=8599"}],"wp:featuredmedia":[{"embeddable":true,"href":"https:\/\/anderskafka.cz\/eshop\/wp-json\/wp\/v2\/media\/14372"}],"wp:attachment":[{"href":"https:\/\/anderskafka.cz\/eshop\/wp-json\/wp\/v2\/media?parent=8599"}],"wp:term":[{"taxonomy":"location","embeddable":true,"href":"https:\/\/anderskafka.cz\/eshop\/wp-json\/wp\/v2\/location?post=8599"},{"taxonomy":"product_cat","embeddable":true,"href":"https:\/\/anderskafka.cz\/eshop\/wp-json\/wp\/v2\/product_cat?post=8599"},{"taxonomy":"product_tag","embeddable":true,"href":"https:\/\/anderskafka.cz\/eshop\/wp-json\/wp\/v2\/product_tag?post=8599"}],"curies":[{"name":"wp","href":"https:\/\/api.w.org\/{rel}","templated":true}]}}