{"id":8610,"date":"2024-11-28T12:46:50","date_gmt":"2024-11-28T11:46:50","guid":{"rendered":"https:\/\/anderskafka.cz\/eshop\/?post_type=product&#038;p=8610"},"modified":"2026-01-27T09:26:01","modified_gmt":"2026-01-27T08:26:01","slug":"rento-saunove-solne-mydlo-50-g-tea-tree","status":"publish","type":"product","link":"https:\/\/anderskafka.cz\/eshop\/produkt\/rento-saunove-solne-mydlo-50-g-tea-tree\/","title":{"rendered":"RENTO saunov\u00e9 soln\u00e9 m\u00fddlo s v\u016fn\u00ed tea tree, 50g"},"content":{"rendered":"<p>P\u0159\u00edrodn\u00ed, jemn\u00e9, ru\u010dn\u011b vyr\u00e1b\u011bn\u00e9 soln\u00e9 m\u00fddlo vhodn\u00e9 k \u010di\u0161t\u011bn\u00ed obli\u010deje i t\u011bla s v\u016fn\u00ed tea tree. S\u016fl m\u00e1 antiseptick\u00e9, antibakteri\u00e1ln\u00ed vlastnosti a \u00fa\u010dinn\u011b zvlh\u010duje poko\u017eku. Miner\u00e1ly v soli podporuj\u00ed celkovou pohodu poko\u017eky. Tee trea olej je vhodn\u00fd pro mastnou a sm\u00ed\u0161enou ple\u0165. B\u011bhem v\u00fdroby m\u00fddla doch\u00e1z\u00ed k tzv. &#8220;superfattingu&#8221;, kdy jsou v m\u00fddle ponech\u00e1ny n\u011bkter\u00e9 oleje, aby vy\u017eivovaly a zvl\u00e1\u010d\u0148ovaly poko\u017eku. M\u00fddlo si tak\u00e9 uchov\u00e1v\u00e1 glycerin, kter\u00fd vznik\u00e1 p\u0159i studen\u00e9m procesu v\u00fdroby m\u00fddla a m\u00e1 hydrata\u010dn\u00ed \u00fa\u010dinek.<br \/>\nSoln\u00e9 m\u00fddlo obsahuje pouze p\u0159\u00edrodn\u00ed slo\u017eky, \u017e\u00e1dn\u00e1 um\u011bl\u00e1 barviva, v\u016fn\u011b nebo chemik\u00e1lie. Vegansk\u00e9 a 100% biologicky odbourateln\u00e9.<br \/>\nFinsk\u00e1 kvalita.<\/p>\n","protected":false},"excerpt":{"rendered":"<p>P\u0159\u00edrodn\u00ed, ru\u010dn\u011b vyr\u00e1b\u011bn\u00e9 soln\u00e9 m\u00fddlo vhodn\u00e9 k \u010di\u0161t\u011bn\u00ed obli\u010deje i t\u011bla s v\u016fn\u00ed tea tree. Vegansk\u00e9 a 100% biologicky odbourateln\u00e9.<br \/>\nInspirov\u00e1no p\u0159\u00edrodou. Navr\u017eeno ve Finsku, specialistou na saunov\u00e9 dopl\u0148ky spole\u010dnost\u00ed RENTO. Relaxujte a u\u017e\u00edvejte si harmonii z autentick\u00e9ho z\u00e1\u017eitku finsk\u00e9 sauny.<img loading=\"lazy\" class=\"wp-image-135 aligncenter\" src=\"https:\/\/anderskafka.cz\/eshop\/wp-content\/uploads\/sites\/3\/2022\/06\/DesignFromFinland_web-1-300x300.png\" alt=\"\" width=\"178\" height=\"178\" \/><\/p>\n","protected":false},"featured_media":8611,"comment_status":"open","ping_status":"closed","template":"","meta":{"site-sidebar-layout":"default","site-content-layout":"default","ast-main-header-display":"","ast-hfb-above-header-display":"","ast-hfb-below-header-display":"","ast-hfb-mobile-header-display":"","site-post-title":"","ast-breadcrumbs-content":"","ast-featured-img":"","footer-sml-layout":"","theme-transparent-header-meta":"","adv-header-id-meta":"","stick-header-meta":"","header-above-stick-meta":"","header-main-stick-meta":"","header-below-stick-meta":""},"location":[],"product_cat":[107,1640],"product_tag":[103],"yoast_head":"<!-- This site is optimized with the Yoast SEO plugin v18.5.1 - https:\/\/yoast.com\/wordpress\/plugins\/seo\/ -->\n<title>RENTO saunov\u00e9 soln\u00e9 m\u00fddlo s v\u016fn\u00ed tea tree, 50g - Anders &amp; Kafka E-SHOP<\/title>\n<meta name=\"description\" content=\"P\u0159\u00edrodn\u00ed, ru\u010dn\u011b vyr\u00e1b\u011bn\u00e9 soln\u00e9 m\u00fddlo vhodn\u00e9 k \u010di\u0161t\u011bn\u00ed obli\u010deje i t\u011bla s v\u016fn\u00ed tea tree. Vegansk\u00e9 a 100% biologicky odbourateln\u00e9. Inspirov\u00e1no p\u0159\u00edrodou. Navr\u017eeno ve Finsku, specialistou na saunov\u00e9 dopl\u0148ky spole\u010dnost\u00ed RENTO. Relaxujte a u\u017e\u00edvejte si harmonii z autentick\u00e9ho z\u00e1\u017eitku finsk\u00e9 sauny.\" \/>\n<meta name=\"robots\" content=\"index, follow, max-snippet:-1, max-image-preview:large, max-video-preview:-1\" \/>\n<link rel=\"canonical\" href=\"https:\/\/anderskafka.cz\/eshop\/produkt\/rento-saunove-solne-mydlo-50-g-tea-tree\/\" \/>\n<meta property=\"og:locale\" content=\"cs_CZ\" \/>\n<meta property=\"og:type\" content=\"article\" \/>\n<meta property=\"og:title\" content=\"RENTO saunov\u00e9 soln\u00e9 m\u00fddlo s v\u016fn\u00ed tea tree, 50g - Anders &amp; Kafka E-SHOP\" \/>\n<meta property=\"og:description\" content=\"P\u0159\u00edrodn\u00ed, ru\u010dn\u011b vyr\u00e1b\u011bn\u00e9 soln\u00e9 m\u00fddlo vhodn\u00e9 k \u010di\u0161t\u011bn\u00ed obli\u010deje i t\u011bla s v\u016fn\u00ed tea tree. Vegansk\u00e9 a 100% biologicky odbourateln\u00e9. Inspirov\u00e1no p\u0159\u00edrodou. Navr\u017eeno ve Finsku, specialistou na saunov\u00e9 dopl\u0148ky spole\u010dnost\u00ed RENTO. Relaxujte a u\u017e\u00edvejte si harmonii z autentick\u00e9ho z\u00e1\u017eitku finsk\u00e9 sauny.\" \/>\n<meta property=\"og:url\" content=\"https:\/\/anderskafka.cz\/eshop\/produkt\/rento-saunove-solne-mydlo-50-g-tea-tree\/\" \/>\n<meta property=\"og:site_name\" content=\"Anders &amp; Kafka E-SHOP\" \/>\n<meta property=\"article:modified_time\" content=\"2026-01-27T08:26:01+00:00\" \/>\n<meta property=\"og:image\" content=\"https:\/\/anderskafka.cz\/eshop\/wp-content\/uploads\/sites\/3\/2024\/11\/rento-solne-mydlo-tea-tree.jpg\" \/>\n\t<meta property=\"og:image:width\" content=\"700\" \/>\n\t<meta property=\"og:image:height\" content=\"700\" \/>\n\t<meta property=\"og:image:type\" content=\"image\/jpeg\" \/>\n<meta name=\"twitter:card\" content=\"summary_large_image\" \/>\n<meta name=\"twitter:label1\" content=\"Odhadovan\u00e1 doba \u010dten\u00ed\" \/>\n\t<meta name=\"twitter:data1\" content=\"1 minuta\" \/>\n<script type=\"application\/ld+json\" class=\"yoast-schema-graph\">{\"@context\":\"https:\/\/schema.org\",\"@graph\":[{\"@type\":\"WebSite\",\"@id\":\"https:\/\/anderskafka.cz\/eshop\/#website\",\"url\":\"https:\/\/anderskafka.cz\/eshop\/\",\"name\":\"Anders &amp; Kafka E-SHOP\",\"description\":\"Anders &amp; Kafka E-SHOP\",\"potentialAction\":[{\"@type\":\"SearchAction\",\"target\":{\"@type\":\"EntryPoint\",\"urlTemplate\":\"https:\/\/anderskafka.cz\/eshop\/?s={search_term_string}\"},\"query-input\":\"required name=search_term_string\"}],\"inLanguage\":\"cs\"},{\"@type\":\"ImageObject\",\"@id\":\"https:\/\/anderskafka.cz\/eshop\/produkt\/rento-saunove-solne-mydlo-50-g-tea-tree\/#primaryimage\",\"inLanguage\":\"cs\",\"url\":\"https:\/\/anderskafka.cz\/eshop\/wp-content\/uploads\/sites\/3\/2024\/11\/rento-solne-mydlo-tea-tree.jpg\",\"contentUrl\":\"https:\/\/anderskafka.cz\/eshop\/wp-content\/uploads\/sites\/3\/2024\/11\/rento-solne-mydlo-tea-tree.jpg\",\"width\":700,\"height\":700},{\"@type\":\"WebPage\",\"@id\":\"https:\/\/anderskafka.cz\/eshop\/produkt\/rento-saunove-solne-mydlo-50-g-tea-tree\/#webpage\",\"url\":\"https:\/\/anderskafka.cz\/eshop\/produkt\/rento-saunove-solne-mydlo-50-g-tea-tree\/\",\"name\":\"RENTO saunov\u00e9 soln\u00e9 m\u00fddlo s v\u016fn\u00ed tea tree, 50g - Anders &amp; Kafka E-SHOP\",\"isPartOf\":{\"@id\":\"https:\/\/anderskafka.cz\/eshop\/#website\"},\"primaryImageOfPage\":{\"@id\":\"https:\/\/anderskafka.cz\/eshop\/produkt\/rento-saunove-solne-mydlo-50-g-tea-tree\/#primaryimage\"},\"datePublished\":\"2024-11-28T11:46:50+00:00\",\"dateModified\":\"2026-01-27T08:26:01+00:00\",\"description\":\"P\u0159\u00edrodn\u00ed, ru\u010dn\u011b vyr\u00e1b\u011bn\u00e9 soln\u00e9 m\u00fddlo vhodn\u00e9 k \u010di\u0161t\u011bn\u00ed obli\u010deje i t\u011bla s v\u016fn\u00ed tea tree. Vegansk\u00e9 a 100% biologicky odbourateln\u00e9. Inspirov\u00e1no p\u0159\u00edrodou. Navr\u017eeno ve Finsku, specialistou na saunov\u00e9 dopl\u0148ky spole\u010dnost\u00ed RENTO. Relaxujte a u\u017e\u00edvejte si harmonii z autentick\u00e9ho z\u00e1\u017eitku finsk\u00e9 sauny.\",\"breadcrumb\":{\"@id\":\"https:\/\/anderskafka.cz\/eshop\/produkt\/rento-saunove-solne-mydlo-50-g-tea-tree\/#breadcrumb\"},\"inLanguage\":\"cs\",\"potentialAction\":[{\"@type\":\"ReadAction\",\"target\":[\"https:\/\/anderskafka.cz\/eshop\/produkt\/rento-saunove-solne-mydlo-50-g-tea-tree\/\"]}]},{\"@type\":\"BreadcrumbList\",\"@id\":\"https:\/\/anderskafka.cz\/eshop\/produkt\/rento-saunove-solne-mydlo-50-g-tea-tree\/#breadcrumb\",\"itemListElement\":[{\"@type\":\"ListItem\",\"position\":1,\"name\":\"Obchod\",\"item\":\"https:\/\/anderskafka.cz\/eshop\/obchod\/\"},{\"@type\":\"ListItem\",\"position\":2,\"name\":\"RENTO saunov\u00e9 soln\u00e9 m\u00fddlo s v\u016fn\u00ed tea tree, 50g\"}]}]}<\/script>\n<!-- \/ Yoast SEO plugin. -->","yoast_head_json":{"title":"RENTO saunov\u00e9 soln\u00e9 m\u00fddlo s v\u016fn\u00ed tea tree, 50g - Anders &amp; Kafka E-SHOP","description":"P\u0159\u00edrodn\u00ed, ru\u010dn\u011b vyr\u00e1b\u011bn\u00e9 soln\u00e9 m\u00fddlo vhodn\u00e9 k \u010di\u0161t\u011bn\u00ed obli\u010deje i t\u011bla s v\u016fn\u00ed tea tree. Vegansk\u00e9 a 100% biologicky odbourateln\u00e9. Inspirov\u00e1no p\u0159\u00edrodou. Navr\u017eeno ve Finsku, specialistou na saunov\u00e9 dopl\u0148ky spole\u010dnost\u00ed RENTO. Relaxujte a u\u017e\u00edvejte si harmonii z autentick\u00e9ho z\u00e1\u017eitku finsk\u00e9 sauny.","robots":{"index":"index","follow":"follow","max-snippet":"max-snippet:-1","max-image-preview":"max-image-preview:large","max-video-preview":"max-video-preview:-1"},"canonical":"https:\/\/anderskafka.cz\/eshop\/produkt\/rento-saunove-solne-mydlo-50-g-tea-tree\/","og_locale":"cs_CZ","og_type":"article","og_title":"RENTO saunov\u00e9 soln\u00e9 m\u00fddlo s v\u016fn\u00ed tea tree, 50g - Anders &amp; Kafka E-SHOP","og_description":"P\u0159\u00edrodn\u00ed, ru\u010dn\u011b vyr\u00e1b\u011bn\u00e9 soln\u00e9 m\u00fddlo vhodn\u00e9 k \u010di\u0161t\u011bn\u00ed obli\u010deje i t\u011bla s v\u016fn\u00ed tea tree. Vegansk\u00e9 a 100% biologicky odbourateln\u00e9. Inspirov\u00e1no p\u0159\u00edrodou. Navr\u017eeno ve Finsku, specialistou na saunov\u00e9 dopl\u0148ky spole\u010dnost\u00ed RENTO. Relaxujte a u\u017e\u00edvejte si harmonii z autentick\u00e9ho z\u00e1\u017eitku finsk\u00e9 sauny.","og_url":"https:\/\/anderskafka.cz\/eshop\/produkt\/rento-saunove-solne-mydlo-50-g-tea-tree\/","og_site_name":"Anders &amp; Kafka E-SHOP","article_modified_time":"2026-01-27T08:26:01+00:00","og_image":[{"width":700,"height":700,"url":"https:\/\/anderskafka.cz\/eshop\/wp-content\/uploads\/sites\/3\/2024\/11\/rento-solne-mydlo-tea-tree.jpg","type":"image\/jpeg"}],"twitter_card":"summary_large_image","twitter_misc":{"Odhadovan\u00e1 doba \u010dten\u00ed":"1 minuta"},"schema":{"@context":"https:\/\/schema.org","@graph":[{"@type":"WebSite","@id":"https:\/\/anderskafka.cz\/eshop\/#website","url":"https:\/\/anderskafka.cz\/eshop\/","name":"Anders &amp; Kafka E-SHOP","description":"Anders &amp; Kafka E-SHOP","potentialAction":[{"@type":"SearchAction","target":{"@type":"EntryPoint","urlTemplate":"https:\/\/anderskafka.cz\/eshop\/?s={search_term_string}"},"query-input":"required name=search_term_string"}],"inLanguage":"cs"},{"@type":"ImageObject","@id":"https:\/\/anderskafka.cz\/eshop\/produkt\/rento-saunove-solne-mydlo-50-g-tea-tree\/#primaryimage","inLanguage":"cs","url":"https:\/\/anderskafka.cz\/eshop\/wp-content\/uploads\/sites\/3\/2024\/11\/rento-solne-mydlo-tea-tree.jpg","contentUrl":"https:\/\/anderskafka.cz\/eshop\/wp-content\/uploads\/sites\/3\/2024\/11\/rento-solne-mydlo-tea-tree.jpg","width":700,"height":700},{"@type":"WebPage","@id":"https:\/\/anderskafka.cz\/eshop\/produkt\/rento-saunove-solne-mydlo-50-g-tea-tree\/#webpage","url":"https:\/\/anderskafka.cz\/eshop\/produkt\/rento-saunove-solne-mydlo-50-g-tea-tree\/","name":"RENTO saunov\u00e9 soln\u00e9 m\u00fddlo s v\u016fn\u00ed tea tree, 50g - Anders &amp; Kafka E-SHOP","isPartOf":{"@id":"https:\/\/anderskafka.cz\/eshop\/#website"},"primaryImageOfPage":{"@id":"https:\/\/anderskafka.cz\/eshop\/produkt\/rento-saunove-solne-mydlo-50-g-tea-tree\/#primaryimage"},"datePublished":"2024-11-28T11:46:50+00:00","dateModified":"2026-01-27T08:26:01+00:00","description":"P\u0159\u00edrodn\u00ed, ru\u010dn\u011b vyr\u00e1b\u011bn\u00e9 soln\u00e9 m\u00fddlo vhodn\u00e9 k \u010di\u0161t\u011bn\u00ed obli\u010deje i t\u011bla s v\u016fn\u00ed tea tree. Vegansk\u00e9 a 100% biologicky odbourateln\u00e9. Inspirov\u00e1no p\u0159\u00edrodou. Navr\u017eeno ve Finsku, specialistou na saunov\u00e9 dopl\u0148ky spole\u010dnost\u00ed RENTO. Relaxujte a u\u017e\u00edvejte si harmonii z autentick\u00e9ho z\u00e1\u017eitku finsk\u00e9 sauny.","breadcrumb":{"@id":"https:\/\/anderskafka.cz\/eshop\/produkt\/rento-saunove-solne-mydlo-50-g-tea-tree\/#breadcrumb"},"inLanguage":"cs","potentialAction":[{"@type":"ReadAction","target":["https:\/\/anderskafka.cz\/eshop\/produkt\/rento-saunove-solne-mydlo-50-g-tea-tree\/"]}]},{"@type":"BreadcrumbList","@id":"https:\/\/anderskafka.cz\/eshop\/produkt\/rento-saunove-solne-mydlo-50-g-tea-tree\/#breadcrumb","itemListElement":[{"@type":"ListItem","position":1,"name":"Obchod","item":"https:\/\/anderskafka.cz\/eshop\/obchod\/"},{"@type":"ListItem","position":2,"name":"RENTO saunov\u00e9 soln\u00e9 m\u00fddlo s v\u016fn\u00ed tea tree, 50g"}]}]}},"locations":[],"_links":{"self":[{"href":"https:\/\/anderskafka.cz\/eshop\/wp-json\/wp\/v2\/product\/8610"}],"collection":[{"href":"https:\/\/anderskafka.cz\/eshop\/wp-json\/wp\/v2\/product"}],"about":[{"href":"https:\/\/anderskafka.cz\/eshop\/wp-json\/wp\/v2\/types\/product"}],"replies":[{"embeddable":true,"href":"https:\/\/anderskafka.cz\/eshop\/wp-json\/wp\/v2\/comments?post=8610"}],"wp:featuredmedia":[{"embeddable":true,"href":"https:\/\/anderskafka.cz\/eshop\/wp-json\/wp\/v2\/media\/8611"}],"wp:attachment":[{"href":"https:\/\/anderskafka.cz\/eshop\/wp-json\/wp\/v2\/media?parent=8610"}],"wp:term":[{"taxonomy":"location","embeddable":true,"href":"https:\/\/anderskafka.cz\/eshop\/wp-json\/wp\/v2\/location?post=8610"},{"taxonomy":"product_cat","embeddable":true,"href":"https:\/\/anderskafka.cz\/eshop\/wp-json\/wp\/v2\/product_cat?post=8610"},{"taxonomy":"product_tag","embeddable":true,"href":"https:\/\/anderskafka.cz\/eshop\/wp-json\/wp\/v2\/product_tag?post=8610"}],"curies":[{"name":"wp","href":"https:\/\/api.w.org\/{rel}","templated":true}]}}