{"id":8637,"date":"2024-11-28T21:41:48","date_gmt":"2024-11-28T20:41:48","guid":{"rendered":"https:\/\/anderskafka.cz\/eshop\/?post_type=product&#038;p=8637"},"modified":"2026-03-03T13:35:40","modified_gmt":"2026-03-03T12:35:40","slug":"rento-krystaly-do-sauny-s-vuni-mentolu-30g","status":"publish","type":"product","link":"https:\/\/anderskafka.cz\/eshop\/produkt\/rento-krystaly-do-sauny-s-vuni-mentolu-30g\/","title":{"rendered":"RENTO krystaly do sauny s v\u016fn\u00ed mentolu, 30g"},"content":{"rendered":"<p>Saunov\u00e9 krystaly vytv\u00e1\u0159ej\u00ed osv\u011b\u017euj\u00edc\u00ed v\u016fni mentolu, kter\u00e1 dod\u00e1v\u00e1 poko\u017ece p\u0159\u00edjemn\u00fd chladiv\u00fd pocit.<br \/>\nKrystaly jsou vynikaj\u00edc\u00ed p\u0159i ch\u0159ipkov\u00e9m obdob\u00ed, jejich intenzivn\u00ed, sv\u011b\u017e\u00ed v\u016fn\u011b dok\u00e1\u017ee vy\u010distit ucpan\u00fd nos. Saunov\u00e9 krystaly jsou vyrobeny z m\u00e1tov\u00e9ho oleje.<\/p>\n<p><strong>N\u00e1vod k pou\u017eit\u00ed:<\/strong> Za\u010dn\u011bte s jedn\u00edm mal\u00fdm krystalem, kter\u00fd nech\u00e1te rozpustit v nab\u011bra\u010dce, pro jemn\u011bj\u0161\u00ed mentolovou v\u016fni um\u00edst\u011bte krystal do v\u011bdra s vodou. Ned\u00e1vejte krystaly do studen\u00e9 vody, proto\u017ee se nerozpust\u00ed. Neumis\u0165ujte p\u0159\u00edmo na elektrick\u00e1 topidla do sauny, krystal se m\u016f\u017ee vzn\u00edtit!<\/p>\n<p>Saunov\u00e9 krystaly skladujte v uzav\u0159en\u00e9 n\u00e1dob\u011b p\u0159i pokojov\u00e9 teplot\u011b. Uchov\u00e1vejte mimo dosah d\u011bt\u00ed.<\/p>\n<p>Finsk\u00e1 kvalita.<\/p>\n","protected":false},"excerpt":{"rendered":"<p>Saunov\u00e9 krystaly s osv\u011b\u017euj\u00edc\u00ed v\u016fni mentolu, kter\u00e1 dod\u00e1v\u00e1 poko\u017ece p\u0159\u00edjemn\u00fd chladiv\u00fd pocit. Krystaly jsou vyrobeny z m\u00e1tov\u00e9ho oleje.<br \/>\nInspirov\u00e1no p\u0159\u00edrodou. Navr\u017eeno ve Finsku, specialistou na saunov\u00e9 dopl\u0148ky spole\u010dnost\u00ed RENTO. Relaxujte a u\u017e\u00edvejte si harmonii z autentick\u00e9ho z\u00e1\u017eitku finsk\u00e9 sauny.<img loading=\"lazy\" class=\"wp-image-135 aligncenter\" src=\"https:\/\/anderskafka.cz\/eshop\/wp-content\/uploads\/sites\/3\/2022\/06\/DesignFromFinland_web-1-300x300.png\" alt=\"\" width=\"178\" height=\"178\" \/><\/p>\n","protected":false},"featured_media":8686,"comment_status":"open","ping_status":"closed","template":"","meta":{"site-sidebar-layout":"default","site-content-layout":"default","ast-main-header-display":"","ast-hfb-above-header-display":"","ast-hfb-below-header-display":"","ast-hfb-mobile-header-display":"","site-post-title":"","ast-breadcrumbs-content":"","ast-featured-img":"","footer-sml-layout":"","theme-transparent-header-meta":"","adv-header-id-meta":"","stick-header-meta":"","header-above-stick-meta":"","header-main-stick-meta":"","header-below-stick-meta":""},"location":[],"product_cat":[1665,111,1640],"product_tag":[103],"yoast_head":"<!-- This site is optimized with the Yoast SEO plugin v18.5.1 - https:\/\/yoast.com\/wordpress\/plugins\/seo\/ -->\n<title>RENTO krystaly do sauny s v\u016fn\u00ed mentolu, 30g - Anders &amp; Kafka E-SHOP<\/title>\n<meta name=\"description\" content=\"Saunov\u00e9 krystaly s osv\u011b\u017euj\u00edc\u00ed v\u016fni mentolu, kter\u00e1 dod\u00e1v\u00e1 poko\u017ece p\u0159\u00edjemn\u00fd chladiv\u00fd pocit. Krystaly jsou vyrobeny z m\u00e1tov\u00e9ho oleje. Inspirov\u00e1no p\u0159\u00edrodou. Navr\u017eeno ve Finsku, specialistou na saunov\u00e9 dopl\u0148ky spole\u010dnost\u00ed RENTO. Relaxujte a u\u017e\u00edvejte si harmonii z autentick\u00e9ho z\u00e1\u017eitku finsk\u00e9 sauny.\" \/>\n<meta name=\"robots\" content=\"index, follow, max-snippet:-1, max-image-preview:large, max-video-preview:-1\" \/>\n<link rel=\"canonical\" href=\"https:\/\/anderskafka.cz\/eshop\/produkt\/rento-krystaly-do-sauny-s-vuni-mentolu-30g\/\" \/>\n<meta property=\"og:locale\" content=\"cs_CZ\" \/>\n<meta property=\"og:type\" content=\"article\" \/>\n<meta property=\"og:title\" content=\"RENTO krystaly do sauny s v\u016fn\u00ed mentolu, 30g - Anders &amp; Kafka E-SHOP\" \/>\n<meta property=\"og:description\" content=\"Saunov\u00e9 krystaly s osv\u011b\u017euj\u00edc\u00ed v\u016fni mentolu, kter\u00e1 dod\u00e1v\u00e1 poko\u017ece p\u0159\u00edjemn\u00fd chladiv\u00fd pocit. Krystaly jsou vyrobeny z m\u00e1tov\u00e9ho oleje. Inspirov\u00e1no p\u0159\u00edrodou. Navr\u017eeno ve Finsku, specialistou na saunov\u00e9 dopl\u0148ky spole\u010dnost\u00ed RENTO. Relaxujte a u\u017e\u00edvejte si harmonii z autentick\u00e9ho z\u00e1\u017eitku finsk\u00e9 sauny.\" \/>\n<meta property=\"og:url\" content=\"https:\/\/anderskafka.cz\/eshop\/produkt\/rento-krystaly-do-sauny-s-vuni-mentolu-30g\/\" \/>\n<meta property=\"og:site_name\" content=\"Anders &amp; Kafka E-SHOP\" \/>\n<meta property=\"article:modified_time\" content=\"2026-03-03T12:35:40+00:00\" \/>\n<meta property=\"og:image\" content=\"https:\/\/anderskafka.cz\/eshop\/wp-content\/uploads\/sites\/3\/2024\/11\/rento-krystaly.jpg\" \/>\n\t<meta property=\"og:image:width\" content=\"700\" \/>\n\t<meta property=\"og:image:height\" content=\"700\" \/>\n\t<meta property=\"og:image:type\" content=\"image\/jpeg\" \/>\n<meta name=\"twitter:card\" content=\"summary_large_image\" \/>\n<meta name=\"twitter:label1\" content=\"Odhadovan\u00e1 doba \u010dten\u00ed\" \/>\n\t<meta name=\"twitter:data1\" content=\"1 minuta\" \/>\n<script type=\"application\/ld+json\" class=\"yoast-schema-graph\">{\"@context\":\"https:\/\/schema.org\",\"@graph\":[{\"@type\":\"WebSite\",\"@id\":\"https:\/\/anderskafka.cz\/eshop\/#website\",\"url\":\"https:\/\/anderskafka.cz\/eshop\/\",\"name\":\"Anders &amp; Kafka E-SHOP\",\"description\":\"Anders &amp; Kafka E-SHOP\",\"potentialAction\":[{\"@type\":\"SearchAction\",\"target\":{\"@type\":\"EntryPoint\",\"urlTemplate\":\"https:\/\/anderskafka.cz\/eshop\/?s={search_term_string}\"},\"query-input\":\"required name=search_term_string\"}],\"inLanguage\":\"cs\"},{\"@type\":\"ImageObject\",\"@id\":\"https:\/\/anderskafka.cz\/eshop\/produkt\/rento-krystaly-do-sauny-s-vuni-mentolu-30g\/#primaryimage\",\"inLanguage\":\"cs\",\"url\":\"https:\/\/anderskafka.cz\/eshop\/wp-content\/uploads\/sites\/3\/2024\/11\/rento-krystaly.jpg\",\"contentUrl\":\"https:\/\/anderskafka.cz\/eshop\/wp-content\/uploads\/sites\/3\/2024\/11\/rento-krystaly.jpg\",\"width\":700,\"height\":700},{\"@type\":\"WebPage\",\"@id\":\"https:\/\/anderskafka.cz\/eshop\/produkt\/rento-krystaly-do-sauny-s-vuni-mentolu-30g\/#webpage\",\"url\":\"https:\/\/anderskafka.cz\/eshop\/produkt\/rento-krystaly-do-sauny-s-vuni-mentolu-30g\/\",\"name\":\"RENTO krystaly do sauny s v\u016fn\u00ed mentolu, 30g - Anders &amp; Kafka E-SHOP\",\"isPartOf\":{\"@id\":\"https:\/\/anderskafka.cz\/eshop\/#website\"},\"primaryImageOfPage\":{\"@id\":\"https:\/\/anderskafka.cz\/eshop\/produkt\/rento-krystaly-do-sauny-s-vuni-mentolu-30g\/#primaryimage\"},\"datePublished\":\"2024-11-28T20:41:48+00:00\",\"dateModified\":\"2026-03-03T12:35:40+00:00\",\"description\":\"Saunov\u00e9 krystaly s osv\u011b\u017euj\u00edc\u00ed v\u016fni mentolu, kter\u00e1 dod\u00e1v\u00e1 poko\u017ece p\u0159\u00edjemn\u00fd chladiv\u00fd pocit. Krystaly jsou vyrobeny z m\u00e1tov\u00e9ho oleje. Inspirov\u00e1no p\u0159\u00edrodou. Navr\u017eeno ve Finsku, specialistou na saunov\u00e9 dopl\u0148ky spole\u010dnost\u00ed RENTO. Relaxujte a u\u017e\u00edvejte si harmonii z autentick\u00e9ho z\u00e1\u017eitku finsk\u00e9 sauny.\",\"breadcrumb\":{\"@id\":\"https:\/\/anderskafka.cz\/eshop\/produkt\/rento-krystaly-do-sauny-s-vuni-mentolu-30g\/#breadcrumb\"},\"inLanguage\":\"cs\",\"potentialAction\":[{\"@type\":\"ReadAction\",\"target\":[\"https:\/\/anderskafka.cz\/eshop\/produkt\/rento-krystaly-do-sauny-s-vuni-mentolu-30g\/\"]}]},{\"@type\":\"BreadcrumbList\",\"@id\":\"https:\/\/anderskafka.cz\/eshop\/produkt\/rento-krystaly-do-sauny-s-vuni-mentolu-30g\/#breadcrumb\",\"itemListElement\":[{\"@type\":\"ListItem\",\"position\":1,\"name\":\"Obchod\",\"item\":\"https:\/\/anderskafka.cz\/eshop\/obchod\/\"},{\"@type\":\"ListItem\",\"position\":2,\"name\":\"RENTO krystaly do sauny s v\u016fn\u00ed mentolu, 30g\"}]}]}<\/script>\n<!-- \/ Yoast SEO plugin. -->","yoast_head_json":{"title":"RENTO krystaly do sauny s v\u016fn\u00ed mentolu, 30g - Anders &amp; Kafka E-SHOP","description":"Saunov\u00e9 krystaly s osv\u011b\u017euj\u00edc\u00ed v\u016fni mentolu, kter\u00e1 dod\u00e1v\u00e1 poko\u017ece p\u0159\u00edjemn\u00fd chladiv\u00fd pocit. Krystaly jsou vyrobeny z m\u00e1tov\u00e9ho oleje. Inspirov\u00e1no p\u0159\u00edrodou. Navr\u017eeno ve Finsku, specialistou na saunov\u00e9 dopl\u0148ky spole\u010dnost\u00ed RENTO. Relaxujte a u\u017e\u00edvejte si harmonii z autentick\u00e9ho z\u00e1\u017eitku finsk\u00e9 sauny.","robots":{"index":"index","follow":"follow","max-snippet":"max-snippet:-1","max-image-preview":"max-image-preview:large","max-video-preview":"max-video-preview:-1"},"canonical":"https:\/\/anderskafka.cz\/eshop\/produkt\/rento-krystaly-do-sauny-s-vuni-mentolu-30g\/","og_locale":"cs_CZ","og_type":"article","og_title":"RENTO krystaly do sauny s v\u016fn\u00ed mentolu, 30g - Anders &amp; Kafka E-SHOP","og_description":"Saunov\u00e9 krystaly s osv\u011b\u017euj\u00edc\u00ed v\u016fni mentolu, kter\u00e1 dod\u00e1v\u00e1 poko\u017ece p\u0159\u00edjemn\u00fd chladiv\u00fd pocit. Krystaly jsou vyrobeny z m\u00e1tov\u00e9ho oleje. Inspirov\u00e1no p\u0159\u00edrodou. Navr\u017eeno ve Finsku, specialistou na saunov\u00e9 dopl\u0148ky spole\u010dnost\u00ed RENTO. Relaxujte a u\u017e\u00edvejte si harmonii z autentick\u00e9ho z\u00e1\u017eitku finsk\u00e9 sauny.","og_url":"https:\/\/anderskafka.cz\/eshop\/produkt\/rento-krystaly-do-sauny-s-vuni-mentolu-30g\/","og_site_name":"Anders &amp; Kafka E-SHOP","article_modified_time":"2026-03-03T12:35:40+00:00","og_image":[{"width":700,"height":700,"url":"https:\/\/anderskafka.cz\/eshop\/wp-content\/uploads\/sites\/3\/2024\/11\/rento-krystaly.jpg","type":"image\/jpeg"}],"twitter_card":"summary_large_image","twitter_misc":{"Odhadovan\u00e1 doba \u010dten\u00ed":"1 minuta"},"schema":{"@context":"https:\/\/schema.org","@graph":[{"@type":"WebSite","@id":"https:\/\/anderskafka.cz\/eshop\/#website","url":"https:\/\/anderskafka.cz\/eshop\/","name":"Anders &amp; Kafka E-SHOP","description":"Anders &amp; Kafka E-SHOP","potentialAction":[{"@type":"SearchAction","target":{"@type":"EntryPoint","urlTemplate":"https:\/\/anderskafka.cz\/eshop\/?s={search_term_string}"},"query-input":"required name=search_term_string"}],"inLanguage":"cs"},{"@type":"ImageObject","@id":"https:\/\/anderskafka.cz\/eshop\/produkt\/rento-krystaly-do-sauny-s-vuni-mentolu-30g\/#primaryimage","inLanguage":"cs","url":"https:\/\/anderskafka.cz\/eshop\/wp-content\/uploads\/sites\/3\/2024\/11\/rento-krystaly.jpg","contentUrl":"https:\/\/anderskafka.cz\/eshop\/wp-content\/uploads\/sites\/3\/2024\/11\/rento-krystaly.jpg","width":700,"height":700},{"@type":"WebPage","@id":"https:\/\/anderskafka.cz\/eshop\/produkt\/rento-krystaly-do-sauny-s-vuni-mentolu-30g\/#webpage","url":"https:\/\/anderskafka.cz\/eshop\/produkt\/rento-krystaly-do-sauny-s-vuni-mentolu-30g\/","name":"RENTO krystaly do sauny s v\u016fn\u00ed mentolu, 30g - Anders &amp; Kafka E-SHOP","isPartOf":{"@id":"https:\/\/anderskafka.cz\/eshop\/#website"},"primaryImageOfPage":{"@id":"https:\/\/anderskafka.cz\/eshop\/produkt\/rento-krystaly-do-sauny-s-vuni-mentolu-30g\/#primaryimage"},"datePublished":"2024-11-28T20:41:48+00:00","dateModified":"2026-03-03T12:35:40+00:00","description":"Saunov\u00e9 krystaly s osv\u011b\u017euj\u00edc\u00ed v\u016fni mentolu, kter\u00e1 dod\u00e1v\u00e1 poko\u017ece p\u0159\u00edjemn\u00fd chladiv\u00fd pocit. Krystaly jsou vyrobeny z m\u00e1tov\u00e9ho oleje. Inspirov\u00e1no p\u0159\u00edrodou. Navr\u017eeno ve Finsku, specialistou na saunov\u00e9 dopl\u0148ky spole\u010dnost\u00ed RENTO. Relaxujte a u\u017e\u00edvejte si harmonii z autentick\u00e9ho z\u00e1\u017eitku finsk\u00e9 sauny.","breadcrumb":{"@id":"https:\/\/anderskafka.cz\/eshop\/produkt\/rento-krystaly-do-sauny-s-vuni-mentolu-30g\/#breadcrumb"},"inLanguage":"cs","potentialAction":[{"@type":"ReadAction","target":["https:\/\/anderskafka.cz\/eshop\/produkt\/rento-krystaly-do-sauny-s-vuni-mentolu-30g\/"]}]},{"@type":"BreadcrumbList","@id":"https:\/\/anderskafka.cz\/eshop\/produkt\/rento-krystaly-do-sauny-s-vuni-mentolu-30g\/#breadcrumb","itemListElement":[{"@type":"ListItem","position":1,"name":"Obchod","item":"https:\/\/anderskafka.cz\/eshop\/obchod\/"},{"@type":"ListItem","position":2,"name":"RENTO krystaly do sauny s v\u016fn\u00ed mentolu, 30g"}]}]}},"locations":[],"_links":{"self":[{"href":"https:\/\/anderskafka.cz\/eshop\/wp-json\/wp\/v2\/product\/8637"}],"collection":[{"href":"https:\/\/anderskafka.cz\/eshop\/wp-json\/wp\/v2\/product"}],"about":[{"href":"https:\/\/anderskafka.cz\/eshop\/wp-json\/wp\/v2\/types\/product"}],"replies":[{"embeddable":true,"href":"https:\/\/anderskafka.cz\/eshop\/wp-json\/wp\/v2\/comments?post=8637"}],"wp:featuredmedia":[{"embeddable":true,"href":"https:\/\/anderskafka.cz\/eshop\/wp-json\/wp\/v2\/media\/8686"}],"wp:attachment":[{"href":"https:\/\/anderskafka.cz\/eshop\/wp-json\/wp\/v2\/media?parent=8637"}],"wp:term":[{"taxonomy":"location","embeddable":true,"href":"https:\/\/anderskafka.cz\/eshop\/wp-json\/wp\/v2\/location?post=8637"},{"taxonomy":"product_cat","embeddable":true,"href":"https:\/\/anderskafka.cz\/eshop\/wp-json\/wp\/v2\/product_cat?post=8637"},{"taxonomy":"product_tag","embeddable":true,"href":"https:\/\/anderskafka.cz\/eshop\/wp-json\/wp\/v2\/product_tag?post=8637"}],"curies":[{"name":"wp","href":"https:\/\/api.w.org\/{rel}","templated":true}]}}