{"id":9052,"date":"2024-12-16T14:37:49","date_gmt":"2024-12-16T13:37:49","guid":{"rendered":"https:\/\/anderskafka.cz\/eshop\/?post_type=product&#038;p=9052"},"modified":"2026-02-03T13:33:03","modified_gmt":"2026-02-03T12:33:03","slug":"liebenstein-nerezova-stanice-pro-mereni-klimatu-v-saune","status":"publish","type":"product","link":"https:\/\/anderskafka.cz\/eshop\/produkt\/liebenstein-nerezova-stanice-pro-mereni-klimatu-v-saune\/","title":{"rendered":"LIEBENSTEIN nerezov\u00e1 stanice pro m\u011b\u0159en\u00ed klimatu v saun\u011b"},"content":{"rendered":"<p>Elegantn\u00ed stanice Liebenstein pro m\u011b\u0159en\u00ed teploty a vlhkosti v saun\u011b je vyr\u00e1b\u011bna ru\u010dn\u011b v N\u011bmecku. P\u0159\u00edsn\u00e1 krit\u00e9ria kvality zaru\u010duj\u00ed odolnost a nejvy\u0161\u0161\u00ed p\u0159esnost m\u011b\u0159en\u00ed teploty (40 a\u017e 120 \u00b0C) i vlhkosti vzduchu (0 \u2013 60 %).<br \/>\nTato m\u011b\u0159\u00edc\u00ed stanice je vyrobena z vysoce kvalitn\u00ed nerezov\u00e9 oceli. Displej se dv\u011bma stupnicemi pro snadn\u00e9 pou\u017e\u00edv\u00e1n\u00ed.<\/p>\n","protected":false},"excerpt":{"rendered":"<p>Elegantn\u00ed stanice pro m\u011b\u0159en\u00ed teploty a vlhkosti v saun\u011b z kvalitn\u00ed nerezov\u00e9 oceli. Stanice je vybavena dv\u011bma stupnicemi pro m\u011b\u0159en\u00ed teploty (40 a\u017e 120 \u00b0C) a vlhkosti vzduchu (0 \u2013 60 %).<br \/>\nVyrobeno ru\u010dn\u011b v N\u011bmecku.<\/p>\n<p>&nbsp;<\/p>\n","protected":false},"featured_media":9053,"comment_status":"open","ping_status":"closed","template":"","meta":{"site-sidebar-layout":"default","site-content-layout":"default","ast-main-header-display":"","ast-hfb-above-header-display":"","ast-hfb-below-header-display":"","ast-hfb-mobile-header-display":"","site-post-title":"","ast-breadcrumbs-content":"","ast-featured-img":"","footer-sml-layout":"","theme-transparent-header-meta":"","adv-header-id-meta":"","stick-header-meta":"","header-above-stick-meta":"","header-main-stick-meta":"","header-below-stick-meta":""},"location":[],"product_cat":[442],"product_tag":[308],"yoast_head":"<!-- This site is optimized with the Yoast SEO plugin v18.5.1 - https:\/\/yoast.com\/wordpress\/plugins\/seo\/ -->\n<title>LIEBENSTEIN nerezov\u00e1 stanice pro m\u011b\u0159en\u00ed klimatu v saun\u011b - Anders &amp; Kafka E-SHOP<\/title>\n<meta name=\"description\" content=\"Elegantn\u00ed stanice pro m\u011b\u0159en\u00ed teploty a vlhkosti v saun\u011b z kvalitn\u00ed nerezov\u00e9 oceli. Stanice je vybavena dv\u011bma stupnicemi pro m\u011b\u0159en\u00ed teploty (40 a\u017e 120 \u00b0C) a vlhkosti vzduchu (0 \u2013 60 %). Vyrobeno ru\u010dn\u011b v N\u011bmecku.  &nbsp;\" \/>\n<meta name=\"robots\" content=\"index, follow, max-snippet:-1, max-image-preview:large, max-video-preview:-1\" \/>\n<link rel=\"canonical\" href=\"https:\/\/anderskafka.cz\/eshop\/produkt\/liebenstein-nerezova-stanice-pro-mereni-klimatu-v-saune\/\" \/>\n<meta property=\"og:locale\" content=\"cs_CZ\" \/>\n<meta property=\"og:type\" content=\"article\" \/>\n<meta property=\"og:title\" content=\"LIEBENSTEIN nerezov\u00e1 stanice pro m\u011b\u0159en\u00ed klimatu v saun\u011b - Anders &amp; Kafka E-SHOP\" \/>\n<meta property=\"og:description\" content=\"Elegantn\u00ed stanice pro m\u011b\u0159en\u00ed teploty a vlhkosti v saun\u011b z kvalitn\u00ed nerezov\u00e9 oceli. Stanice je vybavena dv\u011bma stupnicemi pro m\u011b\u0159en\u00ed teploty (40 a\u017e 120 \u00b0C) a vlhkosti vzduchu (0 \u2013 60 %). Vyrobeno ru\u010dn\u011b v N\u011bmecku.  &nbsp;\" \/>\n<meta property=\"og:url\" content=\"https:\/\/anderskafka.cz\/eshop\/produkt\/liebenstein-nerezova-stanice-pro-mereni-klimatu-v-saune\/\" \/>\n<meta property=\"og:site_name\" content=\"Anders &amp; Kafka E-SHOP\" \/>\n<meta property=\"article:modified_time\" content=\"2026-02-03T12:33:03+00:00\" \/>\n<meta name=\"twitter:card\" content=\"summary_large_image\" \/>\n<meta name=\"twitter:image\" content=\"https:\/\/anderskafka.cz\/eshop\/wp-content\/uploads\/sites\/3\/2024\/12\/liebenstein-stanice.webp\" \/>\n<meta name=\"twitter:label1\" content=\"Odhadovan\u00e1 doba \u010dten\u00ed\" \/>\n\t<meta name=\"twitter:data1\" content=\"1 minuta\" \/>\n<script type=\"application\/ld+json\" class=\"yoast-schema-graph\">{\"@context\":\"https:\/\/schema.org\",\"@graph\":[{\"@type\":\"WebSite\",\"@id\":\"https:\/\/anderskafka.cz\/eshop\/#website\",\"url\":\"https:\/\/anderskafka.cz\/eshop\/\",\"name\":\"Anders &amp; Kafka E-SHOP\",\"description\":\"Anders &amp; Kafka E-SHOP\",\"potentialAction\":[{\"@type\":\"SearchAction\",\"target\":{\"@type\":\"EntryPoint\",\"urlTemplate\":\"https:\/\/anderskafka.cz\/eshop\/?s={search_term_string}\"},\"query-input\":\"required name=search_term_string\"}],\"inLanguage\":\"cs\"},{\"@type\":\"ImageObject\",\"@id\":\"https:\/\/anderskafka.cz\/eshop\/produkt\/liebenstein-nerezova-stanice-pro-mereni-klimatu-v-saune\/#primaryimage\",\"inLanguage\":\"cs\",\"url\":\"https:\/\/anderskafka.cz\/eshop\/wp-content\/uploads\/sites\/3\/2024\/12\/liebenstein-stanice.webp\",\"contentUrl\":\"https:\/\/anderskafka.cz\/eshop\/wp-content\/uploads\/sites\/3\/2024\/12\/liebenstein-stanice.webp\",\"width\":750,\"height\":750},{\"@type\":\"WebPage\",\"@id\":\"https:\/\/anderskafka.cz\/eshop\/produkt\/liebenstein-nerezova-stanice-pro-mereni-klimatu-v-saune\/#webpage\",\"url\":\"https:\/\/anderskafka.cz\/eshop\/produkt\/liebenstein-nerezova-stanice-pro-mereni-klimatu-v-saune\/\",\"name\":\"LIEBENSTEIN nerezov\u00e1 stanice pro m\u011b\u0159en\u00ed klimatu v saun\u011b - Anders &amp; Kafka E-SHOP\",\"isPartOf\":{\"@id\":\"https:\/\/anderskafka.cz\/eshop\/#website\"},\"primaryImageOfPage\":{\"@id\":\"https:\/\/anderskafka.cz\/eshop\/produkt\/liebenstein-nerezova-stanice-pro-mereni-klimatu-v-saune\/#primaryimage\"},\"datePublished\":\"2024-12-16T13:37:49+00:00\",\"dateModified\":\"2026-02-03T12:33:03+00:00\",\"description\":\"Elegantn\u00ed stanice pro m\u011b\u0159en\u00ed teploty a vlhkosti v saun\u011b z kvalitn\u00ed nerezov\u00e9 oceli. Stanice je vybavena dv\u011bma stupnicemi pro m\u011b\u0159en\u00ed teploty (40 a\u017e 120 \u00b0C) a vlhkosti vzduchu (0 \u2013 60 %). Vyrobeno ru\u010dn\u011b v N\u011bmecku. &nbsp;\",\"breadcrumb\":{\"@id\":\"https:\/\/anderskafka.cz\/eshop\/produkt\/liebenstein-nerezova-stanice-pro-mereni-klimatu-v-saune\/#breadcrumb\"},\"inLanguage\":\"cs\",\"potentialAction\":[{\"@type\":\"ReadAction\",\"target\":[\"https:\/\/anderskafka.cz\/eshop\/produkt\/liebenstein-nerezova-stanice-pro-mereni-klimatu-v-saune\/\"]}]},{\"@type\":\"BreadcrumbList\",\"@id\":\"https:\/\/anderskafka.cz\/eshop\/produkt\/liebenstein-nerezova-stanice-pro-mereni-klimatu-v-saune\/#breadcrumb\",\"itemListElement\":[{\"@type\":\"ListItem\",\"position\":1,\"name\":\"Obchod\",\"item\":\"https:\/\/anderskafka.cz\/eshop\/obchod\/\"},{\"@type\":\"ListItem\",\"position\":2,\"name\":\"LIEBENSTEIN nerezov\u00e1 stanice pro m\u011b\u0159en\u00ed klimatu v saun\u011b\"}]}]}<\/script>\n<!-- \/ Yoast SEO plugin. -->","yoast_head_json":{"title":"LIEBENSTEIN nerezov\u00e1 stanice pro m\u011b\u0159en\u00ed klimatu v saun\u011b - Anders &amp; Kafka E-SHOP","description":"Elegantn\u00ed stanice pro m\u011b\u0159en\u00ed teploty a vlhkosti v saun\u011b z kvalitn\u00ed nerezov\u00e9 oceli. Stanice je vybavena dv\u011bma stupnicemi pro m\u011b\u0159en\u00ed teploty (40 a\u017e 120 \u00b0C) a vlhkosti vzduchu (0 \u2013 60 %). Vyrobeno ru\u010dn\u011b v N\u011bmecku.  &nbsp;","robots":{"index":"index","follow":"follow","max-snippet":"max-snippet:-1","max-image-preview":"max-image-preview:large","max-video-preview":"max-video-preview:-1"},"canonical":"https:\/\/anderskafka.cz\/eshop\/produkt\/liebenstein-nerezova-stanice-pro-mereni-klimatu-v-saune\/","og_locale":"cs_CZ","og_type":"article","og_title":"LIEBENSTEIN nerezov\u00e1 stanice pro m\u011b\u0159en\u00ed klimatu v saun\u011b - Anders &amp; Kafka E-SHOP","og_description":"Elegantn\u00ed stanice pro m\u011b\u0159en\u00ed teploty a vlhkosti v saun\u011b z kvalitn\u00ed nerezov\u00e9 oceli. Stanice je vybavena dv\u011bma stupnicemi pro m\u011b\u0159en\u00ed teploty (40 a\u017e 120 \u00b0C) a vlhkosti vzduchu (0 \u2013 60 %). Vyrobeno ru\u010dn\u011b v N\u011bmecku.  &nbsp;","og_url":"https:\/\/anderskafka.cz\/eshop\/produkt\/liebenstein-nerezova-stanice-pro-mereni-klimatu-v-saune\/","og_site_name":"Anders &amp; Kafka E-SHOP","article_modified_time":"2026-02-03T12:33:03+00:00","twitter_card":"summary_large_image","twitter_image":"https:\/\/anderskafka.cz\/eshop\/wp-content\/uploads\/sites\/3\/2024\/12\/liebenstein-stanice.webp","twitter_misc":{"Odhadovan\u00e1 doba \u010dten\u00ed":"1 minuta"},"schema":{"@context":"https:\/\/schema.org","@graph":[{"@type":"WebSite","@id":"https:\/\/anderskafka.cz\/eshop\/#website","url":"https:\/\/anderskafka.cz\/eshop\/","name":"Anders &amp; Kafka E-SHOP","description":"Anders &amp; Kafka E-SHOP","potentialAction":[{"@type":"SearchAction","target":{"@type":"EntryPoint","urlTemplate":"https:\/\/anderskafka.cz\/eshop\/?s={search_term_string}"},"query-input":"required name=search_term_string"}],"inLanguage":"cs"},{"@type":"ImageObject","@id":"https:\/\/anderskafka.cz\/eshop\/produkt\/liebenstein-nerezova-stanice-pro-mereni-klimatu-v-saune\/#primaryimage","inLanguage":"cs","url":"https:\/\/anderskafka.cz\/eshop\/wp-content\/uploads\/sites\/3\/2024\/12\/liebenstein-stanice.webp","contentUrl":"https:\/\/anderskafka.cz\/eshop\/wp-content\/uploads\/sites\/3\/2024\/12\/liebenstein-stanice.webp","width":750,"height":750},{"@type":"WebPage","@id":"https:\/\/anderskafka.cz\/eshop\/produkt\/liebenstein-nerezova-stanice-pro-mereni-klimatu-v-saune\/#webpage","url":"https:\/\/anderskafka.cz\/eshop\/produkt\/liebenstein-nerezova-stanice-pro-mereni-klimatu-v-saune\/","name":"LIEBENSTEIN nerezov\u00e1 stanice pro m\u011b\u0159en\u00ed klimatu v saun\u011b - Anders &amp; Kafka E-SHOP","isPartOf":{"@id":"https:\/\/anderskafka.cz\/eshop\/#website"},"primaryImageOfPage":{"@id":"https:\/\/anderskafka.cz\/eshop\/produkt\/liebenstein-nerezova-stanice-pro-mereni-klimatu-v-saune\/#primaryimage"},"datePublished":"2024-12-16T13:37:49+00:00","dateModified":"2026-02-03T12:33:03+00:00","description":"Elegantn\u00ed stanice pro m\u011b\u0159en\u00ed teploty a vlhkosti v saun\u011b z kvalitn\u00ed nerezov\u00e9 oceli. Stanice je vybavena dv\u011bma stupnicemi pro m\u011b\u0159en\u00ed teploty (40 a\u017e 120 \u00b0C) a vlhkosti vzduchu (0 \u2013 60 %). Vyrobeno ru\u010dn\u011b v N\u011bmecku. &nbsp;","breadcrumb":{"@id":"https:\/\/anderskafka.cz\/eshop\/produkt\/liebenstein-nerezova-stanice-pro-mereni-klimatu-v-saune\/#breadcrumb"},"inLanguage":"cs","potentialAction":[{"@type":"ReadAction","target":["https:\/\/anderskafka.cz\/eshop\/produkt\/liebenstein-nerezova-stanice-pro-mereni-klimatu-v-saune\/"]}]},{"@type":"BreadcrumbList","@id":"https:\/\/anderskafka.cz\/eshop\/produkt\/liebenstein-nerezova-stanice-pro-mereni-klimatu-v-saune\/#breadcrumb","itemListElement":[{"@type":"ListItem","position":1,"name":"Obchod","item":"https:\/\/anderskafka.cz\/eshop\/obchod\/"},{"@type":"ListItem","position":2,"name":"LIEBENSTEIN nerezov\u00e1 stanice pro m\u011b\u0159en\u00ed klimatu v saun\u011b"}]}]}},"locations":[],"_links":{"self":[{"href":"https:\/\/anderskafka.cz\/eshop\/wp-json\/wp\/v2\/product\/9052"}],"collection":[{"href":"https:\/\/anderskafka.cz\/eshop\/wp-json\/wp\/v2\/product"}],"about":[{"href":"https:\/\/anderskafka.cz\/eshop\/wp-json\/wp\/v2\/types\/product"}],"replies":[{"embeddable":true,"href":"https:\/\/anderskafka.cz\/eshop\/wp-json\/wp\/v2\/comments?post=9052"}],"wp:featuredmedia":[{"embeddable":true,"href":"https:\/\/anderskafka.cz\/eshop\/wp-json\/wp\/v2\/media\/9053"}],"wp:attachment":[{"href":"https:\/\/anderskafka.cz\/eshop\/wp-json\/wp\/v2\/media?parent=9052"}],"wp:term":[{"taxonomy":"location","embeddable":true,"href":"https:\/\/anderskafka.cz\/eshop\/wp-json\/wp\/v2\/location?post=9052"},{"taxonomy":"product_cat","embeddable":true,"href":"https:\/\/anderskafka.cz\/eshop\/wp-json\/wp\/v2\/product_cat?post=9052"},{"taxonomy":"product_tag","embeddable":true,"href":"https:\/\/anderskafka.cz\/eshop\/wp-json\/wp\/v2\/product_tag?post=9052"}],"curies":[{"name":"wp","href":"https:\/\/api.w.org\/{rel}","templated":true}]}}