{"id":9410,"date":"2025-02-03T13:44:48","date_gmt":"2025-02-03T12:44:48","guid":{"rendered":"https:\/\/anderskafka.cz\/eshop\/?post_type=product&#038;p=9410"},"modified":"2026-02-09T09:16:12","modified_gmt":"2026-02-09T08:16:12","slug":"veba-moderni-turban-na-vlasy-ze-100-bavlny-tmave-hnedy","status":"publish","type":"product","link":"https:\/\/anderskafka.cz\/eshop\/produkt\/veba-moderni-turban-na-vlasy-ze-100-bavlny-tmave-hnedy\/","title":{"rendered":"VEBA modern\u00ed turban na vlasy ze 100% bavlny tmav\u011b hn\u011bd\u00fd"},"content":{"rendered":"<p>Modern\u00ed bavln\u011bn\u00fd turban na hlavu, se kter\u00fdm budou Va\u0161e vlasy po umyt\u00ed jako v bavlnce. Turban perfektn\u011b dr\u017e\u00ed tvar a skv\u011ble absorbuje vodu.<br \/>\nD\u00edky origin\u00e1ln\u00edmu zp\u016fsobu zap\u00edn\u00e1n\u00ed, prota\u017een\u00ed c\u00edpu turbanu gumi\u010dkou v zadn\u00ed \u010d\u00e1sti, sedne dokonale ka\u017ed\u00e9mu.<br \/>\nP\u0159i p\u00e9\u010di o turban se \u0159i\u010fte o\u0161et\u0159ovac\u00edmi symboly uveden\u00fdmi na turbanu.<\/p>\n","protected":false},"excerpt":{"rendered":"<p>Origin\u00e1ln\u00ed vaflov\u00fd turban na vlasy s bavln\u011bnou lemovkou je praktick\u00fd pomocn\u00edk, d\u00edky kter\u00e9mu u\u017e nemus\u00edte balit vlasy do velk\u00fdch osu\u0161ek. Origin\u00e1ln\u00ed a snadn\u00e9 zap\u00edn\u00e1n\u00ed.<br \/>\nVyrobeno v \u010cech\u00e1ch spole\u010dnost\u00ed Veba s tradic\u00ed v\u00fdroby kvalitn\u00edch textili\u00ed od roku 1856.<\/p>\n<p><img loading=\"lazy\" class=\"size-full wp-image-1674 aligncenter\" src=\"https:\/\/anderskafka.cz\/eshop\/wp-content\/uploads\/sites\/3\/2023\/02\/01-veba-tradicni-cesky-vyrobce.png\" alt=\"\" width=\"200\" height=\"200\" srcset=\"https:\/\/anderskafka.cz\/eshop\/wp-content\/uploads\/sites\/3\/2023\/02\/01-veba-tradicni-cesky-vyrobce.png 200w, https:\/\/anderskafka.cz\/eshop\/wp-content\/uploads\/sites\/3\/2023\/02\/01-veba-tradicni-cesky-vyrobce-150x150.png 150w, https:\/\/anderskafka.cz\/eshop\/wp-content\/uploads\/sites\/3\/2023\/02\/01-veba-tradicni-cesky-vyrobce-100x100.png 100w, https:\/\/anderskafka.cz\/eshop\/wp-content\/uploads\/sites\/3\/2023\/02\/01-veba-tradicni-cesky-vyrobce-64x64.png 64w\" sizes=\"(max-width: 200px) 100vw, 200px\" \/><\/p>\n","protected":false},"featured_media":9405,"comment_status":"open","ping_status":"closed","template":"","meta":{"site-sidebar-layout":"default","site-content-layout":"default","ast-main-header-display":"","ast-hfb-above-header-display":"","ast-hfb-below-header-display":"","ast-hfb-mobile-header-display":"","site-post-title":"","ast-breadcrumbs-content":"","ast-featured-img":"","footer-sml-layout":"","theme-transparent-header-meta":"","adv-header-id-meta":"","stick-header-meta":"","header-above-stick-meta":"","header-main-stick-meta":"","header-below-stick-meta":""},"location":[],"product_cat":[34],"product_tag":[519],"yoast_head":"<!-- This site is optimized with the Yoast SEO plugin v18.5.1 - https:\/\/yoast.com\/wordpress\/plugins\/seo\/ -->\n<title>VEBA modern\u00ed turban na vlasy ze 100% bavlny tmav\u011b hn\u011bd\u00fd - Anders &amp; Kafka E-SHOP<\/title>\n<meta name=\"description\" content=\"Origin\u00e1ln\u00ed vaflov\u00fd turban na vlasy s bavln\u011bnou lemovkou je praktick\u00fd pomocn\u00edk, d\u00edky kter\u00e9mu u\u017e nemus\u00edte balit vlasy do velk\u00fdch osu\u0161ek. Origin\u00e1ln\u00ed a snadn\u00e9 zap\u00edn\u00e1n\u00ed. Vyrobeno v \u010cech\u00e1ch spole\u010dnost\u00ed Veba s tradic\u00ed v\u00fdroby kvalitn\u00edch textili\u00ed od roku 1856.\" \/>\n<meta name=\"robots\" content=\"index, follow, max-snippet:-1, max-image-preview:large, max-video-preview:-1\" \/>\n<link rel=\"canonical\" href=\"https:\/\/anderskafka.cz\/eshop\/produkt\/veba-moderni-turban-na-vlasy-ze-100-bavlny-tmave-hnedy\/\" \/>\n<meta property=\"og:locale\" content=\"cs_CZ\" \/>\n<meta property=\"og:type\" content=\"article\" \/>\n<meta property=\"og:title\" content=\"VEBA modern\u00ed turban na vlasy ze 100% bavlny tmav\u011b hn\u011bd\u00fd - Anders &amp; Kafka E-SHOP\" \/>\n<meta property=\"og:description\" content=\"Origin\u00e1ln\u00ed vaflov\u00fd turban na vlasy s bavln\u011bnou lemovkou je praktick\u00fd pomocn\u00edk, d\u00edky kter\u00e9mu u\u017e nemus\u00edte balit vlasy do velk\u00fdch osu\u0161ek. Origin\u00e1ln\u00ed a snadn\u00e9 zap\u00edn\u00e1n\u00ed. Vyrobeno v \u010cech\u00e1ch spole\u010dnost\u00ed Veba s tradic\u00ed v\u00fdroby kvalitn\u00edch textili\u00ed od roku 1856.\" \/>\n<meta property=\"og:url\" content=\"https:\/\/anderskafka.cz\/eshop\/produkt\/veba-moderni-turban-na-vlasy-ze-100-bavlny-tmave-hnedy\/\" \/>\n<meta property=\"og:site_name\" content=\"Anders &amp; Kafka E-SHOP\" \/>\n<meta property=\"article:modified_time\" content=\"2026-02-09T08:16:12+00:00\" \/>\n<meta property=\"og:image\" content=\"https:\/\/anderskafka.cz\/eshop\/wp-content\/uploads\/sites\/3\/2025\/02\/veba-turban-hnedy.jpg\" \/>\n\t<meta property=\"og:image:width\" content=\"423\" \/>\n\t<meta property=\"og:image:height\" content=\"423\" \/>\n\t<meta property=\"og:image:type\" content=\"image\/jpeg\" \/>\n<meta name=\"twitter:card\" content=\"summary_large_image\" \/>\n<meta name=\"twitter:label1\" content=\"Odhadovan\u00e1 doba \u010dten\u00ed\" \/>\n\t<meta name=\"twitter:data1\" content=\"1 minuta\" \/>\n<script type=\"application\/ld+json\" class=\"yoast-schema-graph\">{\"@context\":\"https:\/\/schema.org\",\"@graph\":[{\"@type\":\"WebSite\",\"@id\":\"https:\/\/anderskafka.cz\/eshop\/#website\",\"url\":\"https:\/\/anderskafka.cz\/eshop\/\",\"name\":\"Anders &amp; Kafka E-SHOP\",\"description\":\"Anders &amp; Kafka E-SHOP\",\"potentialAction\":[{\"@type\":\"SearchAction\",\"target\":{\"@type\":\"EntryPoint\",\"urlTemplate\":\"https:\/\/anderskafka.cz\/eshop\/?s={search_term_string}\"},\"query-input\":\"required name=search_term_string\"}],\"inLanguage\":\"cs\"},{\"@type\":\"ImageObject\",\"@id\":\"https:\/\/anderskafka.cz\/eshop\/produkt\/veba-moderni-turban-na-vlasy-ze-100-bavlny-tmave-hnedy\/#primaryimage\",\"inLanguage\":\"cs\",\"url\":\"https:\/\/anderskafka.cz\/eshop\/wp-content\/uploads\/sites\/3\/2025\/02\/veba-turban-hnedy.jpg\",\"contentUrl\":\"https:\/\/anderskafka.cz\/eshop\/wp-content\/uploads\/sites\/3\/2025\/02\/veba-turban-hnedy.jpg\",\"width\":423,\"height\":423},{\"@type\":\"WebPage\",\"@id\":\"https:\/\/anderskafka.cz\/eshop\/produkt\/veba-moderni-turban-na-vlasy-ze-100-bavlny-tmave-hnedy\/#webpage\",\"url\":\"https:\/\/anderskafka.cz\/eshop\/produkt\/veba-moderni-turban-na-vlasy-ze-100-bavlny-tmave-hnedy\/\",\"name\":\"VEBA modern\u00ed turban na vlasy ze 100% bavlny tmav\u011b hn\u011bd\u00fd - Anders &amp; Kafka E-SHOP\",\"isPartOf\":{\"@id\":\"https:\/\/anderskafka.cz\/eshop\/#website\"},\"primaryImageOfPage\":{\"@id\":\"https:\/\/anderskafka.cz\/eshop\/produkt\/veba-moderni-turban-na-vlasy-ze-100-bavlny-tmave-hnedy\/#primaryimage\"},\"datePublished\":\"2025-02-03T12:44:48+00:00\",\"dateModified\":\"2026-02-09T08:16:12+00:00\",\"description\":\"Origin\u00e1ln\u00ed vaflov\u00fd turban na vlasy s bavln\u011bnou lemovkou je praktick\u00fd pomocn\u00edk, d\u00edky kter\u00e9mu u\u017e nemus\u00edte balit vlasy do velk\u00fdch osu\u0161ek. Origin\u00e1ln\u00ed a snadn\u00e9 zap\u00edn\u00e1n\u00ed. Vyrobeno v \u010cech\u00e1ch spole\u010dnost\u00ed Veba s tradic\u00ed v\u00fdroby kvalitn\u00edch textili\u00ed od roku 1856.\",\"breadcrumb\":{\"@id\":\"https:\/\/anderskafka.cz\/eshop\/produkt\/veba-moderni-turban-na-vlasy-ze-100-bavlny-tmave-hnedy\/#breadcrumb\"},\"inLanguage\":\"cs\",\"potentialAction\":[{\"@type\":\"ReadAction\",\"target\":[\"https:\/\/anderskafka.cz\/eshop\/produkt\/veba-moderni-turban-na-vlasy-ze-100-bavlny-tmave-hnedy\/\"]}]},{\"@type\":\"BreadcrumbList\",\"@id\":\"https:\/\/anderskafka.cz\/eshop\/produkt\/veba-moderni-turban-na-vlasy-ze-100-bavlny-tmave-hnedy\/#breadcrumb\",\"itemListElement\":[{\"@type\":\"ListItem\",\"position\":1,\"name\":\"Obchod\",\"item\":\"https:\/\/anderskafka.cz\/eshop\/obchod\/\"},{\"@type\":\"ListItem\",\"position\":2,\"name\":\"VEBA modern\u00ed turban na vlasy ze 100% bavlny tmav\u011b hn\u011bd\u00fd\"}]}]}<\/script>\n<!-- \/ Yoast SEO plugin. -->","yoast_head_json":{"title":"VEBA modern\u00ed turban na vlasy ze 100% bavlny tmav\u011b hn\u011bd\u00fd - Anders &amp; Kafka E-SHOP","description":"Origin\u00e1ln\u00ed vaflov\u00fd turban na vlasy s bavln\u011bnou lemovkou je praktick\u00fd pomocn\u00edk, d\u00edky kter\u00e9mu u\u017e nemus\u00edte balit vlasy do velk\u00fdch osu\u0161ek. Origin\u00e1ln\u00ed a snadn\u00e9 zap\u00edn\u00e1n\u00ed. Vyrobeno v \u010cech\u00e1ch spole\u010dnost\u00ed Veba s tradic\u00ed v\u00fdroby kvalitn\u00edch textili\u00ed od roku 1856.","robots":{"index":"index","follow":"follow","max-snippet":"max-snippet:-1","max-image-preview":"max-image-preview:large","max-video-preview":"max-video-preview:-1"},"canonical":"https:\/\/anderskafka.cz\/eshop\/produkt\/veba-moderni-turban-na-vlasy-ze-100-bavlny-tmave-hnedy\/","og_locale":"cs_CZ","og_type":"article","og_title":"VEBA modern\u00ed turban na vlasy ze 100% bavlny tmav\u011b hn\u011bd\u00fd - Anders &amp; Kafka E-SHOP","og_description":"Origin\u00e1ln\u00ed vaflov\u00fd turban na vlasy s bavln\u011bnou lemovkou je praktick\u00fd pomocn\u00edk, d\u00edky kter\u00e9mu u\u017e nemus\u00edte balit vlasy do velk\u00fdch osu\u0161ek. Origin\u00e1ln\u00ed a snadn\u00e9 zap\u00edn\u00e1n\u00ed. Vyrobeno v \u010cech\u00e1ch spole\u010dnost\u00ed Veba s tradic\u00ed v\u00fdroby kvalitn\u00edch textili\u00ed od roku 1856.","og_url":"https:\/\/anderskafka.cz\/eshop\/produkt\/veba-moderni-turban-na-vlasy-ze-100-bavlny-tmave-hnedy\/","og_site_name":"Anders &amp; Kafka E-SHOP","article_modified_time":"2026-02-09T08:16:12+00:00","og_image":[{"width":423,"height":423,"url":"https:\/\/anderskafka.cz\/eshop\/wp-content\/uploads\/sites\/3\/2025\/02\/veba-turban-hnedy.jpg","type":"image\/jpeg"}],"twitter_card":"summary_large_image","twitter_misc":{"Odhadovan\u00e1 doba \u010dten\u00ed":"1 minuta"},"schema":{"@context":"https:\/\/schema.org","@graph":[{"@type":"WebSite","@id":"https:\/\/anderskafka.cz\/eshop\/#website","url":"https:\/\/anderskafka.cz\/eshop\/","name":"Anders &amp; Kafka E-SHOP","description":"Anders &amp; Kafka E-SHOP","potentialAction":[{"@type":"SearchAction","target":{"@type":"EntryPoint","urlTemplate":"https:\/\/anderskafka.cz\/eshop\/?s={search_term_string}"},"query-input":"required name=search_term_string"}],"inLanguage":"cs"},{"@type":"ImageObject","@id":"https:\/\/anderskafka.cz\/eshop\/produkt\/veba-moderni-turban-na-vlasy-ze-100-bavlny-tmave-hnedy\/#primaryimage","inLanguage":"cs","url":"https:\/\/anderskafka.cz\/eshop\/wp-content\/uploads\/sites\/3\/2025\/02\/veba-turban-hnedy.jpg","contentUrl":"https:\/\/anderskafka.cz\/eshop\/wp-content\/uploads\/sites\/3\/2025\/02\/veba-turban-hnedy.jpg","width":423,"height":423},{"@type":"WebPage","@id":"https:\/\/anderskafka.cz\/eshop\/produkt\/veba-moderni-turban-na-vlasy-ze-100-bavlny-tmave-hnedy\/#webpage","url":"https:\/\/anderskafka.cz\/eshop\/produkt\/veba-moderni-turban-na-vlasy-ze-100-bavlny-tmave-hnedy\/","name":"VEBA modern\u00ed turban na vlasy ze 100% bavlny tmav\u011b hn\u011bd\u00fd - Anders &amp; Kafka E-SHOP","isPartOf":{"@id":"https:\/\/anderskafka.cz\/eshop\/#website"},"primaryImageOfPage":{"@id":"https:\/\/anderskafka.cz\/eshop\/produkt\/veba-moderni-turban-na-vlasy-ze-100-bavlny-tmave-hnedy\/#primaryimage"},"datePublished":"2025-02-03T12:44:48+00:00","dateModified":"2026-02-09T08:16:12+00:00","description":"Origin\u00e1ln\u00ed vaflov\u00fd turban na vlasy s bavln\u011bnou lemovkou je praktick\u00fd pomocn\u00edk, d\u00edky kter\u00e9mu u\u017e nemus\u00edte balit vlasy do velk\u00fdch osu\u0161ek. Origin\u00e1ln\u00ed a snadn\u00e9 zap\u00edn\u00e1n\u00ed. Vyrobeno v \u010cech\u00e1ch spole\u010dnost\u00ed Veba s tradic\u00ed v\u00fdroby kvalitn\u00edch textili\u00ed od roku 1856.","breadcrumb":{"@id":"https:\/\/anderskafka.cz\/eshop\/produkt\/veba-moderni-turban-na-vlasy-ze-100-bavlny-tmave-hnedy\/#breadcrumb"},"inLanguage":"cs","potentialAction":[{"@type":"ReadAction","target":["https:\/\/anderskafka.cz\/eshop\/produkt\/veba-moderni-turban-na-vlasy-ze-100-bavlny-tmave-hnedy\/"]}]},{"@type":"BreadcrumbList","@id":"https:\/\/anderskafka.cz\/eshop\/produkt\/veba-moderni-turban-na-vlasy-ze-100-bavlny-tmave-hnedy\/#breadcrumb","itemListElement":[{"@type":"ListItem","position":1,"name":"Obchod","item":"https:\/\/anderskafka.cz\/eshop\/obchod\/"},{"@type":"ListItem","position":2,"name":"VEBA modern\u00ed turban na vlasy ze 100% bavlny tmav\u011b hn\u011bd\u00fd"}]}]}},"locations":[],"_links":{"self":[{"href":"https:\/\/anderskafka.cz\/eshop\/wp-json\/wp\/v2\/product\/9410"}],"collection":[{"href":"https:\/\/anderskafka.cz\/eshop\/wp-json\/wp\/v2\/product"}],"about":[{"href":"https:\/\/anderskafka.cz\/eshop\/wp-json\/wp\/v2\/types\/product"}],"replies":[{"embeddable":true,"href":"https:\/\/anderskafka.cz\/eshop\/wp-json\/wp\/v2\/comments?post=9410"}],"wp:featuredmedia":[{"embeddable":true,"href":"https:\/\/anderskafka.cz\/eshop\/wp-json\/wp\/v2\/media\/9405"}],"wp:attachment":[{"href":"https:\/\/anderskafka.cz\/eshop\/wp-json\/wp\/v2\/media?parent=9410"}],"wp:term":[{"taxonomy":"location","embeddable":true,"href":"https:\/\/anderskafka.cz\/eshop\/wp-json\/wp\/v2\/location?post=9410"},{"taxonomy":"product_cat","embeddable":true,"href":"https:\/\/anderskafka.cz\/eshop\/wp-json\/wp\/v2\/product_cat?post=9410"},{"taxonomy":"product_tag","embeddable":true,"href":"https:\/\/anderskafka.cz\/eshop\/wp-json\/wp\/v2\/product_tag?post=9410"}],"curies":[{"name":"wp","href":"https:\/\/api.w.org\/{rel}","templated":true}]}}