{"id":9485,"date":"2025-02-09T21:49:04","date_gmt":"2025-02-09T20:49:04","guid":{"rendered":"https:\/\/anderskafka.cz\/eshop\/?post_type=product&#038;p=9485"},"modified":"2026-02-11T12:21:41","modified_gmt":"2026-02-11T11:21:41","slug":"luin-living-difuzer-sunshine-200-ml","status":"publish","type":"product","link":"https:\/\/anderskafka.cz\/eshop\/produkt\/luin-living-difuzer-sunshine-200-ml\/","title":{"rendered":"LUIN LIVING difuz\u00e9r sunshine, 200 ml"},"content":{"rendered":"<p>Tento luxusn\u00ed difuz\u00e9r s vonn\u00fdmi ty\u010dinkami uvol\u0148uje lehkou v\u016fni, d\u00edky \u010demu\u017e se stane obl\u00edbenou sou\u010d\u00e1st\u00ed ka\u017ed\u00e9ho prostoru. Intenzitu v\u016fn\u011b m\u016f\u017eete regulovat po\u010dtem ty\u010dinek. \u010c\u00edm v\u00edce ty\u010dinek pou\u017eijete, t\u00edm siln\u011bj\u0161\u00ed v\u016fn\u011b bude. Slune\u010dn\u00e1 v\u016fn\u011b s t\u00f3ny \u010derstv\u011b nakr\u00e1jen\u00e9ho, \u0161\u0165avnat\u00e9ho melounu a sv\u011b\u017e\u00edho zelen\u00e9ho jablka.<\/p>\n<p>Ka\u017ed\u00fd difuz\u00e9r je ru\u010dn\u011b pln\u011bn\u00fd a balen\u00fd v EU. Von\u00ed cca 6 m\u011bs\u00edc\u016f. Barva skla: Pr\u016fsvitn\u00e1 b\u00edl\u00e1.<\/p>\n","protected":false},"excerpt":{"rendered":"<p>Luxusn\u00ed difuz\u00e9r Luin Living Sunshine se slune\u010dnou v\u016fn\u00ed s t\u00f3ny \u010derstv\u011b nakr\u00e1jen\u00e9ho, \u0161\u0165avnat\u00e9ho melounu a sv\u011b\u017e\u00edho zelen\u00e9ho jablka.<br \/>\nFinsk\u00e1 spole\u010dnost Luin Living si zakl\u00e1d\u00e1 na vysok\u00e9 kvalit\u011b a udr\u017eitelnosti sv\u00fdch v\u00fdrobk\u016f, kter\u00e9 V\u00e1m zp\u0159\u00edjemn\u00ed \u010das str\u00e1ven\u00fd v saun\u011b. Stejn\u011b tak je ocen\u00edte i p\u0159i ka\u017edodenn\u00edm pou\u017e\u00edv\u00e1n\u00ed.<br \/>\n<img loading=\"lazy\" class=\"alignnone size-medium wp-image-2104 aligncenter\" src=\"https:\/\/anderskafka.cz\/eshop\/wp-content\/uploads\/sites\/3\/2023\/03\/design-from-finland-300x200.png\" alt=\"\" width=\"300\" height=\"200\" srcset=\"https:\/\/anderskafka.cz\/eshop\/wp-content\/uploads\/sites\/3\/2023\/03\/design-from-finland-300x200.png 300w, https:\/\/anderskafka.cz\/eshop\/wp-content\/uploads\/sites\/3\/2023\/03\/design-from-finland-1024x682.png 1024w, https:\/\/anderskafka.cz\/eshop\/wp-content\/uploads\/sites\/3\/2023\/03\/design-from-finland-768x512.png 768w, https:\/\/anderskafka.cz\/eshop\/wp-content\/uploads\/sites\/3\/2023\/03\/design-from-finland-700x467.png 700w, https:\/\/anderskafka.cz\/eshop\/wp-content\/uploads\/sites\/3\/2023\/03\/design-from-finland-64x43.png 64w, https:\/\/anderskafka.cz\/eshop\/wp-content\/uploads\/sites\/3\/2023\/03\/design-from-finland.png 1400w\" sizes=\"(max-width: 300px) 100vw, 300px\" \/><\/p>\n<p>&nbsp;<\/p>\n","protected":false},"featured_media":9487,"comment_status":"open","ping_status":"closed","template":"","meta":{"site-sidebar-layout":"default","site-content-layout":"default","ast-main-header-display":"","ast-hfb-above-header-display":"","ast-hfb-below-header-display":"","ast-hfb-mobile-header-display":"","site-post-title":"","ast-breadcrumbs-content":"","ast-featured-img":"","footer-sml-layout":"","theme-transparent-header-meta":"","adv-header-id-meta":"","stick-header-meta":"","header-above-stick-meta":"","header-main-stick-meta":"","header-below-stick-meta":""},"location":[],"product_cat":[755,1099,1493],"product_tag":[787],"yoast_head":"<!-- This site is optimized with the Yoast SEO plugin v18.5.1 - https:\/\/yoast.com\/wordpress\/plugins\/seo\/ -->\n<title>LUIN LIVING difuz\u00e9r sunshine, 200 ml - Anders &amp; Kafka E-SHOP<\/title>\n<meta name=\"description\" content=\"Luxusn\u00ed difuz\u00e9r Luin Living Sunshine se slune\u010dnou v\u016fn\u00ed s t\u00f3ny \u010derstv\u011b nakr\u00e1jen\u00e9ho, \u0161\u0165avnat\u00e9ho melounu a sv\u011b\u017e\u00edho zelen\u00e9ho jablka. Finsk\u00e1 spole\u010dnost Luin Living si zakl\u00e1d\u00e1 na vysok\u00e9 kvalit\u011b a udr\u017eitelnosti sv\u00fdch v\u00fdrobk\u016f, kter\u00e9 V\u00e1m zp\u0159\u00edjemn\u00ed \u010das str\u00e1ven\u00fd v saun\u011b. Stejn\u011b tak je ocen\u00edte i p\u0159i ka\u017edodenn\u00edm pou\u017e\u00edv\u00e1n\u00ed.   &nbsp;\" \/>\n<meta name=\"robots\" content=\"index, follow, max-snippet:-1, max-image-preview:large, max-video-preview:-1\" \/>\n<link rel=\"canonical\" href=\"https:\/\/anderskafka.cz\/eshop\/produkt\/luin-living-difuzer-sunshine-200-ml\/\" \/>\n<meta property=\"og:locale\" content=\"cs_CZ\" \/>\n<meta property=\"og:type\" content=\"article\" \/>\n<meta property=\"og:title\" content=\"LUIN LIVING difuz\u00e9r sunshine, 200 ml - Anders &amp; Kafka E-SHOP\" \/>\n<meta property=\"og:description\" content=\"Luxusn\u00ed difuz\u00e9r Luin Living Sunshine se slune\u010dnou v\u016fn\u00ed s t\u00f3ny \u010derstv\u011b nakr\u00e1jen\u00e9ho, \u0161\u0165avnat\u00e9ho melounu a sv\u011b\u017e\u00edho zelen\u00e9ho jablka. Finsk\u00e1 spole\u010dnost Luin Living si zakl\u00e1d\u00e1 na vysok\u00e9 kvalit\u011b a udr\u017eitelnosti sv\u00fdch v\u00fdrobk\u016f, kter\u00e9 V\u00e1m zp\u0159\u00edjemn\u00ed \u010das str\u00e1ven\u00fd v saun\u011b. Stejn\u011b tak je ocen\u00edte i p\u0159i ka\u017edodenn\u00edm pou\u017e\u00edv\u00e1n\u00ed.   &nbsp;\" \/>\n<meta property=\"og:url\" content=\"https:\/\/anderskafka.cz\/eshop\/produkt\/luin-living-difuzer-sunshine-200-ml\/\" \/>\n<meta property=\"og:site_name\" content=\"Anders &amp; Kafka E-SHOP\" \/>\n<meta property=\"article:modified_time\" content=\"2026-02-11T11:21:41+00:00\" \/>\n<meta property=\"og:image\" content=\"https:\/\/anderskafka.cz\/eshop\/wp-content\/uploads\/sites\/3\/2025\/02\/LL-difuzer-sunshine-3.jpg\" \/>\n\t<meta property=\"og:image:width\" content=\"1280\" \/>\n\t<meta property=\"og:image:height\" content=\"1920\" \/>\n\t<meta property=\"og:image:type\" content=\"image\/jpeg\" \/>\n<meta name=\"twitter:card\" content=\"summary_large_image\" \/>\n<meta name=\"twitter:label1\" content=\"Odhadovan\u00e1 doba \u010dten\u00ed\" \/>\n\t<meta name=\"twitter:data1\" content=\"1 minuta\" \/>\n<script type=\"application\/ld+json\" class=\"yoast-schema-graph\">{\"@context\":\"https:\/\/schema.org\",\"@graph\":[{\"@type\":\"WebSite\",\"@id\":\"https:\/\/anderskafka.cz\/eshop\/#website\",\"url\":\"https:\/\/anderskafka.cz\/eshop\/\",\"name\":\"Anders &amp; Kafka E-SHOP\",\"description\":\"Anders &amp; Kafka E-SHOP\",\"potentialAction\":[{\"@type\":\"SearchAction\",\"target\":{\"@type\":\"EntryPoint\",\"urlTemplate\":\"https:\/\/anderskafka.cz\/eshop\/?s={search_term_string}\"},\"query-input\":\"required name=search_term_string\"}],\"inLanguage\":\"cs\"},{\"@type\":\"ImageObject\",\"@id\":\"https:\/\/anderskafka.cz\/eshop\/produkt\/luin-living-difuzer-sunshine-200-ml\/#primaryimage\",\"inLanguage\":\"cs\",\"url\":\"https:\/\/anderskafka.cz\/eshop\/wp-content\/uploads\/sites\/3\/2025\/02\/LL-difuzer-sunshine-3.jpg\",\"contentUrl\":\"https:\/\/anderskafka.cz\/eshop\/wp-content\/uploads\/sites\/3\/2025\/02\/LL-difuzer-sunshine-3.jpg\",\"width\":1280,\"height\":1920},{\"@type\":\"WebPage\",\"@id\":\"https:\/\/anderskafka.cz\/eshop\/produkt\/luin-living-difuzer-sunshine-200-ml\/#webpage\",\"url\":\"https:\/\/anderskafka.cz\/eshop\/produkt\/luin-living-difuzer-sunshine-200-ml\/\",\"name\":\"LUIN LIVING difuz\u00e9r sunshine, 200 ml - Anders &amp; Kafka E-SHOP\",\"isPartOf\":{\"@id\":\"https:\/\/anderskafka.cz\/eshop\/#website\"},\"primaryImageOfPage\":{\"@id\":\"https:\/\/anderskafka.cz\/eshop\/produkt\/luin-living-difuzer-sunshine-200-ml\/#primaryimage\"},\"datePublished\":\"2025-02-09T20:49:04+00:00\",\"dateModified\":\"2026-02-11T11:21:41+00:00\",\"description\":\"Luxusn\u00ed difuz\u00e9r Luin Living Sunshine se slune\u010dnou v\u016fn\u00ed s t\u00f3ny \u010derstv\u011b nakr\u00e1jen\u00e9ho, \u0161\u0165avnat\u00e9ho melounu a sv\u011b\u017e\u00edho zelen\u00e9ho jablka. Finsk\u00e1 spole\u010dnost Luin Living si zakl\u00e1d\u00e1 na vysok\u00e9 kvalit\u011b a udr\u017eitelnosti sv\u00fdch v\u00fdrobk\u016f, kter\u00e9 V\u00e1m zp\u0159\u00edjemn\u00ed \u010das str\u00e1ven\u00fd v saun\u011b. Stejn\u011b tak je ocen\u00edte i p\u0159i ka\u017edodenn\u00edm pou\u017e\u00edv\u00e1n\u00ed. &nbsp;\",\"breadcrumb\":{\"@id\":\"https:\/\/anderskafka.cz\/eshop\/produkt\/luin-living-difuzer-sunshine-200-ml\/#breadcrumb\"},\"inLanguage\":\"cs\",\"potentialAction\":[{\"@type\":\"ReadAction\",\"target\":[\"https:\/\/anderskafka.cz\/eshop\/produkt\/luin-living-difuzer-sunshine-200-ml\/\"]}]},{\"@type\":\"BreadcrumbList\",\"@id\":\"https:\/\/anderskafka.cz\/eshop\/produkt\/luin-living-difuzer-sunshine-200-ml\/#breadcrumb\",\"itemListElement\":[{\"@type\":\"ListItem\",\"position\":1,\"name\":\"Obchod\",\"item\":\"https:\/\/anderskafka.cz\/eshop\/obchod\/\"},{\"@type\":\"ListItem\",\"position\":2,\"name\":\"LUIN LIVING difuz\u00e9r sunshine, 200 ml\"}]}]}<\/script>\n<!-- \/ Yoast SEO plugin. -->","yoast_head_json":{"title":"LUIN LIVING difuz\u00e9r sunshine, 200 ml - Anders &amp; Kafka E-SHOP","description":"Luxusn\u00ed difuz\u00e9r Luin Living Sunshine se slune\u010dnou v\u016fn\u00ed s t\u00f3ny \u010derstv\u011b nakr\u00e1jen\u00e9ho, \u0161\u0165avnat\u00e9ho melounu a sv\u011b\u017e\u00edho zelen\u00e9ho jablka. Finsk\u00e1 spole\u010dnost Luin Living si zakl\u00e1d\u00e1 na vysok\u00e9 kvalit\u011b a udr\u017eitelnosti sv\u00fdch v\u00fdrobk\u016f, kter\u00e9 V\u00e1m zp\u0159\u00edjemn\u00ed \u010das str\u00e1ven\u00fd v saun\u011b. Stejn\u011b tak je ocen\u00edte i p\u0159i ka\u017edodenn\u00edm pou\u017e\u00edv\u00e1n\u00ed.   &nbsp;","robots":{"index":"index","follow":"follow","max-snippet":"max-snippet:-1","max-image-preview":"max-image-preview:large","max-video-preview":"max-video-preview:-1"},"canonical":"https:\/\/anderskafka.cz\/eshop\/produkt\/luin-living-difuzer-sunshine-200-ml\/","og_locale":"cs_CZ","og_type":"article","og_title":"LUIN LIVING difuz\u00e9r sunshine, 200 ml - Anders &amp; Kafka E-SHOP","og_description":"Luxusn\u00ed difuz\u00e9r Luin Living Sunshine se slune\u010dnou v\u016fn\u00ed s t\u00f3ny \u010derstv\u011b nakr\u00e1jen\u00e9ho, \u0161\u0165avnat\u00e9ho melounu a sv\u011b\u017e\u00edho zelen\u00e9ho jablka. Finsk\u00e1 spole\u010dnost Luin Living si zakl\u00e1d\u00e1 na vysok\u00e9 kvalit\u011b a udr\u017eitelnosti sv\u00fdch v\u00fdrobk\u016f, kter\u00e9 V\u00e1m zp\u0159\u00edjemn\u00ed \u010das str\u00e1ven\u00fd v saun\u011b. Stejn\u011b tak je ocen\u00edte i p\u0159i ka\u017edodenn\u00edm pou\u017e\u00edv\u00e1n\u00ed.   &nbsp;","og_url":"https:\/\/anderskafka.cz\/eshop\/produkt\/luin-living-difuzer-sunshine-200-ml\/","og_site_name":"Anders &amp; Kafka E-SHOP","article_modified_time":"2026-02-11T11:21:41+00:00","og_image":[{"width":1280,"height":1920,"url":"https:\/\/anderskafka.cz\/eshop\/wp-content\/uploads\/sites\/3\/2025\/02\/LL-difuzer-sunshine-3.jpg","type":"image\/jpeg"}],"twitter_card":"summary_large_image","twitter_misc":{"Odhadovan\u00e1 doba \u010dten\u00ed":"1 minuta"},"schema":{"@context":"https:\/\/schema.org","@graph":[{"@type":"WebSite","@id":"https:\/\/anderskafka.cz\/eshop\/#website","url":"https:\/\/anderskafka.cz\/eshop\/","name":"Anders &amp; Kafka E-SHOP","description":"Anders &amp; Kafka E-SHOP","potentialAction":[{"@type":"SearchAction","target":{"@type":"EntryPoint","urlTemplate":"https:\/\/anderskafka.cz\/eshop\/?s={search_term_string}"},"query-input":"required name=search_term_string"}],"inLanguage":"cs"},{"@type":"ImageObject","@id":"https:\/\/anderskafka.cz\/eshop\/produkt\/luin-living-difuzer-sunshine-200-ml\/#primaryimage","inLanguage":"cs","url":"https:\/\/anderskafka.cz\/eshop\/wp-content\/uploads\/sites\/3\/2025\/02\/LL-difuzer-sunshine-3.jpg","contentUrl":"https:\/\/anderskafka.cz\/eshop\/wp-content\/uploads\/sites\/3\/2025\/02\/LL-difuzer-sunshine-3.jpg","width":1280,"height":1920},{"@type":"WebPage","@id":"https:\/\/anderskafka.cz\/eshop\/produkt\/luin-living-difuzer-sunshine-200-ml\/#webpage","url":"https:\/\/anderskafka.cz\/eshop\/produkt\/luin-living-difuzer-sunshine-200-ml\/","name":"LUIN LIVING difuz\u00e9r sunshine, 200 ml - Anders &amp; Kafka E-SHOP","isPartOf":{"@id":"https:\/\/anderskafka.cz\/eshop\/#website"},"primaryImageOfPage":{"@id":"https:\/\/anderskafka.cz\/eshop\/produkt\/luin-living-difuzer-sunshine-200-ml\/#primaryimage"},"datePublished":"2025-02-09T20:49:04+00:00","dateModified":"2026-02-11T11:21:41+00:00","description":"Luxusn\u00ed difuz\u00e9r Luin Living Sunshine se slune\u010dnou v\u016fn\u00ed s t\u00f3ny \u010derstv\u011b nakr\u00e1jen\u00e9ho, \u0161\u0165avnat\u00e9ho melounu a sv\u011b\u017e\u00edho zelen\u00e9ho jablka. Finsk\u00e1 spole\u010dnost Luin Living si zakl\u00e1d\u00e1 na vysok\u00e9 kvalit\u011b a udr\u017eitelnosti sv\u00fdch v\u00fdrobk\u016f, kter\u00e9 V\u00e1m zp\u0159\u00edjemn\u00ed \u010das str\u00e1ven\u00fd v saun\u011b. Stejn\u011b tak je ocen\u00edte i p\u0159i ka\u017edodenn\u00edm pou\u017e\u00edv\u00e1n\u00ed. &nbsp;","breadcrumb":{"@id":"https:\/\/anderskafka.cz\/eshop\/produkt\/luin-living-difuzer-sunshine-200-ml\/#breadcrumb"},"inLanguage":"cs","potentialAction":[{"@type":"ReadAction","target":["https:\/\/anderskafka.cz\/eshop\/produkt\/luin-living-difuzer-sunshine-200-ml\/"]}]},{"@type":"BreadcrumbList","@id":"https:\/\/anderskafka.cz\/eshop\/produkt\/luin-living-difuzer-sunshine-200-ml\/#breadcrumb","itemListElement":[{"@type":"ListItem","position":1,"name":"Obchod","item":"https:\/\/anderskafka.cz\/eshop\/obchod\/"},{"@type":"ListItem","position":2,"name":"LUIN LIVING difuz\u00e9r sunshine, 200 ml"}]}]}},"locations":[],"_links":{"self":[{"href":"https:\/\/anderskafka.cz\/eshop\/wp-json\/wp\/v2\/product\/9485"}],"collection":[{"href":"https:\/\/anderskafka.cz\/eshop\/wp-json\/wp\/v2\/product"}],"about":[{"href":"https:\/\/anderskafka.cz\/eshop\/wp-json\/wp\/v2\/types\/product"}],"replies":[{"embeddable":true,"href":"https:\/\/anderskafka.cz\/eshop\/wp-json\/wp\/v2\/comments?post=9485"}],"wp:featuredmedia":[{"embeddable":true,"href":"https:\/\/anderskafka.cz\/eshop\/wp-json\/wp\/v2\/media\/9487"}],"wp:attachment":[{"href":"https:\/\/anderskafka.cz\/eshop\/wp-json\/wp\/v2\/media?parent=9485"}],"wp:term":[{"taxonomy":"location","embeddable":true,"href":"https:\/\/anderskafka.cz\/eshop\/wp-json\/wp\/v2\/location?post=9485"},{"taxonomy":"product_cat","embeddable":true,"href":"https:\/\/anderskafka.cz\/eshop\/wp-json\/wp\/v2\/product_cat?post=9485"},{"taxonomy":"product_tag","embeddable":true,"href":"https:\/\/anderskafka.cz\/eshop\/wp-json\/wp\/v2\/product_tag?post=9485"}],"curies":[{"name":"wp","href":"https:\/\/api.w.org\/{rel}","templated":true}]}}