{"id":9512,"date":"2025-02-12T09:31:09","date_gmt":"2025-02-12T08:31:09","guid":{"rendered":"https:\/\/anderskafka.cz\/eshop\/?post_type=product&#038;p=9512"},"modified":"2025-11-21T15:28:15","modified_gmt":"2025-11-21T14:28:15","slug":"rento-zvyhodnena-sada-vedra-s-uchem-naberacky-a-teplomeru-medena","status":"publish","type":"product","link":"https:\/\/anderskafka.cz\/eshop\/produkt\/rento-zvyhodnena-sada-vedra-s-uchem-naberacky-a-teplomeru-medena\/","title":{"rendered":"RENTO sada hlin\u00edkov\u00e9ho v\u011bdra s uchem, nab\u011bra\u010dky a teplom\u011bru m\u011bd\u011bn\u00e1"},"content":{"rendered":"<p>Zv\u00fdhodn\u011bn\u00e1 sada va\u0161ich obl\u00edben\u00fdch saunov\u00fdch dopl\u0148k\u016f pro p\u0159\u00edjemn\u00e9 chv\u00edle p\u0159i saunov\u00e1n\u00ed.<\/p>\n<h2>Sada obsahuje:<\/h2>\n<p><strong>V\u011bdro do sauny<\/strong> \u2013 kovov\u00e9 \u010d\u00e1sti jsou vyrobeny z barevn\u011b eloxovan\u00e9ho hlin\u00edku, s uchem z tepeln\u011b upraven\u00e9ho bambusu, d\u00edky \u010demu\u017e se v\u011bdro p\u0159\u00edjemn\u011b dr\u017e\u00ed a nehroz\u00ed tak pop\u00e1len\u00ed o rozeh\u0159\u00e1t\u00fd kov<br \/>\n<strong>Nab\u011bra\u010dka<\/strong> \u2013 kovov\u00e9 \u010d\u00e1sti jsou vyrobeny z barevn\u011b eloxovan\u00e9ho hlin\u00edku, s praktickou rukojet\u00ed z tepeln\u011b upraven\u00e9ho bambusu<br \/>\n<strong>Teplom\u011br<\/strong> \u2013 vyroben z barevn\u011b eloxovan\u00e9ho hlin\u00edku, teplota je zobrazov\u00e1na ve stupn\u00edch Celsia<\/p>\n<p><img loading=\"lazy\" class=\"alignleft wp-image-2104 size-medium\" src=\"https:\/\/anderskafka.cz\/eshop\/wp-content\/uploads\/sites\/3\/2023\/03\/design-from-finland-300x200.png\" alt=\"\" width=\"300\" height=\"200\" srcset=\"https:\/\/anderskafka.cz\/eshop\/wp-content\/uploads\/sites\/3\/2023\/03\/design-from-finland-300x200.png 300w, https:\/\/anderskafka.cz\/eshop\/wp-content\/uploads\/sites\/3\/2023\/03\/design-from-finland-1024x682.png 1024w, https:\/\/anderskafka.cz\/eshop\/wp-content\/uploads\/sites\/3\/2023\/03\/design-from-finland-768x512.png 768w, https:\/\/anderskafka.cz\/eshop\/wp-content\/uploads\/sites\/3\/2023\/03\/design-from-finland-700x467.png 700w, https:\/\/anderskafka.cz\/eshop\/wp-content\/uploads\/sites\/3\/2023\/03\/design-from-finland-64x43.png 64w, https:\/\/anderskafka.cz\/eshop\/wp-content\/uploads\/sites\/3\/2023\/03\/design-from-finland.png 1400w\" sizes=\"(max-width: 300px) 100vw, 300px\" \/><\/p>\n<p>&nbsp;<\/p>\n<p>&nbsp;<\/p>\n<p>&nbsp;<\/p>\n<p>&nbsp;<\/p>\n<p>Finsk\u00e1 kvalita.<\/p>\n","protected":false},"excerpt":{"rendered":"<p>Praktick\u00e1 sada va\u0161ich obl\u00edben\u00fdch saunov\u00fdch dopl\u0148k\u016f pro p\u0159\u00edjemn\u00e9 chv\u00edle p\u0159i saunov\u00e1n\u00ed. Sada obsahuje v\u011bdro, nab\u011bra\u010dka a teplom\u011br.<br \/>\nInspirov\u00e1no p\u0159\u00edrodou. Navr\u017eeno ve Finsku, specialistou na saunov\u00e9 dopl\u0148ky spole\u010dnost\u00ed RENTO. Relaxujte a u\u017e\u00edvejte si harmonii z autentick\u00e9ho z\u00e1\u017eitku finsk\u00e9 sauny.<\/p>\n<p><img loading=\"lazy\" class=\"wp-image-2104 aligncenter\" src=\"https:\/\/anderskafka.cz\/eshop\/wp-content\/uploads\/sites\/3\/2023\/03\/design-from-finland-300x200.png\" alt=\"\" width=\"80\" height=\"53\" srcset=\"https:\/\/anderskafka.cz\/eshop\/wp-content\/uploads\/sites\/3\/2023\/03\/design-from-finland-300x200.png 300w, https:\/\/anderskafka.cz\/eshop\/wp-content\/uploads\/sites\/3\/2023\/03\/design-from-finland-1024x682.png 1024w, https:\/\/anderskafka.cz\/eshop\/wp-content\/uploads\/sites\/3\/2023\/03\/design-from-finland-768x512.png 768w, https:\/\/anderskafka.cz\/eshop\/wp-content\/uploads\/sites\/3\/2023\/03\/design-from-finland-700x467.png 700w, https:\/\/anderskafka.cz\/eshop\/wp-content\/uploads\/sites\/3\/2023\/03\/design-from-finland-64x43.png 64w, https:\/\/anderskafka.cz\/eshop\/wp-content\/uploads\/sites\/3\/2023\/03\/design-from-finland.png 1400w\" sizes=\"(max-width: 80px) 100vw, 80px\" \/><\/p>\n","protected":false},"featured_media":9528,"comment_status":"open","ping_status":"closed","template":"","meta":{"site-sidebar-layout":"default","site-content-layout":"default","ast-main-header-display":"","ast-hfb-above-header-display":"","ast-hfb-below-header-display":"","ast-hfb-mobile-header-display":"","site-post-title":"","ast-breadcrumbs-content":"","ast-featured-img":"","footer-sml-layout":"","theme-transparent-header-meta":"","adv-header-id-meta":"","stick-header-meta":"","header-above-stick-meta":"","header-main-stick-meta":"","header-below-stick-meta":""},"location":[],"product_cat":[1673,1640,1493,618],"product_tag":[103],"yoast_head":"<!-- This site is optimized with the Yoast SEO plugin v18.5.1 - https:\/\/yoast.com\/wordpress\/plugins\/seo\/ -->\n<title>RENTO sada hlin\u00edkov\u00e9ho v\u011bdra s uchem, nab\u011bra\u010dky a teplom\u011bru m\u011bd\u011bn\u00e1 - Anders &amp; Kafka E-SHOP<\/title>\n<meta name=\"description\" content=\"Praktick\u00e1 sada va\u0161ich obl\u00edben\u00fdch saunov\u00fdch dopl\u0148k\u016f pro p\u0159\u00edjemn\u00e9 chv\u00edle p\u0159i saunov\u00e1n\u00ed. Sada obsahuje v\u011bdro, nab\u011bra\u010dka a teplom\u011br. Inspirov\u00e1no p\u0159\u00edrodou. Navr\u017eeno ve Finsku, specialistou na saunov\u00e9 dopl\u0148ky spole\u010dnost\u00ed RENTO. Relaxujte a u\u017e\u00edvejte si harmonii z autentick\u00e9ho z\u00e1\u017eitku finsk\u00e9 sauny.\" \/>\n<meta name=\"robots\" content=\"index, follow, max-snippet:-1, max-image-preview:large, max-video-preview:-1\" \/>\n<link rel=\"canonical\" href=\"https:\/\/anderskafka.cz\/eshop\/produkt\/rento-zvyhodnena-sada-vedra-s-uchem-naberacky-a-teplomeru-medena\/\" \/>\n<meta property=\"og:locale\" content=\"cs_CZ\" \/>\n<meta property=\"og:type\" content=\"article\" \/>\n<meta property=\"og:title\" content=\"RENTO sada hlin\u00edkov\u00e9ho v\u011bdra s uchem, nab\u011bra\u010dky a teplom\u011bru m\u011bd\u011bn\u00e1 - Anders &amp; Kafka E-SHOP\" \/>\n<meta property=\"og:description\" content=\"Praktick\u00e1 sada va\u0161ich obl\u00edben\u00fdch saunov\u00fdch dopl\u0148k\u016f pro p\u0159\u00edjemn\u00e9 chv\u00edle p\u0159i saunov\u00e1n\u00ed. Sada obsahuje v\u011bdro, nab\u011bra\u010dka a teplom\u011br. Inspirov\u00e1no p\u0159\u00edrodou. Navr\u017eeno ve Finsku, specialistou na saunov\u00e9 dopl\u0148ky spole\u010dnost\u00ed RENTO. Relaxujte a u\u017e\u00edvejte si harmonii z autentick\u00e9ho z\u00e1\u017eitku finsk\u00e9 sauny.\" \/>\n<meta property=\"og:url\" content=\"https:\/\/anderskafka.cz\/eshop\/produkt\/rento-zvyhodnena-sada-vedra-s-uchem-naberacky-a-teplomeru-medena\/\" \/>\n<meta property=\"og:site_name\" content=\"Anders &amp; Kafka E-SHOP\" \/>\n<meta property=\"article:modified_time\" content=\"2025-11-21T14:28:15+00:00\" \/>\n<meta property=\"og:image\" content=\"https:\/\/anderskafka.cz\/eshop\/wp-content\/uploads\/sites\/3\/2025\/02\/RENTO-sada-hlinikoveho-vedra-s-uchem-naberacky-a-teplomeru-medena.jpg\" \/>\n\t<meta property=\"og:image:width\" content=\"1000\" \/>\n\t<meta property=\"og:image:height\" content=\"1000\" \/>\n\t<meta property=\"og:image:type\" content=\"image\/jpeg\" \/>\n<meta name=\"twitter:card\" content=\"summary_large_image\" \/>\n<meta name=\"twitter:label1\" content=\"Odhadovan\u00e1 doba \u010dten\u00ed\" \/>\n\t<meta name=\"twitter:data1\" content=\"1 minuta\" \/>\n<script type=\"application\/ld+json\" class=\"yoast-schema-graph\">{\"@context\":\"https:\/\/schema.org\",\"@graph\":[{\"@type\":\"WebSite\",\"@id\":\"https:\/\/anderskafka.cz\/eshop\/#website\",\"url\":\"https:\/\/anderskafka.cz\/eshop\/\",\"name\":\"Anders &amp; Kafka E-SHOP\",\"description\":\"Anders &amp; Kafka E-SHOP\",\"potentialAction\":[{\"@type\":\"SearchAction\",\"target\":{\"@type\":\"EntryPoint\",\"urlTemplate\":\"https:\/\/anderskafka.cz\/eshop\/?s={search_term_string}\"},\"query-input\":\"required name=search_term_string\"}],\"inLanguage\":\"cs\"},{\"@type\":\"ImageObject\",\"@id\":\"https:\/\/anderskafka.cz\/eshop\/produkt\/rento-zvyhodnena-sada-vedra-s-uchem-naberacky-a-teplomeru-medena\/#primaryimage\",\"inLanguage\":\"cs\",\"url\":\"https:\/\/anderskafka.cz\/eshop\/wp-content\/uploads\/sites\/3\/2025\/02\/RENTO-sada-hlinikoveho-vedra-s-uchem-naberacky-a-teplomeru-medena.jpg\",\"contentUrl\":\"https:\/\/anderskafka.cz\/eshop\/wp-content\/uploads\/sites\/3\/2025\/02\/RENTO-sada-hlinikoveho-vedra-s-uchem-naberacky-a-teplomeru-medena.jpg\",\"width\":1000,\"height\":1000},{\"@type\":\"WebPage\",\"@id\":\"https:\/\/anderskafka.cz\/eshop\/produkt\/rento-zvyhodnena-sada-vedra-s-uchem-naberacky-a-teplomeru-medena\/#webpage\",\"url\":\"https:\/\/anderskafka.cz\/eshop\/produkt\/rento-zvyhodnena-sada-vedra-s-uchem-naberacky-a-teplomeru-medena\/\",\"name\":\"RENTO sada hlin\u00edkov\u00e9ho v\u011bdra s uchem, nab\u011bra\u010dky a teplom\u011bru m\u011bd\u011bn\u00e1 - Anders &amp; Kafka E-SHOP\",\"isPartOf\":{\"@id\":\"https:\/\/anderskafka.cz\/eshop\/#website\"},\"primaryImageOfPage\":{\"@id\":\"https:\/\/anderskafka.cz\/eshop\/produkt\/rento-zvyhodnena-sada-vedra-s-uchem-naberacky-a-teplomeru-medena\/#primaryimage\"},\"datePublished\":\"2025-02-12T08:31:09+00:00\",\"dateModified\":\"2025-11-21T14:28:15+00:00\",\"description\":\"Praktick\u00e1 sada va\u0161ich obl\u00edben\u00fdch saunov\u00fdch dopl\u0148k\u016f pro p\u0159\u00edjemn\u00e9 chv\u00edle p\u0159i saunov\u00e1n\u00ed. Sada obsahuje v\u011bdro, nab\u011bra\u010dka a teplom\u011br. Inspirov\u00e1no p\u0159\u00edrodou. Navr\u017eeno ve Finsku, specialistou na saunov\u00e9 dopl\u0148ky spole\u010dnost\u00ed RENTO. Relaxujte a u\u017e\u00edvejte si harmonii z autentick\u00e9ho z\u00e1\u017eitku finsk\u00e9 sauny.\",\"breadcrumb\":{\"@id\":\"https:\/\/anderskafka.cz\/eshop\/produkt\/rento-zvyhodnena-sada-vedra-s-uchem-naberacky-a-teplomeru-medena\/#breadcrumb\"},\"inLanguage\":\"cs\",\"potentialAction\":[{\"@type\":\"ReadAction\",\"target\":[\"https:\/\/anderskafka.cz\/eshop\/produkt\/rento-zvyhodnena-sada-vedra-s-uchem-naberacky-a-teplomeru-medena\/\"]}]},{\"@type\":\"BreadcrumbList\",\"@id\":\"https:\/\/anderskafka.cz\/eshop\/produkt\/rento-zvyhodnena-sada-vedra-s-uchem-naberacky-a-teplomeru-medena\/#breadcrumb\",\"itemListElement\":[{\"@type\":\"ListItem\",\"position\":1,\"name\":\"Obchod\",\"item\":\"https:\/\/anderskafka.cz\/eshop\/obchod\/\"},{\"@type\":\"ListItem\",\"position\":2,\"name\":\"RENTO sada hlin\u00edkov\u00e9ho v\u011bdra s uchem, nab\u011bra\u010dky a teplom\u011bru m\u011bd\u011bn\u00e1\"}]}]}<\/script>\n<!-- \/ Yoast SEO plugin. -->","yoast_head_json":{"title":"RENTO sada hlin\u00edkov\u00e9ho v\u011bdra s uchem, nab\u011bra\u010dky a teplom\u011bru m\u011bd\u011bn\u00e1 - Anders &amp; Kafka E-SHOP","description":"Praktick\u00e1 sada va\u0161ich obl\u00edben\u00fdch saunov\u00fdch dopl\u0148k\u016f pro p\u0159\u00edjemn\u00e9 chv\u00edle p\u0159i saunov\u00e1n\u00ed. Sada obsahuje v\u011bdro, nab\u011bra\u010dka a teplom\u011br. Inspirov\u00e1no p\u0159\u00edrodou. Navr\u017eeno ve Finsku, specialistou na saunov\u00e9 dopl\u0148ky spole\u010dnost\u00ed RENTO. Relaxujte a u\u017e\u00edvejte si harmonii z autentick\u00e9ho z\u00e1\u017eitku finsk\u00e9 sauny.","robots":{"index":"index","follow":"follow","max-snippet":"max-snippet:-1","max-image-preview":"max-image-preview:large","max-video-preview":"max-video-preview:-1"},"canonical":"https:\/\/anderskafka.cz\/eshop\/produkt\/rento-zvyhodnena-sada-vedra-s-uchem-naberacky-a-teplomeru-medena\/","og_locale":"cs_CZ","og_type":"article","og_title":"RENTO sada hlin\u00edkov\u00e9ho v\u011bdra s uchem, nab\u011bra\u010dky a teplom\u011bru m\u011bd\u011bn\u00e1 - Anders &amp; Kafka E-SHOP","og_description":"Praktick\u00e1 sada va\u0161ich obl\u00edben\u00fdch saunov\u00fdch dopl\u0148k\u016f pro p\u0159\u00edjemn\u00e9 chv\u00edle p\u0159i saunov\u00e1n\u00ed. Sada obsahuje v\u011bdro, nab\u011bra\u010dka a teplom\u011br. Inspirov\u00e1no p\u0159\u00edrodou. Navr\u017eeno ve Finsku, specialistou na saunov\u00e9 dopl\u0148ky spole\u010dnost\u00ed RENTO. Relaxujte a u\u017e\u00edvejte si harmonii z autentick\u00e9ho z\u00e1\u017eitku finsk\u00e9 sauny.","og_url":"https:\/\/anderskafka.cz\/eshop\/produkt\/rento-zvyhodnena-sada-vedra-s-uchem-naberacky-a-teplomeru-medena\/","og_site_name":"Anders &amp; Kafka E-SHOP","article_modified_time":"2025-11-21T14:28:15+00:00","og_image":[{"width":1000,"height":1000,"url":"https:\/\/anderskafka.cz\/eshop\/wp-content\/uploads\/sites\/3\/2025\/02\/RENTO-sada-hlinikoveho-vedra-s-uchem-naberacky-a-teplomeru-medena.jpg","type":"image\/jpeg"}],"twitter_card":"summary_large_image","twitter_misc":{"Odhadovan\u00e1 doba \u010dten\u00ed":"1 minuta"},"schema":{"@context":"https:\/\/schema.org","@graph":[{"@type":"WebSite","@id":"https:\/\/anderskafka.cz\/eshop\/#website","url":"https:\/\/anderskafka.cz\/eshop\/","name":"Anders &amp; Kafka E-SHOP","description":"Anders &amp; Kafka E-SHOP","potentialAction":[{"@type":"SearchAction","target":{"@type":"EntryPoint","urlTemplate":"https:\/\/anderskafka.cz\/eshop\/?s={search_term_string}"},"query-input":"required name=search_term_string"}],"inLanguage":"cs"},{"@type":"ImageObject","@id":"https:\/\/anderskafka.cz\/eshop\/produkt\/rento-zvyhodnena-sada-vedra-s-uchem-naberacky-a-teplomeru-medena\/#primaryimage","inLanguage":"cs","url":"https:\/\/anderskafka.cz\/eshop\/wp-content\/uploads\/sites\/3\/2025\/02\/RENTO-sada-hlinikoveho-vedra-s-uchem-naberacky-a-teplomeru-medena.jpg","contentUrl":"https:\/\/anderskafka.cz\/eshop\/wp-content\/uploads\/sites\/3\/2025\/02\/RENTO-sada-hlinikoveho-vedra-s-uchem-naberacky-a-teplomeru-medena.jpg","width":1000,"height":1000},{"@type":"WebPage","@id":"https:\/\/anderskafka.cz\/eshop\/produkt\/rento-zvyhodnena-sada-vedra-s-uchem-naberacky-a-teplomeru-medena\/#webpage","url":"https:\/\/anderskafka.cz\/eshop\/produkt\/rento-zvyhodnena-sada-vedra-s-uchem-naberacky-a-teplomeru-medena\/","name":"RENTO sada hlin\u00edkov\u00e9ho v\u011bdra s uchem, nab\u011bra\u010dky a teplom\u011bru m\u011bd\u011bn\u00e1 - Anders &amp; Kafka E-SHOP","isPartOf":{"@id":"https:\/\/anderskafka.cz\/eshop\/#website"},"primaryImageOfPage":{"@id":"https:\/\/anderskafka.cz\/eshop\/produkt\/rento-zvyhodnena-sada-vedra-s-uchem-naberacky-a-teplomeru-medena\/#primaryimage"},"datePublished":"2025-02-12T08:31:09+00:00","dateModified":"2025-11-21T14:28:15+00:00","description":"Praktick\u00e1 sada va\u0161ich obl\u00edben\u00fdch saunov\u00fdch dopl\u0148k\u016f pro p\u0159\u00edjemn\u00e9 chv\u00edle p\u0159i saunov\u00e1n\u00ed. Sada obsahuje v\u011bdro, nab\u011bra\u010dka a teplom\u011br. Inspirov\u00e1no p\u0159\u00edrodou. Navr\u017eeno ve Finsku, specialistou na saunov\u00e9 dopl\u0148ky spole\u010dnost\u00ed RENTO. Relaxujte a u\u017e\u00edvejte si harmonii z autentick\u00e9ho z\u00e1\u017eitku finsk\u00e9 sauny.","breadcrumb":{"@id":"https:\/\/anderskafka.cz\/eshop\/produkt\/rento-zvyhodnena-sada-vedra-s-uchem-naberacky-a-teplomeru-medena\/#breadcrumb"},"inLanguage":"cs","potentialAction":[{"@type":"ReadAction","target":["https:\/\/anderskafka.cz\/eshop\/produkt\/rento-zvyhodnena-sada-vedra-s-uchem-naberacky-a-teplomeru-medena\/"]}]},{"@type":"BreadcrumbList","@id":"https:\/\/anderskafka.cz\/eshop\/produkt\/rento-zvyhodnena-sada-vedra-s-uchem-naberacky-a-teplomeru-medena\/#breadcrumb","itemListElement":[{"@type":"ListItem","position":1,"name":"Obchod","item":"https:\/\/anderskafka.cz\/eshop\/obchod\/"},{"@type":"ListItem","position":2,"name":"RENTO sada hlin\u00edkov\u00e9ho v\u011bdra s uchem, nab\u011bra\u010dky a teplom\u011bru m\u011bd\u011bn\u00e1"}]}]}},"locations":[],"_links":{"self":[{"href":"https:\/\/anderskafka.cz\/eshop\/wp-json\/wp\/v2\/product\/9512"}],"collection":[{"href":"https:\/\/anderskafka.cz\/eshop\/wp-json\/wp\/v2\/product"}],"about":[{"href":"https:\/\/anderskafka.cz\/eshop\/wp-json\/wp\/v2\/types\/product"}],"replies":[{"embeddable":true,"href":"https:\/\/anderskafka.cz\/eshop\/wp-json\/wp\/v2\/comments?post=9512"}],"wp:featuredmedia":[{"embeddable":true,"href":"https:\/\/anderskafka.cz\/eshop\/wp-json\/wp\/v2\/media\/9528"}],"wp:attachment":[{"href":"https:\/\/anderskafka.cz\/eshop\/wp-json\/wp\/v2\/media?parent=9512"}],"wp:term":[{"taxonomy":"location","embeddable":true,"href":"https:\/\/anderskafka.cz\/eshop\/wp-json\/wp\/v2\/location?post=9512"},{"taxonomy":"product_cat","embeddable":true,"href":"https:\/\/anderskafka.cz\/eshop\/wp-json\/wp\/v2\/product_cat?post=9512"},{"taxonomy":"product_tag","embeddable":true,"href":"https:\/\/anderskafka.cz\/eshop\/wp-json\/wp\/v2\/product_tag?post=9512"}],"curies":[{"name":"wp","href":"https:\/\/api.w.org\/{rel}","templated":true}]}}