{"id":9685,"date":"2025-02-24T17:05:37","date_gmt":"2025-02-24T16:05:37","guid":{"rendered":"https:\/\/anderskafka.cz\/eshop\/?post_type=product&#038;p=9685"},"modified":"2026-03-16T20:53:26","modified_gmt":"2026-03-16T19:53:26","slug":"halu-zaobleny-ergonomicky-podhlavnik-do-sauny-z-abachi","status":"publish","type":"product","link":"https:\/\/anderskafka.cz\/eshop\/produkt\/halu-zaobleny-ergonomicky-podhlavnik-do-sauny-z-abachi\/","title":{"rendered":"HALU zaoblen\u00fd ergonomick\u00fd podhlavn\u00edk do sauny z abachi"},"content":{"rendered":"<p>Pohodln\u00fd a kr\u00e1sn\u011b zpracovan\u00fd d\u0159ev\u011bn\u00fd podhlavn\u00edk do sauny z masivu d\u0159eviny abachi. Podhlavn\u00edk je speci\u00e1ln\u011b navr\u017een pro p\u0159\u00edjemnou podp\u011bru hlavy pomoc\u00ed \u010dty\u0159 nastaviteln\u00fdch podp\u011brek a p\u0159in\u00e1\u0161\u00ed pocit naprost\u00e9 relaxace. Tento ergonomick\u00fd podhlavn\u00edk je nepostradateln\u00fdm dopl\u0148kem ka\u017ed\u00e9 sauny a zabezpe\u010d\u00ed pohodln\u011bj\u0161\u00ed saunov\u00e1n\u00ed p\u0159i ide\u00e1ln\u00edm ulo\u017een\u00ed hlavy, co\u017e napom\u00e1h\u00e1 celkov\u00e9mu uvoln\u011bn\u00ed t\u011bla p\u0159i saunov\u00e1n\u00ed.<\/p>\n","protected":false},"excerpt":{"rendered":"<p>Ergonomick\u00fd podhlavn\u00edk do sauny z masivu d\u0159eviny abachi neboli africk\u00e9 vrby. Podhlavn\u00edk je speci\u00e1ln\u011b navr\u017een pro p\u0159\u00edjemnou podp\u011bru hlavy pomoc\u00ed \u010dty\u0159 nastaviteln\u00fdch podp\u011brek a p\u0159in\u00e1\u0161\u00ed pocit naprost\u00e9 relaxace.<\/p>\n<p>&nbsp;<\/p>\n","protected":false},"featured_media":9726,"comment_status":"open","ping_status":"closed","template":"","meta":{"site-sidebar-layout":"default","site-content-layout":"default","ast-main-header-display":"","ast-hfb-above-header-display":"","ast-hfb-below-header-display":"","ast-hfb-mobile-header-display":"","site-post-title":"","ast-breadcrumbs-content":"","ast-featured-img":"","footer-sml-layout":"","theme-transparent-header-meta":"","adv-header-id-meta":"","stick-header-meta":"","header-above-stick-meta":"","header-main-stick-meta":"","header-below-stick-meta":""},"location":[],"product_cat":[105],"product_tag":[744],"yoast_head":"<!-- This site is optimized with the Yoast SEO plugin v18.5.1 - https:\/\/yoast.com\/wordpress\/plugins\/seo\/ -->\n<title>HALU zaoblen\u00fd ergonomick\u00fd podhlavn\u00edk do sauny z abachi - Anders &amp; Kafka E-SHOP<\/title>\n<meta name=\"description\" content=\"Ergonomick\u00fd podhlavn\u00edk do sauny z masivu d\u0159eviny abachi neboli africk\u00e9 vrby. Podhlavn\u00edk je speci\u00e1ln\u011b navr\u017een pro p\u0159\u00edjemnou podp\u011bru hlavy pomoc\u00ed \u010dty\u0159 nastaviteln\u00fdch podp\u011brek a p\u0159in\u00e1\u0161\u00ed pocit naprost\u00e9 relaxace.  &nbsp;\" \/>\n<meta name=\"robots\" content=\"index, follow, max-snippet:-1, max-image-preview:large, max-video-preview:-1\" \/>\n<link rel=\"canonical\" href=\"https:\/\/anderskafka.cz\/eshop\/produkt\/halu-zaobleny-ergonomicky-podhlavnik-do-sauny-z-abachi\/\" \/>\n<meta property=\"og:locale\" content=\"cs_CZ\" \/>\n<meta property=\"og:type\" content=\"article\" \/>\n<meta property=\"og:title\" content=\"HALU zaoblen\u00fd ergonomick\u00fd podhlavn\u00edk do sauny z abachi - Anders &amp; Kafka E-SHOP\" \/>\n<meta property=\"og:description\" content=\"Ergonomick\u00fd podhlavn\u00edk do sauny z masivu d\u0159eviny abachi neboli africk\u00e9 vrby. Podhlavn\u00edk je speci\u00e1ln\u011b navr\u017een pro p\u0159\u00edjemnou podp\u011bru hlavy pomoc\u00ed \u010dty\u0159 nastaviteln\u00fdch podp\u011brek a p\u0159in\u00e1\u0161\u00ed pocit naprost\u00e9 relaxace.  &nbsp;\" \/>\n<meta property=\"og:url\" content=\"https:\/\/anderskafka.cz\/eshop\/produkt\/halu-zaobleny-ergonomicky-podhlavnik-do-sauny-z-abachi\/\" \/>\n<meta property=\"og:site_name\" content=\"Anders &amp; Kafka E-SHOP\" \/>\n<meta property=\"article:modified_time\" content=\"2026-03-16T19:53:26+00:00\" \/>\n<meta name=\"twitter:card\" content=\"summary_large_image\" \/>\n<meta name=\"twitter:image\" content=\"https:\/\/anderskafka.cz\/eshop\/wp-content\/uploads\/sites\/3\/2025\/02\/Halu_podhlavnikzaoblenyabachi_AndersKafka.webp\" \/>\n<meta name=\"twitter:label1\" content=\"Odhadovan\u00e1 doba \u010dten\u00ed\" \/>\n\t<meta name=\"twitter:data1\" content=\"1 minuta\" \/>\n<script type=\"application\/ld+json\" class=\"yoast-schema-graph\">{\"@context\":\"https:\/\/schema.org\",\"@graph\":[{\"@type\":\"WebSite\",\"@id\":\"https:\/\/anderskafka.cz\/eshop\/#website\",\"url\":\"https:\/\/anderskafka.cz\/eshop\/\",\"name\":\"Anders &amp; Kafka E-SHOP\",\"description\":\"Anders &amp; Kafka E-SHOP\",\"potentialAction\":[{\"@type\":\"SearchAction\",\"target\":{\"@type\":\"EntryPoint\",\"urlTemplate\":\"https:\/\/anderskafka.cz\/eshop\/?s={search_term_string}\"},\"query-input\":\"required name=search_term_string\"}],\"inLanguage\":\"cs\"},{\"@type\":\"ImageObject\",\"@id\":\"https:\/\/anderskafka.cz\/eshop\/produkt\/halu-zaobleny-ergonomicky-podhlavnik-do-sauny-z-abachi\/#primaryimage\",\"inLanguage\":\"cs\",\"url\":\"https:\/\/anderskafka.cz\/eshop\/wp-content\/uploads\/sites\/3\/2025\/02\/Halu_podhlavnikzaoblenyabachi_AndersKafka.webp\",\"contentUrl\":\"https:\/\/anderskafka.cz\/eshop\/wp-content\/uploads\/sites\/3\/2025\/02\/Halu_podhlavnikzaoblenyabachi_AndersKafka.webp\",\"width\":2000,\"height\":1333},{\"@type\":\"WebPage\",\"@id\":\"https:\/\/anderskafka.cz\/eshop\/produkt\/halu-zaobleny-ergonomicky-podhlavnik-do-sauny-z-abachi\/#webpage\",\"url\":\"https:\/\/anderskafka.cz\/eshop\/produkt\/halu-zaobleny-ergonomicky-podhlavnik-do-sauny-z-abachi\/\",\"name\":\"HALU zaoblen\u00fd ergonomick\u00fd podhlavn\u00edk do sauny z abachi - Anders &amp; Kafka E-SHOP\",\"isPartOf\":{\"@id\":\"https:\/\/anderskafka.cz\/eshop\/#website\"},\"primaryImageOfPage\":{\"@id\":\"https:\/\/anderskafka.cz\/eshop\/produkt\/halu-zaobleny-ergonomicky-podhlavnik-do-sauny-z-abachi\/#primaryimage\"},\"datePublished\":\"2025-02-24T16:05:37+00:00\",\"dateModified\":\"2026-03-16T19:53:26+00:00\",\"description\":\"Ergonomick\u00fd podhlavn\u00edk do sauny z masivu d\u0159eviny abachi neboli africk\u00e9 vrby. Podhlavn\u00edk je speci\u00e1ln\u011b navr\u017een pro p\u0159\u00edjemnou podp\u011bru hlavy pomoc\u00ed \u010dty\u0159 nastaviteln\u00fdch podp\u011brek a p\u0159in\u00e1\u0161\u00ed pocit naprost\u00e9 relaxace. &nbsp;\",\"breadcrumb\":{\"@id\":\"https:\/\/anderskafka.cz\/eshop\/produkt\/halu-zaobleny-ergonomicky-podhlavnik-do-sauny-z-abachi\/#breadcrumb\"},\"inLanguage\":\"cs\",\"potentialAction\":[{\"@type\":\"ReadAction\",\"target\":[\"https:\/\/anderskafka.cz\/eshop\/produkt\/halu-zaobleny-ergonomicky-podhlavnik-do-sauny-z-abachi\/\"]}]},{\"@type\":\"BreadcrumbList\",\"@id\":\"https:\/\/anderskafka.cz\/eshop\/produkt\/halu-zaobleny-ergonomicky-podhlavnik-do-sauny-z-abachi\/#breadcrumb\",\"itemListElement\":[{\"@type\":\"ListItem\",\"position\":1,\"name\":\"Obchod\",\"item\":\"https:\/\/anderskafka.cz\/eshop\/obchod\/\"},{\"@type\":\"ListItem\",\"position\":2,\"name\":\"HALU zaoblen\u00fd ergonomick\u00fd podhlavn\u00edk do sauny z abachi\"}]}]}<\/script>\n<!-- \/ Yoast SEO plugin. -->","yoast_head_json":{"title":"HALU zaoblen\u00fd ergonomick\u00fd podhlavn\u00edk do sauny z abachi - Anders &amp; Kafka E-SHOP","description":"Ergonomick\u00fd podhlavn\u00edk do sauny z masivu d\u0159eviny abachi neboli africk\u00e9 vrby. Podhlavn\u00edk je speci\u00e1ln\u011b navr\u017een pro p\u0159\u00edjemnou podp\u011bru hlavy pomoc\u00ed \u010dty\u0159 nastaviteln\u00fdch podp\u011brek a p\u0159in\u00e1\u0161\u00ed pocit naprost\u00e9 relaxace.  &nbsp;","robots":{"index":"index","follow":"follow","max-snippet":"max-snippet:-1","max-image-preview":"max-image-preview:large","max-video-preview":"max-video-preview:-1"},"canonical":"https:\/\/anderskafka.cz\/eshop\/produkt\/halu-zaobleny-ergonomicky-podhlavnik-do-sauny-z-abachi\/","og_locale":"cs_CZ","og_type":"article","og_title":"HALU zaoblen\u00fd ergonomick\u00fd podhlavn\u00edk do sauny z abachi - Anders &amp; Kafka E-SHOP","og_description":"Ergonomick\u00fd podhlavn\u00edk do sauny z masivu d\u0159eviny abachi neboli africk\u00e9 vrby. Podhlavn\u00edk je speci\u00e1ln\u011b navr\u017een pro p\u0159\u00edjemnou podp\u011bru hlavy pomoc\u00ed \u010dty\u0159 nastaviteln\u00fdch podp\u011brek a p\u0159in\u00e1\u0161\u00ed pocit naprost\u00e9 relaxace.  &nbsp;","og_url":"https:\/\/anderskafka.cz\/eshop\/produkt\/halu-zaobleny-ergonomicky-podhlavnik-do-sauny-z-abachi\/","og_site_name":"Anders &amp; Kafka E-SHOP","article_modified_time":"2026-03-16T19:53:26+00:00","twitter_card":"summary_large_image","twitter_image":"https:\/\/anderskafka.cz\/eshop\/wp-content\/uploads\/sites\/3\/2025\/02\/Halu_podhlavnikzaoblenyabachi_AndersKafka.webp","twitter_misc":{"Odhadovan\u00e1 doba \u010dten\u00ed":"1 minuta"},"schema":{"@context":"https:\/\/schema.org","@graph":[{"@type":"WebSite","@id":"https:\/\/anderskafka.cz\/eshop\/#website","url":"https:\/\/anderskafka.cz\/eshop\/","name":"Anders &amp; Kafka E-SHOP","description":"Anders &amp; Kafka E-SHOP","potentialAction":[{"@type":"SearchAction","target":{"@type":"EntryPoint","urlTemplate":"https:\/\/anderskafka.cz\/eshop\/?s={search_term_string}"},"query-input":"required name=search_term_string"}],"inLanguage":"cs"},{"@type":"ImageObject","@id":"https:\/\/anderskafka.cz\/eshop\/produkt\/halu-zaobleny-ergonomicky-podhlavnik-do-sauny-z-abachi\/#primaryimage","inLanguage":"cs","url":"https:\/\/anderskafka.cz\/eshop\/wp-content\/uploads\/sites\/3\/2025\/02\/Halu_podhlavnikzaoblenyabachi_AndersKafka.webp","contentUrl":"https:\/\/anderskafka.cz\/eshop\/wp-content\/uploads\/sites\/3\/2025\/02\/Halu_podhlavnikzaoblenyabachi_AndersKafka.webp","width":2000,"height":1333},{"@type":"WebPage","@id":"https:\/\/anderskafka.cz\/eshop\/produkt\/halu-zaobleny-ergonomicky-podhlavnik-do-sauny-z-abachi\/#webpage","url":"https:\/\/anderskafka.cz\/eshop\/produkt\/halu-zaobleny-ergonomicky-podhlavnik-do-sauny-z-abachi\/","name":"HALU zaoblen\u00fd ergonomick\u00fd podhlavn\u00edk do sauny z abachi - Anders &amp; Kafka E-SHOP","isPartOf":{"@id":"https:\/\/anderskafka.cz\/eshop\/#website"},"primaryImageOfPage":{"@id":"https:\/\/anderskafka.cz\/eshop\/produkt\/halu-zaobleny-ergonomicky-podhlavnik-do-sauny-z-abachi\/#primaryimage"},"datePublished":"2025-02-24T16:05:37+00:00","dateModified":"2026-03-16T19:53:26+00:00","description":"Ergonomick\u00fd podhlavn\u00edk do sauny z masivu d\u0159eviny abachi neboli africk\u00e9 vrby. Podhlavn\u00edk je speci\u00e1ln\u011b navr\u017een pro p\u0159\u00edjemnou podp\u011bru hlavy pomoc\u00ed \u010dty\u0159 nastaviteln\u00fdch podp\u011brek a p\u0159in\u00e1\u0161\u00ed pocit naprost\u00e9 relaxace. &nbsp;","breadcrumb":{"@id":"https:\/\/anderskafka.cz\/eshop\/produkt\/halu-zaobleny-ergonomicky-podhlavnik-do-sauny-z-abachi\/#breadcrumb"},"inLanguage":"cs","potentialAction":[{"@type":"ReadAction","target":["https:\/\/anderskafka.cz\/eshop\/produkt\/halu-zaobleny-ergonomicky-podhlavnik-do-sauny-z-abachi\/"]}]},{"@type":"BreadcrumbList","@id":"https:\/\/anderskafka.cz\/eshop\/produkt\/halu-zaobleny-ergonomicky-podhlavnik-do-sauny-z-abachi\/#breadcrumb","itemListElement":[{"@type":"ListItem","position":1,"name":"Obchod","item":"https:\/\/anderskafka.cz\/eshop\/obchod\/"},{"@type":"ListItem","position":2,"name":"HALU zaoblen\u00fd ergonomick\u00fd podhlavn\u00edk do sauny z abachi"}]}]}},"locations":[],"_links":{"self":[{"href":"https:\/\/anderskafka.cz\/eshop\/wp-json\/wp\/v2\/product\/9685"}],"collection":[{"href":"https:\/\/anderskafka.cz\/eshop\/wp-json\/wp\/v2\/product"}],"about":[{"href":"https:\/\/anderskafka.cz\/eshop\/wp-json\/wp\/v2\/types\/product"}],"replies":[{"embeddable":true,"href":"https:\/\/anderskafka.cz\/eshop\/wp-json\/wp\/v2\/comments?post=9685"}],"wp:featuredmedia":[{"embeddable":true,"href":"https:\/\/anderskafka.cz\/eshop\/wp-json\/wp\/v2\/media\/9726"}],"wp:attachment":[{"href":"https:\/\/anderskafka.cz\/eshop\/wp-json\/wp\/v2\/media?parent=9685"}],"wp:term":[{"taxonomy":"location","embeddable":true,"href":"https:\/\/anderskafka.cz\/eshop\/wp-json\/wp\/v2\/location?post=9685"},{"taxonomy":"product_cat","embeddable":true,"href":"https:\/\/anderskafka.cz\/eshop\/wp-json\/wp\/v2\/product_cat?post=9685"},{"taxonomy":"product_tag","embeddable":true,"href":"https:\/\/anderskafka.cz\/eshop\/wp-json\/wp\/v2\/product_tag?post=9685"}],"curies":[{"name":"wp","href":"https:\/\/api.w.org\/{rel}","templated":true}]}}