{"id":9970,"date":"2025-04-01T14:17:18","date_gmt":"2025-04-01T12:17:18","guid":{"rendered":"https:\/\/anderskafka.cz\/eshop\/?post_type=product&#038;p=9970"},"modified":"2025-12-16T21:28:56","modified_gmt":"2025-12-16T20:28:56","slug":"liebenstein-plazova-osuska-100x180-cm","status":"publish","type":"product","link":"https:\/\/anderskafka.cz\/eshop\/produkt\/liebenstein-plazova-osuska-100x180-cm\/","title":{"rendered":"LIEBENSTEIN pl\u00e1\u017eov\u00e1 osu\u0161ka, 100&#215;180 cm"},"content":{"rendered":"<p>Sametov\u011b m\u011bkk\u00e1 pl\u00e1\u017eov\u00e1 osu\u0161ka se py\u0161n\u00ed modern\u00edm designem s elegantn\u011b pruhovan\u00fdm vzorem, jemnou v\u00fd\u0161ivkou a vkusn\u00fdm lemem.<br \/>\nVelkorys\u00e9 rozm\u011bry 100 x 180 cm zaru\u010duj\u00ed maxim\u00e1ln\u00ed pohodl\u00ed p\u0159i pobytu na slunci.<br \/>\nOsu\u0161ka je vyroben\u00e1 ze 100% nejjemn\u011bj\u0161\u00ed pr\u00e9miov\u00e9 bavlny s certifik\u00e1tem OEKO-TEX.<br \/>\nD\u00edky modern\u00ed technologii tkan\u00ed je extr\u00e9mn\u011b nad\u00fdchan\u00e1 a zaru\u010duje hebk\u00fd pocit na poko\u017ece.<\/p>\n<p>P\u0159i p\u00e9\u010di o osu\u0161ku se \u0159i\u010fte o\u0161et\u0159ovac\u00edmi symboly uveden\u00fdmi na v\u00fdrobku. Perte na 40 stup\u0148\u016f. Su\u0161te v su\u0161i\u010dce.<\/p>\n","protected":false},"excerpt":{"rendered":"<p>Tato designov\u00e1, \u00fa\u017easn\u011b m\u011bkk\u00e1 pl\u00e1\u017eov\u00e1 osu\u0161ka je nezbytn\u00fdm dopl\u0148kem Va\u0161ich letn\u00edch dn\u016f. Velkorys\u00e9 rozm\u011bry 100 x 180 cm zaru\u010duj\u00ed maxim\u00e1ln\u00ed pohodl\u00ed p\u0159i pobytu na slunci.<br \/>\nKvalitn\u011b vyrobeno v Portugalsku.<br \/>\n<img loading=\"lazy\" class=\"alignnone size-medium wp-image-1482 aligncenter\" src=\"https:\/\/anderskafka.cz\/eshop\/wp-content\/uploads\/sites\/3\/2022\/12\/made-in-portugal-feito-em-portugal-map-icon-vector-26458680-300x150.jpg\" alt=\"\" width=\"300\" height=\"150\" srcset=\"https:\/\/anderskafka.cz\/eshop\/wp-content\/uploads\/sites\/3\/2022\/12\/made-in-portugal-feito-em-portugal-map-icon-vector-26458680-300x150.jpg 300w, https:\/\/anderskafka.cz\/eshop\/wp-content\/uploads\/sites\/3\/2022\/12\/made-in-portugal-feito-em-portugal-map-icon-vector-26458680-64x32.jpg 64w, https:\/\/anderskafka.cz\/eshop\/wp-content\/uploads\/sites\/3\/2022\/12\/made-in-portugal-feito-em-portugal-map-icon-vector-26458680.jpg 500w\" sizes=\"(max-width: 300px) 100vw, 300px\" \/><\/p>\n","protected":false},"featured_media":9972,"comment_status":"open","ping_status":"closed","template":"","meta":{"site-sidebar-layout":"default","site-content-layout":"default","ast-main-header-display":"","ast-hfb-above-header-display":"","ast-hfb-below-header-display":"","ast-hfb-mobile-header-display":"","site-post-title":"","ast-breadcrumbs-content":"","ast-featured-img":"","footer-sml-layout":"","theme-transparent-header-meta":"","adv-header-id-meta":"","stick-header-meta":"","header-above-stick-meta":"","header-main-stick-meta":"","header-below-stick-meta":""},"location":[],"product_cat":[1551,30],"product_tag":[308],"yoast_head":"<!-- This site is optimized with the Yoast SEO plugin v18.5.1 - https:\/\/yoast.com\/wordpress\/plugins\/seo\/ -->\n<title>LIEBENSTEIN pl\u00e1\u017eov\u00e1 osu\u0161ka, 100x180 cm - Anders &amp; Kafka E-SHOP<\/title>\n<meta name=\"description\" content=\"Tato designov\u00e1, \u00fa\u017easn\u011b m\u011bkk\u00e1 pl\u00e1\u017eov\u00e1 osu\u0161ka je nezbytn\u00fdm dopl\u0148kem Va\u0161ich letn\u00edch dn\u016f. Velkorys\u00e9 rozm\u011bry 100 x 180 cm zaru\u010duj\u00ed maxim\u00e1ln\u00ed pohodl\u00ed p\u0159i pobytu na slunci. Kvalitn\u011b vyrobeno v Portugalsku.\" \/>\n<meta name=\"robots\" content=\"index, follow, max-snippet:-1, max-image-preview:large, max-video-preview:-1\" \/>\n<link rel=\"canonical\" href=\"https:\/\/anderskafka.cz\/eshop\/produkt\/liebenstein-plazova-osuska-100x180-cm\/\" \/>\n<meta property=\"og:locale\" content=\"cs_CZ\" \/>\n<meta property=\"og:type\" content=\"article\" \/>\n<meta property=\"og:title\" content=\"LIEBENSTEIN pl\u00e1\u017eov\u00e1 osu\u0161ka, 100x180 cm - Anders &amp; Kafka E-SHOP\" \/>\n<meta property=\"og:description\" content=\"Tato designov\u00e1, \u00fa\u017easn\u011b m\u011bkk\u00e1 pl\u00e1\u017eov\u00e1 osu\u0161ka je nezbytn\u00fdm dopl\u0148kem Va\u0161ich letn\u00edch dn\u016f. Velkorys\u00e9 rozm\u011bry 100 x 180 cm zaru\u010duj\u00ed maxim\u00e1ln\u00ed pohodl\u00ed p\u0159i pobytu na slunci. Kvalitn\u011b vyrobeno v Portugalsku.\" \/>\n<meta property=\"og:url\" content=\"https:\/\/anderskafka.cz\/eshop\/produkt\/liebenstein-plazova-osuska-100x180-cm\/\" \/>\n<meta property=\"og:site_name\" content=\"Anders &amp; Kafka E-SHOP\" \/>\n<meta property=\"article:modified_time\" content=\"2025-12-16T20:28:56+00:00\" \/>\n<meta name=\"twitter:card\" content=\"summary_large_image\" \/>\n<meta name=\"twitter:image\" content=\"https:\/\/anderskafka.cz\/eshop\/wp-content\/uploads\/sites\/3\/2025\/04\/LIEBENSTEIN_plazovaosuska_AndersKafka.webp\" \/>\n<meta name=\"twitter:label1\" content=\"Odhadovan\u00e1 doba \u010dten\u00ed\" \/>\n\t<meta name=\"twitter:data1\" content=\"1 minuta\" \/>\n<script type=\"application\/ld+json\" class=\"yoast-schema-graph\">{\"@context\":\"https:\/\/schema.org\",\"@graph\":[{\"@type\":\"WebSite\",\"@id\":\"https:\/\/anderskafka.cz\/eshop\/#website\",\"url\":\"https:\/\/anderskafka.cz\/eshop\/\",\"name\":\"Anders &amp; Kafka E-SHOP\",\"description\":\"Anders &amp; Kafka E-SHOP\",\"potentialAction\":[{\"@type\":\"SearchAction\",\"target\":{\"@type\":\"EntryPoint\",\"urlTemplate\":\"https:\/\/anderskafka.cz\/eshop\/?s={search_term_string}\"},\"query-input\":\"required name=search_term_string\"}],\"inLanguage\":\"cs\"},{\"@type\":\"ImageObject\",\"@id\":\"https:\/\/anderskafka.cz\/eshop\/produkt\/liebenstein-plazova-osuska-100x180-cm\/#primaryimage\",\"inLanguage\":\"cs\",\"url\":\"https:\/\/anderskafka.cz\/eshop\/wp-content\/uploads\/sites\/3\/2025\/04\/LIEBENSTEIN_plazovaosuska_AndersKafka.webp\",\"contentUrl\":\"https:\/\/anderskafka.cz\/eshop\/wp-content\/uploads\/sites\/3\/2025\/04\/LIEBENSTEIN_plazovaosuska_AndersKafka.webp\",\"width\":750,\"height\":750},{\"@type\":\"WebPage\",\"@id\":\"https:\/\/anderskafka.cz\/eshop\/produkt\/liebenstein-plazova-osuska-100x180-cm\/#webpage\",\"url\":\"https:\/\/anderskafka.cz\/eshop\/produkt\/liebenstein-plazova-osuska-100x180-cm\/\",\"name\":\"LIEBENSTEIN pl\u00e1\u017eov\u00e1 osu\u0161ka, 100x180 cm - Anders &amp; Kafka E-SHOP\",\"isPartOf\":{\"@id\":\"https:\/\/anderskafka.cz\/eshop\/#website\"},\"primaryImageOfPage\":{\"@id\":\"https:\/\/anderskafka.cz\/eshop\/produkt\/liebenstein-plazova-osuska-100x180-cm\/#primaryimage\"},\"datePublished\":\"2025-04-01T12:17:18+00:00\",\"dateModified\":\"2025-12-16T20:28:56+00:00\",\"description\":\"Tato designov\u00e1, \u00fa\u017easn\u011b m\u011bkk\u00e1 pl\u00e1\u017eov\u00e1 osu\u0161ka je nezbytn\u00fdm dopl\u0148kem Va\u0161ich letn\u00edch dn\u016f. Velkorys\u00e9 rozm\u011bry 100 x 180 cm zaru\u010duj\u00ed maxim\u00e1ln\u00ed pohodl\u00ed p\u0159i pobytu na slunci. Kvalitn\u011b vyrobeno v Portugalsku.\",\"breadcrumb\":{\"@id\":\"https:\/\/anderskafka.cz\/eshop\/produkt\/liebenstein-plazova-osuska-100x180-cm\/#breadcrumb\"},\"inLanguage\":\"cs\",\"potentialAction\":[{\"@type\":\"ReadAction\",\"target\":[\"https:\/\/anderskafka.cz\/eshop\/produkt\/liebenstein-plazova-osuska-100x180-cm\/\"]}]},{\"@type\":\"BreadcrumbList\",\"@id\":\"https:\/\/anderskafka.cz\/eshop\/produkt\/liebenstein-plazova-osuska-100x180-cm\/#breadcrumb\",\"itemListElement\":[{\"@type\":\"ListItem\",\"position\":1,\"name\":\"Obchod\",\"item\":\"https:\/\/anderskafka.cz\/eshop\/obchod\/\"},{\"@type\":\"ListItem\",\"position\":2,\"name\":\"LIEBENSTEIN pl\u00e1\u017eov\u00e1 osu\u0161ka, 100&#215;180 cm\"}]}]}<\/script>\n<!-- \/ Yoast SEO plugin. -->","yoast_head_json":{"title":"LIEBENSTEIN pl\u00e1\u017eov\u00e1 osu\u0161ka, 100x180 cm - Anders &amp; Kafka E-SHOP","description":"Tato designov\u00e1, \u00fa\u017easn\u011b m\u011bkk\u00e1 pl\u00e1\u017eov\u00e1 osu\u0161ka je nezbytn\u00fdm dopl\u0148kem Va\u0161ich letn\u00edch dn\u016f. Velkorys\u00e9 rozm\u011bry 100 x 180 cm zaru\u010duj\u00ed maxim\u00e1ln\u00ed pohodl\u00ed p\u0159i pobytu na slunci. Kvalitn\u011b vyrobeno v Portugalsku.","robots":{"index":"index","follow":"follow","max-snippet":"max-snippet:-1","max-image-preview":"max-image-preview:large","max-video-preview":"max-video-preview:-1"},"canonical":"https:\/\/anderskafka.cz\/eshop\/produkt\/liebenstein-plazova-osuska-100x180-cm\/","og_locale":"cs_CZ","og_type":"article","og_title":"LIEBENSTEIN pl\u00e1\u017eov\u00e1 osu\u0161ka, 100x180 cm - Anders &amp; Kafka E-SHOP","og_description":"Tato designov\u00e1, \u00fa\u017easn\u011b m\u011bkk\u00e1 pl\u00e1\u017eov\u00e1 osu\u0161ka je nezbytn\u00fdm dopl\u0148kem Va\u0161ich letn\u00edch dn\u016f. Velkorys\u00e9 rozm\u011bry 100 x 180 cm zaru\u010duj\u00ed maxim\u00e1ln\u00ed pohodl\u00ed p\u0159i pobytu na slunci. Kvalitn\u011b vyrobeno v Portugalsku.","og_url":"https:\/\/anderskafka.cz\/eshop\/produkt\/liebenstein-plazova-osuska-100x180-cm\/","og_site_name":"Anders &amp; Kafka E-SHOP","article_modified_time":"2025-12-16T20:28:56+00:00","twitter_card":"summary_large_image","twitter_image":"https:\/\/anderskafka.cz\/eshop\/wp-content\/uploads\/sites\/3\/2025\/04\/LIEBENSTEIN_plazovaosuska_AndersKafka.webp","twitter_misc":{"Odhadovan\u00e1 doba \u010dten\u00ed":"1 minuta"},"schema":{"@context":"https:\/\/schema.org","@graph":[{"@type":"WebSite","@id":"https:\/\/anderskafka.cz\/eshop\/#website","url":"https:\/\/anderskafka.cz\/eshop\/","name":"Anders &amp; Kafka E-SHOP","description":"Anders &amp; Kafka E-SHOP","potentialAction":[{"@type":"SearchAction","target":{"@type":"EntryPoint","urlTemplate":"https:\/\/anderskafka.cz\/eshop\/?s={search_term_string}"},"query-input":"required name=search_term_string"}],"inLanguage":"cs"},{"@type":"ImageObject","@id":"https:\/\/anderskafka.cz\/eshop\/produkt\/liebenstein-plazova-osuska-100x180-cm\/#primaryimage","inLanguage":"cs","url":"https:\/\/anderskafka.cz\/eshop\/wp-content\/uploads\/sites\/3\/2025\/04\/LIEBENSTEIN_plazovaosuska_AndersKafka.webp","contentUrl":"https:\/\/anderskafka.cz\/eshop\/wp-content\/uploads\/sites\/3\/2025\/04\/LIEBENSTEIN_plazovaosuska_AndersKafka.webp","width":750,"height":750},{"@type":"WebPage","@id":"https:\/\/anderskafka.cz\/eshop\/produkt\/liebenstein-plazova-osuska-100x180-cm\/#webpage","url":"https:\/\/anderskafka.cz\/eshop\/produkt\/liebenstein-plazova-osuska-100x180-cm\/","name":"LIEBENSTEIN pl\u00e1\u017eov\u00e1 osu\u0161ka, 100x180 cm - Anders &amp; Kafka E-SHOP","isPartOf":{"@id":"https:\/\/anderskafka.cz\/eshop\/#website"},"primaryImageOfPage":{"@id":"https:\/\/anderskafka.cz\/eshop\/produkt\/liebenstein-plazova-osuska-100x180-cm\/#primaryimage"},"datePublished":"2025-04-01T12:17:18+00:00","dateModified":"2025-12-16T20:28:56+00:00","description":"Tato designov\u00e1, \u00fa\u017easn\u011b m\u011bkk\u00e1 pl\u00e1\u017eov\u00e1 osu\u0161ka je nezbytn\u00fdm dopl\u0148kem Va\u0161ich letn\u00edch dn\u016f. Velkorys\u00e9 rozm\u011bry 100 x 180 cm zaru\u010duj\u00ed maxim\u00e1ln\u00ed pohodl\u00ed p\u0159i pobytu na slunci. Kvalitn\u011b vyrobeno v Portugalsku.","breadcrumb":{"@id":"https:\/\/anderskafka.cz\/eshop\/produkt\/liebenstein-plazova-osuska-100x180-cm\/#breadcrumb"},"inLanguage":"cs","potentialAction":[{"@type":"ReadAction","target":["https:\/\/anderskafka.cz\/eshop\/produkt\/liebenstein-plazova-osuska-100x180-cm\/"]}]},{"@type":"BreadcrumbList","@id":"https:\/\/anderskafka.cz\/eshop\/produkt\/liebenstein-plazova-osuska-100x180-cm\/#breadcrumb","itemListElement":[{"@type":"ListItem","position":1,"name":"Obchod","item":"https:\/\/anderskafka.cz\/eshop\/obchod\/"},{"@type":"ListItem","position":2,"name":"LIEBENSTEIN pl\u00e1\u017eov\u00e1 osu\u0161ka, 100&#215;180 cm"}]}]}},"locations":[],"_links":{"self":[{"href":"https:\/\/anderskafka.cz\/eshop\/wp-json\/wp\/v2\/product\/9970"}],"collection":[{"href":"https:\/\/anderskafka.cz\/eshop\/wp-json\/wp\/v2\/product"}],"about":[{"href":"https:\/\/anderskafka.cz\/eshop\/wp-json\/wp\/v2\/types\/product"}],"replies":[{"embeddable":true,"href":"https:\/\/anderskafka.cz\/eshop\/wp-json\/wp\/v2\/comments?post=9970"}],"wp:featuredmedia":[{"embeddable":true,"href":"https:\/\/anderskafka.cz\/eshop\/wp-json\/wp\/v2\/media\/9972"}],"wp:attachment":[{"href":"https:\/\/anderskafka.cz\/eshop\/wp-json\/wp\/v2\/media?parent=9970"}],"wp:term":[{"taxonomy":"location","embeddable":true,"href":"https:\/\/anderskafka.cz\/eshop\/wp-json\/wp\/v2\/location?post=9970"},{"taxonomy":"product_cat","embeddable":true,"href":"https:\/\/anderskafka.cz\/eshop\/wp-json\/wp\/v2\/product_cat?post=9970"},{"taxonomy":"product_tag","embeddable":true,"href":"https:\/\/anderskafka.cz\/eshop\/wp-json\/wp\/v2\/product_tag?post=9970"}],"curies":[{"name":"wp","href":"https:\/\/api.w.org\/{rel}","templated":true}]}}